	
	
{"id":77896,"date":"2025-06-18T15:54:42","date_gmt":"2025-06-18T15:54:42","guid":{"rendered":"https:\/\/dignisdesign.com.pl\/?post_type=product&#038;p=77896"},"modified":"2025-10-16T14:24:03","modified_gmt":"2025-10-16T14:24:03","slug":"photo-keychain","status":"publish","type":"product","link":"https:\/\/dignisdesign.com.pl\/en\/produkt\/photo-keychain\/","title":{"rendered":"Photo keychain"},"content":{"rendered":"<h5><strong>Description<\/strong><\/h5>\n<p>Photo keychain made of waterproof webbing, 25 mm wide.<\/p>\n<p>Starting prices apply to photo keychains in the basic version \u2014 without optional engraving, brass\/neochrome hardware, or aluminum snap hook.<\/p>\n<p>You can personalize the keychain however you like:<\/p>\n<ul>\n<li>the same photo on both sides of the keychain;<\/li>\n<li>two different photos on each side of the keychain;<\/li>\n<li>one side of the keychain with a photo and the other with an engraving (<em>we\u2019ll <strong>engrave<\/strong> any text you provide<\/em> \u2014 <strong><a href=\"https:\/\/dignisdesign.com.pl\/en\/colored-engraving\/\">see sample designs for inspiration<\/a><\/strong>).<\/li>\n<\/ul>\n<p>Check out all keychain models from our collection \u2014 <strong><a href=\"https:\/\/dignisdesign.com.pl\/en\/product-category\/for-the-owner\/keychains\/\">HERE<\/a><\/strong><\/p>\n<h5><strong>Materials<\/strong><\/h5>\n<p>The photo keychain is made of durable PVC webbing coated with thermoplastic polyurethane (TPU).<\/p>\n<p>The paint we use for engraving coloration is highly durable; however, we advise against cleaning it with hot water, scrubbing, or using detergents. We recommend cleaning it with a damp cloth.<\/p>\n<h5><strong>Hardware<\/strong><\/h5>\n<p>When making the keychain, we use Chicago screws; for brass hardware &#8211; we use brass rivets.<\/p>\n<p>Black, rosegold, and neochrome hardware are lacquer-coated \u2014 the coating may wear off over time, depending on how and how often the product is used. These elements are prone to corrosion.<\/p>\n<p>Brass hardware is suitable for contact with salt water \u2014 it is resistant to rust. It doesn\u2019t wear off or chip, but it is the heaviest option. Over time, brass hardware will develop a unique patina \u2014 it may cause slight staining. We recommend cleaning the hardware regularly \u2014 for example, with a microfiber cloth.<\/p>\n<p><strong data-start=\"83\" data-end=\"119\">Your photo = your privacy<\/strong><br data-start=\"119\" data-end=\"122\" \/>The photos you send us are used solely to create your keychain. Once your order is completed, we delete them immediately \u2014 we don\u2019t store, share, or use them anywhere else.<\/p>\n<h5><strong>Additional information<\/strong><\/h5>\n<p><strong>This product is not eligible for return.<\/strong><\/p>\n<p>Displayed colors may slightly differ in real life \u2014 this depends on individual screen brightness settings.<\/p>\n<p><strong>Processing time: 5\u201314 business days<\/strong><\/p>\n","protected":false},"excerpt":{"rendered":"<p>Photo keychain, waterproof.<\/p>\n<p><em><strong data-start=\"109\" data-end=\"169\">Photo keychain with your dog (or\u2026 anyone you want)<\/strong><br data-start=\"169\" data-end=\"172\" \/>Is your dog your whole world? Now you can keep them close \u2014 on a personalized photo keychain! It\u2019s a beautiful keepsake and a unique way to show how much you love your pet.<br \/>\nThis keychain is more than just an accessory \u2014 it\u2019s a daily reminder of the special bond you share. <\/em><\/p>\n<p><em> And if you\u2019d like \u2014 you can add a photo of your cat, child, or loved one. You decide what you keep closest to your heart. <\/em><\/p>\n","protected":false},"featured_media":77907,"comment_status":"open","ping_status":"closed","template":"","meta":{"site-sidebar-layout":"default","site-content-layout":"default","ast-site-content-layout":"default","site-content-style":"default","site-sidebar-style":"default","ast-global-header-display":"","ast-banner-title-visibility":"","ast-main-header-display":"","ast-hfb-above-header-display":"","ast-hfb-below-header-display":"","ast-hfb-mobile-header-display":"","site-post-title":"","ast-breadcrumbs-content":"","ast-featured-img":"","footer-sml-layout":"","ast-disable-related-posts":"","theme-transparent-header-meta":"default","adv-header-id-meta":"","stick-header-meta":"default","header-above-stick-meta":"","header-main-stick-meta":"","header-below-stick-meta":"","astra-migrate-meta-layouts":"set","ast-page-background-enabled":"default","ast-page-background-meta":{"desktop":{"background-color":"","background-image":"","background-repeat":"repeat","background-position":"center center","background-size":"auto","background-attachment":"scroll","background-type":"","background-media":"","overlay-type":"","overlay-color":"","overlay-opacity":"","overlay-gradient":""},"tablet":{"background-color":"","background-image":"","background-repeat":"repeat","background-position":"center center","background-size":"auto","background-attachment":"scroll","background-type":"","background-media":"","overlay-type":"","overlay-color":"","overlay-opacity":"","overlay-gradient":""},"mobile":{"background-color":"","background-image":"","background-repeat":"repeat","background-position":"center center","background-size":"auto","background-attachment":"scroll","background-type":"","background-media":"","overlay-type":"","overlay-color":"","overlay-opacity":"","overlay-gradient":""}},"ast-content-background-meta":{"desktop":{"background-color":"var(--ast-global-color-5)","background-image":"","background-repeat":"repeat","background-position":"center center","background-size":"auto","background-attachment":"scroll","background-type":"","background-media":"","overlay-type":"","overlay-color":"","overlay-opacity":"","overlay-gradient":""},"tablet":{"background-color":"var(--ast-global-color-5)","background-image":"","background-repeat":"repeat","background-position":"center center","background-size":"auto","background-attachment":"scroll","background-type":"","background-media":"","overlay-type":"","overlay-color":"","overlay-opacity":"","overlay-gradient":""},"mobile":{"background-color":"var(--ast-global-color-5)","background-image":"","background-repeat":"repeat","background-position":"center center","background-size":"auto","background-attachment":"scroll","background-type":"","background-media":"","overlay-type":"","overlay-color":"","overlay-opacity":"","overlay-gradient":""}}},"product_brand":[],"product_cat":[964,2855],"product_tag":[3302,3303,3299,3300,3301,3968],"class_list":{"0":"post-77896","1":"product","2":"type-product","3":"status-publish","4":"has-post-thumbnail","6":"product_cat-all","7":"product_cat-keychains","8":"product_tag-engraved-keychain","9":"product_tag-key-ring","10":"product_tag-keychain","11":"product_tag-keychain-en","12":"product_tag-personalized-keychain","13":"product_tag-photo-keychain","14":"desktop-align-left","15":"tablet-align-left","16":"mobile-align-left","17":"ast-product-gallery-layout-horizontal-slider","18":"ast-magnify-disabled","19":"ast-product-single-variable","20":"ast-product-tabs-layout-horizontal","22":"first","23":"instock","24":"shipping-taxable","25":"purchasable","26":"product-type-variable"},"yoast_head":"<!-- This site is optimized with the Yoast SEO plugin v27.3 - https:\/\/yoast.com\/product\/yoast-seo-wordpress\/ -->\n<title>Photo keychain - Dignis Design<\/title>\n<meta name=\"description\" content=\"A photo keychain is an accessory that lets you keep what matters most always with you \u2014 a photo of your dog, a loved one, or a special moment.\" \/>\n<meta name=\"robots\" content=\"index, follow, max-snippet:-1, max-image-preview:large, max-video-preview:-1\" \/>\n<link rel=\"canonical\" href=\"https:\/\/dignisdesign.com.pl\/en\/produkt\/photo-keychain\/\" \/>\n<meta property=\"og:locale\" content=\"en_US\" \/>\n<meta property=\"og:type\" content=\"article\" \/>\n<meta property=\"og:title\" content=\"Photo keychain\" \/>\n<meta property=\"og:description\" content=\"A photo keychain is an accessory that lets you keep what matters most always with you \u2014 a photo of your dog, a loved one, or a special moment.\" \/>\n<meta property=\"og:url\" content=\"https:\/\/dignisdesign.com.pl\/en\/produkt\/photo-keychain\/\" \/>\n<meta property=\"og:site_name\" content=\"Dignis Design\" \/>\n<meta property=\"article:modified_time\" content=\"2025-10-16T14:24:03+00:00\" \/>\n<meta property=\"og:image\" content=\"https:\/\/dignisdesign.com.pl\/wp-content\/uploads\/2025\/06\/brelok-ze-zdjeciem-300x300.jpg\" \/>\n<meta name=\"twitter:card\" content=\"summary_large_image\" \/>\n<meta name=\"twitter:label1\" content=\"Est. reading time\" \/>\n\t<meta name=\"twitter:data1\" content=\"2 minutes\" \/>\n<script type=\"application\/ld+json\" class=\"yoast-schema-graph\">{\"@context\":\"https:\\\/\\\/schema.org\",\"@graph\":[{\"@type\":\"WebPage\",\"@id\":\"https:\\\/\\\/dignisdesign.com.pl\\\/en\\\/produkt\\\/photo-keychain\\\/\",\"url\":\"https:\\\/\\\/dignisdesign.com.pl\\\/en\\\/produkt\\\/photo-keychain\\\/\",\"name\":\"Photo keychain - Dignis Design\",\"isPartOf\":{\"@id\":\"https:\\\/\\\/dignisdesign.com.pl\\\/#website\"},\"primaryImageOfPage\":{\"@id\":\"https:\\\/\\\/dignisdesign.com.pl\\\/en\\\/produkt\\\/photo-keychain\\\/#primaryimage\"},\"image\":{\"@id\":\"https:\\\/\\\/dignisdesign.com.pl\\\/en\\\/produkt\\\/photo-keychain\\\/#primaryimage\"},\"thumbnailUrl\":\"https:\\\/\\\/dignisdesign.com.pl\\\/wp-content\\\/uploads\\\/2025\\\/06\\\/brelok-ze-zdjeciem.jpg\",\"datePublished\":\"2025-06-18T15:54:42+00:00\",\"dateModified\":\"2025-10-16T14:24:03+00:00\",\"description\":\"A photo keychain is an accessory that lets you keep what matters most always with you \u2014 a photo of your dog, a loved one, or a special moment.\",\"breadcrumb\":{\"@id\":\"https:\\\/\\\/dignisdesign.com.pl\\\/en\\\/produkt\\\/photo-keychain\\\/#breadcrumb\"},\"inLanguage\":\"en-US\",\"potentialAction\":[{\"@type\":\"ReadAction\",\"target\":[\"https:\\\/\\\/dignisdesign.com.pl\\\/en\\\/produkt\\\/photo-keychain\\\/\"]}]},{\"@type\":\"ImageObject\",\"inLanguage\":\"en-US\",\"@id\":\"https:\\\/\\\/dignisdesign.com.pl\\\/en\\\/produkt\\\/photo-keychain\\\/#primaryimage\",\"url\":\"https:\\\/\\\/dignisdesign.com.pl\\\/wp-content\\\/uploads\\\/2025\\\/06\\\/brelok-ze-zdjeciem.jpg\",\"contentUrl\":\"https:\\\/\\\/dignisdesign.com.pl\\\/wp-content\\\/uploads\\\/2025\\\/06\\\/brelok-ze-zdjeciem.jpg\",\"width\":1280,\"height\":1280},{\"@type\":\"BreadcrumbList\",\"@id\":\"https:\\\/\\\/dignisdesign.com.pl\\\/en\\\/produkt\\\/photo-keychain\\\/#breadcrumb\",\"itemListElement\":[{\"@type\":\"ListItem\",\"position\":1,\"name\":\"Strona g\u0142\u00f3wna\",\"item\":\"https:\\\/\\\/dignisdesign.com.pl\\\/\"},{\"@type\":\"ListItem\",\"position\":2,\"name\":\"Store\",\"item\":\"https:\\\/\\\/dignisdesign.com.pl\\\/en\\\/store\\\/\"},{\"@type\":\"ListItem\",\"position\":3,\"name\":\"Photo keychain\"}]},{\"@type\":\"WebSite\",\"@id\":\"https:\\\/\\\/dignisdesign.com.pl\\\/#website\",\"url\":\"https:\\\/\\\/dignisdesign.com.pl\\\/\",\"name\":\"Dignis Design\",\"description\":\"Akcesoria dla czworonog&oacute;w tworzone z pasj\u0105 i dba\u0142o\u015bci\u0105 o ka\u017cdy detal\",\"publisher\":{\"@id\":\"https:\\\/\\\/dignisdesign.com.pl\\\/#organization\"},\"potentialAction\":[{\"@type\":\"SearchAction\",\"target\":{\"@type\":\"EntryPoint\",\"urlTemplate\":\"https:\\\/\\\/dignisdesign.com.pl\\\/?s={search_term_string}\"},\"query-input\":{\"@type\":\"PropertyValueSpecification\",\"valueRequired\":true,\"valueName\":\"search_term_string\"}}],\"inLanguage\":\"en-US\"},{\"@type\":\"Organization\",\"@id\":\"https:\\\/\\\/dignisdesign.com.pl\\\/#organization\",\"name\":\"Dignis Design\",\"url\":\"https:\\\/\\\/dignisdesign.com.pl\\\/\",\"logo\":{\"@type\":\"ImageObject\",\"inLanguage\":\"en-US\",\"@id\":\"https:\\\/\\\/dignisdesign.com.pl\\\/#\\\/schema\\\/logo\\\/image\\\/\",\"url\":\"https:\\\/\\\/dignisdesign.com.pl\\\/wp-content\\\/uploads\\\/2020\\\/12\\\/DIGNIS-LOGO-PROJEKT-MALE.png\",\"contentUrl\":\"https:\\\/\\\/dignisdesign.com.pl\\\/wp-content\\\/uploads\\\/2020\\\/12\\\/DIGNIS-LOGO-PROJEKT-MALE.png\",\"width\":664,\"height\":300,\"caption\":\"Dignis Design\"},\"image\":{\"@id\":\"https:\\\/\\\/dignisdesign.com.pl\\\/#\\\/schema\\\/logo\\\/image\\\/\"}}]}<\/script>\n<!-- \/ Yoast SEO plugin. -->","yoast_head_json":{"title":"Photo keychain - Dignis Design","description":"A photo keychain is an accessory that lets you keep what matters most always with you \u2014 a photo of your dog, a loved one, or a special moment.","robots":{"index":"index","follow":"follow","max-snippet":"max-snippet:-1","max-image-preview":"max-image-preview:large","max-video-preview":"max-video-preview:-1"},"canonical":"https:\/\/dignisdesign.com.pl\/en\/produkt\/photo-keychain\/","og_locale":"en_US","og_type":"article","og_title":"Photo keychain","og_description":"A photo keychain is an accessory that lets you keep what matters most always with you \u2014 a photo of your dog, a loved one, or a special moment.","og_url":"https:\/\/dignisdesign.com.pl\/en\/produkt\/photo-keychain\/","og_site_name":"Dignis Design","article_modified_time":"2025-10-16T14:24:03+00:00","og_image":[{"url":"https:\/\/dignisdesign.com.pl\/wp-content\/uploads\/2025\/06\/brelok-ze-zdjeciem-300x300.jpg","type":"","width":"","height":""}],"twitter_card":"summary_large_image","twitter_misc":{"Est. reading time":"2 minutes"},"schema":{"@context":"https:\/\/schema.org","@graph":[{"@type":"WebPage","@id":"https:\/\/dignisdesign.com.pl\/en\/produkt\/photo-keychain\/","url":"https:\/\/dignisdesign.com.pl\/en\/produkt\/photo-keychain\/","name":"Photo keychain - Dignis Design","isPartOf":{"@id":"https:\/\/dignisdesign.com.pl\/#website"},"primaryImageOfPage":{"@id":"https:\/\/dignisdesign.com.pl\/en\/produkt\/photo-keychain\/#primaryimage"},"image":{"@id":"https:\/\/dignisdesign.com.pl\/en\/produkt\/photo-keychain\/#primaryimage"},"thumbnailUrl":"https:\/\/dignisdesign.com.pl\/wp-content\/uploads\/2025\/06\/brelok-ze-zdjeciem.jpg","datePublished":"2025-06-18T15:54:42+00:00","dateModified":"2025-10-16T14:24:03+00:00","description":"A photo keychain is an accessory that lets you keep what matters most always with you \u2014 a photo of your dog, a loved one, or a special moment.","breadcrumb":{"@id":"https:\/\/dignisdesign.com.pl\/en\/produkt\/photo-keychain\/#breadcrumb"},"inLanguage":"en-US","potentialAction":[{"@type":"ReadAction","target":["https:\/\/dignisdesign.com.pl\/en\/produkt\/photo-keychain\/"]}]},{"@type":"ImageObject","inLanguage":"en-US","@id":"https:\/\/dignisdesign.com.pl\/en\/produkt\/photo-keychain\/#primaryimage","url":"https:\/\/dignisdesign.com.pl\/wp-content\/uploads\/2025\/06\/brelok-ze-zdjeciem.jpg","contentUrl":"https:\/\/dignisdesign.com.pl\/wp-content\/uploads\/2025\/06\/brelok-ze-zdjeciem.jpg","width":1280,"height":1280},{"@type":"BreadcrumbList","@id":"https:\/\/dignisdesign.com.pl\/en\/produkt\/photo-keychain\/#breadcrumb","itemListElement":[{"@type":"ListItem","position":1,"name":"Strona g\u0142\u00f3wna","item":"https:\/\/dignisdesign.com.pl\/"},{"@type":"ListItem","position":2,"name":"Store","item":"https:\/\/dignisdesign.com.pl\/en\/store\/"},{"@type":"ListItem","position":3,"name":"Photo keychain"}]},{"@type":"WebSite","@id":"https:\/\/dignisdesign.com.pl\/#website","url":"https:\/\/dignisdesign.com.pl\/","name":"Dignis Design","description":"Akcesoria dla czworonog&oacute;w tworzone z pasj\u0105 i dba\u0142o\u015bci\u0105 o ka\u017cdy detal","publisher":{"@id":"https:\/\/dignisdesign.com.pl\/#organization"},"potentialAction":[{"@type":"SearchAction","target":{"@type":"EntryPoint","urlTemplate":"https:\/\/dignisdesign.com.pl\/?s={search_term_string}"},"query-input":{"@type":"PropertyValueSpecification","valueRequired":true,"valueName":"search_term_string"}}],"inLanguage":"en-US"},{"@type":"Organization","@id":"https:\/\/dignisdesign.com.pl\/#organization","name":"Dignis Design","url":"https:\/\/dignisdesign.com.pl\/","logo":{"@type":"ImageObject","inLanguage":"en-US","@id":"https:\/\/dignisdesign.com.pl\/#\/schema\/logo\/image\/","url":"https:\/\/dignisdesign.com.pl\/wp-content\/uploads\/2020\/12\/DIGNIS-LOGO-PROJEKT-MALE.png","contentUrl":"https:\/\/dignisdesign.com.pl\/wp-content\/uploads\/2020\/12\/DIGNIS-LOGO-PROJEKT-MALE.png","width":664,"height":300,"caption":"Dignis Design"},"image":{"@id":"https:\/\/dignisdesign.com.pl\/#\/schema\/logo\/image\/"}}]}},"jetpack_sharing_enabled":true,"_links":{"self":[{"href":"https:\/\/dignisdesign.com.pl\/en\/wp-json\/wp\/v2\/product\/77896","targetHints":{"allow":["GET"]}}],"collection":[{"href":"https:\/\/dignisdesign.com.pl\/en\/wp-json\/wp\/v2\/product"}],"about":[{"href":"https:\/\/dignisdesign.com.pl\/en\/wp-json\/wp\/v2\/types\/product"}],"replies":[{"embeddable":true,"href":"https:\/\/dignisdesign.com.pl\/en\/wp-json\/wp\/v2\/comments?post=77896"}],"version-history":[{"count":3,"href":"https:\/\/dignisdesign.com.pl\/en\/wp-json\/wp\/v2\/product\/77896\/revisions"}],"predecessor-version":[{"id":79118,"href":"https:\/\/dignisdesign.com.pl\/en\/wp-json\/wp\/v2\/product\/77896\/revisions\/79118"}],"wp:featuredmedia":[{"embeddable":true,"href":"https:\/\/dignisdesign.com.pl\/en\/wp-json\/wp\/v2\/media\/77907"}],"wp:attachment":[{"href":"https:\/\/dignisdesign.com.pl\/en\/wp-json\/wp\/v2\/media?parent=77896"}],"wp:term":[{"taxonomy":"product_brand","embeddable":true,"href":"https:\/\/dignisdesign.com.pl\/en\/wp-json\/wp\/v2\/product_brand?post=77896"},{"taxonomy":"product_cat","embeddable":true,"href":"https:\/\/dignisdesign.com.pl\/en\/wp-json\/wp\/v2\/product_cat?post=77896"},{"taxonomy":"product_tag","embeddable":true,"href":"https:\/\/dignisdesign.com.pl\/en\/wp-json\/wp\/v2\/product_tag?post=77896"}],"curies":[{"name":"wp","href":"https:\/\/api.w.org\/{rel}","templated":true}]}}