	
	
{"id":77601,"date":"2025-02-10T13:47:52","date_gmt":"2025-02-10T13:47:52","guid":{"rendered":"https:\/\/dignisdesign.com.pl\/produkt\/beaded-dog-necklace-dignis-loveline\/"},"modified":"2025-02-10T13:47:52","modified_gmt":"2025-02-10T13:47:52","slug":"beaded-dog-necklace-dignis-loveline","status":"publish","type":"product","link":"https:\/\/dignisdesign.com.pl\/en\/produkt\/beaded-dog-necklace-dignis-loveline\/","title":{"rendered":"Beaded dog necklace \u2013 Dignis Loveline"},"content":{"rendered":"<p>The Dignis Loveline beaded dog necklace is made of heart-shaped silicone beads, each measuring 16\u00d720 mm.<\/p>\n<p>The product is available in three variants: with a snap hook closure, with a side-release buckle, or as a slip-on over the head.<\/p>\n<p>We make each necklace to your dog\u2019s measurements:<\/p>\n<ul>\n<li>if you choose the snap hook or side-release buckle, the necklace will be made to match the neck measurement you provide.<\/li>\n<li>slip-on style (ring) \u2013 made to the provided head circumference at its widest point.<\/li>\n<\/ul>\n<p>The product can serve as an eye-catching accessory around your dog\u2019s neck and also work as an ID tag holder.<\/p>\n<p>Check out other beaded necklace designs <strong><a href=\"https:\/\/dignisdesign.com.pl\/en\/product-category\/beaded-necklaces\/\">HERE<\/a><\/strong>!<\/p>\n<p><strong>Please note: the beaded necklace is intended as an accessory only and should not be used as a functional dog collar. <\/strong><\/p>\n<p><strong>This product is non-returnable.<\/strong><\/p>\n","protected":false},"excerpt":{"rendered":"<p>A beaded dog necklace available with a side-release buckle, snap hook, or as a slip-on style worn over the head.<\/p>\n<p><em>A true MUST-HAVE! This adorable beaded dog necklace is a charming, eye-catching accessory for your dog. It adds a unique touch of style and can also hold an ID tag.  <\/em><\/p>\n","protected":false},"featured_media":76409,"comment_status":"open","ping_status":"closed","template":"","meta":{"site-sidebar-layout":"default","site-content-layout":"","ast-site-content-layout":"default","site-content-style":"default","site-sidebar-style":"default","ast-global-header-display":"","ast-banner-title-visibility":"","ast-main-header-display":"","ast-hfb-above-header-display":"","ast-hfb-below-header-display":"","ast-hfb-mobile-header-display":"","site-post-title":"","ast-breadcrumbs-content":"","ast-featured-img":"","footer-sml-layout":"","ast-disable-related-posts":"","theme-transparent-header-meta":"default","adv-header-id-meta":"","stick-header-meta":"default","header-above-stick-meta":"","header-main-stick-meta":"","header-below-stick-meta":"","astra-migrate-meta-layouts":"default","ast-page-background-enabled":"default","ast-page-background-meta":{"desktop":{"background-color":"","background-image":"","background-repeat":"repeat","background-position":"center center","background-size":"auto","background-attachment":"scroll","background-type":"","background-media":"","overlay-type":"","overlay-color":"","overlay-opacity":"","overlay-gradient":""},"tablet":{"background-color":"","background-image":"","background-repeat":"repeat","background-position":"center center","background-size":"auto","background-attachment":"scroll","background-type":"","background-media":"","overlay-type":"","overlay-color":"","overlay-opacity":"","overlay-gradient":""},"mobile":{"background-color":"","background-image":"","background-repeat":"repeat","background-position":"center center","background-size":"auto","background-attachment":"scroll","background-type":"","background-media":"","overlay-type":"","overlay-color":"","overlay-opacity":"","overlay-gradient":""}},"ast-content-background-meta":{"desktop":{"background-color":"var(--ast-global-color-5)","background-image":"","background-repeat":"repeat","background-position":"center center","background-size":"auto","background-attachment":"scroll","background-type":"","background-media":"","overlay-type":"","overlay-color":"","overlay-opacity":"","overlay-gradient":""},"tablet":{"background-color":"var(--ast-global-color-5)","background-image":"","background-repeat":"repeat","background-position":"center center","background-size":"auto","background-attachment":"scroll","background-type":"","background-media":"","overlay-type":"","overlay-color":"","overlay-opacity":"","overlay-gradient":""},"mobile":{"background-color":"var(--ast-global-color-5)","background-image":"","background-repeat":"repeat","background-position":"center center","background-size":"auto","background-attachment":"scroll","background-type":"","background-media":"","overlay-type":"","overlay-color":"","overlay-opacity":"","overlay-gradient":""}}},"product_brand":[],"product_cat":[964,3820],"product_tag":[3827,3824,3830,3829,3825,3826,3833,3834,3837,3835,3832,3831,3838,3836],"class_list":{"0":"post-77601","1":"product","2":"type-product","3":"status-publish","4":"has-post-thumbnail","6":"product_cat-all","7":"product_cat-beaded-necklaces","8":"product_tag-bead-necklace-en-2","9":"product_tag-bead-necklace-en","10":"product_tag-bead-necklace-for-dog-en","11":"product_tag-bead-necklace-for-dogs-en","12":"product_tag-beaded-dog-necklace","13":"product_tag-beaded-necklace-for-dogs","14":"product_tag-dog-jewelry-en","15":"product_tag-dog-jewelry-en-2","16":"product_tag-dog-lover-en","17":"product_tag-heart","18":"product_tag-jewelry-for-dogs","19":"product_tag-personalised-dog-accessories-en","20":"product_tag-valentines-day-en","21":"product_tag-valentines-collection","22":"desktop-align-left","23":"tablet-align-left","24":"mobile-align-left","25":"ast-product-gallery-layout-horizontal-slider","26":"ast-product-gallery-with-no-image","27":"ast-magnify-disabled","28":"ast-product-tabs-layout-horizontal","30":"first","31":"onbackorder","32":"shipping-taxable","33":"purchasable","34":"product-type-simple"},"yoast_head":"<!-- This site is optimized with the Yoast SEO plugin v27.3 - https:\/\/yoast.com\/product\/yoast-seo-wordpress\/ -->\n<title>Beaded dog necklace \u2013 Dignis Loveline - Dignis Design<\/title>\n<meta name=\"description\" content=\"Adorable beaded dog necklace \u2013 Dignis Loveline. It\u2019s an eye-catching accessory for your dog\u2019s neck and can also serve as an ID tag holder.\" \/>\n<meta name=\"robots\" content=\"index, follow, max-snippet:-1, max-image-preview:large, max-video-preview:-1\" \/>\n<link rel=\"canonical\" href=\"https:\/\/dignisdesign.com.pl\/en\/produkt\/beaded-dog-necklace-dignis-loveline\/\" \/>\n<meta property=\"og:locale\" content=\"en_US\" \/>\n<meta property=\"og:type\" content=\"article\" \/>\n<meta property=\"og:title\" content=\"Beaded dog necklace \u2013 Dignis Loveline - Dignis Design\" \/>\n<meta property=\"og:description\" content=\"Adorable beaded dog necklace \u2013 Dignis Loveline. It\u2019s an eye-catching accessory for your dog\u2019s neck and can also serve as an ID tag holder.\" \/>\n<meta property=\"og:url\" content=\"https:\/\/dignisdesign.com.pl\/en\/produkt\/beaded-dog-necklace-dignis-loveline\/\" \/>\n<meta property=\"og:site_name\" content=\"Dignis Design\" \/>\n<meta property=\"og:image\" content=\"https:\/\/dignisdesign.com.pl\/wp-content\/uploads\/2025\/02\/naszyjnik-koralikowy-dla-psa-Dignis-Loveline-300x300.jpg\" \/>\n<meta name=\"twitter:card\" content=\"summary_large_image\" \/>\n<meta name=\"twitter:label1\" content=\"Est. reading time\" \/>\n\t<meta name=\"twitter:data1\" content=\"1 minute\" \/>\n<script type=\"application\/ld+json\" class=\"yoast-schema-graph\">{\"@context\":\"https:\\\/\\\/schema.org\",\"@graph\":[{\"@type\":\"WebPage\",\"@id\":\"https:\\\/\\\/dignisdesign.com.pl\\\/en\\\/produkt\\\/beaded-dog-necklace-dignis-loveline\\\/\",\"url\":\"https:\\\/\\\/dignisdesign.com.pl\\\/en\\\/produkt\\\/beaded-dog-necklace-dignis-loveline\\\/\",\"name\":\"Beaded dog necklace \u2013 Dignis Loveline - Dignis Design\",\"isPartOf\":{\"@id\":\"https:\\\/\\\/dignisdesign.com.pl\\\/#website\"},\"primaryImageOfPage\":{\"@id\":\"https:\\\/\\\/dignisdesign.com.pl\\\/en\\\/produkt\\\/beaded-dog-necklace-dignis-loveline\\\/#primaryimage\"},\"image\":{\"@id\":\"https:\\\/\\\/dignisdesign.com.pl\\\/en\\\/produkt\\\/beaded-dog-necklace-dignis-loveline\\\/#primaryimage\"},\"thumbnailUrl\":\"https:\\\/\\\/dignisdesign.com.pl\\\/wp-content\\\/uploads\\\/2025\\\/02\\\/naszyjnik-koralikowy-dla-psa-Dignis-Loveline.jpg\",\"datePublished\":\"2025-02-10T13:47:52+00:00\",\"description\":\"Adorable beaded dog necklace \u2013 Dignis Loveline. It\u2019s an eye-catching accessory for your dog\u2019s neck and can also serve as an ID tag holder.\",\"breadcrumb\":{\"@id\":\"https:\\\/\\\/dignisdesign.com.pl\\\/en\\\/produkt\\\/beaded-dog-necklace-dignis-loveline\\\/#breadcrumb\"},\"inLanguage\":\"en-US\",\"potentialAction\":[{\"@type\":\"ReadAction\",\"target\":[\"https:\\\/\\\/dignisdesign.com.pl\\\/en\\\/produkt\\\/beaded-dog-necklace-dignis-loveline\\\/\"]}]},{\"@type\":\"ImageObject\",\"inLanguage\":\"en-US\",\"@id\":\"https:\\\/\\\/dignisdesign.com.pl\\\/en\\\/produkt\\\/beaded-dog-necklace-dignis-loveline\\\/#primaryimage\",\"url\":\"https:\\\/\\\/dignisdesign.com.pl\\\/wp-content\\\/uploads\\\/2025\\\/02\\\/naszyjnik-koralikowy-dla-psa-Dignis-Loveline.jpg\",\"contentUrl\":\"https:\\\/\\\/dignisdesign.com.pl\\\/wp-content\\\/uploads\\\/2025\\\/02\\\/naszyjnik-koralikowy-dla-psa-Dignis-Loveline.jpg\",\"width\":1280,\"height\":1280},{\"@type\":\"BreadcrumbList\",\"@id\":\"https:\\\/\\\/dignisdesign.com.pl\\\/en\\\/produkt\\\/beaded-dog-necklace-dignis-loveline\\\/#breadcrumb\",\"itemListElement\":[{\"@type\":\"ListItem\",\"position\":1,\"name\":\"Strona g\u0142\u00f3wna\",\"item\":\"https:\\\/\\\/dignisdesign.com.pl\\\/\"},{\"@type\":\"ListItem\",\"position\":2,\"name\":\"Store\",\"item\":\"https:\\\/\\\/dignisdesign.com.pl\\\/en\\\/store\\\/\"},{\"@type\":\"ListItem\",\"position\":3,\"name\":\"Beaded dog necklace \u2013 Dignis Loveline\"}]},{\"@type\":\"WebSite\",\"@id\":\"https:\\\/\\\/dignisdesign.com.pl\\\/#website\",\"url\":\"https:\\\/\\\/dignisdesign.com.pl\\\/\",\"name\":\"Dignis Design\",\"description\":\"Akcesoria dla czworonog&oacute;w tworzone z pasj\u0105 i dba\u0142o\u015bci\u0105 o ka\u017cdy detal\",\"publisher\":{\"@id\":\"https:\\\/\\\/dignisdesign.com.pl\\\/#organization\"},\"potentialAction\":[{\"@type\":\"SearchAction\",\"target\":{\"@type\":\"EntryPoint\",\"urlTemplate\":\"https:\\\/\\\/dignisdesign.com.pl\\\/?s={search_term_string}\"},\"query-input\":{\"@type\":\"PropertyValueSpecification\",\"valueRequired\":true,\"valueName\":\"search_term_string\"}}],\"inLanguage\":\"en-US\"},{\"@type\":\"Organization\",\"@id\":\"https:\\\/\\\/dignisdesign.com.pl\\\/#organization\",\"name\":\"Dignis Design\",\"url\":\"https:\\\/\\\/dignisdesign.com.pl\\\/\",\"logo\":{\"@type\":\"ImageObject\",\"inLanguage\":\"en-US\",\"@id\":\"https:\\\/\\\/dignisdesign.com.pl\\\/#\\\/schema\\\/logo\\\/image\\\/\",\"url\":\"https:\\\/\\\/dignisdesign.com.pl\\\/wp-content\\\/uploads\\\/2020\\\/12\\\/DIGNIS-LOGO-PROJEKT-MALE.png\",\"contentUrl\":\"https:\\\/\\\/dignisdesign.com.pl\\\/wp-content\\\/uploads\\\/2020\\\/12\\\/DIGNIS-LOGO-PROJEKT-MALE.png\",\"width\":664,\"height\":300,\"caption\":\"Dignis Design\"},\"image\":{\"@id\":\"https:\\\/\\\/dignisdesign.com.pl\\\/#\\\/schema\\\/logo\\\/image\\\/\"}}]}<\/script>\n<!-- \/ Yoast SEO plugin. -->","yoast_head_json":{"title":"Beaded dog necklace \u2013 Dignis Loveline - Dignis Design","description":"Adorable beaded dog necklace \u2013 Dignis Loveline. It\u2019s an eye-catching accessory for your dog\u2019s neck and can also serve as an ID tag holder.","robots":{"index":"index","follow":"follow","max-snippet":"max-snippet:-1","max-image-preview":"max-image-preview:large","max-video-preview":"max-video-preview:-1"},"canonical":"https:\/\/dignisdesign.com.pl\/en\/produkt\/beaded-dog-necklace-dignis-loveline\/","og_locale":"en_US","og_type":"article","og_title":"Beaded dog necklace \u2013 Dignis Loveline - Dignis Design","og_description":"Adorable beaded dog necklace \u2013 Dignis Loveline. It\u2019s an eye-catching accessory for your dog\u2019s neck and can also serve as an ID tag holder.","og_url":"https:\/\/dignisdesign.com.pl\/en\/produkt\/beaded-dog-necklace-dignis-loveline\/","og_site_name":"Dignis Design","og_image":[{"url":"https:\/\/dignisdesign.com.pl\/wp-content\/uploads\/2025\/02\/naszyjnik-koralikowy-dla-psa-Dignis-Loveline-300x300.jpg","type":"","width":"","height":""}],"twitter_card":"summary_large_image","twitter_misc":{"Est. reading time":"1 minute"},"schema":{"@context":"https:\/\/schema.org","@graph":[{"@type":"WebPage","@id":"https:\/\/dignisdesign.com.pl\/en\/produkt\/beaded-dog-necklace-dignis-loveline\/","url":"https:\/\/dignisdesign.com.pl\/en\/produkt\/beaded-dog-necklace-dignis-loveline\/","name":"Beaded dog necklace \u2013 Dignis Loveline - Dignis Design","isPartOf":{"@id":"https:\/\/dignisdesign.com.pl\/#website"},"primaryImageOfPage":{"@id":"https:\/\/dignisdesign.com.pl\/en\/produkt\/beaded-dog-necklace-dignis-loveline\/#primaryimage"},"image":{"@id":"https:\/\/dignisdesign.com.pl\/en\/produkt\/beaded-dog-necklace-dignis-loveline\/#primaryimage"},"thumbnailUrl":"https:\/\/dignisdesign.com.pl\/wp-content\/uploads\/2025\/02\/naszyjnik-koralikowy-dla-psa-Dignis-Loveline.jpg","datePublished":"2025-02-10T13:47:52+00:00","description":"Adorable beaded dog necklace \u2013 Dignis Loveline. It\u2019s an eye-catching accessory for your dog\u2019s neck and can also serve as an ID tag holder.","breadcrumb":{"@id":"https:\/\/dignisdesign.com.pl\/en\/produkt\/beaded-dog-necklace-dignis-loveline\/#breadcrumb"},"inLanguage":"en-US","potentialAction":[{"@type":"ReadAction","target":["https:\/\/dignisdesign.com.pl\/en\/produkt\/beaded-dog-necklace-dignis-loveline\/"]}]},{"@type":"ImageObject","inLanguage":"en-US","@id":"https:\/\/dignisdesign.com.pl\/en\/produkt\/beaded-dog-necklace-dignis-loveline\/#primaryimage","url":"https:\/\/dignisdesign.com.pl\/wp-content\/uploads\/2025\/02\/naszyjnik-koralikowy-dla-psa-Dignis-Loveline.jpg","contentUrl":"https:\/\/dignisdesign.com.pl\/wp-content\/uploads\/2025\/02\/naszyjnik-koralikowy-dla-psa-Dignis-Loveline.jpg","width":1280,"height":1280},{"@type":"BreadcrumbList","@id":"https:\/\/dignisdesign.com.pl\/en\/produkt\/beaded-dog-necklace-dignis-loveline\/#breadcrumb","itemListElement":[{"@type":"ListItem","position":1,"name":"Strona g\u0142\u00f3wna","item":"https:\/\/dignisdesign.com.pl\/"},{"@type":"ListItem","position":2,"name":"Store","item":"https:\/\/dignisdesign.com.pl\/en\/store\/"},{"@type":"ListItem","position":3,"name":"Beaded dog necklace \u2013 Dignis Loveline"}]},{"@type":"WebSite","@id":"https:\/\/dignisdesign.com.pl\/#website","url":"https:\/\/dignisdesign.com.pl\/","name":"Dignis Design","description":"Akcesoria dla czworonog&oacute;w tworzone z pasj\u0105 i dba\u0142o\u015bci\u0105 o ka\u017cdy detal","publisher":{"@id":"https:\/\/dignisdesign.com.pl\/#organization"},"potentialAction":[{"@type":"SearchAction","target":{"@type":"EntryPoint","urlTemplate":"https:\/\/dignisdesign.com.pl\/?s={search_term_string}"},"query-input":{"@type":"PropertyValueSpecification","valueRequired":true,"valueName":"search_term_string"}}],"inLanguage":"en-US"},{"@type":"Organization","@id":"https:\/\/dignisdesign.com.pl\/#organization","name":"Dignis Design","url":"https:\/\/dignisdesign.com.pl\/","logo":{"@type":"ImageObject","inLanguage":"en-US","@id":"https:\/\/dignisdesign.com.pl\/#\/schema\/logo\/image\/","url":"https:\/\/dignisdesign.com.pl\/wp-content\/uploads\/2020\/12\/DIGNIS-LOGO-PROJEKT-MALE.png","contentUrl":"https:\/\/dignisdesign.com.pl\/wp-content\/uploads\/2020\/12\/DIGNIS-LOGO-PROJEKT-MALE.png","width":664,"height":300,"caption":"Dignis Design"},"image":{"@id":"https:\/\/dignisdesign.com.pl\/#\/schema\/logo\/image\/"}}]}},"jetpack_sharing_enabled":true,"_links":{"self":[{"href":"https:\/\/dignisdesign.com.pl\/en\/wp-json\/wp\/v2\/product\/77601","targetHints":{"allow":["GET"]}}],"collection":[{"href":"https:\/\/dignisdesign.com.pl\/en\/wp-json\/wp\/v2\/product"}],"about":[{"href":"https:\/\/dignisdesign.com.pl\/en\/wp-json\/wp\/v2\/types\/product"}],"replies":[{"embeddable":true,"href":"https:\/\/dignisdesign.com.pl\/en\/wp-json\/wp\/v2\/comments?post=77601"}],"version-history":[{"count":0,"href":"https:\/\/dignisdesign.com.pl\/en\/wp-json\/wp\/v2\/product\/77601\/revisions"}],"wp:featuredmedia":[{"embeddable":true,"href":"https:\/\/dignisdesign.com.pl\/en\/wp-json\/wp\/v2\/media\/76409"}],"wp:attachment":[{"href":"https:\/\/dignisdesign.com.pl\/en\/wp-json\/wp\/v2\/media?parent=77601"}],"wp:term":[{"taxonomy":"product_brand","embeddable":true,"href":"https:\/\/dignisdesign.com.pl\/en\/wp-json\/wp\/v2\/product_brand?post=77601"},{"taxonomy":"product_cat","embeddable":true,"href":"https:\/\/dignisdesign.com.pl\/en\/wp-json\/wp\/v2\/product_cat?post=77601"},{"taxonomy":"product_tag","embeddable":true,"href":"https:\/\/dignisdesign.com.pl\/en\/wp-json\/wp\/v2\/product_tag?post=77601"}],"curies":[{"name":"wp","href":"https:\/\/api.w.org\/{rel}","templated":true}]}}