	
	
{"id":77545,"date":"2024-03-06T13:55:52","date_gmt":"2024-03-06T13:55:52","guid":{"rendered":"https:\/\/dignisdesign.com.pl\/produkt\/art-splash-leather-city-leash\/"},"modified":"2025-05-27T10:35:30","modified_gmt":"2025-05-27T10:35:30","slug":"art-splash-leather-city-leash","status":"publish","type":"product","link":"https:\/\/dignisdesign.com.pl\/en\/produkt\/art-splash-leather-city-leash\/","title":{"rendered":"ART SPLASH leather city leash"},"content":{"rendered":"<p>ART SPLASH leather city leash \u2013 handmade and custom-made<br \/>\nMODIFICATION OPTION AVAILABLE (<strong><a href=\"https:\/\/dignisdesign.com.pl\/en\/contact\/\">CONTACT US<\/a><\/strong>)<\/p>\n<p align=\"JUSTIFY\">Thickness of the skin &#8211; approx. 3,5 mm.<\/p>\n<p align=\"JUSTIFY\">The leash is made of vegetable tanned leather, colored with non-toxic water based dyes and protected with natural oils and wax.<\/p>\n<p align=\"JUSTIFY\">The brass fittings used are rust-resistant and very durable.<\/p>\n<p align=\"JUSTIFY\">This is a product which will become more beautiful and unique over time &#8211; thanks to the use, the accumulation of residues from the dog&#8217;s fur, the leather and brass fittngs will acquire a unique patina and style.<\/p>\n<p align=\"JUSTIFY\">Match the collar with elegant, stylish <strong><a href=\"https:\/\/dignisdesign.com.pl\/en\/produkt\/leather-letter-loop\/\">leather letter loops<\/a><\/strong> to further emphasize the fantastic look of your beloved dog&#8217;s accessories!<\/p>\n<p align=\"JUSTIFY\">Make your leash even more special and unique \u2013 <em><strong>we\u2019ll engrave<\/strong> any text you like<\/em>, such as your dog\u2019s name, a nickname, or your Instagram handle.<\/p>\n<p align=\"JUSTIFY\">NATURAL LEATHER CARE:<\/p>\n<ul>\n<li>if the leather gets wet, allow it to dry naturally;<\/li>\n<li>from time to time apply a bit of wax to leather to help maintain its functionality and natural appearance;<\/li>\n<li>leather is a natural material &#8211; its surface may show slight differences in color, small imperfections &#8211; that is its charm;<\/li>\n<li>do not let the leather get soak up with water &#8211; it may cause loss of elasticity, leave marks on the leather.<\/li>\n<\/ul>\n<p>The ART SPLASH effect was made with a special paint. Leash is painted on both sides. Possibility to choose one or two paint colors.<\/p>\n<p>The ART SPLASH leather city leash is a handcrafted product \u2013 actual measurements may vary slightly due to manual production.<\/p>\n<p>We do not have any stock &#8211; we make accessories according to individual customer orders. <strong>Non-prefabricated product &#8211; non-returnable<\/strong>.<\/p>\n<p>The colors shown may vary slightly in reality &#8211; this depends on individual screen brightness settings.<\/p>\n","protected":false},"excerpt":{"rendered":"<p align=\"JUSTIFY\">Leather leash with one brass carabiner, a brass D-ring, and a handle<\/p>\n<p align=\"JUSTIFY\"><em>The stylish and unique ART SPLASH leather city leash combines the elegance of natural leather with a bold, artistic twist. A modern take on a classic design \u2013 timeless with a splash of personality. Comfortable to use. <\/em><\/p>\n","protected":false},"featured_media":74296,"comment_status":"open","ping_status":"closed","template":"","meta":{"site-sidebar-layout":"default","site-content-layout":"default","ast-site-content-layout":"default","site-content-style":"default","site-sidebar-style":"default","ast-global-header-display":"","ast-banner-title-visibility":"","ast-main-header-display":"","ast-hfb-above-header-display":"","ast-hfb-below-header-display":"","ast-hfb-mobile-header-display":"","site-post-title":"","ast-breadcrumbs-content":"","ast-featured-img":"","footer-sml-layout":"","ast-disable-related-posts":"","theme-transparent-header-meta":"default","adv-header-id-meta":"","stick-header-meta":"default","header-above-stick-meta":"","header-main-stick-meta":"","header-below-stick-meta":"","astra-migrate-meta-layouts":"set","ast-page-background-enabled":"default","ast-page-background-meta":{"desktop":{"background-color":"","background-image":"","background-repeat":"repeat","background-position":"center center","background-size":"auto","background-attachment":"scroll","background-type":"","background-media":"","overlay-type":"","overlay-color":"","overlay-opacity":"","overlay-gradient":""},"tablet":{"background-color":"","background-image":"","background-repeat":"repeat","background-position":"center center","background-size":"auto","background-attachment":"scroll","background-type":"","background-media":"","overlay-type":"","overlay-color":"","overlay-opacity":"","overlay-gradient":""},"mobile":{"background-color":"","background-image":"","background-repeat":"repeat","background-position":"center center","background-size":"auto","background-attachment":"scroll","background-type":"","background-media":"","overlay-type":"","overlay-color":"","overlay-opacity":"","overlay-gradient":""}},"ast-content-background-meta":{"desktop":{"background-color":"var(--ast-global-color-5)","background-image":"","background-repeat":"repeat","background-position":"center center","background-size":"auto","background-attachment":"scroll","background-type":"","background-media":"","overlay-type":"","overlay-color":"","overlay-opacity":"","overlay-gradient":""},"tablet":{"background-color":"var(--ast-global-color-5)","background-image":"","background-repeat":"repeat","background-position":"center center","background-size":"auto","background-attachment":"scroll","background-type":"","background-media":"","overlay-type":"","overlay-color":"","overlay-opacity":"","overlay-gradient":""},"mobile":{"background-color":"var(--ast-global-color-5)","background-image":"","background-repeat":"repeat","background-position":"center center","background-size":"auto","background-attachment":"scroll","background-type":"","background-media":"","overlay-type":"","overlay-color":"","overlay-opacity":"","overlay-gradient":""}}},"product_brand":[],"product_cat":[964,970],"product_tag":[3036,3034,3771,3313,3769,3770,3038,3773,3772],"class_list":{"0":"post-77545","1":"product","2":"type-product","3":"status-publish","4":"has-post-thumbnail","6":"product_cat-all","7":"product_cat-leather-accessories","8":"product_tag-city-leash","9":"product_tag-leash","10":"product_tag-leather-accessories-en-2","11":"product_tag-leather-accessories-en","12":"product_tag-leather-leash-en","13":"product_tag-leather-leash-en-2","14":"product_tag-natural-leather","15":"product_tag-natural-leather-en","16":"product_tag-standard-leash","17":"desktop-align-left","18":"tablet-align-left","19":"mobile-align-left","20":"ast-product-gallery-layout-horizontal-slider","21":"ast-magnify-disabled","22":"ast-product-single-variable","23":"ast-product-tabs-layout-horizontal","25":"first","26":"instock","27":"shipping-taxable","28":"purchasable","29":"product-type-variable","30":"has-default-attributes"},"yoast_head":"<!-- This site is optimized with the Yoast SEO plugin v27.3 - https:\/\/yoast.com\/product\/yoast-seo-wordpress\/ -->\n<title>ART SPLASH leather city leash - Dignis Design<\/title>\n<meta name=\"description\" content=\"The ART SPLASH leather city leash blends the elegance of natural leather with a bold touch of artistic flair. A design that breaks classic convention with a hint of modern edge.\" \/>\n<meta name=\"robots\" content=\"index, follow, max-snippet:-1, max-image-preview:large, max-video-preview:-1\" \/>\n<link rel=\"canonical\" href=\"https:\/\/dignisdesign.com.pl\/en\/produkt\/art-splash-leather-city-leash\/\" \/>\n<meta property=\"og:locale\" content=\"en_US\" \/>\n<meta property=\"og:type\" content=\"article\" \/>\n<meta property=\"og:title\" content=\"ART SPLASH leather city leash - Dignis Design\" \/>\n<meta property=\"og:description\" content=\"The ART SPLASH leather city leash blends the elegance of natural leather with a bold touch of artistic flair. A design that breaks classic convention with a hint of modern edge.\" \/>\n<meta property=\"og:url\" content=\"https:\/\/dignisdesign.com.pl\/en\/produkt\/art-splash-leather-city-leash\/\" \/>\n<meta property=\"og:site_name\" content=\"Dignis Design\" \/>\n<meta property=\"article:modified_time\" content=\"2025-05-27T10:35:30+00:00\" \/>\n<meta property=\"og:image\" content=\"https:\/\/dignisdesign.com.pl\/wp-content\/uploads\/2021\/08\/skorzana-smycz-miejska-zielona-25.jpg\" \/>\n<meta name=\"twitter:card\" content=\"summary_large_image\" \/>\n<meta name=\"twitter:label1\" content=\"Est. reading time\" \/>\n\t<meta name=\"twitter:data1\" content=\"2 minutes\" \/>\n<script type=\"application\/ld+json\" class=\"yoast-schema-graph\">{\"@context\":\"https:\\\/\\\/schema.org\",\"@graph\":[{\"@type\":\"WebPage\",\"@id\":\"https:\\\/\\\/dignisdesign.com.pl\\\/en\\\/produkt\\\/art-splash-leather-city-leash\\\/\",\"url\":\"https:\\\/\\\/dignisdesign.com.pl\\\/en\\\/produkt\\\/art-splash-leather-city-leash\\\/\",\"name\":\"ART SPLASH leather city leash - Dignis Design\",\"isPartOf\":{\"@id\":\"https:\\\/\\\/dignisdesign.com.pl\\\/#website\"},\"primaryImageOfPage\":{\"@id\":\"https:\\\/\\\/dignisdesign.com.pl\\\/en\\\/produkt\\\/art-splash-leather-city-leash\\\/#primaryimage\"},\"image\":{\"@id\":\"https:\\\/\\\/dignisdesign.com.pl\\\/en\\\/produkt\\\/art-splash-leather-city-leash\\\/#primaryimage\"},\"thumbnailUrl\":\"https:\\\/\\\/dignisdesign.com.pl\\\/wp-content\\\/uploads\\\/2024\\\/03\\\/skorzana-smycz-miejska-art-splash.jpg\",\"datePublished\":\"2024-03-06T13:55:52+00:00\",\"dateModified\":\"2025-05-27T10:35:30+00:00\",\"description\":\"The ART SPLASH leather city leash blends the elegance of natural leather with a bold touch of artistic flair. A design that breaks classic convention with a hint of modern edge.\",\"breadcrumb\":{\"@id\":\"https:\\\/\\\/dignisdesign.com.pl\\\/en\\\/produkt\\\/art-splash-leather-city-leash\\\/#breadcrumb\"},\"inLanguage\":\"en-US\",\"potentialAction\":[{\"@type\":\"ReadAction\",\"target\":[\"https:\\\/\\\/dignisdesign.com.pl\\\/en\\\/produkt\\\/art-splash-leather-city-leash\\\/\"]}]},{\"@type\":\"ImageObject\",\"inLanguage\":\"en-US\",\"@id\":\"https:\\\/\\\/dignisdesign.com.pl\\\/en\\\/produkt\\\/art-splash-leather-city-leash\\\/#primaryimage\",\"url\":\"https:\\\/\\\/dignisdesign.com.pl\\\/wp-content\\\/uploads\\\/2024\\\/03\\\/skorzana-smycz-miejska-art-splash.jpg\",\"contentUrl\":\"https:\\\/\\\/dignisdesign.com.pl\\\/wp-content\\\/uploads\\\/2024\\\/03\\\/skorzana-smycz-miejska-art-splash.jpg\",\"width\":1280,\"height\":1280},{\"@type\":\"BreadcrumbList\",\"@id\":\"https:\\\/\\\/dignisdesign.com.pl\\\/en\\\/produkt\\\/art-splash-leather-city-leash\\\/#breadcrumb\",\"itemListElement\":[{\"@type\":\"ListItem\",\"position\":1,\"name\":\"Strona g\u0142\u00f3wna\",\"item\":\"https:\\\/\\\/dignisdesign.com.pl\\\/\"},{\"@type\":\"ListItem\",\"position\":2,\"name\":\"Store\",\"item\":\"https:\\\/\\\/dignisdesign.com.pl\\\/en\\\/store\\\/\"},{\"@type\":\"ListItem\",\"position\":3,\"name\":\"ART SPLASH leather city leash\"}]},{\"@type\":\"WebSite\",\"@id\":\"https:\\\/\\\/dignisdesign.com.pl\\\/#website\",\"url\":\"https:\\\/\\\/dignisdesign.com.pl\\\/\",\"name\":\"Dignis Design\",\"description\":\"Akcesoria dla czworonog&oacute;w tworzone z pasj\u0105 i dba\u0142o\u015bci\u0105 o ka\u017cdy detal\",\"publisher\":{\"@id\":\"https:\\\/\\\/dignisdesign.com.pl\\\/#organization\"},\"potentialAction\":[{\"@type\":\"SearchAction\",\"target\":{\"@type\":\"EntryPoint\",\"urlTemplate\":\"https:\\\/\\\/dignisdesign.com.pl\\\/?s={search_term_string}\"},\"query-input\":{\"@type\":\"PropertyValueSpecification\",\"valueRequired\":true,\"valueName\":\"search_term_string\"}}],\"inLanguage\":\"en-US\"},{\"@type\":\"Organization\",\"@id\":\"https:\\\/\\\/dignisdesign.com.pl\\\/#organization\",\"name\":\"Dignis Design\",\"url\":\"https:\\\/\\\/dignisdesign.com.pl\\\/\",\"logo\":{\"@type\":\"ImageObject\",\"inLanguage\":\"en-US\",\"@id\":\"https:\\\/\\\/dignisdesign.com.pl\\\/#\\\/schema\\\/logo\\\/image\\\/\",\"url\":\"https:\\\/\\\/dignisdesign.com.pl\\\/wp-content\\\/uploads\\\/2020\\\/12\\\/DIGNIS-LOGO-PROJEKT-MALE.png\",\"contentUrl\":\"https:\\\/\\\/dignisdesign.com.pl\\\/wp-content\\\/uploads\\\/2020\\\/12\\\/DIGNIS-LOGO-PROJEKT-MALE.png\",\"width\":664,\"height\":300,\"caption\":\"Dignis Design\"},\"image\":{\"@id\":\"https:\\\/\\\/dignisdesign.com.pl\\\/#\\\/schema\\\/logo\\\/image\\\/\"}}]}<\/script>\n<!-- \/ Yoast SEO plugin. -->","yoast_head_json":{"title":"ART SPLASH leather city leash - Dignis Design","description":"The ART SPLASH leather city leash blends the elegance of natural leather with a bold touch of artistic flair. A design that breaks classic convention with a hint of modern edge.","robots":{"index":"index","follow":"follow","max-snippet":"max-snippet:-1","max-image-preview":"max-image-preview:large","max-video-preview":"max-video-preview:-1"},"canonical":"https:\/\/dignisdesign.com.pl\/en\/produkt\/art-splash-leather-city-leash\/","og_locale":"en_US","og_type":"article","og_title":"ART SPLASH leather city leash - Dignis Design","og_description":"The ART SPLASH leather city leash blends the elegance of natural leather with a bold touch of artistic flair. A design that breaks classic convention with a hint of modern edge.","og_url":"https:\/\/dignisdesign.com.pl\/en\/produkt\/art-splash-leather-city-leash\/","og_site_name":"Dignis Design","article_modified_time":"2025-05-27T10:35:30+00:00","og_image":[{"url":"https:\/\/dignisdesign.com.pl\/wp-content\/uploads\/2021\/08\/skorzana-smycz-miejska-zielona-25.jpg","type":"","width":"","height":""}],"twitter_card":"summary_large_image","twitter_misc":{"Est. reading time":"2 minutes"},"schema":{"@context":"https:\/\/schema.org","@graph":[{"@type":"WebPage","@id":"https:\/\/dignisdesign.com.pl\/en\/produkt\/art-splash-leather-city-leash\/","url":"https:\/\/dignisdesign.com.pl\/en\/produkt\/art-splash-leather-city-leash\/","name":"ART SPLASH leather city leash - Dignis Design","isPartOf":{"@id":"https:\/\/dignisdesign.com.pl\/#website"},"primaryImageOfPage":{"@id":"https:\/\/dignisdesign.com.pl\/en\/produkt\/art-splash-leather-city-leash\/#primaryimage"},"image":{"@id":"https:\/\/dignisdesign.com.pl\/en\/produkt\/art-splash-leather-city-leash\/#primaryimage"},"thumbnailUrl":"https:\/\/dignisdesign.com.pl\/wp-content\/uploads\/2024\/03\/skorzana-smycz-miejska-art-splash.jpg","datePublished":"2024-03-06T13:55:52+00:00","dateModified":"2025-05-27T10:35:30+00:00","description":"The ART SPLASH leather city leash blends the elegance of natural leather with a bold touch of artistic flair. A design that breaks classic convention with a hint of modern edge.","breadcrumb":{"@id":"https:\/\/dignisdesign.com.pl\/en\/produkt\/art-splash-leather-city-leash\/#breadcrumb"},"inLanguage":"en-US","potentialAction":[{"@type":"ReadAction","target":["https:\/\/dignisdesign.com.pl\/en\/produkt\/art-splash-leather-city-leash\/"]}]},{"@type":"ImageObject","inLanguage":"en-US","@id":"https:\/\/dignisdesign.com.pl\/en\/produkt\/art-splash-leather-city-leash\/#primaryimage","url":"https:\/\/dignisdesign.com.pl\/wp-content\/uploads\/2024\/03\/skorzana-smycz-miejska-art-splash.jpg","contentUrl":"https:\/\/dignisdesign.com.pl\/wp-content\/uploads\/2024\/03\/skorzana-smycz-miejska-art-splash.jpg","width":1280,"height":1280},{"@type":"BreadcrumbList","@id":"https:\/\/dignisdesign.com.pl\/en\/produkt\/art-splash-leather-city-leash\/#breadcrumb","itemListElement":[{"@type":"ListItem","position":1,"name":"Strona g\u0142\u00f3wna","item":"https:\/\/dignisdesign.com.pl\/"},{"@type":"ListItem","position":2,"name":"Store","item":"https:\/\/dignisdesign.com.pl\/en\/store\/"},{"@type":"ListItem","position":3,"name":"ART SPLASH leather city leash"}]},{"@type":"WebSite","@id":"https:\/\/dignisdesign.com.pl\/#website","url":"https:\/\/dignisdesign.com.pl\/","name":"Dignis Design","description":"Akcesoria dla czworonog&oacute;w tworzone z pasj\u0105 i dba\u0142o\u015bci\u0105 o ka\u017cdy detal","publisher":{"@id":"https:\/\/dignisdesign.com.pl\/#organization"},"potentialAction":[{"@type":"SearchAction","target":{"@type":"EntryPoint","urlTemplate":"https:\/\/dignisdesign.com.pl\/?s={search_term_string}"},"query-input":{"@type":"PropertyValueSpecification","valueRequired":true,"valueName":"search_term_string"}}],"inLanguage":"en-US"},{"@type":"Organization","@id":"https:\/\/dignisdesign.com.pl\/#organization","name":"Dignis Design","url":"https:\/\/dignisdesign.com.pl\/","logo":{"@type":"ImageObject","inLanguage":"en-US","@id":"https:\/\/dignisdesign.com.pl\/#\/schema\/logo\/image\/","url":"https:\/\/dignisdesign.com.pl\/wp-content\/uploads\/2020\/12\/DIGNIS-LOGO-PROJEKT-MALE.png","contentUrl":"https:\/\/dignisdesign.com.pl\/wp-content\/uploads\/2020\/12\/DIGNIS-LOGO-PROJEKT-MALE.png","width":664,"height":300,"caption":"Dignis Design"},"image":{"@id":"https:\/\/dignisdesign.com.pl\/#\/schema\/logo\/image\/"}}]}},"jetpack_sharing_enabled":true,"_links":{"self":[{"href":"https:\/\/dignisdesign.com.pl\/en\/wp-json\/wp\/v2\/product\/77545","targetHints":{"allow":["GET"]}}],"collection":[{"href":"https:\/\/dignisdesign.com.pl\/en\/wp-json\/wp\/v2\/product"}],"about":[{"href":"https:\/\/dignisdesign.com.pl\/en\/wp-json\/wp\/v2\/types\/product"}],"replies":[{"embeddable":true,"href":"https:\/\/dignisdesign.com.pl\/en\/wp-json\/wp\/v2\/comments?post=77545"}],"version-history":[{"count":2,"href":"https:\/\/dignisdesign.com.pl\/en\/wp-json\/wp\/v2\/product\/77545\/revisions"}],"predecessor-version":[{"id":77556,"href":"https:\/\/dignisdesign.com.pl\/en\/wp-json\/wp\/v2\/product\/77545\/revisions\/77556"}],"wp:featuredmedia":[{"embeddable":true,"href":"https:\/\/dignisdesign.com.pl\/en\/wp-json\/wp\/v2\/media\/74296"}],"wp:attachment":[{"href":"https:\/\/dignisdesign.com.pl\/en\/wp-json\/wp\/v2\/media?parent=77545"}],"wp:term":[{"taxonomy":"product_brand","embeddable":true,"href":"https:\/\/dignisdesign.com.pl\/en\/wp-json\/wp\/v2\/product_brand?post=77545"},{"taxonomy":"product_cat","embeddable":true,"href":"https:\/\/dignisdesign.com.pl\/en\/wp-json\/wp\/v2\/product_cat?post=77545"},{"taxonomy":"product_tag","embeddable":true,"href":"https:\/\/dignisdesign.com.pl\/en\/wp-json\/wp\/v2\/product_tag?post=77545"}],"curies":[{"name":"wp","href":"https:\/\/api.w.org\/{rel}","templated":true}]}}