	
	
{"id":77239,"date":"2025-04-22T16:01:41","date_gmt":"2025-04-22T16:01:41","guid":{"rendered":"https:\/\/dignisdesign.com.pl\/?post_type=product&#038;p=77239"},"modified":"2025-10-16T21:26:52","modified_gmt":"2025-10-16T21:26:52","slug":"waterproof-muzzle","status":"publish","type":"product","link":"https:\/\/dignisdesign.com.pl\/en\/produkt\/waterproof-muzzle\/","title":{"rendered":"Waterproof muzzle"},"content":{"rendered":"<h5><strong>Description<\/strong><\/h5>\n<p>Waterproof muzzle, handmade to the measurements you provide \u2014 individually fitted for maximum comfort. These measurements include: muzzle length, muzzle circumference, distance to the point behind the occipital bone, neck circumference, muzzle width, and muzzle height.<\/p>\n<p>The muzzle is made by combining webbing in two widths: 16 mm and 25 mm.<br \/>\n\u2014 customization option: if you need a muzzle for a small dog or would like it made with webbing of a different width, <strong><a href=\"https:\/\/dignisdesign.com.pl\/en\/contact\/\">PLEASE CONTACT US<\/a><\/strong> before placing your order.<\/p>\n<h5><strong>Engraving<\/strong><\/h5>\n<p>Make the muzzle even more special and unique \u2014 <em style=\"font-size: 16px;\">we can <strong>engrave<\/strong> any text on it<\/em>. <span style=\"font-size: 16px;\">&#8211; for example, your dog\u2019s name, phone number, address, nickname, Instagram handle, and more.<\/span><\/p>\n<h5><strong>Materials<\/strong><\/h5>\n<p>The muzzle is made of strong PVC webbing coated with thermoplastic polyurethane (TPU), which makes it lightweight yet highly durable.<\/p>\n<p>The great advantage of the webbing is that it is resistant to water, sweat, chemicals, UV radiation, weather, bacteria, and does not wipe fur. The outer layer of the webbing does not wear off, and its properties remain unchanged regardless of temperature. Additionally, the material is easy to maintain (it can be cleaned with soap and water) and, despite its thickness, remains flexible..<\/p>\n<p>The paint we use for engraving coloration is highly durable; however, we advise against cleaning it with hot water, scrubbing, or using detergents. We recommend cleaning it with a damp cloth.<\/p>\n<h5><strong>Hardware<\/strong><\/h5>\n<p>When making the muzzle, we use brass rivets.<\/p>\n<p>Brass hardware is suitable for contact with salt water \u2014 it is resistant to rust. It doesn\u2019t wear off or chip. Over time, brass hardware will develop a unique patina \u2014 it may cause slight staining. We recommend cleaning the hardware regularly \u2014 for example, with a microfiber cloth.<\/p>\n<h5><strong>Additional information<\/strong><\/h5>\n<p>Each waterproof muzzle is handmade, so the final product\u2019s measurements may slightly differ from those provided by the customer.<\/p>\n<p>We do not keep ready-made stock \u2014 all accessories are made to order for each customer.<br \/>\n<strong>Non-prefabricated product \u2014 not eligible for return.<\/strong><\/p>\n<p>Displayed colors may slightly differ in real life \u2014 this depends on individual screen brightness settings.<\/p>\n<p><strong>Processing time: 5\u201314 business days<\/strong><\/p>\n<div style=\"overflow-x: auto;\">\n<table class=\"purpleHorizon\">\n<thead>\n<tr>\n<th>TECHNICAL DETAILS<\/th>\n<th>WEBBING 25 MM<\/th>\n<th>WEBBING 16 MM<\/th>\n<th>BRASS BUCKLE FOR 25 MM WEBBING<\/th>\n<th>BRASS BUCKLE FOR 16 MM WEBBING<\/th>\n<\/tr>\n<\/thead>\n<tbody>\n<tr>\n<td>BREAKING STRENGTH<\/td>\n<td>250 KG<\/td>\n<td>180 KG<\/td>\n<td>160 KG<\/td>\n<td>50 KG<\/td>\n<\/tr>\n<tr>\n<td>WEBBING THICKNESS<\/td>\n<td>2.7 MM<\/td>\n<td>2.7 MM<\/td>\n<td>\u2013<\/td>\n<td>\u2013<\/td>\n<\/tr>\n<tr>\n<td>MATERIAL<\/td>\n<td>TPU<\/td>\n<td>TPU<\/td>\n<td>CAST BRASS<\/td>\n<td>CAST BRASS<\/td>\n<\/tr>\n<tr>\n<td>LENGTH<\/td>\n<td>&#8211;<\/td>\n<td>&#8211;<\/td>\n<td>57 MM<\/td>\n<td>43 MM<\/td>\n<\/tr>\n<tr>\n<td>WEIGHT<\/td>\n<td>1 M &#8211; approx. 75 G<\/td>\n<td>1 M &#8211; approx. 45 G<\/td>\n<td>approx. 38 g<\/td>\n<td>approx. 25 g<\/td>\n<\/tr>\n<\/tbody>\n<\/table>\n<\/div>\n","protected":false},"excerpt":{"rendered":"<p>Waterproof webbing muzzle with a classic buckle.<\/p>\n<p class=\"\" data-start=\"113\" data-end=\"434\"><em>Each muzzle is handmade to order, based on the measurements you provide. This ensures a perfect fit to your dog\u2019s snout, providing comfort, freedom to breathe, and full safety in everyday situations.<\/em><\/p>\n<p class=\"\" data-start=\"436\" data-end=\"597\"><em>A muzzle can be essential during vet visits, public transport rides, or in public places where it\u2019s required for safety reasons.<\/em><\/p>\n<p class=\"\" data-start=\"599\" data-end=\"836\"><em>Available in various color options \u2014 you can match it to your dog\u2019s personality or to the rest of your walking set. Practical, lightweight, and stylish \u2014 designed for everyday use and for the comfort of both dog and owner.<\/em><\/p>\n","protected":false},"featured_media":77269,"comment_status":"open","ping_status":"closed","template":"","meta":{"site-sidebar-layout":"default","site-content-layout":"default","ast-site-content-layout":"default","site-content-style":"default","site-sidebar-style":"default","ast-global-header-display":"","ast-banner-title-visibility":"","ast-main-header-display":"","ast-hfb-above-header-display":"","ast-hfb-below-header-display":"","ast-hfb-mobile-header-display":"","site-post-title":"","ast-breadcrumbs-content":"","ast-featured-img":"","footer-sml-layout":"","ast-disable-related-posts":"","theme-transparent-header-meta":"default","adv-header-id-meta":"","stick-header-meta":"default","header-above-stick-meta":"","header-main-stick-meta":"","header-below-stick-meta":"","astra-migrate-meta-layouts":"set","ast-page-background-enabled":"default","ast-page-background-meta":{"desktop":{"background-color":"","background-image":"","background-repeat":"repeat","background-position":"center center","background-size":"auto","background-attachment":"scroll","background-type":"","background-media":"","overlay-type":"","overlay-color":"","overlay-opacity":"","overlay-gradient":""},"tablet":{"background-color":"","background-image":"","background-repeat":"repeat","background-position":"center center","background-size":"auto","background-attachment":"scroll","background-type":"","background-media":"","overlay-type":"","overlay-color":"","overlay-opacity":"","overlay-gradient":""},"mobile":{"background-color":"","background-image":"","background-repeat":"repeat","background-position":"center center","background-size":"auto","background-attachment":"scroll","background-type":"","background-media":"","overlay-type":"","overlay-color":"","overlay-opacity":"","overlay-gradient":""}},"ast-content-background-meta":{"desktop":{"background-color":"var(--ast-global-color-5)","background-image":"","background-repeat":"repeat","background-position":"center center","background-size":"auto","background-attachment":"scroll","background-type":"","background-media":"","overlay-type":"","overlay-color":"","overlay-opacity":"","overlay-gradient":""},"tablet":{"background-color":"var(--ast-global-color-5)","background-image":"","background-repeat":"repeat","background-position":"center center","background-size":"auto","background-attachment":"scroll","background-type":"","background-media":"","overlay-type":"","overlay-color":"","overlay-opacity":"","overlay-gradient":""},"mobile":{"background-color":"var(--ast-global-color-5)","background-image":"","background-repeat":"repeat","background-position":"center center","background-size":"auto","background-attachment":"scroll","background-type":"","background-media":"","overlay-type":"","overlay-color":"","overlay-opacity":"","overlay-gradient":""}}},"product_brand":[],"product_cat":[964,3985],"product_tag":[3033,3987,2340,3991,3986,3990,3989,3988],"class_list":{"0":"post-77239","1":"product","2":"type-product","3":"status-publish","4":"has-post-thumbnail","6":"product_cat-all","7":"product_cat-muzzles","8":"product_tag-dog-accessories-en","9":"product_tag-dog-muzzle","10":"product_tag-for-dog","11":"product_tag-handmade-en","12":"product_tag-muzzle","13":"product_tag-personalization","14":"product_tag-personalized-muzzle","15":"product_tag-waterproof-muzzle","16":"desktop-align-left","17":"tablet-align-left","18":"mobile-align-left","19":"ast-product-gallery-layout-horizontal-slider","20":"ast-magnify-disabled","21":"ast-product-single-variable","22":"ast-product-tabs-layout-horizontal","24":"first","25":"instock","26":"shipping-taxable","27":"purchasable","28":"product-type-variable","29":"has-default-attributes"},"yoast_head":"<!-- This site is optimized with the Yoast SEO plugin v27.3 - https:\/\/yoast.com\/product\/yoast-seo-wordpress\/ -->\n<title>Waterproof muzzle - Dignis Design<\/title>\n<meta name=\"description\" content=\"Waterproof muzzle, made to measure. Perfect for walks, public transport and vet visits. Handmade and available in many colors.\" \/>\n<meta name=\"robots\" content=\"index, follow, max-snippet:-1, max-image-preview:large, max-video-preview:-1\" \/>\n<link rel=\"canonical\" href=\"https:\/\/dignisdesign.com.pl\/en\/produkt\/waterproof-muzzle\/\" \/>\n<meta property=\"og:locale\" content=\"en_US\" \/>\n<meta property=\"og:type\" content=\"article\" \/>\n<meta property=\"og:title\" content=\"Waterproof muzzle\" \/>\n<meta property=\"og:description\" content=\"Waterproof muzzle, made to measure. Perfect for walks, public transport and vet visits. Handmade and available in many colors.\" \/>\n<meta property=\"og:url\" content=\"https:\/\/dignisdesign.com.pl\/en\/produkt\/waterproof-muzzle\/\" \/>\n<meta property=\"og:site_name\" content=\"Dignis Design\" \/>\n<meta property=\"article:modified_time\" content=\"2025-10-16T21:26:52+00:00\" \/>\n<meta property=\"og:image\" content=\"https:\/\/dignisdesign.com.pl\/wp-content\/uploads\/2025\/04\/kaganiec-wodoodporny-300x300.jpg\" \/>\n<meta name=\"twitter:card\" content=\"summary_large_image\" \/>\n<meta name=\"twitter:label1\" content=\"Est. reading time\" \/>\n\t<meta name=\"twitter:data1\" content=\"3 minutes\" \/>\n<script type=\"application\/ld+json\" class=\"yoast-schema-graph\">{\"@context\":\"https:\\\/\\\/schema.org\",\"@graph\":[{\"@type\":\"WebPage\",\"@id\":\"https:\\\/\\\/dignisdesign.com.pl\\\/en\\\/produkt\\\/waterproof-muzzle\\\/\",\"url\":\"https:\\\/\\\/dignisdesign.com.pl\\\/en\\\/produkt\\\/waterproof-muzzle\\\/\",\"name\":\"Waterproof muzzle - Dignis Design\",\"isPartOf\":{\"@id\":\"https:\\\/\\\/dignisdesign.com.pl\\\/#website\"},\"primaryImageOfPage\":{\"@id\":\"https:\\\/\\\/dignisdesign.com.pl\\\/en\\\/produkt\\\/waterproof-muzzle\\\/#primaryimage\"},\"image\":{\"@id\":\"https:\\\/\\\/dignisdesign.com.pl\\\/en\\\/produkt\\\/waterproof-muzzle\\\/#primaryimage\"},\"thumbnailUrl\":\"https:\\\/\\\/dignisdesign.com.pl\\\/wp-content\\\/uploads\\\/2025\\\/04\\\/kaganiec-wodoodporny.jpg\",\"datePublished\":\"2025-04-22T16:01:41+00:00\",\"dateModified\":\"2025-10-16T21:26:52+00:00\",\"description\":\"Waterproof muzzle, made to measure. Perfect for walks, public transport and vet visits. Handmade and available in many colors.\",\"breadcrumb\":{\"@id\":\"https:\\\/\\\/dignisdesign.com.pl\\\/en\\\/produkt\\\/waterproof-muzzle\\\/#breadcrumb\"},\"inLanguage\":\"en-US\",\"potentialAction\":[{\"@type\":\"ReadAction\",\"target\":[\"https:\\\/\\\/dignisdesign.com.pl\\\/en\\\/produkt\\\/waterproof-muzzle\\\/\"]}]},{\"@type\":\"ImageObject\",\"inLanguage\":\"en-US\",\"@id\":\"https:\\\/\\\/dignisdesign.com.pl\\\/en\\\/produkt\\\/waterproof-muzzle\\\/#primaryimage\",\"url\":\"https:\\\/\\\/dignisdesign.com.pl\\\/wp-content\\\/uploads\\\/2025\\\/04\\\/kaganiec-wodoodporny.jpg\",\"contentUrl\":\"https:\\\/\\\/dignisdesign.com.pl\\\/wp-content\\\/uploads\\\/2025\\\/04\\\/kaganiec-wodoodporny.jpg\",\"width\":1280,\"height\":1280},{\"@type\":\"BreadcrumbList\",\"@id\":\"https:\\\/\\\/dignisdesign.com.pl\\\/en\\\/produkt\\\/waterproof-muzzle\\\/#breadcrumb\",\"itemListElement\":[{\"@type\":\"ListItem\",\"position\":1,\"name\":\"Strona g\u0142\u00f3wna\",\"item\":\"https:\\\/\\\/dignisdesign.com.pl\\\/\"},{\"@type\":\"ListItem\",\"position\":2,\"name\":\"Store\",\"item\":\"https:\\\/\\\/dignisdesign.com.pl\\\/en\\\/store\\\/\"},{\"@type\":\"ListItem\",\"position\":3,\"name\":\"Waterproof muzzle\"}]},{\"@type\":\"WebSite\",\"@id\":\"https:\\\/\\\/dignisdesign.com.pl\\\/#website\",\"url\":\"https:\\\/\\\/dignisdesign.com.pl\\\/\",\"name\":\"Dignis Design\",\"description\":\"Akcesoria dla czworonog&oacute;w tworzone z pasj\u0105 i dba\u0142o\u015bci\u0105 o ka\u017cdy detal\",\"publisher\":{\"@id\":\"https:\\\/\\\/dignisdesign.com.pl\\\/#organization\"},\"potentialAction\":[{\"@type\":\"SearchAction\",\"target\":{\"@type\":\"EntryPoint\",\"urlTemplate\":\"https:\\\/\\\/dignisdesign.com.pl\\\/?s={search_term_string}\"},\"query-input\":{\"@type\":\"PropertyValueSpecification\",\"valueRequired\":true,\"valueName\":\"search_term_string\"}}],\"inLanguage\":\"en-US\"},{\"@type\":\"Organization\",\"@id\":\"https:\\\/\\\/dignisdesign.com.pl\\\/#organization\",\"name\":\"Dignis Design\",\"url\":\"https:\\\/\\\/dignisdesign.com.pl\\\/\",\"logo\":{\"@type\":\"ImageObject\",\"inLanguage\":\"en-US\",\"@id\":\"https:\\\/\\\/dignisdesign.com.pl\\\/#\\\/schema\\\/logo\\\/image\\\/\",\"url\":\"https:\\\/\\\/dignisdesign.com.pl\\\/wp-content\\\/uploads\\\/2020\\\/12\\\/DIGNIS-LOGO-PROJEKT-MALE.png\",\"contentUrl\":\"https:\\\/\\\/dignisdesign.com.pl\\\/wp-content\\\/uploads\\\/2020\\\/12\\\/DIGNIS-LOGO-PROJEKT-MALE.png\",\"width\":664,\"height\":300,\"caption\":\"Dignis Design\"},\"image\":{\"@id\":\"https:\\\/\\\/dignisdesign.com.pl\\\/#\\\/schema\\\/logo\\\/image\\\/\"}}]}<\/script>\n<!-- \/ Yoast SEO plugin. -->","yoast_head_json":{"title":"Waterproof muzzle - Dignis Design","description":"Waterproof muzzle, made to measure. Perfect for walks, public transport and vet visits. Handmade and available in many colors.","robots":{"index":"index","follow":"follow","max-snippet":"max-snippet:-1","max-image-preview":"max-image-preview:large","max-video-preview":"max-video-preview:-1"},"canonical":"https:\/\/dignisdesign.com.pl\/en\/produkt\/waterproof-muzzle\/","og_locale":"en_US","og_type":"article","og_title":"Waterproof muzzle","og_description":"Waterproof muzzle, made to measure. Perfect for walks, public transport and vet visits. Handmade and available in many colors.","og_url":"https:\/\/dignisdesign.com.pl\/en\/produkt\/waterproof-muzzle\/","og_site_name":"Dignis Design","article_modified_time":"2025-10-16T21:26:52+00:00","og_image":[{"url":"https:\/\/dignisdesign.com.pl\/wp-content\/uploads\/2025\/04\/kaganiec-wodoodporny-300x300.jpg","type":"","width":"","height":""}],"twitter_card":"summary_large_image","twitter_misc":{"Est. reading time":"3 minutes"},"schema":{"@context":"https:\/\/schema.org","@graph":[{"@type":"WebPage","@id":"https:\/\/dignisdesign.com.pl\/en\/produkt\/waterproof-muzzle\/","url":"https:\/\/dignisdesign.com.pl\/en\/produkt\/waterproof-muzzle\/","name":"Waterproof muzzle - Dignis Design","isPartOf":{"@id":"https:\/\/dignisdesign.com.pl\/#website"},"primaryImageOfPage":{"@id":"https:\/\/dignisdesign.com.pl\/en\/produkt\/waterproof-muzzle\/#primaryimage"},"image":{"@id":"https:\/\/dignisdesign.com.pl\/en\/produkt\/waterproof-muzzle\/#primaryimage"},"thumbnailUrl":"https:\/\/dignisdesign.com.pl\/wp-content\/uploads\/2025\/04\/kaganiec-wodoodporny.jpg","datePublished":"2025-04-22T16:01:41+00:00","dateModified":"2025-10-16T21:26:52+00:00","description":"Waterproof muzzle, made to measure. Perfect for walks, public transport and vet visits. Handmade and available in many colors.","breadcrumb":{"@id":"https:\/\/dignisdesign.com.pl\/en\/produkt\/waterproof-muzzle\/#breadcrumb"},"inLanguage":"en-US","potentialAction":[{"@type":"ReadAction","target":["https:\/\/dignisdesign.com.pl\/en\/produkt\/waterproof-muzzle\/"]}]},{"@type":"ImageObject","inLanguage":"en-US","@id":"https:\/\/dignisdesign.com.pl\/en\/produkt\/waterproof-muzzle\/#primaryimage","url":"https:\/\/dignisdesign.com.pl\/wp-content\/uploads\/2025\/04\/kaganiec-wodoodporny.jpg","contentUrl":"https:\/\/dignisdesign.com.pl\/wp-content\/uploads\/2025\/04\/kaganiec-wodoodporny.jpg","width":1280,"height":1280},{"@type":"BreadcrumbList","@id":"https:\/\/dignisdesign.com.pl\/en\/produkt\/waterproof-muzzle\/#breadcrumb","itemListElement":[{"@type":"ListItem","position":1,"name":"Strona g\u0142\u00f3wna","item":"https:\/\/dignisdesign.com.pl\/"},{"@type":"ListItem","position":2,"name":"Store","item":"https:\/\/dignisdesign.com.pl\/en\/store\/"},{"@type":"ListItem","position":3,"name":"Waterproof muzzle"}]},{"@type":"WebSite","@id":"https:\/\/dignisdesign.com.pl\/#website","url":"https:\/\/dignisdesign.com.pl\/","name":"Dignis Design","description":"Akcesoria dla czworonog&oacute;w tworzone z pasj\u0105 i dba\u0142o\u015bci\u0105 o ka\u017cdy detal","publisher":{"@id":"https:\/\/dignisdesign.com.pl\/#organization"},"potentialAction":[{"@type":"SearchAction","target":{"@type":"EntryPoint","urlTemplate":"https:\/\/dignisdesign.com.pl\/?s={search_term_string}"},"query-input":{"@type":"PropertyValueSpecification","valueRequired":true,"valueName":"search_term_string"}}],"inLanguage":"en-US"},{"@type":"Organization","@id":"https:\/\/dignisdesign.com.pl\/#organization","name":"Dignis Design","url":"https:\/\/dignisdesign.com.pl\/","logo":{"@type":"ImageObject","inLanguage":"en-US","@id":"https:\/\/dignisdesign.com.pl\/#\/schema\/logo\/image\/","url":"https:\/\/dignisdesign.com.pl\/wp-content\/uploads\/2020\/12\/DIGNIS-LOGO-PROJEKT-MALE.png","contentUrl":"https:\/\/dignisdesign.com.pl\/wp-content\/uploads\/2020\/12\/DIGNIS-LOGO-PROJEKT-MALE.png","width":664,"height":300,"caption":"Dignis Design"},"image":{"@id":"https:\/\/dignisdesign.com.pl\/#\/schema\/logo\/image\/"}}]}},"jetpack_sharing_enabled":true,"_links":{"self":[{"href":"https:\/\/dignisdesign.com.pl\/en\/wp-json\/wp\/v2\/product\/77239","targetHints":{"allow":["GET"]}}],"collection":[{"href":"https:\/\/dignisdesign.com.pl\/en\/wp-json\/wp\/v2\/product"}],"about":[{"href":"https:\/\/dignisdesign.com.pl\/en\/wp-json\/wp\/v2\/types\/product"}],"replies":[{"embeddable":true,"href":"https:\/\/dignisdesign.com.pl\/en\/wp-json\/wp\/v2\/comments?post=77239"}],"version-history":[{"count":3,"href":"https:\/\/dignisdesign.com.pl\/en\/wp-json\/wp\/v2\/product\/77239\/revisions"}],"predecessor-version":[{"id":79121,"href":"https:\/\/dignisdesign.com.pl\/en\/wp-json\/wp\/v2\/product\/77239\/revisions\/79121"}],"wp:featuredmedia":[{"embeddable":true,"href":"https:\/\/dignisdesign.com.pl\/en\/wp-json\/wp\/v2\/media\/77269"}],"wp:attachment":[{"href":"https:\/\/dignisdesign.com.pl\/en\/wp-json\/wp\/v2\/media?parent=77239"}],"wp:term":[{"taxonomy":"product_brand","embeddable":true,"href":"https:\/\/dignisdesign.com.pl\/en\/wp-json\/wp\/v2\/product_brand?post=77239"},{"taxonomy":"product_cat","embeddable":true,"href":"https:\/\/dignisdesign.com.pl\/en\/wp-json\/wp\/v2\/product_cat?post=77239"},{"taxonomy":"product_tag","embeddable":true,"href":"https:\/\/dignisdesign.com.pl\/en\/wp-json\/wp\/v2\/product_tag?post=77239"}],"curies":[{"name":"wp","href":"https:\/\/api.w.org\/{rel}","templated":true}]}}