	
	
{"id":76477,"date":"2025-02-23T13:42:11","date_gmt":"2025-02-23T13:42:11","guid":{"rendered":"https:\/\/dignisdesign.com.pl\/?post_type=product&#038;p=76477"},"modified":"2025-05-30T11:07:34","modified_gmt":"2025-05-30T11:07:34","slug":"splash-collar-with-classic-buckle-kopia","status":"publish","type":"product","link":"https:\/\/dignisdesign.com.pl\/en\/produkt\/splash-collar-with-classic-buckle-kopia\/","title":{"rendered":"SPIKE collar with classic buckle"},"content":{"rendered":"<p>SPIKE collar with classic buckle; a handcrafted spiked collar made to measure. The collar is tailored to your dog&#8217;s neck size \u2013 the measurement you provide will be set to the middle (third) hole out of five for optimal adjustability. The holes are spaced 2.5 cm apart (center to center) in collars made with 2.5 cm wide webbing, and 1.5 cm apart in collars made with 1.6 cm wide webbing \u2013 MODIFICATION OPTION AVAILABLE (<strong><a href=\"https:\/\/dignisdesign.com.pl\/en\/contact\/\">CONTACT US<\/a><\/strong>)<\/p>\n<p>Make the collar even more unique and special \u2013 we can <em><strong>engrave<\/strong> any text<\/em> on the collar loop, such as your dog\u2019s name, contact number, address, nickname, Instagram handle, etc. (no character limit \u2013 the only constraint is the size of the loop).<\/p>\n<p>Choose your own <strong><a href=\"https:\/\/dignisdesign.com.pl\/en\/?post_type=product&amp;p=76675\">SPIKE bracelet<\/a><\/strong> and create the perfect duo with your dog! Rock the same design \u2013 you on your wrist, your dog on their neck.<\/p>\n<p>The SPIKE collar with a classic buckle is made from strong polyvinyl chloride (PVC) webbing coated with thermoplastic polyurethane (TPU), making it both lightweight and highly durable.<\/p>\n<p>A major advantage of this webbing is its resistance to water, sweat, chemicals, UV radiation, weather conditions, and bacteria. It does not cause fur loss or irritation. The outer layer of the webbing is abrasion-resistant, and its properties remain unchanged regardless of temperature. Additionally, the material is easy to maintain (it can be cleaned with soap and water) and remains flexible despite its thickness.<\/p>\n<p>The paint used to color the engraving is durable; however, we recommend avoiding hot water, scrubbing, or the use of detergents when cleaning it. We recommend cleaning with a damp cloth.<\/p>\n<p>For assembling the collar, we use Chicago screws. In the case of brass hardware, we use solid brass rivets.<\/p>\n<p>Black, rosegold, and neochrome hardware are lacquer-coated \u2013 the lacquer may wear off over time depending on the way and intensity of use. These elements are prone to corrosion.<\/p>\n<p>Brass hardware is suitable for contact with salt water \u2013 it is rust-resistant. It does not wear off or chip, but it is the heaviest option. Over time, brass hardware will develop a unique patina \u2013 it may cause staining. We recommend regular cleaning of the hardware \u2013 for example, with a microfiber cloth.<\/p>\n<p>We do not keep stock \u2013 all accessories are made to order. <strong>This is a custom-made product and is not eligible for return<\/strong>.<\/p>\n<p>The colors shown may slightly differ in real life \u2013 this depends on individual screen brightness settings.<\/p>\n<p><strong>Please note: We do not paint engravings made on reflective webbing.<\/strong><\/p>\n<div style=\"overflow-x: auto;\">\n<table class=\"purpleHorizon\">\n<thead>\n<tr>\n<th>TECHNICAL DETAILS<\/th>\n<th>WEBBING \u2013 WIDTH 25 MM<\/th>\n<th>WEBBING \u2013 WIDTH 16 MM<\/th>\n<th>METAL BUCKLE FOR 25 MM WEBBING<\/th>\n<th>METAL BUCKLE FOR 16 MM WEBBING<\/th>\n<th>BRASS BUCKLE FOR 25 MM WEBBING<\/th>\n<th>BRASS BUCKLE FOR 16 MM WEBBING<\/th>\n<\/tr>\n<\/thead>\n<tbody>\n<tr>\n<td>BREAKING STRENGTH<\/td>\n<td>250 KG<\/td>\n<td>180 KG<\/td>\n<td>160 KG<\/td>\n<td>50 KG<\/td>\n<td>400 KG<\/td>\n<td>200 KG<\/td>\n<\/tr>\n<tr>\n<td>WEBBING THICKNESS<\/td>\n<td>2.7 MM<\/td>\n<td>2.7 MM<\/td>\n<td>&#8211;<\/td>\n<td>&#8211;<\/td>\n<td>&#8211;<\/td>\n<td>&#8211;<\/td>\n<\/tr>\n<tr>\n<td>MATERIAL<\/td>\n<td>TPU<\/td>\n<td>TPU<\/td>\n<td>ZINC ALLOY<\/td>\n<td>ZINC ALLOY<\/td>\n<td>CAST BRASS<\/td>\n<td>CAST BRASS<\/td>\n<\/tr>\n<tr>\n<td>LENGTH<\/td>\n<td>&#8211;<\/td>\n<td>&#8211;<\/td>\n<td>52 MM<\/td>\n<td>35 MM<\/td>\n<td>57 MM<\/td>\n<td>43 MM<\/td>\n<\/tr>\n<tr>\n<td>WEIGHT<\/td>\n<td>1 M &#8211; 75 G<\/td>\n<td>1 M &#8211; 45 G<\/td>\n<td>approx. 30 g<\/td>\n<td>approx. 9 g<\/td>\n<td>approx. 38 g<\/td>\n<td>approx. 25 g<\/td>\n<\/tr>\n<\/tbody>\n<\/table>\n<\/div>\n","protected":false},"excerpt":{"rendered":"<p>Waterproof webbing collar with a classic buckle, D-ring, loop and decorative spikes.<\/p>\n<p><em>A classic dog collar with a bold twist. Striking and eye-catching, the colorful spikes give the product a fierce and edgy design. <\/em><\/p>\n<p><em>If you&#8217;re a fan of bold style and love strong statement pieces in your dog\u2019s accessories, you won&#8217;t be able to resist this collar!<\/em><\/p>\n","protected":false},"featured_media":76529,"comment_status":"open","ping_status":"closed","template":"","meta":{"site-sidebar-layout":"default","site-content-layout":"default","ast-site-content-layout":"default","site-content-style":"default","site-sidebar-style":"default","ast-global-header-display":"","ast-banner-title-visibility":"","ast-main-header-display":"","ast-hfb-above-header-display":"","ast-hfb-below-header-display":"","ast-hfb-mobile-header-display":"","site-post-title":"","ast-breadcrumbs-content":"","ast-featured-img":"","footer-sml-layout":"","ast-disable-related-posts":"","theme-transparent-header-meta":"default","adv-header-id-meta":"","stick-header-meta":"default","header-above-stick-meta":"","header-main-stick-meta":"","header-below-stick-meta":"","astra-migrate-meta-layouts":"set","ast-page-background-enabled":"default","ast-page-background-meta":{"desktop":{"background-color":"","background-image":"","background-repeat":"repeat","background-position":"center center","background-size":"auto","background-attachment":"scroll","background-type":"","background-media":"","overlay-type":"","overlay-color":"","overlay-opacity":"","overlay-gradient":""},"tablet":{"background-color":"","background-image":"","background-repeat":"repeat","background-position":"center center","background-size":"auto","background-attachment":"scroll","background-type":"","background-media":"","overlay-type":"","overlay-color":"","overlay-opacity":"","overlay-gradient":""},"mobile":{"background-color":"","background-image":"","background-repeat":"repeat","background-position":"center center","background-size":"auto","background-attachment":"scroll","background-type":"","background-media":"","overlay-type":"","overlay-color":"","overlay-opacity":"","overlay-gradient":""}},"ast-content-background-meta":{"desktop":{"background-color":"var(--ast-global-color-5)","background-image":"","background-repeat":"repeat","background-position":"center center","background-size":"auto","background-attachment":"scroll","background-type":"","background-media":"","overlay-type":"","overlay-color":"","overlay-opacity":"","overlay-gradient":""},"tablet":{"background-color":"var(--ast-global-color-5)","background-image":"","background-repeat":"repeat","background-position":"center center","background-size":"auto","background-attachment":"scroll","background-type":"","background-media":"","overlay-type":"","overlay-color":"","overlay-opacity":"","overlay-gradient":""},"mobile":{"background-color":"var(--ast-global-color-5)","background-image":"","background-repeat":"repeat","background-position":"center center","background-size":"auto","background-attachment":"scroll","background-type":"","background-media":"","overlay-type":"","overlay-color":"","overlay-opacity":"","overlay-gradient":""}}},"product_brand":[],"product_cat":[964],"product_tag":[3855,3033,3314,2992,2993,2340,3859,3856,3858,3857,3032],"class_list":{"0":"post-76477","1":"product","2":"type-product","3":"status-publish","4":"has-post-thumbnail","6":"product_cat-all","7":"product_tag-collar-with-spikes","8":"product_tag-dog-accessories-en","9":"product_tag-dog-collar-en-2","10":"product_tag-dog-collar-with-a-classic-buckle","11":"product_tag-dog-collar-with-a-classic-buckle-en","12":"product_tag-for-dog","13":"product_tag-spike-accessories-en","14":"product_tag-spike-collar-en","15":"product_tag-spiked-accessories","16":"product_tag-spikes","17":"product_tag-waterproof-collar","18":"desktop-align-left","19":"tablet-align-left","20":"mobile-align-left","21":"ast-product-gallery-layout-horizontal-slider","22":"ast-magnify-disabled","23":"ast-product-single-variable","24":"ast-product-tabs-layout-horizontal","26":"first","27":"instock","28":"shipping-taxable","29":"purchasable","30":"product-type-variable","31":"has-default-attributes"},"yoast_head":"<!-- This site is optimized with the Yoast SEO plugin v27.3 - https:\/\/yoast.com\/product\/yoast-seo-wordpress\/ -->\n<title>SPIKE collar with classic buckle - Dignis Design<\/title>\n<meta name=\"description\" content=\"SPIKE collar with classic buckle \u2013 a traditional dog collar with a bold twist. Eye-catching and edgy, its colorful spikes add a fierce and stylish touch.\" \/>\n<meta name=\"robots\" content=\"index, follow, max-snippet:-1, max-image-preview:large, max-video-preview:-1\" \/>\n<link rel=\"canonical\" href=\"https:\/\/dignisdesign.com.pl\/en\/produkt\/splash-collar-with-classic-buckle-kopia\/\" \/>\n<meta property=\"og:locale\" content=\"en_US\" \/>\n<meta property=\"og:type\" content=\"article\" \/>\n<meta property=\"og:title\" content=\"SPIKE collar with classic buckle - Dignis Design\" \/>\n<meta property=\"og:description\" content=\"SPIKE collar with classic buckle \u2013 a traditional dog collar with a bold twist. Eye-catching and edgy, its colorful spikes add a fierce and stylish touch.\" \/>\n<meta property=\"og:url\" content=\"https:\/\/dignisdesign.com.pl\/en\/produkt\/splash-collar-with-classic-buckle-kopia\/\" \/>\n<meta property=\"og:site_name\" content=\"Dignis Design\" \/>\n<meta property=\"article:modified_time\" content=\"2025-05-30T11:07:34+00:00\" \/>\n<meta property=\"og:image\" content=\"https:\/\/dignisdesign.com.pl\/wp-content\/uploads\/2025\/02\/obroza-spike-z-klamra-klasyczna-1-300x300.jpg\" \/>\n<meta name=\"twitter:card\" content=\"summary_large_image\" \/>\n<meta name=\"twitter:label1\" content=\"Est. reading time\" \/>\n\t<meta name=\"twitter:data1\" content=\"4 minutes\" \/>\n<script type=\"application\/ld+json\" class=\"yoast-schema-graph\">{\"@context\":\"https:\\\/\\\/schema.org\",\"@graph\":[{\"@type\":\"WebPage\",\"@id\":\"https:\\\/\\\/dignisdesign.com.pl\\\/en\\\/produkt\\\/splash-collar-with-classic-buckle-kopia\\\/\",\"url\":\"https:\\\/\\\/dignisdesign.com.pl\\\/en\\\/produkt\\\/splash-collar-with-classic-buckle-kopia\\\/\",\"name\":\"SPIKE collar with classic buckle - Dignis Design\",\"isPartOf\":{\"@id\":\"https:\\\/\\\/dignisdesign.com.pl\\\/#website\"},\"primaryImageOfPage\":{\"@id\":\"https:\\\/\\\/dignisdesign.com.pl\\\/en\\\/produkt\\\/splash-collar-with-classic-buckle-kopia\\\/#primaryimage\"},\"image\":{\"@id\":\"https:\\\/\\\/dignisdesign.com.pl\\\/en\\\/produkt\\\/splash-collar-with-classic-buckle-kopia\\\/#primaryimage\"},\"thumbnailUrl\":\"https:\\\/\\\/dignisdesign.com.pl\\\/wp-content\\\/uploads\\\/2025\\\/02\\\/obroza-spike-z-klamra-klasyczna-1.jpg\",\"datePublished\":\"2025-02-23T13:42:11+00:00\",\"dateModified\":\"2025-05-30T11:07:34+00:00\",\"description\":\"SPIKE collar with classic buckle \u2013 a traditional dog collar with a bold twist. Eye-catching and edgy, its colorful spikes add a fierce and stylish touch.\",\"breadcrumb\":{\"@id\":\"https:\\\/\\\/dignisdesign.com.pl\\\/en\\\/produkt\\\/splash-collar-with-classic-buckle-kopia\\\/#breadcrumb\"},\"inLanguage\":\"en-US\",\"potentialAction\":[{\"@type\":\"ReadAction\",\"target\":[\"https:\\\/\\\/dignisdesign.com.pl\\\/en\\\/produkt\\\/splash-collar-with-classic-buckle-kopia\\\/\"]}]},{\"@type\":\"ImageObject\",\"inLanguage\":\"en-US\",\"@id\":\"https:\\\/\\\/dignisdesign.com.pl\\\/en\\\/produkt\\\/splash-collar-with-classic-buckle-kopia\\\/#primaryimage\",\"url\":\"https:\\\/\\\/dignisdesign.com.pl\\\/wp-content\\\/uploads\\\/2025\\\/02\\\/obroza-spike-z-klamra-klasyczna-1.jpg\",\"contentUrl\":\"https:\\\/\\\/dignisdesign.com.pl\\\/wp-content\\\/uploads\\\/2025\\\/02\\\/obroza-spike-z-klamra-klasyczna-1.jpg\",\"width\":1280,\"height\":1280},{\"@type\":\"BreadcrumbList\",\"@id\":\"https:\\\/\\\/dignisdesign.com.pl\\\/en\\\/produkt\\\/splash-collar-with-classic-buckle-kopia\\\/#breadcrumb\",\"itemListElement\":[{\"@type\":\"ListItem\",\"position\":1,\"name\":\"Strona g\u0142\u00f3wna\",\"item\":\"https:\\\/\\\/dignisdesign.com.pl\\\/\"},{\"@type\":\"ListItem\",\"position\":2,\"name\":\"Store\",\"item\":\"https:\\\/\\\/dignisdesign.com.pl\\\/en\\\/store\\\/\"},{\"@type\":\"ListItem\",\"position\":3,\"name\":\"SPIKE collar with classic buckle\"}]},{\"@type\":\"WebSite\",\"@id\":\"https:\\\/\\\/dignisdesign.com.pl\\\/#website\",\"url\":\"https:\\\/\\\/dignisdesign.com.pl\\\/\",\"name\":\"Dignis Design\",\"description\":\"Akcesoria dla czworonog&oacute;w tworzone z pasj\u0105 i dba\u0142o\u015bci\u0105 o ka\u017cdy detal\",\"publisher\":{\"@id\":\"https:\\\/\\\/dignisdesign.com.pl\\\/#organization\"},\"potentialAction\":[{\"@type\":\"SearchAction\",\"target\":{\"@type\":\"EntryPoint\",\"urlTemplate\":\"https:\\\/\\\/dignisdesign.com.pl\\\/?s={search_term_string}\"},\"query-input\":{\"@type\":\"PropertyValueSpecification\",\"valueRequired\":true,\"valueName\":\"search_term_string\"}}],\"inLanguage\":\"en-US\"},{\"@type\":\"Organization\",\"@id\":\"https:\\\/\\\/dignisdesign.com.pl\\\/#organization\",\"name\":\"Dignis Design\",\"url\":\"https:\\\/\\\/dignisdesign.com.pl\\\/\",\"logo\":{\"@type\":\"ImageObject\",\"inLanguage\":\"en-US\",\"@id\":\"https:\\\/\\\/dignisdesign.com.pl\\\/#\\\/schema\\\/logo\\\/image\\\/\",\"url\":\"https:\\\/\\\/dignisdesign.com.pl\\\/wp-content\\\/uploads\\\/2020\\\/12\\\/DIGNIS-LOGO-PROJEKT-MALE.png\",\"contentUrl\":\"https:\\\/\\\/dignisdesign.com.pl\\\/wp-content\\\/uploads\\\/2020\\\/12\\\/DIGNIS-LOGO-PROJEKT-MALE.png\",\"width\":664,\"height\":300,\"caption\":\"Dignis Design\"},\"image\":{\"@id\":\"https:\\\/\\\/dignisdesign.com.pl\\\/#\\\/schema\\\/logo\\\/image\\\/\"}}]}<\/script>\n<!-- \/ Yoast SEO plugin. -->","yoast_head_json":{"title":"SPIKE collar with classic buckle - Dignis Design","description":"SPIKE collar with classic buckle \u2013 a traditional dog collar with a bold twist. Eye-catching and edgy, its colorful spikes add a fierce and stylish touch.","robots":{"index":"index","follow":"follow","max-snippet":"max-snippet:-1","max-image-preview":"max-image-preview:large","max-video-preview":"max-video-preview:-1"},"canonical":"https:\/\/dignisdesign.com.pl\/en\/produkt\/splash-collar-with-classic-buckle-kopia\/","og_locale":"en_US","og_type":"article","og_title":"SPIKE collar with classic buckle - Dignis Design","og_description":"SPIKE collar with classic buckle \u2013 a traditional dog collar with a bold twist. Eye-catching and edgy, its colorful spikes add a fierce and stylish touch.","og_url":"https:\/\/dignisdesign.com.pl\/en\/produkt\/splash-collar-with-classic-buckle-kopia\/","og_site_name":"Dignis Design","article_modified_time":"2025-05-30T11:07:34+00:00","og_image":[{"url":"https:\/\/dignisdesign.com.pl\/wp-content\/uploads\/2025\/02\/obroza-spike-z-klamra-klasyczna-1-300x300.jpg","type":"","width":"","height":""}],"twitter_card":"summary_large_image","twitter_misc":{"Est. reading time":"4 minutes"},"schema":{"@context":"https:\/\/schema.org","@graph":[{"@type":"WebPage","@id":"https:\/\/dignisdesign.com.pl\/en\/produkt\/splash-collar-with-classic-buckle-kopia\/","url":"https:\/\/dignisdesign.com.pl\/en\/produkt\/splash-collar-with-classic-buckle-kopia\/","name":"SPIKE collar with classic buckle - Dignis Design","isPartOf":{"@id":"https:\/\/dignisdesign.com.pl\/#website"},"primaryImageOfPage":{"@id":"https:\/\/dignisdesign.com.pl\/en\/produkt\/splash-collar-with-classic-buckle-kopia\/#primaryimage"},"image":{"@id":"https:\/\/dignisdesign.com.pl\/en\/produkt\/splash-collar-with-classic-buckle-kopia\/#primaryimage"},"thumbnailUrl":"https:\/\/dignisdesign.com.pl\/wp-content\/uploads\/2025\/02\/obroza-spike-z-klamra-klasyczna-1.jpg","datePublished":"2025-02-23T13:42:11+00:00","dateModified":"2025-05-30T11:07:34+00:00","description":"SPIKE collar with classic buckle \u2013 a traditional dog collar with a bold twist. Eye-catching and edgy, its colorful spikes add a fierce and stylish touch.","breadcrumb":{"@id":"https:\/\/dignisdesign.com.pl\/en\/produkt\/splash-collar-with-classic-buckle-kopia\/#breadcrumb"},"inLanguage":"en-US","potentialAction":[{"@type":"ReadAction","target":["https:\/\/dignisdesign.com.pl\/en\/produkt\/splash-collar-with-classic-buckle-kopia\/"]}]},{"@type":"ImageObject","inLanguage":"en-US","@id":"https:\/\/dignisdesign.com.pl\/en\/produkt\/splash-collar-with-classic-buckle-kopia\/#primaryimage","url":"https:\/\/dignisdesign.com.pl\/wp-content\/uploads\/2025\/02\/obroza-spike-z-klamra-klasyczna-1.jpg","contentUrl":"https:\/\/dignisdesign.com.pl\/wp-content\/uploads\/2025\/02\/obroza-spike-z-klamra-klasyczna-1.jpg","width":1280,"height":1280},{"@type":"BreadcrumbList","@id":"https:\/\/dignisdesign.com.pl\/en\/produkt\/splash-collar-with-classic-buckle-kopia\/#breadcrumb","itemListElement":[{"@type":"ListItem","position":1,"name":"Strona g\u0142\u00f3wna","item":"https:\/\/dignisdesign.com.pl\/"},{"@type":"ListItem","position":2,"name":"Store","item":"https:\/\/dignisdesign.com.pl\/en\/store\/"},{"@type":"ListItem","position":3,"name":"SPIKE collar with classic buckle"}]},{"@type":"WebSite","@id":"https:\/\/dignisdesign.com.pl\/#website","url":"https:\/\/dignisdesign.com.pl\/","name":"Dignis Design","description":"Akcesoria dla czworonog&oacute;w tworzone z pasj\u0105 i dba\u0142o\u015bci\u0105 o ka\u017cdy detal","publisher":{"@id":"https:\/\/dignisdesign.com.pl\/#organization"},"potentialAction":[{"@type":"SearchAction","target":{"@type":"EntryPoint","urlTemplate":"https:\/\/dignisdesign.com.pl\/?s={search_term_string}"},"query-input":{"@type":"PropertyValueSpecification","valueRequired":true,"valueName":"search_term_string"}}],"inLanguage":"en-US"},{"@type":"Organization","@id":"https:\/\/dignisdesign.com.pl\/#organization","name":"Dignis Design","url":"https:\/\/dignisdesign.com.pl\/","logo":{"@type":"ImageObject","inLanguage":"en-US","@id":"https:\/\/dignisdesign.com.pl\/#\/schema\/logo\/image\/","url":"https:\/\/dignisdesign.com.pl\/wp-content\/uploads\/2020\/12\/DIGNIS-LOGO-PROJEKT-MALE.png","contentUrl":"https:\/\/dignisdesign.com.pl\/wp-content\/uploads\/2020\/12\/DIGNIS-LOGO-PROJEKT-MALE.png","width":664,"height":300,"caption":"Dignis Design"},"image":{"@id":"https:\/\/dignisdesign.com.pl\/#\/schema\/logo\/image\/"}}]}},"jetpack_sharing_enabled":true,"_links":{"self":[{"href":"https:\/\/dignisdesign.com.pl\/en\/wp-json\/wp\/v2\/product\/76477","targetHints":{"allow":["GET"]}}],"collection":[{"href":"https:\/\/dignisdesign.com.pl\/en\/wp-json\/wp\/v2\/product"}],"about":[{"href":"https:\/\/dignisdesign.com.pl\/en\/wp-json\/wp\/v2\/types\/product"}],"replies":[{"embeddable":true,"href":"https:\/\/dignisdesign.com.pl\/en\/wp-json\/wp\/v2\/comments?post=76477"}],"version-history":[{"count":2,"href":"https:\/\/dignisdesign.com.pl\/en\/wp-json\/wp\/v2\/product\/76477\/revisions"}],"predecessor-version":[{"id":77609,"href":"https:\/\/dignisdesign.com.pl\/en\/wp-json\/wp\/v2\/product\/76477\/revisions\/77609"}],"wp:featuredmedia":[{"embeddable":true,"href":"https:\/\/dignisdesign.com.pl\/en\/wp-json\/wp\/v2\/media\/76529"}],"wp:attachment":[{"href":"https:\/\/dignisdesign.com.pl\/en\/wp-json\/wp\/v2\/media?parent=76477"}],"wp:term":[{"taxonomy":"product_brand","embeddable":true,"href":"https:\/\/dignisdesign.com.pl\/en\/wp-json\/wp\/v2\/product_brand?post=76477"},{"taxonomy":"product_cat","embeddable":true,"href":"https:\/\/dignisdesign.com.pl\/en\/wp-json\/wp\/v2\/product_cat?post=76477"},{"taxonomy":"product_tag","embeddable":true,"href":"https:\/\/dignisdesign.com.pl\/en\/wp-json\/wp\/v2\/product_tag?post=76477"}],"curies":[{"name":"wp","href":"https:\/\/api.w.org\/{rel}","templated":true}]}}