	
	
{"id":76455,"date":"2025-02-18T11:58:18","date_gmt":"2025-02-18T11:58:18","guid":{"rendered":"https:\/\/dignisdesign.com.pl\/?post_type=product&#038;p=76455"},"modified":"2025-05-29T21:19:37","modified_gmt":"2025-05-29T21:19:37","slug":"keychain-kopia","status":"publish","type":"product","link":"https:\/\/dignisdesign.com.pl\/en\/produkt\/keychain-kopia\/","title":{"rendered":"Hanging webbing ID tag"},"content":{"rendered":"<p>The hanging webbing ID tag is made of waterproof webbing.<\/p>\n<p>Base prices apply to ID tags with <strong>engraved<\/strong> text on one side of the webbing.<\/p>\n<p>Personalize it with any text \u2013 your dog\u2019s name, your phone number, address or anything else that matters.<\/p>\n<p>Looking for a different type of ID tag? You might be interested in our slip-on tag that goes over your dog\u2019s head! <strong><a href=\"https:\/\/dignisdesign.com.pl\/en\/produkt\/address-tape\/\">Check it out!<\/a><\/strong><\/p>\n<p>The hanging webbing ID tag is made of durable PVC webbing coated with thermoplastic polyurethane (TPU).<\/p>\n<p>The paint used for engraving and creating the ART SPLASH \/ SPLASH \/ MIX SPLASH effects is highly durable. However, we recommend avoiding hot water, scrubbing, and the use of detergents when cleaning. We recommend washing with a damp cloth.<\/p>\n<p>We use metal eyelets and key rings in four color options: black, rose gold, silver, and gold\/brass.<\/p>\n<p>We do not keep stock \u2013 all accessories are made to order. <strong>This is a custom-made product and is not eligible for return<\/strong>.<\/p>\n<p>The colors shown may vary slightly in reality &#8211; this depends on individual screen brightness settings.<\/p>\n<p><strong>Please note: We do not paint engravings made on reflective webbing.<\/strong><\/p>\n","protected":false},"excerpt":{"rendered":"<p>Waterproof hanging ID tag made of webbing, personalized with engraving.<\/p>\n<p><em>MUST HAVE! <\/em><\/p>\n<p><em>Lightweight, comfortable, and silent \u2013 the hanging webbing ID tag is a practical way to identify your pet. It won\u2019t weigh down the collar or harness, ensuring all-day comfort. Personalization allows you to add your dog\u2019s name, phone number, or other important details. Thanks to durable engraving, the information stays legible over time. A perfect solution for your dog\u2019s safety! <\/em><\/p>\n","protected":false},"featured_media":76464,"comment_status":"open","ping_status":"closed","template":"","meta":{"site-sidebar-layout":"default","site-content-layout":"default","ast-site-content-layout":"default","site-content-style":"default","site-sidebar-style":"default","ast-global-header-display":"","ast-banner-title-visibility":"","ast-main-header-display":"","ast-hfb-above-header-display":"","ast-hfb-below-header-display":"","ast-hfb-mobile-header-display":"","site-post-title":"","ast-breadcrumbs-content":"","ast-featured-img":"","footer-sml-layout":"","ast-disable-related-posts":"","theme-transparent-header-meta":"default","adv-header-id-meta":"","stick-header-meta":"default","header-above-stick-meta":"","header-main-stick-meta":"","header-below-stick-meta":"","astra-migrate-meta-layouts":"set","ast-page-background-enabled":"default","ast-page-background-meta":{"desktop":{"background-color":"","background-image":"","background-repeat":"repeat","background-position":"center center","background-size":"auto","background-attachment":"scroll","background-type":"","background-media":"","overlay-type":"","overlay-color":"","overlay-opacity":"","overlay-gradient":""},"tablet":{"background-color":"","background-image":"","background-repeat":"repeat","background-position":"center center","background-size":"auto","background-attachment":"scroll","background-type":"","background-media":"","overlay-type":"","overlay-color":"","overlay-opacity":"","overlay-gradient":""},"mobile":{"background-color":"","background-image":"","background-repeat":"repeat","background-position":"center center","background-size":"auto","background-attachment":"scroll","background-type":"","background-media":"","overlay-type":"","overlay-color":"","overlay-opacity":"","overlay-gradient":""}},"ast-content-background-meta":{"desktop":{"background-color":"var(--ast-global-color-5)","background-image":"","background-repeat":"repeat","background-position":"center center","background-size":"auto","background-attachment":"scroll","background-type":"","background-media":"","overlay-type":"","overlay-color":"","overlay-opacity":"","overlay-gradient":""},"tablet":{"background-color":"var(--ast-global-color-5)","background-image":"","background-repeat":"repeat","background-position":"center center","background-size":"auto","background-attachment":"scroll","background-type":"","background-media":"","overlay-type":"","overlay-color":"","overlay-opacity":"","overlay-gradient":""},"mobile":{"background-color":"var(--ast-global-color-5)","background-image":"","background-repeat":"repeat","background-position":"center center","background-size":"auto","background-attachment":"scroll","background-type":"","background-media":"","overlay-type":"","overlay-color":"","overlay-opacity":"","overlay-gradient":""}}},"product_brand":[],"product_cat":[964,966],"product_tag":[3839,3841,3840,3842],"class_list":{"0":"post-76455","1":"product","2":"type-product","3":"status-publish","4":"has-post-thumbnail","6":"product_cat-all","7":"product_cat-waterproof-accessories","8":"product_tag-dog-id-tag","9":"product_tag-id-tag-en","10":"product_tag-personalized-dog-id-tag","11":"product_tag-pet-id-tag","12":"desktop-align-left","13":"tablet-align-left","14":"mobile-align-left","15":"ast-product-gallery-layout-horizontal-slider","16":"ast-magnify-disabled","17":"ast-product-single-variable","18":"ast-product-tabs-layout-horizontal","20":"first","21":"instock","22":"shipping-taxable","23":"purchasable","24":"product-type-variable"},"yoast_head":"<!-- This site is optimized with the Yoast SEO plugin v27.3 - https:\/\/yoast.com\/product\/yoast-seo-wordpress\/ -->\n<title>Hanging webbing ID tag - Dignis Design<\/title>\n<meta name=\"description\" content=\"The hanging webbing ID tag with engraving (e.g. your dog\u2019s name, phone number, or other important info) helps keep your dog safe. It\u2019s lightweight and silent.\" \/>\n<meta name=\"robots\" content=\"index, follow, max-snippet:-1, max-image-preview:large, max-video-preview:-1\" \/>\n<link rel=\"canonical\" href=\"https:\/\/dignisdesign.com.pl\/en\/produkt\/keychain-kopia\/\" \/>\n<meta property=\"og:locale\" content=\"en_US\" \/>\n<meta property=\"og:type\" content=\"article\" \/>\n<meta property=\"og:title\" content=\"Hanging webbing ID tag - Dignis Design\" \/>\n<meta property=\"og:description\" content=\"The hanging webbing ID tag with engraving (e.g. your dog\u2019s name, phone number, or other important info) helps keep your dog safe. It\u2019s lightweight and silent.\" \/>\n<meta property=\"og:url\" content=\"https:\/\/dignisdesign.com.pl\/en\/produkt\/keychain-kopia\/\" \/>\n<meta property=\"og:site_name\" content=\"Dignis Design\" \/>\n<meta property=\"article:modified_time\" content=\"2025-05-29T21:19:37+00:00\" \/>\n<meta property=\"og:image\" content=\"https:\/\/dignisdesign.com.pl\/wp-content\/uploads\/2025\/02\/adresowka-wiszaca-300x300.jpg\" \/>\n<meta name=\"twitter:card\" content=\"summary_large_image\" \/>\n<meta name=\"twitter:label1\" content=\"Est. reading time\" \/>\n\t<meta name=\"twitter:data1\" content=\"2 minutes\" \/>\n<script type=\"application\/ld+json\" class=\"yoast-schema-graph\">{\"@context\":\"https:\\\/\\\/schema.org\",\"@graph\":[{\"@type\":\"WebPage\",\"@id\":\"https:\\\/\\\/dignisdesign.com.pl\\\/en\\\/produkt\\\/keychain-kopia\\\/\",\"url\":\"https:\\\/\\\/dignisdesign.com.pl\\\/en\\\/produkt\\\/keychain-kopia\\\/\",\"name\":\"Hanging webbing ID tag - Dignis Design\",\"isPartOf\":{\"@id\":\"https:\\\/\\\/dignisdesign.com.pl\\\/#website\"},\"primaryImageOfPage\":{\"@id\":\"https:\\\/\\\/dignisdesign.com.pl\\\/en\\\/produkt\\\/keychain-kopia\\\/#primaryimage\"},\"image\":{\"@id\":\"https:\\\/\\\/dignisdesign.com.pl\\\/en\\\/produkt\\\/keychain-kopia\\\/#primaryimage\"},\"thumbnailUrl\":\"https:\\\/\\\/dignisdesign.com.pl\\\/wp-content\\\/uploads\\\/2025\\\/02\\\/adresowka-wiszaca.jpg\",\"datePublished\":\"2025-02-18T11:58:18+00:00\",\"dateModified\":\"2025-05-29T21:19:37+00:00\",\"description\":\"The hanging webbing ID tag with engraving (e.g. your dog\u2019s name, phone number, or other important info) helps keep your dog safe. It\u2019s lightweight and silent.\",\"breadcrumb\":{\"@id\":\"https:\\\/\\\/dignisdesign.com.pl\\\/en\\\/produkt\\\/keychain-kopia\\\/#breadcrumb\"},\"inLanguage\":\"en-US\",\"potentialAction\":[{\"@type\":\"ReadAction\",\"target\":[\"https:\\\/\\\/dignisdesign.com.pl\\\/en\\\/produkt\\\/keychain-kopia\\\/\"]}]},{\"@type\":\"ImageObject\",\"inLanguage\":\"en-US\",\"@id\":\"https:\\\/\\\/dignisdesign.com.pl\\\/en\\\/produkt\\\/keychain-kopia\\\/#primaryimage\",\"url\":\"https:\\\/\\\/dignisdesign.com.pl\\\/wp-content\\\/uploads\\\/2025\\\/02\\\/adresowka-wiszaca.jpg\",\"contentUrl\":\"https:\\\/\\\/dignisdesign.com.pl\\\/wp-content\\\/uploads\\\/2025\\\/02\\\/adresowka-wiszaca.jpg\",\"width\":1280,\"height\":1280},{\"@type\":\"BreadcrumbList\",\"@id\":\"https:\\\/\\\/dignisdesign.com.pl\\\/en\\\/produkt\\\/keychain-kopia\\\/#breadcrumb\",\"itemListElement\":[{\"@type\":\"ListItem\",\"position\":1,\"name\":\"Strona g\u0142\u00f3wna\",\"item\":\"https:\\\/\\\/dignisdesign.com.pl\\\/\"},{\"@type\":\"ListItem\",\"position\":2,\"name\":\"Store\",\"item\":\"https:\\\/\\\/dignisdesign.com.pl\\\/en\\\/store\\\/\"},{\"@type\":\"ListItem\",\"position\":3,\"name\":\"Hanging webbing ID tag\"}]},{\"@type\":\"WebSite\",\"@id\":\"https:\\\/\\\/dignisdesign.com.pl\\\/#website\",\"url\":\"https:\\\/\\\/dignisdesign.com.pl\\\/\",\"name\":\"Dignis Design\",\"description\":\"Akcesoria dla czworonog&oacute;w tworzone z pasj\u0105 i dba\u0142o\u015bci\u0105 o ka\u017cdy detal\",\"publisher\":{\"@id\":\"https:\\\/\\\/dignisdesign.com.pl\\\/#organization\"},\"potentialAction\":[{\"@type\":\"SearchAction\",\"target\":{\"@type\":\"EntryPoint\",\"urlTemplate\":\"https:\\\/\\\/dignisdesign.com.pl\\\/?s={search_term_string}\"},\"query-input\":{\"@type\":\"PropertyValueSpecification\",\"valueRequired\":true,\"valueName\":\"search_term_string\"}}],\"inLanguage\":\"en-US\"},{\"@type\":\"Organization\",\"@id\":\"https:\\\/\\\/dignisdesign.com.pl\\\/#organization\",\"name\":\"Dignis Design\",\"url\":\"https:\\\/\\\/dignisdesign.com.pl\\\/\",\"logo\":{\"@type\":\"ImageObject\",\"inLanguage\":\"en-US\",\"@id\":\"https:\\\/\\\/dignisdesign.com.pl\\\/#\\\/schema\\\/logo\\\/image\\\/\",\"url\":\"https:\\\/\\\/dignisdesign.com.pl\\\/wp-content\\\/uploads\\\/2020\\\/12\\\/DIGNIS-LOGO-PROJEKT-MALE.png\",\"contentUrl\":\"https:\\\/\\\/dignisdesign.com.pl\\\/wp-content\\\/uploads\\\/2020\\\/12\\\/DIGNIS-LOGO-PROJEKT-MALE.png\",\"width\":664,\"height\":300,\"caption\":\"Dignis Design\"},\"image\":{\"@id\":\"https:\\\/\\\/dignisdesign.com.pl\\\/#\\\/schema\\\/logo\\\/image\\\/\"}}]}<\/script>\n<!-- \/ Yoast SEO plugin. -->","yoast_head_json":{"title":"Hanging webbing ID tag - Dignis Design","description":"The hanging webbing ID tag with engraving (e.g. your dog\u2019s name, phone number, or other important info) helps keep your dog safe. It\u2019s lightweight and silent.","robots":{"index":"index","follow":"follow","max-snippet":"max-snippet:-1","max-image-preview":"max-image-preview:large","max-video-preview":"max-video-preview:-1"},"canonical":"https:\/\/dignisdesign.com.pl\/en\/produkt\/keychain-kopia\/","og_locale":"en_US","og_type":"article","og_title":"Hanging webbing ID tag - Dignis Design","og_description":"The hanging webbing ID tag with engraving (e.g. your dog\u2019s name, phone number, or other important info) helps keep your dog safe. It\u2019s lightweight and silent.","og_url":"https:\/\/dignisdesign.com.pl\/en\/produkt\/keychain-kopia\/","og_site_name":"Dignis Design","article_modified_time":"2025-05-29T21:19:37+00:00","og_image":[{"url":"https:\/\/dignisdesign.com.pl\/wp-content\/uploads\/2025\/02\/adresowka-wiszaca-300x300.jpg","type":"","width":"","height":""}],"twitter_card":"summary_large_image","twitter_misc":{"Est. reading time":"2 minutes"},"schema":{"@context":"https:\/\/schema.org","@graph":[{"@type":"WebPage","@id":"https:\/\/dignisdesign.com.pl\/en\/produkt\/keychain-kopia\/","url":"https:\/\/dignisdesign.com.pl\/en\/produkt\/keychain-kopia\/","name":"Hanging webbing ID tag - Dignis Design","isPartOf":{"@id":"https:\/\/dignisdesign.com.pl\/#website"},"primaryImageOfPage":{"@id":"https:\/\/dignisdesign.com.pl\/en\/produkt\/keychain-kopia\/#primaryimage"},"image":{"@id":"https:\/\/dignisdesign.com.pl\/en\/produkt\/keychain-kopia\/#primaryimage"},"thumbnailUrl":"https:\/\/dignisdesign.com.pl\/wp-content\/uploads\/2025\/02\/adresowka-wiszaca.jpg","datePublished":"2025-02-18T11:58:18+00:00","dateModified":"2025-05-29T21:19:37+00:00","description":"The hanging webbing ID tag with engraving (e.g. your dog\u2019s name, phone number, or other important info) helps keep your dog safe. It\u2019s lightweight and silent.","breadcrumb":{"@id":"https:\/\/dignisdesign.com.pl\/en\/produkt\/keychain-kopia\/#breadcrumb"},"inLanguage":"en-US","potentialAction":[{"@type":"ReadAction","target":["https:\/\/dignisdesign.com.pl\/en\/produkt\/keychain-kopia\/"]}]},{"@type":"ImageObject","inLanguage":"en-US","@id":"https:\/\/dignisdesign.com.pl\/en\/produkt\/keychain-kopia\/#primaryimage","url":"https:\/\/dignisdesign.com.pl\/wp-content\/uploads\/2025\/02\/adresowka-wiszaca.jpg","contentUrl":"https:\/\/dignisdesign.com.pl\/wp-content\/uploads\/2025\/02\/adresowka-wiszaca.jpg","width":1280,"height":1280},{"@type":"BreadcrumbList","@id":"https:\/\/dignisdesign.com.pl\/en\/produkt\/keychain-kopia\/#breadcrumb","itemListElement":[{"@type":"ListItem","position":1,"name":"Strona g\u0142\u00f3wna","item":"https:\/\/dignisdesign.com.pl\/"},{"@type":"ListItem","position":2,"name":"Store","item":"https:\/\/dignisdesign.com.pl\/en\/store\/"},{"@type":"ListItem","position":3,"name":"Hanging webbing ID tag"}]},{"@type":"WebSite","@id":"https:\/\/dignisdesign.com.pl\/#website","url":"https:\/\/dignisdesign.com.pl\/","name":"Dignis Design","description":"Akcesoria dla czworonog&oacute;w tworzone z pasj\u0105 i dba\u0142o\u015bci\u0105 o ka\u017cdy detal","publisher":{"@id":"https:\/\/dignisdesign.com.pl\/#organization"},"potentialAction":[{"@type":"SearchAction","target":{"@type":"EntryPoint","urlTemplate":"https:\/\/dignisdesign.com.pl\/?s={search_term_string}"},"query-input":{"@type":"PropertyValueSpecification","valueRequired":true,"valueName":"search_term_string"}}],"inLanguage":"en-US"},{"@type":"Organization","@id":"https:\/\/dignisdesign.com.pl\/#organization","name":"Dignis Design","url":"https:\/\/dignisdesign.com.pl\/","logo":{"@type":"ImageObject","inLanguage":"en-US","@id":"https:\/\/dignisdesign.com.pl\/#\/schema\/logo\/image\/","url":"https:\/\/dignisdesign.com.pl\/wp-content\/uploads\/2020\/12\/DIGNIS-LOGO-PROJEKT-MALE.png","contentUrl":"https:\/\/dignisdesign.com.pl\/wp-content\/uploads\/2020\/12\/DIGNIS-LOGO-PROJEKT-MALE.png","width":664,"height":300,"caption":"Dignis Design"},"image":{"@id":"https:\/\/dignisdesign.com.pl\/#\/schema\/logo\/image\/"}}]}},"jetpack_sharing_enabled":true,"_links":{"self":[{"href":"https:\/\/dignisdesign.com.pl\/en\/wp-json\/wp\/v2\/product\/76455","targetHints":{"allow":["GET"]}}],"collection":[{"href":"https:\/\/dignisdesign.com.pl\/en\/wp-json\/wp\/v2\/product"}],"about":[{"href":"https:\/\/dignisdesign.com.pl\/en\/wp-json\/wp\/v2\/types\/product"}],"replies":[{"embeddable":true,"href":"https:\/\/dignisdesign.com.pl\/en\/wp-json\/wp\/v2\/comments?post=76455"}],"version-history":[{"count":2,"href":"https:\/\/dignisdesign.com.pl\/en\/wp-json\/wp\/v2\/product\/76455\/revisions"}],"predecessor-version":[{"id":77606,"href":"https:\/\/dignisdesign.com.pl\/en\/wp-json\/wp\/v2\/product\/76455\/revisions\/77606"}],"wp:featuredmedia":[{"embeddable":true,"href":"https:\/\/dignisdesign.com.pl\/en\/wp-json\/wp\/v2\/media\/76464"}],"wp:attachment":[{"href":"https:\/\/dignisdesign.com.pl\/en\/wp-json\/wp\/v2\/media?parent=76455"}],"wp:term":[{"taxonomy":"product_brand","embeddable":true,"href":"https:\/\/dignisdesign.com.pl\/en\/wp-json\/wp\/v2\/product_brand?post=76455"},{"taxonomy":"product_cat","embeddable":true,"href":"https:\/\/dignisdesign.com.pl\/en\/wp-json\/wp\/v2\/product_cat?post=76455"},{"taxonomy":"product_tag","embeddable":true,"href":"https:\/\/dignisdesign.com.pl\/en\/wp-json\/wp\/v2\/product_tag?post=76455"}],"curies":[{"name":"wp","href":"https:\/\/api.w.org\/{rel}","templated":true}]}}