	
	
{"id":74803,"date":"2024-04-08T21:41:18","date_gmt":"2024-04-08T21:41:18","guid":{"rendered":"https:\/\/dignisdesign.com.pl\/?post_type=product&#038;p=74803"},"modified":"2025-05-27T13:43:31","modified_gmt":"2025-05-27T13:43:31","slug":"zygzak-collar-with-classic-buckle-kopia-2","status":"publish","type":"product","link":"https:\/\/dignisdesign.com.pl\/en\/produkt\/zygzak-collar-with-classic-buckle-kopia-2\/","title":{"rendered":"HARMONY collar with classic buckle"},"content":{"rendered":"<p>HARMONY collar with classic buckle \u2013 handmade and custom-made. The neck measurement you provide is marked on the middle (third) hole out of five. The holes are spaced 2.5 cm apart (center to center). MODIFICATION OPTION AVAILABLE (<strong><a href=\"https:\/\/dignisdesign.com.pl\/en\/contact\/\">CONTACT US<\/a><\/strong>)<\/p>\n<p>The collar is available in 25 mm width.<\/p>\n<p>The overlay is made from 16 mm wide webbing.<\/p>\n<p>Make your collar even more special and unique \u2013 <em><strong>we\u2019ll engrave<\/strong> any text you like<\/em> on the loop, such as your dog\u2019s name, phone number, address, nickname, or Instagram handle.<br \/>\nThere\u2019s no character limit \u2013 only the size of the loop defines the space.<\/p>\n<p>The HARMONY collar with a classic buckle is made of mini paracord and strong PVC (polyvinyl chloride) webbing coated with TPU (thermoplastic polyurethane).<\/p>\n<p>The type of paracord used has a diameter of approx. 2 mm. It consists of 7 thin inner fibers, braided with two even thinner ones, placed in a dense braid. Thanks to its tightly woven fibers, paracord is strong and durable.<\/p>\n<p>PVC\/TPU tapes are resistant to water, sweat, chemicals, UV radiation, weather, bacteria and do not wipe fur. The outer layer of the tapes is not abraded, and its properties remain constant regardless of temperature. The material is easy to maintain (it can be cleaned with soapy water), and despite its thickness, it remains flexible.<\/p>\n<p>The paint used to color the engraving is very durable, but we do not recommend washing it with hot water, brushing or using detergents. We recommend washing with a damp cloth.<\/p>\n<p>The collar is assembled using Chicago screws, while brass fittings are secured with solid brass rivets.<\/p>\n<p>The black, rosegold and neochrome hardware is lacquered &#8211; the lacquer will wear off depending on how and how intensively the product is used. These elements are subject to corrosion.<\/p>\n<p>Brass fitting will work well in contact with salt water &#8211; it is resistant to rust. It does not rub off or chip, but it is the heaviest. Over time, the brass fittings will acquire an unique patina &#8211; it may get dirty. We recommend systematic cleaning of the fittings &#8211; e.g. with a microfiber cloth.<\/p>\n<p>We do not have any stock &#8211; we make accessories according to individual customer orders. <strong>Non-prefabricated product &#8211; non-returnable<\/strong>.<\/p>\n<p>The colors shown may vary slightly in reality &#8211; this depends on individual screen brightness settings.<\/p>\n","protected":false},"excerpt":{"rendered":"<p>Waterproof webbing collar with a classic buckle, mini paracord, D-ring and loop.<\/p>\n<p><em>The HARMONY collar with a classic buckle is a timeless design \u2013 but with a unique twist. It\u2019s a cohesive, carefully crafted piece, finished with a subtle detail made from mini paracord. A perfect choice for those who appreciate thoughtful, distinctive touches and want their dog to stand out from the crowd. <\/em><\/p>\n","protected":false},"featured_media":74885,"comment_status":"open","ping_status":"closed","template":"","meta":{"site-sidebar-layout":"default","site-content-layout":"default","ast-site-content-layout":"default","site-content-style":"default","site-sidebar-style":"default","ast-global-header-display":"","ast-banner-title-visibility":"","ast-main-header-display":"","ast-hfb-above-header-display":"","ast-hfb-below-header-display":"","ast-hfb-mobile-header-display":"","site-post-title":"","ast-breadcrumbs-content":"","ast-featured-img":"","footer-sml-layout":"","ast-disable-related-posts":"","theme-transparent-header-meta":"default","adv-header-id-meta":"","stick-header-meta":"default","header-above-stick-meta":"","header-main-stick-meta":"","header-below-stick-meta":"","astra-migrate-meta-layouts":"set","ast-page-background-enabled":"default","ast-page-background-meta":{"desktop":{"background-color":"","background-image":"","background-repeat":"repeat","background-position":"center center","background-size":"auto","background-attachment":"scroll","background-type":"","background-media":"","overlay-type":"","overlay-color":"","overlay-opacity":"","overlay-gradient":""},"tablet":{"background-color":"","background-image":"","background-repeat":"repeat","background-position":"center center","background-size":"auto","background-attachment":"scroll","background-type":"","background-media":"","overlay-type":"","overlay-color":"","overlay-opacity":"","overlay-gradient":""},"mobile":{"background-color":"","background-image":"","background-repeat":"repeat","background-position":"center center","background-size":"auto","background-attachment":"scroll","background-type":"","background-media":"","overlay-type":"","overlay-color":"","overlay-opacity":"","overlay-gradient":""}},"ast-content-background-meta":{"desktop":{"background-color":"var(--ast-global-color-5)","background-image":"","background-repeat":"repeat","background-position":"center center","background-size":"auto","background-attachment":"scroll","background-type":"","background-media":"","overlay-type":"","overlay-color":"","overlay-opacity":"","overlay-gradient":""},"tablet":{"background-color":"var(--ast-global-color-5)","background-image":"","background-repeat":"repeat","background-position":"center center","background-size":"auto","background-attachment":"scroll","background-type":"","background-media":"","overlay-type":"","overlay-color":"","overlay-opacity":"","overlay-gradient":""},"mobile":{"background-color":"var(--ast-global-color-5)","background-image":"","background-repeat":"repeat","background-position":"center center","background-size":"auto","background-attachment":"scroll","background-type":"","background-media":"","overlay-type":"","overlay-color":"","overlay-opacity":"","overlay-gradient":""}}},"product_brand":[],"product_cat":[964,967,965],"product_tag":[2338,3033,3314,2993,2992,3814,2340,3812,3811,3810,3813],"class_list":{"0":"post-74803","1":"product","2":"type-product","3":"status-publish","4":"has-post-thumbnail","6":"product_cat-all","7":"product_cat-paracord-collars","8":"product_cat-waterproof-collars","9":"product_tag-collar","10":"product_tag-dog-accessories-en","11":"product_tag-dog-collar-en-2","12":"product_tag-dog-collar-with-a-classic-buckle-en","13":"product_tag-dog-collar-with-a-classic-buckle","14":"product_tag-dog-fashion","15":"product_tag-for-dog","16":"product_tag-paracord-en","17":"product_tag-paracord-collar","18":"product_tag-webbing-collar","19":"product_tag-zigzag","20":"desktop-align-left","21":"tablet-align-left","22":"mobile-align-left","23":"ast-product-gallery-layout-horizontal-slider","24":"ast-magnify-disabled","25":"ast-product-single-variable","26":"ast-product-tabs-layout-horizontal","28":"first","29":"instock","30":"shipping-taxable","31":"purchasable","32":"product-type-variable","33":"has-default-attributes"},"yoast_head":"<!-- This site is optimized with the Yoast SEO plugin v27.3 - https:\/\/yoast.com\/product\/yoast-seo-wordpress\/ -->\n<title>HARMONY collar with classic buckle - Dignis Design<\/title>\n<meta name=\"description\" content=\"The HARMONY collar with a classic buckle is a perfectly balanced design \u2013 complete with a subtle accent made of mini paracord. A timeless classic with an unique twist.\" \/>\n<meta name=\"robots\" content=\"index, follow, max-snippet:-1, max-image-preview:large, max-video-preview:-1\" \/>\n<link rel=\"canonical\" href=\"https:\/\/dignisdesign.com.pl\/en\/produkt\/zygzak-collar-with-classic-buckle-kopia-2\/\" \/>\n<meta property=\"og:locale\" content=\"en_US\" \/>\n<meta property=\"og:type\" content=\"article\" \/>\n<meta property=\"og:title\" content=\"HARMONY collar with classic buckle - Dignis Design\" \/>\n<meta property=\"og:description\" content=\"The HARMONY collar with a classic buckle is a perfectly balanced design \u2013 complete with a subtle accent made of mini paracord. A timeless classic with an unique twist.\" \/>\n<meta property=\"og:url\" content=\"https:\/\/dignisdesign.com.pl\/en\/produkt\/zygzak-collar-with-classic-buckle-kopia-2\/\" \/>\n<meta property=\"og:site_name\" content=\"Dignis Design\" \/>\n<meta property=\"article:modified_time\" content=\"2025-05-27T13:43:31+00:00\" \/>\n<meta property=\"og:image\" content=\"https:\/\/dignisdesign.com.pl\/wp-content\/uploads\/2024\/04\/obroza-harmony-z-klamra-klasyczna1-300x300.jpg\" \/>\n<meta name=\"twitter:card\" content=\"summary_large_image\" \/>\n<meta name=\"twitter:label1\" content=\"Est. reading time\" \/>\n\t<meta name=\"twitter:data1\" content=\"3 minutes\" \/>\n<script type=\"application\/ld+json\" class=\"yoast-schema-graph\">{\"@context\":\"https:\\\/\\\/schema.org\",\"@graph\":[{\"@type\":\"WebPage\",\"@id\":\"https:\\\/\\\/dignisdesign.com.pl\\\/en\\\/produkt\\\/zygzak-collar-with-classic-buckle-kopia-2\\\/\",\"url\":\"https:\\\/\\\/dignisdesign.com.pl\\\/en\\\/produkt\\\/zygzak-collar-with-classic-buckle-kopia-2\\\/\",\"name\":\"HARMONY collar with classic buckle - Dignis Design\",\"isPartOf\":{\"@id\":\"https:\\\/\\\/dignisdesign.com.pl\\\/#website\"},\"primaryImageOfPage\":{\"@id\":\"https:\\\/\\\/dignisdesign.com.pl\\\/en\\\/produkt\\\/zygzak-collar-with-classic-buckle-kopia-2\\\/#primaryimage\"},\"image\":{\"@id\":\"https:\\\/\\\/dignisdesign.com.pl\\\/en\\\/produkt\\\/zygzak-collar-with-classic-buckle-kopia-2\\\/#primaryimage\"},\"thumbnailUrl\":\"https:\\\/\\\/dignisdesign.com.pl\\\/wp-content\\\/uploads\\\/2024\\\/04\\\/obroza-harmony-z-klamra-klasyczna1.jpg\",\"datePublished\":\"2024-04-08T21:41:18+00:00\",\"dateModified\":\"2025-05-27T13:43:31+00:00\",\"description\":\"The HARMONY collar with a classic buckle is a perfectly balanced design \u2013 complete with a subtle accent made of mini paracord. A timeless classic with an unique twist.\",\"breadcrumb\":{\"@id\":\"https:\\\/\\\/dignisdesign.com.pl\\\/en\\\/produkt\\\/zygzak-collar-with-classic-buckle-kopia-2\\\/#breadcrumb\"},\"inLanguage\":\"en-US\",\"potentialAction\":[{\"@type\":\"ReadAction\",\"target\":[\"https:\\\/\\\/dignisdesign.com.pl\\\/en\\\/produkt\\\/zygzak-collar-with-classic-buckle-kopia-2\\\/\"]}]},{\"@type\":\"ImageObject\",\"inLanguage\":\"en-US\",\"@id\":\"https:\\\/\\\/dignisdesign.com.pl\\\/en\\\/produkt\\\/zygzak-collar-with-classic-buckle-kopia-2\\\/#primaryimage\",\"url\":\"https:\\\/\\\/dignisdesign.com.pl\\\/wp-content\\\/uploads\\\/2024\\\/04\\\/obroza-harmony-z-klamra-klasyczna1.jpg\",\"contentUrl\":\"https:\\\/\\\/dignisdesign.com.pl\\\/wp-content\\\/uploads\\\/2024\\\/04\\\/obroza-harmony-z-klamra-klasyczna1.jpg\",\"width\":1280,\"height\":1280},{\"@type\":\"BreadcrumbList\",\"@id\":\"https:\\\/\\\/dignisdesign.com.pl\\\/en\\\/produkt\\\/zygzak-collar-with-classic-buckle-kopia-2\\\/#breadcrumb\",\"itemListElement\":[{\"@type\":\"ListItem\",\"position\":1,\"name\":\"Strona g\u0142\u00f3wna\",\"item\":\"https:\\\/\\\/dignisdesign.com.pl\\\/\"},{\"@type\":\"ListItem\",\"position\":2,\"name\":\"Store\",\"item\":\"https:\\\/\\\/dignisdesign.com.pl\\\/en\\\/store\\\/\"},{\"@type\":\"ListItem\",\"position\":3,\"name\":\"HARMONY collar with classic buckle\"}]},{\"@type\":\"WebSite\",\"@id\":\"https:\\\/\\\/dignisdesign.com.pl\\\/#website\",\"url\":\"https:\\\/\\\/dignisdesign.com.pl\\\/\",\"name\":\"Dignis Design\",\"description\":\"Akcesoria dla czworonog&oacute;w tworzone z pasj\u0105 i dba\u0142o\u015bci\u0105 o ka\u017cdy detal\",\"publisher\":{\"@id\":\"https:\\\/\\\/dignisdesign.com.pl\\\/#organization\"},\"potentialAction\":[{\"@type\":\"SearchAction\",\"target\":{\"@type\":\"EntryPoint\",\"urlTemplate\":\"https:\\\/\\\/dignisdesign.com.pl\\\/?s={search_term_string}\"},\"query-input\":{\"@type\":\"PropertyValueSpecification\",\"valueRequired\":true,\"valueName\":\"search_term_string\"}}],\"inLanguage\":\"en-US\"},{\"@type\":\"Organization\",\"@id\":\"https:\\\/\\\/dignisdesign.com.pl\\\/#organization\",\"name\":\"Dignis Design\",\"url\":\"https:\\\/\\\/dignisdesign.com.pl\\\/\",\"logo\":{\"@type\":\"ImageObject\",\"inLanguage\":\"en-US\",\"@id\":\"https:\\\/\\\/dignisdesign.com.pl\\\/#\\\/schema\\\/logo\\\/image\\\/\",\"url\":\"https:\\\/\\\/dignisdesign.com.pl\\\/wp-content\\\/uploads\\\/2020\\\/12\\\/DIGNIS-LOGO-PROJEKT-MALE.png\",\"contentUrl\":\"https:\\\/\\\/dignisdesign.com.pl\\\/wp-content\\\/uploads\\\/2020\\\/12\\\/DIGNIS-LOGO-PROJEKT-MALE.png\",\"width\":664,\"height\":300,\"caption\":\"Dignis Design\"},\"image\":{\"@id\":\"https:\\\/\\\/dignisdesign.com.pl\\\/#\\\/schema\\\/logo\\\/image\\\/\"}}]}<\/script>\n<!-- \/ Yoast SEO plugin. -->","yoast_head_json":{"title":"HARMONY collar with classic buckle - Dignis Design","description":"The HARMONY collar with a classic buckle is a perfectly balanced design \u2013 complete with a subtle accent made of mini paracord. A timeless classic with an unique twist.","robots":{"index":"index","follow":"follow","max-snippet":"max-snippet:-1","max-image-preview":"max-image-preview:large","max-video-preview":"max-video-preview:-1"},"canonical":"https:\/\/dignisdesign.com.pl\/en\/produkt\/zygzak-collar-with-classic-buckle-kopia-2\/","og_locale":"en_US","og_type":"article","og_title":"HARMONY collar with classic buckle - Dignis Design","og_description":"The HARMONY collar with a classic buckle is a perfectly balanced design \u2013 complete with a subtle accent made of mini paracord. A timeless classic with an unique twist.","og_url":"https:\/\/dignisdesign.com.pl\/en\/produkt\/zygzak-collar-with-classic-buckle-kopia-2\/","og_site_name":"Dignis Design","article_modified_time":"2025-05-27T13:43:31+00:00","og_image":[{"url":"https:\/\/dignisdesign.com.pl\/wp-content\/uploads\/2024\/04\/obroza-harmony-z-klamra-klasyczna1-300x300.jpg","type":"","width":"","height":""}],"twitter_card":"summary_large_image","twitter_misc":{"Est. reading time":"3 minutes"},"schema":{"@context":"https:\/\/schema.org","@graph":[{"@type":"WebPage","@id":"https:\/\/dignisdesign.com.pl\/en\/produkt\/zygzak-collar-with-classic-buckle-kopia-2\/","url":"https:\/\/dignisdesign.com.pl\/en\/produkt\/zygzak-collar-with-classic-buckle-kopia-2\/","name":"HARMONY collar with classic buckle - Dignis Design","isPartOf":{"@id":"https:\/\/dignisdesign.com.pl\/#website"},"primaryImageOfPage":{"@id":"https:\/\/dignisdesign.com.pl\/en\/produkt\/zygzak-collar-with-classic-buckle-kopia-2\/#primaryimage"},"image":{"@id":"https:\/\/dignisdesign.com.pl\/en\/produkt\/zygzak-collar-with-classic-buckle-kopia-2\/#primaryimage"},"thumbnailUrl":"https:\/\/dignisdesign.com.pl\/wp-content\/uploads\/2024\/04\/obroza-harmony-z-klamra-klasyczna1.jpg","datePublished":"2024-04-08T21:41:18+00:00","dateModified":"2025-05-27T13:43:31+00:00","description":"The HARMONY collar with a classic buckle is a perfectly balanced design \u2013 complete with a subtle accent made of mini paracord. A timeless classic with an unique twist.","breadcrumb":{"@id":"https:\/\/dignisdesign.com.pl\/en\/produkt\/zygzak-collar-with-classic-buckle-kopia-2\/#breadcrumb"},"inLanguage":"en-US","potentialAction":[{"@type":"ReadAction","target":["https:\/\/dignisdesign.com.pl\/en\/produkt\/zygzak-collar-with-classic-buckle-kopia-2\/"]}]},{"@type":"ImageObject","inLanguage":"en-US","@id":"https:\/\/dignisdesign.com.pl\/en\/produkt\/zygzak-collar-with-classic-buckle-kopia-2\/#primaryimage","url":"https:\/\/dignisdesign.com.pl\/wp-content\/uploads\/2024\/04\/obroza-harmony-z-klamra-klasyczna1.jpg","contentUrl":"https:\/\/dignisdesign.com.pl\/wp-content\/uploads\/2024\/04\/obroza-harmony-z-klamra-klasyczna1.jpg","width":1280,"height":1280},{"@type":"BreadcrumbList","@id":"https:\/\/dignisdesign.com.pl\/en\/produkt\/zygzak-collar-with-classic-buckle-kopia-2\/#breadcrumb","itemListElement":[{"@type":"ListItem","position":1,"name":"Strona g\u0142\u00f3wna","item":"https:\/\/dignisdesign.com.pl\/"},{"@type":"ListItem","position":2,"name":"Store","item":"https:\/\/dignisdesign.com.pl\/en\/store\/"},{"@type":"ListItem","position":3,"name":"HARMONY collar with classic buckle"}]},{"@type":"WebSite","@id":"https:\/\/dignisdesign.com.pl\/#website","url":"https:\/\/dignisdesign.com.pl\/","name":"Dignis Design","description":"Akcesoria dla czworonog&oacute;w tworzone z pasj\u0105 i dba\u0142o\u015bci\u0105 o ka\u017cdy detal","publisher":{"@id":"https:\/\/dignisdesign.com.pl\/#organization"},"potentialAction":[{"@type":"SearchAction","target":{"@type":"EntryPoint","urlTemplate":"https:\/\/dignisdesign.com.pl\/?s={search_term_string}"},"query-input":{"@type":"PropertyValueSpecification","valueRequired":true,"valueName":"search_term_string"}}],"inLanguage":"en-US"},{"@type":"Organization","@id":"https:\/\/dignisdesign.com.pl\/#organization","name":"Dignis Design","url":"https:\/\/dignisdesign.com.pl\/","logo":{"@type":"ImageObject","inLanguage":"en-US","@id":"https:\/\/dignisdesign.com.pl\/#\/schema\/logo\/image\/","url":"https:\/\/dignisdesign.com.pl\/wp-content\/uploads\/2020\/12\/DIGNIS-LOGO-PROJEKT-MALE.png","contentUrl":"https:\/\/dignisdesign.com.pl\/wp-content\/uploads\/2020\/12\/DIGNIS-LOGO-PROJEKT-MALE.png","width":664,"height":300,"caption":"Dignis Design"},"image":{"@id":"https:\/\/dignisdesign.com.pl\/#\/schema\/logo\/image\/"}}]}},"jetpack_sharing_enabled":true,"_links":{"self":[{"href":"https:\/\/dignisdesign.com.pl\/en\/wp-json\/wp\/v2\/product\/74803","targetHints":{"allow":["GET"]}}],"collection":[{"href":"https:\/\/dignisdesign.com.pl\/en\/wp-json\/wp\/v2\/product"}],"about":[{"href":"https:\/\/dignisdesign.com.pl\/en\/wp-json\/wp\/v2\/types\/product"}],"replies":[{"embeddable":true,"href":"https:\/\/dignisdesign.com.pl\/en\/wp-json\/wp\/v2\/comments?post=74803"}],"version-history":[{"count":3,"href":"https:\/\/dignisdesign.com.pl\/en\/wp-json\/wp\/v2\/product\/74803\/revisions"}],"predecessor-version":[{"id":77559,"href":"https:\/\/dignisdesign.com.pl\/en\/wp-json\/wp\/v2\/product\/74803\/revisions\/77559"}],"wp:featuredmedia":[{"embeddable":true,"href":"https:\/\/dignisdesign.com.pl\/en\/wp-json\/wp\/v2\/media\/74885"}],"wp:attachment":[{"href":"https:\/\/dignisdesign.com.pl\/en\/wp-json\/wp\/v2\/media?parent=74803"}],"wp:term":[{"taxonomy":"product_brand","embeddable":true,"href":"https:\/\/dignisdesign.com.pl\/en\/wp-json\/wp\/v2\/product_brand?post=74803"},{"taxonomy":"product_cat","embeddable":true,"href":"https:\/\/dignisdesign.com.pl\/en\/wp-json\/wp\/v2\/product_cat?post=74803"},{"taxonomy":"product_tag","embeddable":true,"href":"https:\/\/dignisdesign.com.pl\/en\/wp-json\/wp\/v2\/product_tag?post=74803"}],"curies":[{"name":"wp","href":"https:\/\/api.w.org\/{rel}","templated":true}]}}