	
	
{"id":72844,"date":"2024-01-01T19:28:17","date_gmt":"2024-01-01T19:28:17","guid":{"rendered":"https:\/\/dignisdesign.com.pl\/?post_type=product&#038;p=72844"},"modified":"2025-05-26T18:19:22","modified_gmt":"2025-05-26T18:19:22","slug":"dog-harness-with-classic-buckles-kopia-kopia","status":"publish","type":"product","link":"https:\/\/dignisdesign.com.pl\/en\/produkt\/dog-harness-with-classic-buckles-kopia-kopia\/","title":{"rendered":"ART SPLASH harness with classic buckles for dogs 10 mm"},"content":{"rendered":"<p>ART SPLASH dog harness with classic buckles 10 mm, handmade and made to measure.<\/p>\n<p><strong>Harness made of 10 mm wide webbing<\/strong>. Perfect for small dogs (are you looking for a harness for a larger dog? <strong><a href=\"https:\/\/dignisdesign.com.pl\/?s=szelki+na+klamry+klasyczne&amp;lang=pl\">CHECK HERE<\/a><\/strong>)<\/p>\n<p>Make the harness even more special and unique &#8211; <em><strong>we can engrave<\/strong> any inscription on them<\/em>, e.g. the dog&#8217;s name, contact number, address, nickname, Instagram account name, etc.<\/p>\n<p>The ART SPLASH harness with classic buckles for dogs 10 mm \u2013 is made from a strong PVC (polyvinyl chloride) webbing coated with TPU (thermoplastic polyurethane), making it both lightweight and highly durable.<\/p>\n<p>The great advantage of the webbing is that it is resistant to water, sweat, chemicals, UV radiation, weather, bacteria, and does not wipe fur. The outer layer of the tape is not abraded, and its properties remain constant regardless of temperature. In addition, the material is easy to maintain (it can be cleaned with soapy water), and despite its thickness, it remains flexible.<\/p>\n<p>The ART SPLASH effect (and possible coloring of the engraver) are made with a special paint. The paint is very durable, but we do not recommend washing it with hot water, brushing or using detergents. We recommend washing with a damp cloth.<\/p>\n<p>The harness are painted on one side (outside). Possibility to choose one or two paint colors.<\/p>\n<p>While creating harness, we use Chicago screws and in the case of brass fittings &#8211; we use brass rivets.<\/p>\n<p>Black and rosegold fittings are lacquered &#8211; the lacquer will wear off depending on how and how intensively the product is used. These elements are subject to corrosion.<\/p>\n<p>Brass fitting will work well in contact with salt water &#8211; it is resistant to rust. It does not rub off or chip, but it is the heaviest. Over time, the brass fittings will acquire an unique patina &#8211; it may get dirty. We recommend systematic cleaning of the fittings &#8211; e.g. with a microfiber cloth.<\/p>\n<p>Handmade harness with classic buckles for dog &#8211; dimensions given may vary minimally in reality.<\/p>\n<p>We do not have any stock &#8211; we make accessories according to individual customer orders. <strong>Non-prefabricated product &#8211; non-returnable<\/strong>.<\/p>\n<p>The colors shown may vary slightly in reality &#8211; this depends on individual screen brightness settings.<\/p>\n","protected":false},"excerpt":{"rendered":"<p>Waterproof harness with three classic buckles, with a D-ring.<\/p>\n<p><em>Harness with the classic bucles, made of 10 mm wide webbing is a product for small dogs &#8211; especially those who don&#8217;t like wearing a collar. The classic buckle adjustment makes it easy to fit the harness to your dog\u2019s body shape. The unique ART SPLASH effect gives the harness a one-of-a-kind character. <\/em><\/p>\n","protected":false},"featured_media":72874,"comment_status":"open","ping_status":"closed","template":"","meta":{"site-sidebar-layout":"default","site-content-layout":"default","ast-site-content-layout":"default","site-content-style":"default","site-sidebar-style":"default","ast-global-header-display":"","ast-banner-title-visibility":"","ast-main-header-display":"","ast-hfb-above-header-display":"","ast-hfb-below-header-display":"","ast-hfb-mobile-header-display":"","site-post-title":"","ast-breadcrumbs-content":"","ast-featured-img":"","footer-sml-layout":"","ast-disable-related-posts":"","theme-transparent-header-meta":"default","adv-header-id-meta":"","stick-header-meta":"default","header-above-stick-meta":"","header-main-stick-meta":"","header-below-stick-meta":"","astra-migrate-meta-layouts":"set","ast-page-background-enabled":"default","ast-page-background-meta":{"desktop":{"background-color":"","background-image":"","background-repeat":"repeat","background-position":"center center","background-size":"auto","background-attachment":"scroll","background-type":"","background-media":"","overlay-type":"","overlay-color":"","overlay-opacity":"","overlay-gradient":""},"tablet":{"background-color":"","background-image":"","background-repeat":"repeat","background-position":"center center","background-size":"auto","background-attachment":"scroll","background-type":"","background-media":"","overlay-type":"","overlay-color":"","overlay-opacity":"","overlay-gradient":""},"mobile":{"background-color":"","background-image":"","background-repeat":"repeat","background-position":"center center","background-size":"auto","background-attachment":"scroll","background-type":"","background-media":"","overlay-type":"","overlay-color":"","overlay-opacity":"","overlay-gradient":""}},"ast-content-background-meta":{"desktop":{"background-color":"var(--ast-global-color-5)","background-image":"","background-repeat":"repeat","background-position":"center center","background-size":"auto","background-attachment":"scroll","background-type":"","background-media":"","overlay-type":"","overlay-color":"","overlay-opacity":"","overlay-gradient":""},"tablet":{"background-color":"var(--ast-global-color-5)","background-image":"","background-repeat":"repeat","background-position":"center center","background-size":"auto","background-attachment":"scroll","background-type":"","background-media":"","overlay-type":"","overlay-color":"","overlay-opacity":"","overlay-gradient":""},"mobile":{"background-color":"var(--ast-global-color-5)","background-image":"","background-repeat":"repeat","background-position":"center center","background-size":"auto","background-attachment":"scroll","background-type":"","background-media":"","overlay-type":"","overlay-color":"","overlay-opacity":"","overlay-gradient":""}}},"product_brand":[],"product_cat":[964,974,2971],"product_tag":[3033,3295,2340,3296,3297,3298],"class_list":{"0":"post-72844","1":"product","2":"type-product","3":"status-publish","4":"has-post-thumbnail","6":"product_cat-all","7":"product_cat-waterproof-harness","8":"product_cat-waterproof-harness-art-splash","9":"product_tag-dog-accessories-en","10":"product_tag-dog-harness","11":"product_tag-for-dog","12":"product_tag-harness-with-classic-buckles","13":"product_tag-waterproof-dog-harness","14":"product_tag-webbing-harness","15":"desktop-align-left","16":"tablet-align-left","17":"mobile-align-left","18":"ast-product-gallery-layout-horizontal-slider","19":"ast-magnify-disabled","20":"ast-product-single-variable","21":"ast-product-tabs-layout-horizontal","23":"first","24":"instock","25":"shipping-taxable","26":"purchasable","27":"product-type-variable","28":"has-default-attributes"},"yoast_head":"<!-- This site is optimized with the Yoast SEO plugin v27.3 - https:\/\/yoast.com\/product\/yoast-seo-wordpress\/ -->\n<title>ART SPLASH harness with classic buckles for dogs 10 mm - Dignis Design<\/title>\n<meta name=\"description\" content=\"The ART SPLASH harness with classic buckles 10 mm \u2013 is designed for small dogs. The unique ART SPLASH effect gives the harness a one-of-a-kind character.\" \/>\n<meta name=\"robots\" content=\"index, follow, max-snippet:-1, max-image-preview:large, max-video-preview:-1\" \/>\n<link rel=\"canonical\" href=\"https:\/\/dignisdesign.com.pl\/en\/produkt\/dog-harness-with-classic-buckles-kopia-kopia\/\" \/>\n<meta property=\"og:locale\" content=\"en_US\" \/>\n<meta property=\"og:type\" content=\"article\" \/>\n<meta property=\"og:title\" content=\"ART SPLASH harness with classic buckles for dogs 10 mm - Dignis Design\" \/>\n<meta property=\"og:description\" content=\"The ART SPLASH harness with classic buckles 10 mm \u2013 is designed for small dogs. The unique ART SPLASH effect gives the harness a one-of-a-kind character.\" \/>\n<meta property=\"og:url\" content=\"https:\/\/dignisdesign.com.pl\/en\/produkt\/dog-harness-with-classic-buckles-kopia-kopia\/\" \/>\n<meta property=\"og:site_name\" content=\"Dignis Design\" \/>\n<meta property=\"article:modified_time\" content=\"2025-05-26T18:19:22+00:00\" \/>\n<meta property=\"og:image\" content=\"https:\/\/dignisdesign.com.pl\/wp-content\/uploads\/2024\/01\/szelki-art-splash-klasyczne-dla-psa-10-mm-300x300.jpg\" \/>\n<meta name=\"twitter:card\" content=\"summary_large_image\" \/>\n<meta name=\"twitter:label1\" content=\"Est. reading time\" \/>\n\t<meta name=\"twitter:data1\" content=\"3 minutes\" \/>\n<script type=\"application\/ld+json\" class=\"yoast-schema-graph\">{\"@context\":\"https:\\\/\\\/schema.org\",\"@graph\":[{\"@type\":\"WebPage\",\"@id\":\"https:\\\/\\\/dignisdesign.com.pl\\\/en\\\/produkt\\\/dog-harness-with-classic-buckles-kopia-kopia\\\/\",\"url\":\"https:\\\/\\\/dignisdesign.com.pl\\\/en\\\/produkt\\\/dog-harness-with-classic-buckles-kopia-kopia\\\/\",\"name\":\"ART SPLASH harness with classic buckles for dogs 10 mm - Dignis Design\",\"isPartOf\":{\"@id\":\"https:\\\/\\\/dignisdesign.com.pl\\\/#website\"},\"primaryImageOfPage\":{\"@id\":\"https:\\\/\\\/dignisdesign.com.pl\\\/en\\\/produkt\\\/dog-harness-with-classic-buckles-kopia-kopia\\\/#primaryimage\"},\"image\":{\"@id\":\"https:\\\/\\\/dignisdesign.com.pl\\\/en\\\/produkt\\\/dog-harness-with-classic-buckles-kopia-kopia\\\/#primaryimage\"},\"thumbnailUrl\":\"https:\\\/\\\/dignisdesign.com.pl\\\/wp-content\\\/uploads\\\/2024\\\/01\\\/szelki-art-splash-klasyczne-dla-psa-10-mm2.jpg\",\"datePublished\":\"2024-01-01T19:28:17+00:00\",\"dateModified\":\"2025-05-26T18:19:22+00:00\",\"description\":\"The ART SPLASH harness with classic buckles 10 mm \u2013 is designed for small dogs. The unique ART SPLASH effect gives the harness a one-of-a-kind character.\",\"breadcrumb\":{\"@id\":\"https:\\\/\\\/dignisdesign.com.pl\\\/en\\\/produkt\\\/dog-harness-with-classic-buckles-kopia-kopia\\\/#breadcrumb\"},\"inLanguage\":\"en-US\",\"potentialAction\":[{\"@type\":\"ReadAction\",\"target\":[\"https:\\\/\\\/dignisdesign.com.pl\\\/en\\\/produkt\\\/dog-harness-with-classic-buckles-kopia-kopia\\\/\"]}]},{\"@type\":\"ImageObject\",\"inLanguage\":\"en-US\",\"@id\":\"https:\\\/\\\/dignisdesign.com.pl\\\/en\\\/produkt\\\/dog-harness-with-classic-buckles-kopia-kopia\\\/#primaryimage\",\"url\":\"https:\\\/\\\/dignisdesign.com.pl\\\/wp-content\\\/uploads\\\/2024\\\/01\\\/szelki-art-splash-klasyczne-dla-psa-10-mm2.jpg\",\"contentUrl\":\"https:\\\/\\\/dignisdesign.com.pl\\\/wp-content\\\/uploads\\\/2024\\\/01\\\/szelki-art-splash-klasyczne-dla-psa-10-mm2.jpg\",\"width\":1280,\"height\":1280},{\"@type\":\"BreadcrumbList\",\"@id\":\"https:\\\/\\\/dignisdesign.com.pl\\\/en\\\/produkt\\\/dog-harness-with-classic-buckles-kopia-kopia\\\/#breadcrumb\",\"itemListElement\":[{\"@type\":\"ListItem\",\"position\":1,\"name\":\"Strona g\u0142\u00f3wna\",\"item\":\"https:\\\/\\\/dignisdesign.com.pl\\\/\"},{\"@type\":\"ListItem\",\"position\":2,\"name\":\"Store\",\"item\":\"https:\\\/\\\/dignisdesign.com.pl\\\/en\\\/store\\\/\"},{\"@type\":\"ListItem\",\"position\":3,\"name\":\"ART SPLASH harness with classic buckles for dogs 10 mm\"}]},{\"@type\":\"WebSite\",\"@id\":\"https:\\\/\\\/dignisdesign.com.pl\\\/#website\",\"url\":\"https:\\\/\\\/dignisdesign.com.pl\\\/\",\"name\":\"Dignis Design\",\"description\":\"Akcesoria dla czworonog&oacute;w tworzone z pasj\u0105 i dba\u0142o\u015bci\u0105 o ka\u017cdy detal\",\"publisher\":{\"@id\":\"https:\\\/\\\/dignisdesign.com.pl\\\/#organization\"},\"potentialAction\":[{\"@type\":\"SearchAction\",\"target\":{\"@type\":\"EntryPoint\",\"urlTemplate\":\"https:\\\/\\\/dignisdesign.com.pl\\\/?s={search_term_string}\"},\"query-input\":{\"@type\":\"PropertyValueSpecification\",\"valueRequired\":true,\"valueName\":\"search_term_string\"}}],\"inLanguage\":\"en-US\"},{\"@type\":\"Organization\",\"@id\":\"https:\\\/\\\/dignisdesign.com.pl\\\/#organization\",\"name\":\"Dignis Design\",\"url\":\"https:\\\/\\\/dignisdesign.com.pl\\\/\",\"logo\":{\"@type\":\"ImageObject\",\"inLanguage\":\"en-US\",\"@id\":\"https:\\\/\\\/dignisdesign.com.pl\\\/#\\\/schema\\\/logo\\\/image\\\/\",\"url\":\"https:\\\/\\\/dignisdesign.com.pl\\\/wp-content\\\/uploads\\\/2020\\\/12\\\/DIGNIS-LOGO-PROJEKT-MALE.png\",\"contentUrl\":\"https:\\\/\\\/dignisdesign.com.pl\\\/wp-content\\\/uploads\\\/2020\\\/12\\\/DIGNIS-LOGO-PROJEKT-MALE.png\",\"width\":664,\"height\":300,\"caption\":\"Dignis Design\"},\"image\":{\"@id\":\"https:\\\/\\\/dignisdesign.com.pl\\\/#\\\/schema\\\/logo\\\/image\\\/\"}}]}<\/script>\n<!-- \/ Yoast SEO plugin. -->","yoast_head_json":{"title":"ART SPLASH harness with classic buckles for dogs 10 mm - Dignis Design","description":"The ART SPLASH harness with classic buckles 10 mm \u2013 is designed for small dogs. The unique ART SPLASH effect gives the harness a one-of-a-kind character.","robots":{"index":"index","follow":"follow","max-snippet":"max-snippet:-1","max-image-preview":"max-image-preview:large","max-video-preview":"max-video-preview:-1"},"canonical":"https:\/\/dignisdesign.com.pl\/en\/produkt\/dog-harness-with-classic-buckles-kopia-kopia\/","og_locale":"en_US","og_type":"article","og_title":"ART SPLASH harness with classic buckles for dogs 10 mm - Dignis Design","og_description":"The ART SPLASH harness with classic buckles 10 mm \u2013 is designed for small dogs. The unique ART SPLASH effect gives the harness a one-of-a-kind character.","og_url":"https:\/\/dignisdesign.com.pl\/en\/produkt\/dog-harness-with-classic-buckles-kopia-kopia\/","og_site_name":"Dignis Design","article_modified_time":"2025-05-26T18:19:22+00:00","og_image":[{"url":"https:\/\/dignisdesign.com.pl\/wp-content\/uploads\/2024\/01\/szelki-art-splash-klasyczne-dla-psa-10-mm-300x300.jpg","type":"","width":"","height":""}],"twitter_card":"summary_large_image","twitter_misc":{"Est. reading time":"3 minutes"},"schema":{"@context":"https:\/\/schema.org","@graph":[{"@type":"WebPage","@id":"https:\/\/dignisdesign.com.pl\/en\/produkt\/dog-harness-with-classic-buckles-kopia-kopia\/","url":"https:\/\/dignisdesign.com.pl\/en\/produkt\/dog-harness-with-classic-buckles-kopia-kopia\/","name":"ART SPLASH harness with classic buckles for dogs 10 mm - Dignis Design","isPartOf":{"@id":"https:\/\/dignisdesign.com.pl\/#website"},"primaryImageOfPage":{"@id":"https:\/\/dignisdesign.com.pl\/en\/produkt\/dog-harness-with-classic-buckles-kopia-kopia\/#primaryimage"},"image":{"@id":"https:\/\/dignisdesign.com.pl\/en\/produkt\/dog-harness-with-classic-buckles-kopia-kopia\/#primaryimage"},"thumbnailUrl":"https:\/\/dignisdesign.com.pl\/wp-content\/uploads\/2024\/01\/szelki-art-splash-klasyczne-dla-psa-10-mm2.jpg","datePublished":"2024-01-01T19:28:17+00:00","dateModified":"2025-05-26T18:19:22+00:00","description":"The ART SPLASH harness with classic buckles 10 mm \u2013 is designed for small dogs. The unique ART SPLASH effect gives the harness a one-of-a-kind character.","breadcrumb":{"@id":"https:\/\/dignisdesign.com.pl\/en\/produkt\/dog-harness-with-classic-buckles-kopia-kopia\/#breadcrumb"},"inLanguage":"en-US","potentialAction":[{"@type":"ReadAction","target":["https:\/\/dignisdesign.com.pl\/en\/produkt\/dog-harness-with-classic-buckles-kopia-kopia\/"]}]},{"@type":"ImageObject","inLanguage":"en-US","@id":"https:\/\/dignisdesign.com.pl\/en\/produkt\/dog-harness-with-classic-buckles-kopia-kopia\/#primaryimage","url":"https:\/\/dignisdesign.com.pl\/wp-content\/uploads\/2024\/01\/szelki-art-splash-klasyczne-dla-psa-10-mm2.jpg","contentUrl":"https:\/\/dignisdesign.com.pl\/wp-content\/uploads\/2024\/01\/szelki-art-splash-klasyczne-dla-psa-10-mm2.jpg","width":1280,"height":1280},{"@type":"BreadcrumbList","@id":"https:\/\/dignisdesign.com.pl\/en\/produkt\/dog-harness-with-classic-buckles-kopia-kopia\/#breadcrumb","itemListElement":[{"@type":"ListItem","position":1,"name":"Strona g\u0142\u00f3wna","item":"https:\/\/dignisdesign.com.pl\/"},{"@type":"ListItem","position":2,"name":"Store","item":"https:\/\/dignisdesign.com.pl\/en\/store\/"},{"@type":"ListItem","position":3,"name":"ART SPLASH harness with classic buckles for dogs 10 mm"}]},{"@type":"WebSite","@id":"https:\/\/dignisdesign.com.pl\/#website","url":"https:\/\/dignisdesign.com.pl\/","name":"Dignis Design","description":"Akcesoria dla czworonog&oacute;w tworzone z pasj\u0105 i dba\u0142o\u015bci\u0105 o ka\u017cdy detal","publisher":{"@id":"https:\/\/dignisdesign.com.pl\/#organization"},"potentialAction":[{"@type":"SearchAction","target":{"@type":"EntryPoint","urlTemplate":"https:\/\/dignisdesign.com.pl\/?s={search_term_string}"},"query-input":{"@type":"PropertyValueSpecification","valueRequired":true,"valueName":"search_term_string"}}],"inLanguage":"en-US"},{"@type":"Organization","@id":"https:\/\/dignisdesign.com.pl\/#organization","name":"Dignis Design","url":"https:\/\/dignisdesign.com.pl\/","logo":{"@type":"ImageObject","inLanguage":"en-US","@id":"https:\/\/dignisdesign.com.pl\/#\/schema\/logo\/image\/","url":"https:\/\/dignisdesign.com.pl\/wp-content\/uploads\/2020\/12\/DIGNIS-LOGO-PROJEKT-MALE.png","contentUrl":"https:\/\/dignisdesign.com.pl\/wp-content\/uploads\/2020\/12\/DIGNIS-LOGO-PROJEKT-MALE.png","width":664,"height":300,"caption":"Dignis Design"},"image":{"@id":"https:\/\/dignisdesign.com.pl\/#\/schema\/logo\/image\/"}}]}},"jetpack_sharing_enabled":true,"_links":{"self":[{"href":"https:\/\/dignisdesign.com.pl\/en\/wp-json\/wp\/v2\/product\/72844","targetHints":{"allow":["GET"]}}],"collection":[{"href":"https:\/\/dignisdesign.com.pl\/en\/wp-json\/wp\/v2\/product"}],"about":[{"href":"https:\/\/dignisdesign.com.pl\/en\/wp-json\/wp\/v2\/types\/product"}],"replies":[{"embeddable":true,"href":"https:\/\/dignisdesign.com.pl\/en\/wp-json\/wp\/v2\/comments?post=72844"}],"version-history":[{"count":2,"href":"https:\/\/dignisdesign.com.pl\/en\/wp-json\/wp\/v2\/product\/72844\/revisions"}],"predecessor-version":[{"id":77539,"href":"https:\/\/dignisdesign.com.pl\/en\/wp-json\/wp\/v2\/product\/72844\/revisions\/77539"}],"wp:featuredmedia":[{"embeddable":true,"href":"https:\/\/dignisdesign.com.pl\/en\/wp-json\/wp\/v2\/media\/72874"}],"wp:attachment":[{"href":"https:\/\/dignisdesign.com.pl\/en\/wp-json\/wp\/v2\/media?parent=72844"}],"wp:term":[{"taxonomy":"product_brand","embeddable":true,"href":"https:\/\/dignisdesign.com.pl\/en\/wp-json\/wp\/v2\/product_brand?post=72844"},{"taxonomy":"product_cat","embeddable":true,"href":"https:\/\/dignisdesign.com.pl\/en\/wp-json\/wp\/v2\/product_cat?post=72844"},{"taxonomy":"product_tag","embeddable":true,"href":"https:\/\/dignisdesign.com.pl\/en\/wp-json\/wp\/v2\/product_tag?post=72844"}],"curies":[{"name":"wp","href":"https:\/\/api.w.org\/{rel}","templated":true}]}}