	
	
{"id":72591,"date":"2023-12-29T11:54:21","date_gmt":"2023-12-29T11:54:21","guid":{"rendered":"https:\/\/dignisdesign.com.pl\/?post_type=product&#038;p=72591"},"modified":"2024-01-21T21:34:02","modified_gmt":"2024-01-21T21:34:02","slug":"classic-leather-collar-kopia","status":"publish","type":"product","link":"https:\/\/dignisdesign.com.pl\/en\/produkt\/classic-leather-collar-kopia\/","title":{"rendered":"ART SPLASH leather collar with a classic buckle"},"content":{"rendered":"<p>ART SPLASH leather collar with a classic buckle is handmade, made to measure &#8211; the given dog&#8217;s neck circumference is punched in the middle (third) of the five holes. The holes are placed every 2,5 cm in axes (in 2,5 cm wide webbing collars), every 2 cm in axes (in 2 cm wide webbing collars) and every 1,5 cm in axes (in 1,6 cm wide webbing collars) &#8211; <strong>MODIFICATION OPTION (<a href=\"https:\/\/dignisdesign.com.pl\/kontakt\/\">CONTACT US<\/a>)<\/strong><\/p>\n<p align=\"JUSTIFY\">Thickness of the skin &#8211; ok. 3.5 mm<\/p>\n<p align=\"JUSTIFY\">The collar was made of vegetable-tanned leather, colored with non-toxic water-based dyes and properly treated with natural fats and wax.<\/p>\n<p align=\"JUSTIFY\">The brass fittings used are rust-resistant and very durable.<\/p>\n<p>The ART SPLASH effect is made with special paint. Collar painted on one side (outside). Possibility to choose one or two paint colors.<\/p>\n<p align=\"JUSTIFY\">The ART SPLASH leather collar with a classic buckle is a product that will become more beautiful and even more unique over time &#8211; thanks to use and the accumulation of dog hair residues, the leather and brass fittings will acquire a unique patina and style.<\/p>\n<p align=\"JUSTIFY\">Match the collar with elegant, stylish <strong><a href=\"https:\/\/dignisdesign.com.pl\/produkt\/skorzana-szlufka-literowa\/\">leather letter loops<\/a><\/strong> to further emphasize the fantastic look of your beloved dog&#8217;s accessories!<\/p>\n<p align=\"JUSTIFY\">Make the collar even more special and unique &#8211; <em><strong>we can engrave<\/strong> any inscription<\/em> on the surface of the collar and\/or on the loop, e.g. the dog&#8217;s name, contact number, address, nickname, Instagram account name, etc. (no character limit, limited only by collar\/belt loop surface).<\/p>\n<p align=\"JUSTIFY\">NATURAL LEATHER CARE:<\/p>\n<ul>\n<li>if the leather gets wet, allow it to dry naturally;<\/li>\n<li>from time to time apply a bit of wax to leather to help maintain its functionality and natural appearance;<\/li>\n<li>leather is a natural material &#8211; its surface may show slight differences in color, small imperfections &#8211; that is its charm;<\/li>\n<li>do not let the leather get soak up with water &#8211; it may cause loss of elasticity, leave marks on the leather.<\/li>\n<\/ul>\n<p>We do not have any stock &#8211; we make accessories according to individual customer orders. <strong>Non-prefabricated product &#8211; non-returnable<\/strong>.<\/p>\n<p>The colors shown may vary slightly in reality &#8211; this depends on individual screen brightness settings.<\/p>\n","protected":false},"excerpt":{"rendered":"<p align=\"JUSTIFY\">Leather collar with a brass classic buckle, brass D-ring, a belt loop, with the ART SPLASH effect.<\/p>\n<p align=\"JUSTIFY\"><em>A beautiful, timeless classic. Uniqueness resulting from minimalism and pure elegance, combined with the power of colors and patterns. The ART SPLASH leather collar with a classic buckle is a must-have element of your dog&#8217;s wardrobe.<\/em><\/p>\n<p align=\"JUSTIFY\">\n","protected":false},"featured_media":72651,"comment_status":"open","ping_status":"closed","template":"","meta":{"site-sidebar-layout":"default","site-content-layout":"default","ast-site-content-layout":"default","site-content-style":"default","site-sidebar-style":"default","ast-global-header-display":"","ast-banner-title-visibility":"","ast-main-header-display":"","ast-hfb-above-header-display":"","ast-hfb-below-header-display":"","ast-hfb-mobile-header-display":"","site-post-title":"","ast-breadcrumbs-content":"","ast-featured-img":"","footer-sml-layout":"","ast-disable-related-posts":"","theme-transparent-header-meta":"default","adv-header-id-meta":"","stick-header-meta":"default","header-above-stick-meta":"","header-main-stick-meta":"","header-below-stick-meta":"","astra-migrate-meta-layouts":"set","ast-page-background-enabled":"default","ast-page-background-meta":{"desktop":{"background-color":"","background-image":"","background-repeat":"repeat","background-position":"center center","background-size":"auto","background-attachment":"scroll","background-type":"","background-media":"","overlay-type":"","overlay-color":"","overlay-opacity":"","overlay-gradient":""},"tablet":{"background-color":"","background-image":"","background-repeat":"repeat","background-position":"center center","background-size":"auto","background-attachment":"scroll","background-type":"","background-media":"","overlay-type":"","overlay-color":"","overlay-opacity":"","overlay-gradient":""},"mobile":{"background-color":"","background-image":"","background-repeat":"repeat","background-position":"center center","background-size":"auto","background-attachment":"scroll","background-type":"","background-media":"","overlay-type":"","overlay-color":"","overlay-opacity":"","overlay-gradient":""}},"ast-content-background-meta":{"desktop":{"background-color":"var(--ast-global-color-5)","background-image":"","background-repeat":"repeat","background-position":"center center","background-size":"auto","background-attachment":"scroll","background-type":"","background-media":"","overlay-type":"","overlay-color":"","overlay-opacity":"","overlay-gradient":""},"tablet":{"background-color":"var(--ast-global-color-5)","background-image":"","background-repeat":"repeat","background-position":"center center","background-size":"auto","background-attachment":"scroll","background-type":"","background-media":"","overlay-type":"","overlay-color":"","overlay-opacity":"","overlay-gradient":""},"mobile":{"background-color":"var(--ast-global-color-5)","background-image":"","background-repeat":"repeat","background-position":"center center","background-size":"auto","background-attachment":"scroll","background-type":"","background-media":"","overlay-type":"","overlay-color":"","overlay-opacity":"","overlay-gradient":""}}},"product_brand":[],"product_cat":[964,970],"product_tag":[3315,3314,2992,2993,3313,3312,3311,3038],"class_list":{"0":"post-72591","1":"product","2":"type-product","3":"status-publish","4":"has-post-thumbnail","6":"product_cat-all","7":"product_cat-leather-accessories","8":"product_tag-art-splash-en","9":"product_tag-dog-collar-en-2","10":"product_tag-dog-collar-with-a-classic-buckle","11":"product_tag-dog-collar-with-a-classic-buckle-en","12":"product_tag-leather-accessories-en","13":"product_tag-leather-collar-en-2","14":"product_tag-leather-collar-en","15":"product_tag-natural-leather","16":"desktop-align-left","17":"tablet-align-left","18":"mobile-align-left","19":"ast-product-gallery-layout-horizontal-slider","20":"ast-magnify-disabled","21":"ast-product-single-variable","22":"ast-product-tabs-layout-horizontal","24":"first","25":"instock","26":"shipping-taxable","27":"purchasable","28":"product-type-variable","29":"has-default-attributes"},"yoast_head":"<!-- This site is optimized with the Yoast SEO plugin v27.3 - https:\/\/yoast.com\/product\/yoast-seo-wordpress\/ -->\n<title>ART SPLASH leather collar with a classic buckle - Dignis Design<\/title>\n<meta name=\"description\" content=\"Minimalism and elegance, combined with the power of colors and patterns. The ART SPLASH leather collar with a classic buckle is a must-have element of your dog&#039;s wardrobe.\" \/>\n<meta name=\"robots\" content=\"index, follow, max-snippet:-1, max-image-preview:large, max-video-preview:-1\" \/>\n<link rel=\"canonical\" href=\"https:\/\/dignisdesign.com.pl\/en\/produkt\/classic-leather-collar-kopia\/\" \/>\n<meta property=\"og:locale\" content=\"en_US\" \/>\n<meta property=\"og:type\" content=\"article\" \/>\n<meta property=\"og:title\" content=\"ART SPLASH leather collar with a classic buckle - Dignis Design\" \/>\n<meta property=\"og:description\" content=\"Minimalism and elegance, combined with the power of colors and patterns. The ART SPLASH leather collar with a classic buckle is a must-have element of your dog&#039;s wardrobe.\" \/>\n<meta property=\"og:url\" content=\"https:\/\/dignisdesign.com.pl\/en\/produkt\/classic-leather-collar-kopia\/\" \/>\n<meta property=\"og:site_name\" content=\"Dignis Design\" \/>\n<meta property=\"article:modified_time\" content=\"2024-01-21T21:34:02+00:00\" \/>\n<meta property=\"og:image\" content=\"https:\/\/dignisdesign.com.pl\/wp-content\/uploads\/2023\/12\/obroza-skorzana-art-splash-z-klamra-klasyczna1.jpg\" \/>\n\t<meta property=\"og:image:width\" content=\"1280\" \/>\n\t<meta property=\"og:image:height\" content=\"1280\" \/>\n\t<meta property=\"og:image:type\" content=\"image\/jpeg\" \/>\n<meta name=\"twitter:card\" content=\"summary_large_image\" \/>\n<meta name=\"twitter:label1\" content=\"Est. reading time\" \/>\n\t<meta name=\"twitter:data1\" content=\"3 minutes\" \/>\n<script type=\"application\/ld+json\" class=\"yoast-schema-graph\">{\"@context\":\"https:\\\/\\\/schema.org\",\"@graph\":[{\"@type\":\"WebPage\",\"@id\":\"https:\\\/\\\/dignisdesign.com.pl\\\/en\\\/produkt\\\/classic-leather-collar-kopia\\\/\",\"url\":\"https:\\\/\\\/dignisdesign.com.pl\\\/en\\\/produkt\\\/classic-leather-collar-kopia\\\/\",\"name\":\"ART SPLASH leather collar with a classic buckle - Dignis Design\",\"isPartOf\":{\"@id\":\"https:\\\/\\\/dignisdesign.com.pl\\\/#website\"},\"primaryImageOfPage\":{\"@id\":\"https:\\\/\\\/dignisdesign.com.pl\\\/en\\\/produkt\\\/classic-leather-collar-kopia\\\/#primaryimage\"},\"image\":{\"@id\":\"https:\\\/\\\/dignisdesign.com.pl\\\/en\\\/produkt\\\/classic-leather-collar-kopia\\\/#primaryimage\"},\"thumbnailUrl\":\"https:\\\/\\\/dignisdesign.com.pl\\\/wp-content\\\/uploads\\\/2023\\\/12\\\/obroza-skorzana-art-splash-z-klamra-klasyczna1.jpg\",\"datePublished\":\"2023-12-29T11:54:21+00:00\",\"dateModified\":\"2024-01-21T21:34:02+00:00\",\"description\":\"Minimalism and elegance, combined with the power of colors and patterns. The ART SPLASH leather collar with a classic buckle is a must-have element of your dog's wardrobe.\",\"breadcrumb\":{\"@id\":\"https:\\\/\\\/dignisdesign.com.pl\\\/en\\\/produkt\\\/classic-leather-collar-kopia\\\/#breadcrumb\"},\"inLanguage\":\"en-US\",\"potentialAction\":[{\"@type\":\"ReadAction\",\"target\":[\"https:\\\/\\\/dignisdesign.com.pl\\\/en\\\/produkt\\\/classic-leather-collar-kopia\\\/\"]}]},{\"@type\":\"ImageObject\",\"inLanguage\":\"en-US\",\"@id\":\"https:\\\/\\\/dignisdesign.com.pl\\\/en\\\/produkt\\\/classic-leather-collar-kopia\\\/#primaryimage\",\"url\":\"https:\\\/\\\/dignisdesign.com.pl\\\/wp-content\\\/uploads\\\/2023\\\/12\\\/obroza-skorzana-art-splash-z-klamra-klasyczna1.jpg\",\"contentUrl\":\"https:\\\/\\\/dignisdesign.com.pl\\\/wp-content\\\/uploads\\\/2023\\\/12\\\/obroza-skorzana-art-splash-z-klamra-klasyczna1.jpg\",\"width\":1280,\"height\":1280},{\"@type\":\"BreadcrumbList\",\"@id\":\"https:\\\/\\\/dignisdesign.com.pl\\\/en\\\/produkt\\\/classic-leather-collar-kopia\\\/#breadcrumb\",\"itemListElement\":[{\"@type\":\"ListItem\",\"position\":1,\"name\":\"Strona g\u0142\u00f3wna\",\"item\":\"https:\\\/\\\/dignisdesign.com.pl\\\/\"},{\"@type\":\"ListItem\",\"position\":2,\"name\":\"Store\",\"item\":\"https:\\\/\\\/dignisdesign.com.pl\\\/en\\\/store\\\/\"},{\"@type\":\"ListItem\",\"position\":3,\"name\":\"ART SPLASH leather collar with a classic buckle\"}]},{\"@type\":\"WebSite\",\"@id\":\"https:\\\/\\\/dignisdesign.com.pl\\\/#website\",\"url\":\"https:\\\/\\\/dignisdesign.com.pl\\\/\",\"name\":\"Dignis Design\",\"description\":\"Akcesoria dla czworonog&oacute;w tworzone z pasj\u0105 i dba\u0142o\u015bci\u0105 o ka\u017cdy detal\",\"publisher\":{\"@id\":\"https:\\\/\\\/dignisdesign.com.pl\\\/#organization\"},\"potentialAction\":[{\"@type\":\"SearchAction\",\"target\":{\"@type\":\"EntryPoint\",\"urlTemplate\":\"https:\\\/\\\/dignisdesign.com.pl\\\/?s={search_term_string}\"},\"query-input\":{\"@type\":\"PropertyValueSpecification\",\"valueRequired\":true,\"valueName\":\"search_term_string\"}}],\"inLanguage\":\"en-US\"},{\"@type\":\"Organization\",\"@id\":\"https:\\\/\\\/dignisdesign.com.pl\\\/#organization\",\"name\":\"Dignis Design\",\"url\":\"https:\\\/\\\/dignisdesign.com.pl\\\/\",\"logo\":{\"@type\":\"ImageObject\",\"inLanguage\":\"en-US\",\"@id\":\"https:\\\/\\\/dignisdesign.com.pl\\\/#\\\/schema\\\/logo\\\/image\\\/\",\"url\":\"https:\\\/\\\/dignisdesign.com.pl\\\/wp-content\\\/uploads\\\/2020\\\/12\\\/DIGNIS-LOGO-PROJEKT-MALE.png\",\"contentUrl\":\"https:\\\/\\\/dignisdesign.com.pl\\\/wp-content\\\/uploads\\\/2020\\\/12\\\/DIGNIS-LOGO-PROJEKT-MALE.png\",\"width\":664,\"height\":300,\"caption\":\"Dignis Design\"},\"image\":{\"@id\":\"https:\\\/\\\/dignisdesign.com.pl\\\/#\\\/schema\\\/logo\\\/image\\\/\"}}]}<\/script>\n<!-- \/ Yoast SEO plugin. -->","yoast_head_json":{"title":"ART SPLASH leather collar with a classic buckle - Dignis Design","description":"Minimalism and elegance, combined with the power of colors and patterns. The ART SPLASH leather collar with a classic buckle is a must-have element of your dog's wardrobe.","robots":{"index":"index","follow":"follow","max-snippet":"max-snippet:-1","max-image-preview":"max-image-preview:large","max-video-preview":"max-video-preview:-1"},"canonical":"https:\/\/dignisdesign.com.pl\/en\/produkt\/classic-leather-collar-kopia\/","og_locale":"en_US","og_type":"article","og_title":"ART SPLASH leather collar with a classic buckle - Dignis Design","og_description":"Minimalism and elegance, combined with the power of colors and patterns. The ART SPLASH leather collar with a classic buckle is a must-have element of your dog's wardrobe.","og_url":"https:\/\/dignisdesign.com.pl\/en\/produkt\/classic-leather-collar-kopia\/","og_site_name":"Dignis Design","article_modified_time":"2024-01-21T21:34:02+00:00","og_image":[{"width":1280,"height":1280,"url":"https:\/\/dignisdesign.com.pl\/wp-content\/uploads\/2023\/12\/obroza-skorzana-art-splash-z-klamra-klasyczna1.jpg","type":"image\/jpeg"}],"twitter_card":"summary_large_image","twitter_misc":{"Est. reading time":"3 minutes"},"schema":{"@context":"https:\/\/schema.org","@graph":[{"@type":"WebPage","@id":"https:\/\/dignisdesign.com.pl\/en\/produkt\/classic-leather-collar-kopia\/","url":"https:\/\/dignisdesign.com.pl\/en\/produkt\/classic-leather-collar-kopia\/","name":"ART SPLASH leather collar with a classic buckle - Dignis Design","isPartOf":{"@id":"https:\/\/dignisdesign.com.pl\/#website"},"primaryImageOfPage":{"@id":"https:\/\/dignisdesign.com.pl\/en\/produkt\/classic-leather-collar-kopia\/#primaryimage"},"image":{"@id":"https:\/\/dignisdesign.com.pl\/en\/produkt\/classic-leather-collar-kopia\/#primaryimage"},"thumbnailUrl":"https:\/\/dignisdesign.com.pl\/wp-content\/uploads\/2023\/12\/obroza-skorzana-art-splash-z-klamra-klasyczna1.jpg","datePublished":"2023-12-29T11:54:21+00:00","dateModified":"2024-01-21T21:34:02+00:00","description":"Minimalism and elegance, combined with the power of colors and patterns. The ART SPLASH leather collar with a classic buckle is a must-have element of your dog's wardrobe.","breadcrumb":{"@id":"https:\/\/dignisdesign.com.pl\/en\/produkt\/classic-leather-collar-kopia\/#breadcrumb"},"inLanguage":"en-US","potentialAction":[{"@type":"ReadAction","target":["https:\/\/dignisdesign.com.pl\/en\/produkt\/classic-leather-collar-kopia\/"]}]},{"@type":"ImageObject","inLanguage":"en-US","@id":"https:\/\/dignisdesign.com.pl\/en\/produkt\/classic-leather-collar-kopia\/#primaryimage","url":"https:\/\/dignisdesign.com.pl\/wp-content\/uploads\/2023\/12\/obroza-skorzana-art-splash-z-klamra-klasyczna1.jpg","contentUrl":"https:\/\/dignisdesign.com.pl\/wp-content\/uploads\/2023\/12\/obroza-skorzana-art-splash-z-klamra-klasyczna1.jpg","width":1280,"height":1280},{"@type":"BreadcrumbList","@id":"https:\/\/dignisdesign.com.pl\/en\/produkt\/classic-leather-collar-kopia\/#breadcrumb","itemListElement":[{"@type":"ListItem","position":1,"name":"Strona g\u0142\u00f3wna","item":"https:\/\/dignisdesign.com.pl\/"},{"@type":"ListItem","position":2,"name":"Store","item":"https:\/\/dignisdesign.com.pl\/en\/store\/"},{"@type":"ListItem","position":3,"name":"ART SPLASH leather collar with a classic buckle"}]},{"@type":"WebSite","@id":"https:\/\/dignisdesign.com.pl\/#website","url":"https:\/\/dignisdesign.com.pl\/","name":"Dignis Design","description":"Akcesoria dla czworonog&oacute;w tworzone z pasj\u0105 i dba\u0142o\u015bci\u0105 o ka\u017cdy detal","publisher":{"@id":"https:\/\/dignisdesign.com.pl\/#organization"},"potentialAction":[{"@type":"SearchAction","target":{"@type":"EntryPoint","urlTemplate":"https:\/\/dignisdesign.com.pl\/?s={search_term_string}"},"query-input":{"@type":"PropertyValueSpecification","valueRequired":true,"valueName":"search_term_string"}}],"inLanguage":"en-US"},{"@type":"Organization","@id":"https:\/\/dignisdesign.com.pl\/#organization","name":"Dignis Design","url":"https:\/\/dignisdesign.com.pl\/","logo":{"@type":"ImageObject","inLanguage":"en-US","@id":"https:\/\/dignisdesign.com.pl\/#\/schema\/logo\/image\/","url":"https:\/\/dignisdesign.com.pl\/wp-content\/uploads\/2020\/12\/DIGNIS-LOGO-PROJEKT-MALE.png","contentUrl":"https:\/\/dignisdesign.com.pl\/wp-content\/uploads\/2020\/12\/DIGNIS-LOGO-PROJEKT-MALE.png","width":664,"height":300,"caption":"Dignis Design"},"image":{"@id":"https:\/\/dignisdesign.com.pl\/#\/schema\/logo\/image\/"}}]}},"jetpack_sharing_enabled":true,"_links":{"self":[{"href":"https:\/\/dignisdesign.com.pl\/en\/wp-json\/wp\/v2\/product\/72591","targetHints":{"allow":["GET"]}}],"collection":[{"href":"https:\/\/dignisdesign.com.pl\/en\/wp-json\/wp\/v2\/product"}],"about":[{"href":"https:\/\/dignisdesign.com.pl\/en\/wp-json\/wp\/v2\/types\/product"}],"replies":[{"embeddable":true,"href":"https:\/\/dignisdesign.com.pl\/en\/wp-json\/wp\/v2\/comments?post=72591"}],"version-history":[{"count":2,"href":"https:\/\/dignisdesign.com.pl\/en\/wp-json\/wp\/v2\/product\/72591\/revisions"}],"predecessor-version":[{"id":73395,"href":"https:\/\/dignisdesign.com.pl\/en\/wp-json\/wp\/v2\/product\/72591\/revisions\/73395"}],"wp:featuredmedia":[{"embeddable":true,"href":"https:\/\/dignisdesign.com.pl\/en\/wp-json\/wp\/v2\/media\/72651"}],"wp:attachment":[{"href":"https:\/\/dignisdesign.com.pl\/en\/wp-json\/wp\/v2\/media?parent=72591"}],"wp:term":[{"taxonomy":"product_brand","embeddable":true,"href":"https:\/\/dignisdesign.com.pl\/en\/wp-json\/wp\/v2\/product_brand?post=72591"},{"taxonomy":"product_cat","embeddable":true,"href":"https:\/\/dignisdesign.com.pl\/en\/wp-json\/wp\/v2\/product_cat?post=72591"},{"taxonomy":"product_tag","embeddable":true,"href":"https:\/\/dignisdesign.com.pl\/en\/wp-json\/wp\/v2\/product_tag?post=72591"}],"curies":[{"name":"wp","href":"https:\/\/api.w.org\/{rel}","templated":true}]}}