	
	
{"id":72319,"date":"2023-12-10T18:30:02","date_gmt":"2023-12-10T18:30:02","guid":{"rendered":"https:\/\/dignisdesign.com.pl\/?post_type=product&#038;p=72319"},"modified":"2024-01-20T22:43:10","modified_gmt":"2024-01-20T22:43:10","slug":"adjustable-rope-webbing-leash-kopia","status":"publish","type":"product","link":"https:\/\/dignisdesign.com.pl\/en\/produkt\/adjustable-rope-webbing-leash-kopia\/","title":{"rendered":"BALANCE adjustable rope-webbing leash"},"content":{"rendered":"<p>BALANCE adjustable rope-webbing leash, handmade, made to measure Do you need a different length? <a href=\"https:\/\/dignisdesign.com.pl\/kontakt\/\"><strong>CONTACT US<\/strong><\/a><\/p>\n<p>Make the leash even more special and unique &#8211; <em>we can <strong>engrave<\/strong> any inscription<\/em> <em>on the handle<\/em>, e.g. the dog&#8217;s name, contact number, address, nickname, Instagram account name, etc.<\/p>\n<p>The materials used to make this product are PPM ropes and a webbing made of strong polyvinyl chloride (PVC) covered with thermoplastic polyurethane (TPU).<\/p>\n<p>As standard, the leash is equipped with small carabiners, 66 mm long (optionally, it is possible to replace the carabiners with larger ones &#8211; 80 mm long).<\/p>\n<p>The PPM cords used are braided ropes, with a diameter of approx. 8 mm or approx. 10 mm, made of polypropylene multifilaments. The ropes are very strong, yet lightweight. The material does not absorb moisture, so the cord floats and dries quickly.<\/p>\n<p>The paracord lines, used for wrapping, have a diameter of approx. 1.9 mm.<\/p>\n<p>PVC\/TPU tapes are resistant to water, sweat, chemicals, UV radiation, weather, bacteria and do not wipe fur. The outer layer of the tapes is not abraded, and its properties remain constant regardless of temperature. The material is easy to maintain (it can be cleaned with soapy water), and despite its thickness, it remains flexible.<\/p>\n<p>The paint used to color the engraving is very durable, but we do not recommend washing it with hot water, brushing or using detergents. We recommend washing with a damp cloth.<\/p>\n<p>While creating leash, we use Chicago screws, and in the case of brass fittings &#8211; brass rivets.<\/p>\n<p>Black, rosegold and neochrome fittings are lacquered &#8211; the lacquer will wear off depending on how and how intensively the product is used. These elements are subject to corrosion.<\/p>\n<p>Brass fitting will work well in contact with salt water &#8211; it is resistant to rust. It does not rub off or chip, but it is the heaviest. Over time, the brass fittings will acquire an unique patina &#8211; it may get dirty. We recommend systematic cleaning of the fittings &#8211; e.g. with a microfiber cloth.<\/p>\n<p>The leash is not destined for pulling dogs.<\/p>\n<p>We do not have any stock &#8211; we make accessories according to individual customer orders. <strong>Non-prefabricated product &#8211; non-returnable<\/strong>.<\/p>\n<p>The colors shown may vary slightly in reality &#8211; this depends on individual screen brightness settings.<\/p>\n<p>&nbsp;<\/p>\n<p>TECHNICAL DATA<\/p>\n<p>SMALL METAL SNAP HOOK\/LARGE METAL SNAP HOOK:<\/p>\n<p>destructive force &#8211; 166 kg \/ 200 kg<\/p>\n<p>length &#8211; 66 mm \/ 80 mm<\/p>\n<p>weight &#8211; approx. 20 g \/ approx. 50 g<\/p>\n<p>material &#8211; zinc alloy \/ zinc alloy<\/p>\n<p>&nbsp;<\/p>\n<p>SMALL BRASS SNAP HOOK\/LARGE BRASS SNAP HOOK:<\/p>\n<p>destructive force &#8211; 188 kg \/ 250 kg<\/p>\n<p>length &#8211; 72 mm \/ 75 mm<\/p>\n<p>weight &#8211; approx. 41 g \/ approx. 63 g<\/p>\n<p>material &#8211; cast brass \/ cast brass<\/p>\n","protected":false},"excerpt":{"rendered":"<p>Rope-webbing leash with two carabiners, adjustable in three places, with a fastener on the handle.<\/p>\n<p><em>A comfortable, functional leash whose length you can adjust to the situation. The decorative accent adds a fashionable and tasteful character. <\/em><\/p>\n","protected":false},"featured_media":72344,"comment_status":"open","ping_status":"closed","template":"","meta":{"site-sidebar-layout":"default","site-content-layout":"default","ast-site-content-layout":"default","site-content-style":"default","site-sidebar-style":"default","ast-global-header-display":"","ast-banner-title-visibility":"","ast-main-header-display":"","ast-hfb-above-header-display":"","ast-hfb-below-header-display":"","ast-hfb-mobile-header-display":"","site-post-title":"","ast-breadcrumbs-content":"","ast-featured-img":"","footer-sml-layout":"","ast-disable-related-posts":"","theme-transparent-header-meta":"default","adv-header-id-meta":"","stick-header-meta":"default","header-above-stick-meta":"","header-main-stick-meta":"","header-below-stick-meta":"","astra-migrate-meta-layouts":"set","ast-page-background-enabled":"default","ast-page-background-meta":{"desktop":{"background-color":"","background-image":"","background-repeat":"repeat","background-position":"center center","background-size":"auto","background-attachment":"scroll","background-type":"","background-media":"","overlay-type":"","overlay-color":"","overlay-opacity":"","overlay-gradient":""},"tablet":{"background-color":"","background-image":"","background-repeat":"repeat","background-position":"center center","background-size":"auto","background-attachment":"scroll","background-type":"","background-media":"","overlay-type":"","overlay-color":"","overlay-opacity":"","overlay-gradient":""},"mobile":{"background-color":"","background-image":"","background-repeat":"repeat","background-position":"center center","background-size":"auto","background-attachment":"scroll","background-type":"","background-media":"","overlay-type":"","overlay-color":"","overlay-opacity":"","overlay-gradient":""}},"ast-content-background-meta":{"desktop":{"background-color":"var(--ast-global-color-5)","background-image":"","background-repeat":"repeat","background-position":"center center","background-size":"auto","background-attachment":"scroll","background-type":"","background-media":"","overlay-type":"","overlay-color":"","overlay-opacity":"","overlay-gradient":""},"tablet":{"background-color":"var(--ast-global-color-5)","background-image":"","background-repeat":"repeat","background-position":"center center","background-size":"auto","background-attachment":"scroll","background-type":"","background-media":"","overlay-type":"","overlay-color":"","overlay-opacity":"","overlay-gradient":""},"mobile":{"background-color":"var(--ast-global-color-5)","background-image":"","background-repeat":"repeat","background-position":"center center","background-size":"auto","background-attachment":"scroll","background-type":"","background-media":"","overlay-type":"","overlay-color":"","overlay-opacity":"","overlay-gradient":""}}},"product_brand":[],"product_cat":[964,983],"product_tag":[3306,3305,3034,3307],"class_list":{"0":"post-72319","1":"product","2":"type-product","3":"status-publish","4":"has-post-thumbnail","6":"product_cat-all","7":"product_cat-rope-leashes","8":"product_tag-adjustable-leash","9":"product_tag-dog-leash-en","10":"product_tag-leash","11":"product_tag-rope-leash","12":"desktop-align-left","13":"tablet-align-left","14":"mobile-align-left","15":"ast-product-gallery-layout-horizontal-slider","16":"ast-magnify-disabled","17":"ast-product-single-variable","18":"ast-product-tabs-layout-horizontal","20":"first","21":"instock","22":"shipping-taxable","23":"purchasable","24":"product-type-variable","25":"has-default-attributes"},"yoast_head":"<!-- This site is optimized with the Yoast SEO plugin v27.3 - https:\/\/yoast.com\/product\/yoast-seo-wordpress\/ -->\n<title>BALANCE adjustable rope-webbing leash - Dignis Design<\/title>\n<meta name=\"description\" content=\"BALANCE adjustable rope-webbing leash - an comfortable and functional leash, the length of which you can adjust to the situation. Perfect for everyday use.\" \/>\n<meta name=\"robots\" content=\"index, follow, max-snippet:-1, max-image-preview:large, max-video-preview:-1\" \/>\n<link rel=\"canonical\" href=\"https:\/\/dignisdesign.com.pl\/en\/produkt\/adjustable-rope-webbing-leash-kopia\/\" \/>\n<meta property=\"og:locale\" content=\"en_US\" \/>\n<meta property=\"og:type\" content=\"article\" \/>\n<meta property=\"og:title\" content=\"BALANCE adjustable rope-webbing leash - Dignis Design\" \/>\n<meta property=\"og:description\" content=\"BALANCE adjustable rope-webbing leash - an comfortable and functional leash, the length of which you can adjust to the situation. Perfect for everyday use.\" \/>\n<meta property=\"og:url\" content=\"https:\/\/dignisdesign.com.pl\/en\/produkt\/adjustable-rope-webbing-leash-kopia\/\" \/>\n<meta property=\"og:site_name\" content=\"Dignis Design\" \/>\n<meta property=\"article:modified_time\" content=\"2024-01-20T22:43:10+00:00\" \/>\n<meta property=\"og:image\" content=\"https:\/\/dignisdesign.com.pl\/wp-content\/uploads\/2023\/12\/smycz-przepinana-sznurowo-tasmowa-balance.jpg\" \/>\n\t<meta property=\"og:image:width\" content=\"1280\" \/>\n\t<meta property=\"og:image:height\" content=\"1280\" \/>\n\t<meta property=\"og:image:type\" content=\"image\/jpeg\" \/>\n<meta name=\"twitter:card\" content=\"summary_large_image\" \/>\n<meta name=\"twitter:label1\" content=\"Est. reading time\" \/>\n\t<meta name=\"twitter:data1\" content=\"3 minutes\" \/>\n<script type=\"application\/ld+json\" class=\"yoast-schema-graph\">{\"@context\":\"https:\\\/\\\/schema.org\",\"@graph\":[{\"@type\":\"WebPage\",\"@id\":\"https:\\\/\\\/dignisdesign.com.pl\\\/en\\\/produkt\\\/adjustable-rope-webbing-leash-kopia\\\/\",\"url\":\"https:\\\/\\\/dignisdesign.com.pl\\\/en\\\/produkt\\\/adjustable-rope-webbing-leash-kopia\\\/\",\"name\":\"BALANCE adjustable rope-webbing leash - Dignis Design\",\"isPartOf\":{\"@id\":\"https:\\\/\\\/dignisdesign.com.pl\\\/#website\"},\"primaryImageOfPage\":{\"@id\":\"https:\\\/\\\/dignisdesign.com.pl\\\/en\\\/produkt\\\/adjustable-rope-webbing-leash-kopia\\\/#primaryimage\"},\"image\":{\"@id\":\"https:\\\/\\\/dignisdesign.com.pl\\\/en\\\/produkt\\\/adjustable-rope-webbing-leash-kopia\\\/#primaryimage\"},\"thumbnailUrl\":\"https:\\\/\\\/dignisdesign.com.pl\\\/wp-content\\\/uploads\\\/2023\\\/12\\\/smycz-przepinana-sznurowo-tasmowa-balance.jpg\",\"datePublished\":\"2023-12-10T18:30:02+00:00\",\"dateModified\":\"2024-01-20T22:43:10+00:00\",\"description\":\"BALANCE adjustable rope-webbing leash - an comfortable and functional leash, the length of which you can adjust to the situation. Perfect for everyday use.\",\"breadcrumb\":{\"@id\":\"https:\\\/\\\/dignisdesign.com.pl\\\/en\\\/produkt\\\/adjustable-rope-webbing-leash-kopia\\\/#breadcrumb\"},\"inLanguage\":\"en-US\",\"potentialAction\":[{\"@type\":\"ReadAction\",\"target\":[\"https:\\\/\\\/dignisdesign.com.pl\\\/en\\\/produkt\\\/adjustable-rope-webbing-leash-kopia\\\/\"]}]},{\"@type\":\"ImageObject\",\"inLanguage\":\"en-US\",\"@id\":\"https:\\\/\\\/dignisdesign.com.pl\\\/en\\\/produkt\\\/adjustable-rope-webbing-leash-kopia\\\/#primaryimage\",\"url\":\"https:\\\/\\\/dignisdesign.com.pl\\\/wp-content\\\/uploads\\\/2023\\\/12\\\/smycz-przepinana-sznurowo-tasmowa-balance.jpg\",\"contentUrl\":\"https:\\\/\\\/dignisdesign.com.pl\\\/wp-content\\\/uploads\\\/2023\\\/12\\\/smycz-przepinana-sznurowo-tasmowa-balance.jpg\",\"width\":1280,\"height\":1280},{\"@type\":\"BreadcrumbList\",\"@id\":\"https:\\\/\\\/dignisdesign.com.pl\\\/en\\\/produkt\\\/adjustable-rope-webbing-leash-kopia\\\/#breadcrumb\",\"itemListElement\":[{\"@type\":\"ListItem\",\"position\":1,\"name\":\"Strona g\u0142\u00f3wna\",\"item\":\"https:\\\/\\\/dignisdesign.com.pl\\\/\"},{\"@type\":\"ListItem\",\"position\":2,\"name\":\"Store\",\"item\":\"https:\\\/\\\/dignisdesign.com.pl\\\/en\\\/store\\\/\"},{\"@type\":\"ListItem\",\"position\":3,\"name\":\"BALANCE adjustable rope-webbing leash\"}]},{\"@type\":\"WebSite\",\"@id\":\"https:\\\/\\\/dignisdesign.com.pl\\\/#website\",\"url\":\"https:\\\/\\\/dignisdesign.com.pl\\\/\",\"name\":\"Dignis Design\",\"description\":\"Akcesoria dla czworonog&oacute;w tworzone z pasj\u0105 i dba\u0142o\u015bci\u0105 o ka\u017cdy detal\",\"publisher\":{\"@id\":\"https:\\\/\\\/dignisdesign.com.pl\\\/#organization\"},\"potentialAction\":[{\"@type\":\"SearchAction\",\"target\":{\"@type\":\"EntryPoint\",\"urlTemplate\":\"https:\\\/\\\/dignisdesign.com.pl\\\/?s={search_term_string}\"},\"query-input\":{\"@type\":\"PropertyValueSpecification\",\"valueRequired\":true,\"valueName\":\"search_term_string\"}}],\"inLanguage\":\"en-US\"},{\"@type\":\"Organization\",\"@id\":\"https:\\\/\\\/dignisdesign.com.pl\\\/#organization\",\"name\":\"Dignis Design\",\"url\":\"https:\\\/\\\/dignisdesign.com.pl\\\/\",\"logo\":{\"@type\":\"ImageObject\",\"inLanguage\":\"en-US\",\"@id\":\"https:\\\/\\\/dignisdesign.com.pl\\\/#\\\/schema\\\/logo\\\/image\\\/\",\"url\":\"https:\\\/\\\/dignisdesign.com.pl\\\/wp-content\\\/uploads\\\/2020\\\/12\\\/DIGNIS-LOGO-PROJEKT-MALE.png\",\"contentUrl\":\"https:\\\/\\\/dignisdesign.com.pl\\\/wp-content\\\/uploads\\\/2020\\\/12\\\/DIGNIS-LOGO-PROJEKT-MALE.png\",\"width\":664,\"height\":300,\"caption\":\"Dignis Design\"},\"image\":{\"@id\":\"https:\\\/\\\/dignisdesign.com.pl\\\/#\\\/schema\\\/logo\\\/image\\\/\"}}]}<\/script>\n<!-- \/ Yoast SEO plugin. -->","yoast_head_json":{"title":"BALANCE adjustable rope-webbing leash - Dignis Design","description":"BALANCE adjustable rope-webbing leash - an comfortable and functional leash, the length of which you can adjust to the situation. Perfect for everyday use.","robots":{"index":"index","follow":"follow","max-snippet":"max-snippet:-1","max-image-preview":"max-image-preview:large","max-video-preview":"max-video-preview:-1"},"canonical":"https:\/\/dignisdesign.com.pl\/en\/produkt\/adjustable-rope-webbing-leash-kopia\/","og_locale":"en_US","og_type":"article","og_title":"BALANCE adjustable rope-webbing leash - Dignis Design","og_description":"BALANCE adjustable rope-webbing leash - an comfortable and functional leash, the length of which you can adjust to the situation. Perfect for everyday use.","og_url":"https:\/\/dignisdesign.com.pl\/en\/produkt\/adjustable-rope-webbing-leash-kopia\/","og_site_name":"Dignis Design","article_modified_time":"2024-01-20T22:43:10+00:00","og_image":[{"width":1280,"height":1280,"url":"https:\/\/dignisdesign.com.pl\/wp-content\/uploads\/2023\/12\/smycz-przepinana-sznurowo-tasmowa-balance.jpg","type":"image\/jpeg"}],"twitter_card":"summary_large_image","twitter_misc":{"Est. reading time":"3 minutes"},"schema":{"@context":"https:\/\/schema.org","@graph":[{"@type":"WebPage","@id":"https:\/\/dignisdesign.com.pl\/en\/produkt\/adjustable-rope-webbing-leash-kopia\/","url":"https:\/\/dignisdesign.com.pl\/en\/produkt\/adjustable-rope-webbing-leash-kopia\/","name":"BALANCE adjustable rope-webbing leash - Dignis Design","isPartOf":{"@id":"https:\/\/dignisdesign.com.pl\/#website"},"primaryImageOfPage":{"@id":"https:\/\/dignisdesign.com.pl\/en\/produkt\/adjustable-rope-webbing-leash-kopia\/#primaryimage"},"image":{"@id":"https:\/\/dignisdesign.com.pl\/en\/produkt\/adjustable-rope-webbing-leash-kopia\/#primaryimage"},"thumbnailUrl":"https:\/\/dignisdesign.com.pl\/wp-content\/uploads\/2023\/12\/smycz-przepinana-sznurowo-tasmowa-balance.jpg","datePublished":"2023-12-10T18:30:02+00:00","dateModified":"2024-01-20T22:43:10+00:00","description":"BALANCE adjustable rope-webbing leash - an comfortable and functional leash, the length of which you can adjust to the situation. Perfect for everyday use.","breadcrumb":{"@id":"https:\/\/dignisdesign.com.pl\/en\/produkt\/adjustable-rope-webbing-leash-kopia\/#breadcrumb"},"inLanguage":"en-US","potentialAction":[{"@type":"ReadAction","target":["https:\/\/dignisdesign.com.pl\/en\/produkt\/adjustable-rope-webbing-leash-kopia\/"]}]},{"@type":"ImageObject","inLanguage":"en-US","@id":"https:\/\/dignisdesign.com.pl\/en\/produkt\/adjustable-rope-webbing-leash-kopia\/#primaryimage","url":"https:\/\/dignisdesign.com.pl\/wp-content\/uploads\/2023\/12\/smycz-przepinana-sznurowo-tasmowa-balance.jpg","contentUrl":"https:\/\/dignisdesign.com.pl\/wp-content\/uploads\/2023\/12\/smycz-przepinana-sznurowo-tasmowa-balance.jpg","width":1280,"height":1280},{"@type":"BreadcrumbList","@id":"https:\/\/dignisdesign.com.pl\/en\/produkt\/adjustable-rope-webbing-leash-kopia\/#breadcrumb","itemListElement":[{"@type":"ListItem","position":1,"name":"Strona g\u0142\u00f3wna","item":"https:\/\/dignisdesign.com.pl\/"},{"@type":"ListItem","position":2,"name":"Store","item":"https:\/\/dignisdesign.com.pl\/en\/store\/"},{"@type":"ListItem","position":3,"name":"BALANCE adjustable rope-webbing leash"}]},{"@type":"WebSite","@id":"https:\/\/dignisdesign.com.pl\/#website","url":"https:\/\/dignisdesign.com.pl\/","name":"Dignis Design","description":"Akcesoria dla czworonog&oacute;w tworzone z pasj\u0105 i dba\u0142o\u015bci\u0105 o ka\u017cdy detal","publisher":{"@id":"https:\/\/dignisdesign.com.pl\/#organization"},"potentialAction":[{"@type":"SearchAction","target":{"@type":"EntryPoint","urlTemplate":"https:\/\/dignisdesign.com.pl\/?s={search_term_string}"},"query-input":{"@type":"PropertyValueSpecification","valueRequired":true,"valueName":"search_term_string"}}],"inLanguage":"en-US"},{"@type":"Organization","@id":"https:\/\/dignisdesign.com.pl\/#organization","name":"Dignis Design","url":"https:\/\/dignisdesign.com.pl\/","logo":{"@type":"ImageObject","inLanguage":"en-US","@id":"https:\/\/dignisdesign.com.pl\/#\/schema\/logo\/image\/","url":"https:\/\/dignisdesign.com.pl\/wp-content\/uploads\/2020\/12\/DIGNIS-LOGO-PROJEKT-MALE.png","contentUrl":"https:\/\/dignisdesign.com.pl\/wp-content\/uploads\/2020\/12\/DIGNIS-LOGO-PROJEKT-MALE.png","width":664,"height":300,"caption":"Dignis Design"},"image":{"@id":"https:\/\/dignisdesign.com.pl\/#\/schema\/logo\/image\/"}}]}},"jetpack_sharing_enabled":true,"_links":{"self":[{"href":"https:\/\/dignisdesign.com.pl\/en\/wp-json\/wp\/v2\/product\/72319","targetHints":{"allow":["GET"]}}],"collection":[{"href":"https:\/\/dignisdesign.com.pl\/en\/wp-json\/wp\/v2\/product"}],"about":[{"href":"https:\/\/dignisdesign.com.pl\/en\/wp-json\/wp\/v2\/types\/product"}],"replies":[{"embeddable":true,"href":"https:\/\/dignisdesign.com.pl\/en\/wp-json\/wp\/v2\/comments?post=72319"}],"version-history":[{"count":2,"href":"https:\/\/dignisdesign.com.pl\/en\/wp-json\/wp\/v2\/product\/72319\/revisions"}],"predecessor-version":[{"id":73386,"href":"https:\/\/dignisdesign.com.pl\/en\/wp-json\/wp\/v2\/product\/72319\/revisions\/73386"}],"wp:featuredmedia":[{"embeddable":true,"href":"https:\/\/dignisdesign.com.pl\/en\/wp-json\/wp\/v2\/media\/72344"}],"wp:attachment":[{"href":"https:\/\/dignisdesign.com.pl\/en\/wp-json\/wp\/v2\/media?parent=72319"}],"wp:term":[{"taxonomy":"product_brand","embeddable":true,"href":"https:\/\/dignisdesign.com.pl\/en\/wp-json\/wp\/v2\/product_brand?post=72319"},{"taxonomy":"product_cat","embeddable":true,"href":"https:\/\/dignisdesign.com.pl\/en\/wp-json\/wp\/v2\/product_cat?post=72319"},{"taxonomy":"product_tag","embeddable":true,"href":"https:\/\/dignisdesign.com.pl\/en\/wp-json\/wp\/v2\/product_tag?post=72319"}],"curies":[{"name":"wp","href":"https:\/\/api.w.org\/{rel}","templated":true}]}}