	
	
{"id":71781,"date":"2023-10-24T16:35:49","date_gmt":"2023-10-24T16:35:49","guid":{"rendered":"https:\/\/dignisdesign.com.pl\/?post_type=product&#038;p=71781"},"modified":"2024-01-20T16:41:57","modified_gmt":"2024-01-20T16:41:57","slug":"splash-dog-harness-with-classic-buckles","status":"publish","type":"product","link":"https:\/\/dignisdesign.com.pl\/en\/produkt\/splash-dog-harness-with-classic-buckles\/","title":{"rendered":"The ART SPLASH dog harness with classic buckles"},"content":{"rendered":"<p style=\"text-align: center;\">The ART SPLASH dog harness with classic buckles<\/p>\n<div style=\"overflow-x: auto;\">\n<table class=\"customTable\">\n<thead>\n<tr>\n<th>SIZE<\/th>\n<th>S<\/th>\n<th>M<\/th>\n<th>L<\/th>\n<\/tr>\n<\/thead>\n<tbody>\n<tr>\n<td>SHOULDER GIRTH<\/td>\n<td>29-46 CM<\/td>\n<td>41-66 CM<\/td>\n<td>53-88 CM<\/td>\n<\/tr>\n<tr>\n<td>CHEST CIRCUMFERENCE<\/td>\n<td>32-55 CM<\/td>\n<td>44-77 CM<\/td>\n<td>58-101 CM<\/td>\n<\/tr>\n<tr>\n<td>TAPE WIDTH<\/td>\n<td>1.6 CM \/ 2.5 CM<\/td>\n<td>1.6 CM \/ 2.5 CM<\/td>\n<td>2.5 CM<\/td>\n<\/tr>\n<tr>\n<td>DORSAL STRAP LENGTH \u2013 16 MM WEBBING<\/td>\n<td>11 CM<\/td>\n<td>12 CM<\/td>\n<td>&#8211;<\/td>\n<\/tr>\n<tr>\n<td>DORSAL STRAP LENGTH \u2013 25 MM WEBBING<\/td>\n<td>13 CM<\/td>\n<td>15 CM<\/td>\n<td>20 CM<\/td>\n<\/tr>\n<tr>\n<td>STERN STRAP LENGTH \u2013 16 MM WEBBING<\/td>\n<td>11 CM<\/td>\n<td>17-20 CM<\/td>\n<td>&#8211;<\/td>\n<\/tr>\n<tr>\n<td>STERN STRAP LENGTH \u2013 25 MM WEBBING<\/td>\n<td>13 CM<\/td>\n<td>19-22 CM<\/td>\n<td>23-30 CM<\/td>\n<\/tr>\n<\/tbody>\n<\/table>\n<\/div>\n<p>The harness is handmade, made to measure &#8211; MODIFICATION OPTION (if you haven&#8217;t found the right size or you have doubts which size fits your pet&#8217;s dimensions &#8211; <a href=\"https:\/\/dignisdesign.com.pl\/kontakt\/\"><strong>CONTACT US<\/strong><\/a>)<\/p>\n<p>Make the harness even more special and unique &#8211; <em><strong>we can engrave<\/strong> any inscription on them<\/em>, e.g. the dog&#8217;s name, contact number, address, nickname, Instagram account name, etc.<\/p>\n<p>The harness material is a strong polyvinyl chloride (PVC) webbing coated with thermoplastic polyurethane (TPU), making it lightweight yet very durable.<\/p>\n<p>The great advantage of the webbing is that it is resistant to water, sweat, chemicals, UV radiation, weather, bacteria, and does not wipe fur. The outer layer of the tape is not abraded, and its properties remain constant regardless of temperature. In addition, the material is easy to maintain (it can be cleaned with soapy water), and despite its thickness, it remains flexible.<\/p>\n<p>The ART SPLASH effect (and possible coloring of the engraver) are made with a special paint. The paint is very durable, but we do not recommend washing it with hot water, brushing or using detergents. We recommend washing with a damp cloth.<\/p>\n<p>The harness are painted on one side (outside). Possibility to choose one or two paint colors.<\/p>\n<p>While creating harness, we use Chicago screws and in the case of brass fittings &#8211; we use brass rivets.<\/p>\n<p>Black, rosegold and neochrome fittings are lacquered &#8211; the lacquer will wear off depending on how and how intensively the product is used. These elements are subject to corrosion. <\/p>\n<p>Brass fitting will work well in contact with salt water &#8211; it is resistant to rust. It does not rub off or chip, but it is the heaviest. Over time, the brass fittings will acquire an unique patina &#8211; it may get dirty. We recommend systematic cleaning of the fittings &#8211; e.g. with a microfiber cloth. <\/p>\n<p>The ART SPLASH dog harness with classic buckles is handmade &#8211; the dimensions given may slightly differ in reality.<\/p>\n<p>We do not have any stock &#8211; we make accessories according to individual customer orders. <strong>Non-prefabricated product &#8211; non-returnable.<\/strong><\/p>\n<p>The colors shown may vary slightly in reality &#8211; this depends on individual screen brightness settings.<\/p>\n<div style=\"overflow-x: auto;\">\n<table class=\"purpleHorizon\">\n<thead>\n<tr>\n<th>TECHNICAL DATA<\/th>\n<th>TAPE WIDTH 25 MM<\/th>\n<th>TAPE WIDTH 16 MM<\/th>\n<th>METAL BUCKLE FOR TAPE 25 MM<\/th>\n<th>METAL BUCKLE FOR TAPE 16 MM<\/th>\n<th>BRASS BUCKLE FOR TAPE 25 MM<\/th>\n<th>BRASS BUCKLE FOR TAPE 16 MM<\/th>\n<\/tr>\n<\/thead>\n<tbody>\n<tr>\n<td>DESTRUCTIVE FORCE<\/td>\n<td>250 KG<\/td>\n<td>180 KG<\/td>\n<td>160 KG<\/td>\n<td>50 KG<\/td>\n<td>400 KG<\/td>\n<td>200 KG<\/td>\n<\/tr>\n<tr>\n<td>TAPE THICKNESS<\/td>\n<td>2.7 MM<\/td>\n<td>2.7 MM<\/td>\n<td>&#8211;<\/td>\n<td>&#8211;<\/td>\n<td>&#8211;<\/td>\n<td>&#8211;<\/td>\n<\/tr>\n<tr>\n<td>MATERIAL<\/td>\n<td>TPU<\/td>\n<td>TPU<\/td>\n<td>ZINC ALLOY<\/td>\n<td>ZINC ALLOY<\/td>\n<td>CAST BRASS<\/td>\n<td>CAST BRASS<\/td>\n<\/tr>\n<tr>\n<td>LENGTH<\/td>\n<td>&#8211;<\/td>\n<td>&#8211;<\/td>\n<td>52 MM<\/td>\n<td>35 MM<\/td>\n<td>57 MM<\/td>\n<td>43 MM<\/td>\n<\/tr>\n<tr>\n<td>WEIGHT<\/td>\n<td>1 M &#8211; 75 G<\/td>\n<td>1 M &#8211; 45 G<\/td>\n<td>ca. 30 G <\/td>\n<td>ca. 9 G <\/td>\n<td>ca. 38 G <\/td>\n<td>ca. 25 G <\/td>\n<\/tr>\n<\/tbody>\n<\/table>\n<\/div>\n","protected":false},"excerpt":{"rendered":"<p>Waterproof harness with three classic buckles, with adjuster, with D-ring.<\/p>\n<p><em>The ART SPLASH harness with classic buckles for dogs is a product that is perfect for various types of activities with your dog: hiking, running, cycling &#8211; this product will be reliable. It is also an excellent solution for dogs that do not like to walk in a collar. <\/em><\/p>\n<p><em>The ART SPLASH effect adds a fashionable, original and eye-catching character to the harness.<\/em><\/p>\n","protected":false},"featured_media":71795,"comment_status":"open","ping_status":"closed","template":"","meta":{"site-sidebar-layout":"default","site-content-layout":"default","ast-site-content-layout":"default","site-content-style":"default","site-sidebar-style":"default","ast-global-header-display":"","ast-banner-title-visibility":"","ast-main-header-display":"","ast-hfb-above-header-display":"","ast-hfb-below-header-display":"","ast-hfb-mobile-header-display":"","site-post-title":"","ast-breadcrumbs-content":"","ast-featured-img":"","footer-sml-layout":"","ast-disable-related-posts":"","theme-transparent-header-meta":"default","adv-header-id-meta":"","stick-header-meta":"default","header-above-stick-meta":"","header-main-stick-meta":"","header-below-stick-meta":"","astra-migrate-meta-layouts":"set","ast-page-background-enabled":"default","ast-page-background-meta":{"desktop":{"background-color":"","background-image":"","background-repeat":"repeat","background-position":"center center","background-size":"auto","background-attachment":"scroll","background-type":"","background-media":"","overlay-type":"","overlay-color":"","overlay-opacity":"","overlay-gradient":""},"tablet":{"background-color":"","background-image":"","background-repeat":"repeat","background-position":"center center","background-size":"auto","background-attachment":"scroll","background-type":"","background-media":"","overlay-type":"","overlay-color":"","overlay-opacity":"","overlay-gradient":""},"mobile":{"background-color":"","background-image":"","background-repeat":"repeat","background-position":"center center","background-size":"auto","background-attachment":"scroll","background-type":"","background-media":"","overlay-type":"","overlay-color":"","overlay-opacity":"","overlay-gradient":""}},"ast-content-background-meta":{"desktop":{"background-color":"var(--ast-global-color-5)","background-image":"","background-repeat":"repeat","background-position":"center center","background-size":"auto","background-attachment":"scroll","background-type":"","background-media":"","overlay-type":"","overlay-color":"","overlay-opacity":"","overlay-gradient":""},"tablet":{"background-color":"var(--ast-global-color-5)","background-image":"","background-repeat":"repeat","background-position":"center center","background-size":"auto","background-attachment":"scroll","background-type":"","background-media":"","overlay-type":"","overlay-color":"","overlay-opacity":"","overlay-gradient":""},"mobile":{"background-color":"var(--ast-global-color-5)","background-image":"","background-repeat":"repeat","background-position":"center center","background-size":"auto","background-attachment":"scroll","background-type":"","background-media":"","overlay-type":"","overlay-color":"","overlay-opacity":"","overlay-gradient":""}}},"product_brand":[],"product_cat":[964,2971],"product_tag":[3295,3296,3297,3298],"class_list":{"0":"post-71781","1":"product","2":"type-product","3":"status-publish","4":"has-post-thumbnail","6":"product_cat-all","7":"product_cat-waterproof-harness-art-splash","8":"product_tag-dog-harness","9":"product_tag-harness-with-classic-buckles","10":"product_tag-waterproof-dog-harness","11":"product_tag-webbing-harness","12":"desktop-align-left","13":"tablet-align-left","14":"mobile-align-left","15":"ast-product-gallery-layout-horizontal-slider","16":"ast-magnify-disabled","17":"ast-product-single-variable","18":"ast-product-tabs-layout-horizontal","20":"first","21":"instock","22":"shipping-taxable","23":"purchasable","24":"product-type-variable","25":"has-default-attributes"},"yoast_head":"<!-- This site is optimized with the Yoast SEO plugin v27.3 - https:\/\/yoast.com\/product\/yoast-seo-wordpress\/ -->\n<title>The ART SPLASH dog harness with classic buckles - Dignis Design<\/title>\n<meta name=\"description\" content=\"The ART SPLASH dog harness with classic buckles is an unique and original product. An ideal solution for dogs that do not like wearing a collar.\" \/>\n<meta name=\"robots\" content=\"index, follow, max-snippet:-1, max-image-preview:large, max-video-preview:-1\" \/>\n<link rel=\"canonical\" href=\"https:\/\/dignisdesign.com.pl\/en\/produkt\/splash-dog-harness-with-classic-buckles\/\" \/>\n<meta property=\"og:locale\" content=\"en_US\" \/>\n<meta property=\"og:type\" content=\"article\" \/>\n<meta property=\"og:title\" content=\"The ART SPLASH dog harness with classic buckles - Dignis Design\" \/>\n<meta property=\"og:description\" content=\"The ART SPLASH dog harness with classic buckles is an unique and original product. An ideal solution for dogs that do not like wearing a collar.\" \/>\n<meta property=\"og:url\" content=\"https:\/\/dignisdesign.com.pl\/en\/produkt\/splash-dog-harness-with-classic-buckles\/\" \/>\n<meta property=\"og:site_name\" content=\"Dignis Design\" \/>\n<meta property=\"article:modified_time\" content=\"2024-01-20T16:41:57+00:00\" \/>\n<meta property=\"og:image\" content=\"https:\/\/dignisdesign.com.pl\/wp-content\/uploads\/2023\/10\/szelki-art-splash-dla-psa-na-klamry-klasyczne.jpg\" \/>\n\t<meta property=\"og:image:width\" content=\"1280\" \/>\n\t<meta property=\"og:image:height\" content=\"1280\" \/>\n\t<meta property=\"og:image:type\" content=\"image\/jpeg\" \/>\n<meta name=\"twitter:card\" content=\"summary_large_image\" \/>\n<meta name=\"twitter:label1\" content=\"Est. reading time\" \/>\n\t<meta name=\"twitter:data1\" content=\"4 minutes\" \/>\n<script type=\"application\/ld+json\" class=\"yoast-schema-graph\">{\"@context\":\"https:\\\/\\\/schema.org\",\"@graph\":[{\"@type\":\"WebPage\",\"@id\":\"https:\\\/\\\/dignisdesign.com.pl\\\/en\\\/produkt\\\/splash-dog-harness-with-classic-buckles\\\/\",\"url\":\"https:\\\/\\\/dignisdesign.com.pl\\\/en\\\/produkt\\\/splash-dog-harness-with-classic-buckles\\\/\",\"name\":\"The ART SPLASH dog harness with classic buckles - Dignis Design\",\"isPartOf\":{\"@id\":\"https:\\\/\\\/dignisdesign.com.pl\\\/#website\"},\"primaryImageOfPage\":{\"@id\":\"https:\\\/\\\/dignisdesign.com.pl\\\/en\\\/produkt\\\/splash-dog-harness-with-classic-buckles\\\/#primaryimage\"},\"image\":{\"@id\":\"https:\\\/\\\/dignisdesign.com.pl\\\/en\\\/produkt\\\/splash-dog-harness-with-classic-buckles\\\/#primaryimage\"},\"thumbnailUrl\":\"https:\\\/\\\/dignisdesign.com.pl\\\/wp-content\\\/uploads\\\/2023\\\/10\\\/szelki-art-splash-dla-psa-na-klamry-klasyczne.jpg\",\"datePublished\":\"2023-10-24T16:35:49+00:00\",\"dateModified\":\"2024-01-20T16:41:57+00:00\",\"description\":\"The ART SPLASH dog harness with classic buckles is an unique and original product. An ideal solution for dogs that do not like wearing a collar.\",\"breadcrumb\":{\"@id\":\"https:\\\/\\\/dignisdesign.com.pl\\\/en\\\/produkt\\\/splash-dog-harness-with-classic-buckles\\\/#breadcrumb\"},\"inLanguage\":\"en-US\",\"potentialAction\":[{\"@type\":\"ReadAction\",\"target\":[\"https:\\\/\\\/dignisdesign.com.pl\\\/en\\\/produkt\\\/splash-dog-harness-with-classic-buckles\\\/\"]}]},{\"@type\":\"ImageObject\",\"inLanguage\":\"en-US\",\"@id\":\"https:\\\/\\\/dignisdesign.com.pl\\\/en\\\/produkt\\\/splash-dog-harness-with-classic-buckles\\\/#primaryimage\",\"url\":\"https:\\\/\\\/dignisdesign.com.pl\\\/wp-content\\\/uploads\\\/2023\\\/10\\\/szelki-art-splash-dla-psa-na-klamry-klasyczne.jpg\",\"contentUrl\":\"https:\\\/\\\/dignisdesign.com.pl\\\/wp-content\\\/uploads\\\/2023\\\/10\\\/szelki-art-splash-dla-psa-na-klamry-klasyczne.jpg\",\"width\":1280,\"height\":1280},{\"@type\":\"BreadcrumbList\",\"@id\":\"https:\\\/\\\/dignisdesign.com.pl\\\/en\\\/produkt\\\/splash-dog-harness-with-classic-buckles\\\/#breadcrumb\",\"itemListElement\":[{\"@type\":\"ListItem\",\"position\":1,\"name\":\"Strona g\u0142\u00f3wna\",\"item\":\"https:\\\/\\\/dignisdesign.com.pl\\\/\"},{\"@type\":\"ListItem\",\"position\":2,\"name\":\"Store\",\"item\":\"https:\\\/\\\/dignisdesign.com.pl\\\/en\\\/store\\\/\"},{\"@type\":\"ListItem\",\"position\":3,\"name\":\"The ART SPLASH dog harness with classic buckles\"}]},{\"@type\":\"WebSite\",\"@id\":\"https:\\\/\\\/dignisdesign.com.pl\\\/#website\",\"url\":\"https:\\\/\\\/dignisdesign.com.pl\\\/\",\"name\":\"Dignis Design\",\"description\":\"Akcesoria dla czworonog&oacute;w tworzone z pasj\u0105 i dba\u0142o\u015bci\u0105 o ka\u017cdy detal\",\"publisher\":{\"@id\":\"https:\\\/\\\/dignisdesign.com.pl\\\/#organization\"},\"potentialAction\":[{\"@type\":\"SearchAction\",\"target\":{\"@type\":\"EntryPoint\",\"urlTemplate\":\"https:\\\/\\\/dignisdesign.com.pl\\\/?s={search_term_string}\"},\"query-input\":{\"@type\":\"PropertyValueSpecification\",\"valueRequired\":true,\"valueName\":\"search_term_string\"}}],\"inLanguage\":\"en-US\"},{\"@type\":\"Organization\",\"@id\":\"https:\\\/\\\/dignisdesign.com.pl\\\/#organization\",\"name\":\"Dignis Design\",\"url\":\"https:\\\/\\\/dignisdesign.com.pl\\\/\",\"logo\":{\"@type\":\"ImageObject\",\"inLanguage\":\"en-US\",\"@id\":\"https:\\\/\\\/dignisdesign.com.pl\\\/#\\\/schema\\\/logo\\\/image\\\/\",\"url\":\"https:\\\/\\\/dignisdesign.com.pl\\\/wp-content\\\/uploads\\\/2020\\\/12\\\/DIGNIS-LOGO-PROJEKT-MALE.png\",\"contentUrl\":\"https:\\\/\\\/dignisdesign.com.pl\\\/wp-content\\\/uploads\\\/2020\\\/12\\\/DIGNIS-LOGO-PROJEKT-MALE.png\",\"width\":664,\"height\":300,\"caption\":\"Dignis Design\"},\"image\":{\"@id\":\"https:\\\/\\\/dignisdesign.com.pl\\\/#\\\/schema\\\/logo\\\/image\\\/\"}}]}<\/script>\n<!-- \/ Yoast SEO plugin. -->","yoast_head_json":{"title":"The ART SPLASH dog harness with classic buckles - Dignis Design","description":"The ART SPLASH dog harness with classic buckles is an unique and original product. An ideal solution for dogs that do not like wearing a collar.","robots":{"index":"index","follow":"follow","max-snippet":"max-snippet:-1","max-image-preview":"max-image-preview:large","max-video-preview":"max-video-preview:-1"},"canonical":"https:\/\/dignisdesign.com.pl\/en\/produkt\/splash-dog-harness-with-classic-buckles\/","og_locale":"en_US","og_type":"article","og_title":"The ART SPLASH dog harness with classic buckles - Dignis Design","og_description":"The ART SPLASH dog harness with classic buckles is an unique and original product. An ideal solution for dogs that do not like wearing a collar.","og_url":"https:\/\/dignisdesign.com.pl\/en\/produkt\/splash-dog-harness-with-classic-buckles\/","og_site_name":"Dignis Design","article_modified_time":"2024-01-20T16:41:57+00:00","og_image":[{"width":1280,"height":1280,"url":"https:\/\/dignisdesign.com.pl\/wp-content\/uploads\/2023\/10\/szelki-art-splash-dla-psa-na-klamry-klasyczne.jpg","type":"image\/jpeg"}],"twitter_card":"summary_large_image","twitter_misc":{"Est. reading time":"4 minutes"},"schema":{"@context":"https:\/\/schema.org","@graph":[{"@type":"WebPage","@id":"https:\/\/dignisdesign.com.pl\/en\/produkt\/splash-dog-harness-with-classic-buckles\/","url":"https:\/\/dignisdesign.com.pl\/en\/produkt\/splash-dog-harness-with-classic-buckles\/","name":"The ART SPLASH dog harness with classic buckles - Dignis Design","isPartOf":{"@id":"https:\/\/dignisdesign.com.pl\/#website"},"primaryImageOfPage":{"@id":"https:\/\/dignisdesign.com.pl\/en\/produkt\/splash-dog-harness-with-classic-buckles\/#primaryimage"},"image":{"@id":"https:\/\/dignisdesign.com.pl\/en\/produkt\/splash-dog-harness-with-classic-buckles\/#primaryimage"},"thumbnailUrl":"https:\/\/dignisdesign.com.pl\/wp-content\/uploads\/2023\/10\/szelki-art-splash-dla-psa-na-klamry-klasyczne.jpg","datePublished":"2023-10-24T16:35:49+00:00","dateModified":"2024-01-20T16:41:57+00:00","description":"The ART SPLASH dog harness with classic buckles is an unique and original product. An ideal solution for dogs that do not like wearing a collar.","breadcrumb":{"@id":"https:\/\/dignisdesign.com.pl\/en\/produkt\/splash-dog-harness-with-classic-buckles\/#breadcrumb"},"inLanguage":"en-US","potentialAction":[{"@type":"ReadAction","target":["https:\/\/dignisdesign.com.pl\/en\/produkt\/splash-dog-harness-with-classic-buckles\/"]}]},{"@type":"ImageObject","inLanguage":"en-US","@id":"https:\/\/dignisdesign.com.pl\/en\/produkt\/splash-dog-harness-with-classic-buckles\/#primaryimage","url":"https:\/\/dignisdesign.com.pl\/wp-content\/uploads\/2023\/10\/szelki-art-splash-dla-psa-na-klamry-klasyczne.jpg","contentUrl":"https:\/\/dignisdesign.com.pl\/wp-content\/uploads\/2023\/10\/szelki-art-splash-dla-psa-na-klamry-klasyczne.jpg","width":1280,"height":1280},{"@type":"BreadcrumbList","@id":"https:\/\/dignisdesign.com.pl\/en\/produkt\/splash-dog-harness-with-classic-buckles\/#breadcrumb","itemListElement":[{"@type":"ListItem","position":1,"name":"Strona g\u0142\u00f3wna","item":"https:\/\/dignisdesign.com.pl\/"},{"@type":"ListItem","position":2,"name":"Store","item":"https:\/\/dignisdesign.com.pl\/en\/store\/"},{"@type":"ListItem","position":3,"name":"The ART SPLASH dog harness with classic buckles"}]},{"@type":"WebSite","@id":"https:\/\/dignisdesign.com.pl\/#website","url":"https:\/\/dignisdesign.com.pl\/","name":"Dignis Design","description":"Akcesoria dla czworonog&oacute;w tworzone z pasj\u0105 i dba\u0142o\u015bci\u0105 o ka\u017cdy detal","publisher":{"@id":"https:\/\/dignisdesign.com.pl\/#organization"},"potentialAction":[{"@type":"SearchAction","target":{"@type":"EntryPoint","urlTemplate":"https:\/\/dignisdesign.com.pl\/?s={search_term_string}"},"query-input":{"@type":"PropertyValueSpecification","valueRequired":true,"valueName":"search_term_string"}}],"inLanguage":"en-US"},{"@type":"Organization","@id":"https:\/\/dignisdesign.com.pl\/#organization","name":"Dignis Design","url":"https:\/\/dignisdesign.com.pl\/","logo":{"@type":"ImageObject","inLanguage":"en-US","@id":"https:\/\/dignisdesign.com.pl\/#\/schema\/logo\/image\/","url":"https:\/\/dignisdesign.com.pl\/wp-content\/uploads\/2020\/12\/DIGNIS-LOGO-PROJEKT-MALE.png","contentUrl":"https:\/\/dignisdesign.com.pl\/wp-content\/uploads\/2020\/12\/DIGNIS-LOGO-PROJEKT-MALE.png","width":664,"height":300,"caption":"Dignis Design"},"image":{"@id":"https:\/\/dignisdesign.com.pl\/#\/schema\/logo\/image\/"}}]}},"jetpack_sharing_enabled":true,"_links":{"self":[{"href":"https:\/\/dignisdesign.com.pl\/en\/wp-json\/wp\/v2\/product\/71781","targetHints":{"allow":["GET"]}}],"collection":[{"href":"https:\/\/dignisdesign.com.pl\/en\/wp-json\/wp\/v2\/product"}],"about":[{"href":"https:\/\/dignisdesign.com.pl\/en\/wp-json\/wp\/v2\/types\/product"}],"replies":[{"embeddable":true,"href":"https:\/\/dignisdesign.com.pl\/en\/wp-json\/wp\/v2\/comments?post=71781"}],"version-history":[{"count":6,"href":"https:\/\/dignisdesign.com.pl\/en\/wp-json\/wp\/v2\/product\/71781\/revisions"}],"predecessor-version":[{"id":73379,"href":"https:\/\/dignisdesign.com.pl\/en\/wp-json\/wp\/v2\/product\/71781\/revisions\/73379"}],"wp:featuredmedia":[{"embeddable":true,"href":"https:\/\/dignisdesign.com.pl\/en\/wp-json\/wp\/v2\/media\/71795"}],"wp:attachment":[{"href":"https:\/\/dignisdesign.com.pl\/en\/wp-json\/wp\/v2\/media?parent=71781"}],"wp:term":[{"taxonomy":"product_brand","embeddable":true,"href":"https:\/\/dignisdesign.com.pl\/en\/wp-json\/wp\/v2\/product_brand?post=71781"},{"taxonomy":"product_cat","embeddable":true,"href":"https:\/\/dignisdesign.com.pl\/en\/wp-json\/wp\/v2\/product_cat?post=71781"},{"taxonomy":"product_tag","embeddable":true,"href":"https:\/\/dignisdesign.com.pl\/en\/wp-json\/wp\/v2\/product_tag?post=71781"}],"curies":[{"name":"wp","href":"https:\/\/api.w.org\/{rel}","templated":true}]}}