	
	
{"id":69503,"date":"2023-09-09T12:28:31","date_gmt":"2023-09-09T12:28:31","guid":{"rendered":"https:\/\/dignisdesign.com.pl\/?post_type=product&#038;p=69503"},"modified":"2023-10-04T14:42:13","modified_gmt":"2023-10-04T14:42:13","slug":"graffiti-collar-with-a-classic-buckle","status":"publish","type":"product","link":"https:\/\/dignisdesign.com.pl\/en\/produkt\/graffiti-collar-with-a-classic-buckle\/","title":{"rendered":"The GRAFFITI collar with a classic buckle"},"content":{"rendered":"<p>The GRAFFITI collar with a classic buckle, handmade, made to measure &#8211; the given dog&#8217;s neck circumference is punched in the middle (third) of the five holes. Holes are placed every 2.5 cm in the axes (in collars made of webbings with a width of 2.5 cm) and every 1.5 cm in the axes (in collars made of webbings with a width of 1.6 cm) &#8211; MODIFICATION OPTION <strong><a href=\"https:\/\/dignisdesign.com.pl\/kontakt\/\">(CONTACT US)<\/a><\/strong><\/p>\n<p>Possibility to personalize the collar: by engraving any inscription (permanent laser-burned engraving), such as your dog&#8217;s name, contact number, address, etc., you can give your collar a personalized touch.<\/p>\n<p>The material of the GRAFFITI collar with a classic buckle is made is strong polyvinyl chloride (PVC) straps covered with thermoplastic polyurethane (TPU), which makes them light and at the same time durable.<\/p>\n<p>The great advantage of the tape is that it is resistant to water, sweat, chemicals, UV radiation, weather, bacteria, and does not wipe fur. The outer layer of the tape is not abraded, and its properties remain constant regardless of temperature. In addition, the material is easy to maintain (it can be cleaned with soapy water), and despite its thickness, it remains flexible.<\/p>\n<p>Chicago-type screws are used in the creation of the collars, while brass fittings are brass rivets.<\/p>\n<p>Black, rosegold and neochrome fittings are lacquered &#8211; the lacquer will wear off depending on how and how intensively the product is used. These elements are subject to corrosion.<\/p>\n<p>Brass fitting will work well in contact with salt water &#8211; it is resistant to rust.<\/p>\n<p>We do not have stock &#8211; accessories are made to individual customer order. Non-refurbished product &#8211; not returnable.<\/p>\n<p>The colors shown may vary slightly in reality &#8211; this depends on individual screen brightness settings.<\/p>\n<div style=\"overflow-x: auto;\">\n<table class=\"purpleHorizon\">\n<thead>\n<tr>\n<th>TECHNICAL DATA<\/th>\n<th>TAPE WIDTH 25MM<\/th>\n<th>TAPE WIDTH 16MM<\/th>\n<th>METAL BUCKLE FOR 25MM TAPE<\/th>\n<th>METAL BUCKLE FOR 16MM TAPE<\/th>\n<th>BRASS BELT BUCKLE 25MM<\/th>\n<th>BRASS BUCKLE FOR 16MM TAPE<\/th>\n<\/tr>\n<\/thead>\n<tbody>\n<tr>\n<td>DESTRUCTIVE FORCE<\/td>\n<td>250KG<\/td>\n<td>180KG<\/td>\n<td>160KG<\/td>\n<td>50KG<\/td>\n<td>400KG<\/td>\n<td>200KG<\/td>\n<\/tr>\n<tr>\n<td>TAPE THICKNESS<\/td>\n<td>2.7MM<\/td>\n<td>2.7MM<\/td>\n<td>&#8211;<\/td>\n<td>&#8211;<\/td>\n<td>&#8211;<\/td>\n<td>&#8211;<\/td>\n<\/tr>\n<tr>\n<td>MATERIAL<\/td>\n<td>TPU<\/td>\n<td>TPU<\/td>\n<td>ZINC ALLOY<\/td>\n<td>ZINC ALLOY<\/td>\n<td>CAST BRASS<\/td>\n<td>CAST BRASS<\/td>\n<\/tr>\n<tr>\n<td>LENGTH<\/td>\n<td>&#8211;<\/td>\n<td>&#8211;<\/td>\n<td>52MM<\/td>\n<td>35MM<\/td>\n<td>57MM<\/td>\n<td>43MM<\/td>\n<\/tr>\n<tr>\n<td>WEIGHT<\/td>\n<td>1M-75G<\/td>\n<td>1M-45G<\/td>\n<td>ca. 30G<\/td>\n<td>ca. 9G<\/td>\n<td>ca. 38G<\/td>\n<td>ca. 25G<\/td>\n<\/tr>\n<\/tbody>\n<\/table>\n<\/div>\n","protected":false},"excerpt":{"rendered":"<p>A waterproof dog collar with classic buckle, D-ring, with loop.<\/p>\n<p><em>A classic collar model in an amazing, unique, eye-catching version. The functionality of a waterproof collar, combined with the power of colors and the bold character of the street graffiti. A total MUST HAVE!<\/em><\/p>\n","protected":false},"featured_media":69519,"comment_status":"open","ping_status":"closed","template":"","meta":{"site-sidebar-layout":"default","site-content-layout":"default","ast-site-content-layout":"default","site-content-style":"default","site-sidebar-style":"default","ast-global-header-display":"","ast-banner-title-visibility":"","ast-main-header-display":"","ast-hfb-above-header-display":"","ast-hfb-below-header-display":"","ast-hfb-mobile-header-display":"","site-post-title":"","ast-breadcrumbs-content":"","ast-featured-img":"","footer-sml-layout":"","ast-disable-related-posts":"","theme-transparent-header-meta":"default","adv-header-id-meta":"","stick-header-meta":"default","header-above-stick-meta":"","header-main-stick-meta":"","header-below-stick-meta":"","astra-migrate-meta-layouts":"set","ast-page-background-enabled":"default","ast-page-background-meta":{"desktop":{"background-color":"","background-image":"","background-repeat":"repeat","background-position":"center center","background-size":"auto","background-attachment":"scroll","background-type":"","background-media":"","overlay-type":"","overlay-color":"","overlay-opacity":"","overlay-gradient":""},"tablet":{"background-color":"","background-image":"","background-repeat":"repeat","background-position":"center center","background-size":"auto","background-attachment":"scroll","background-type":"","background-media":"","overlay-type":"","overlay-color":"","overlay-opacity":"","overlay-gradient":""},"mobile":{"background-color":"","background-image":"","background-repeat":"repeat","background-position":"center center","background-size":"auto","background-attachment":"scroll","background-type":"","background-media":"","overlay-type":"","overlay-color":"","overlay-opacity":"","overlay-gradient":""}},"ast-content-background-meta":{"desktop":{"background-color":"var(--ast-global-color-5)","background-image":"","background-repeat":"repeat","background-position":"center center","background-size":"auto","background-attachment":"scroll","background-type":"","background-media":"","overlay-type":"","overlay-color":"","overlay-opacity":"","overlay-gradient":""},"tablet":{"background-color":"var(--ast-global-color-5)","background-image":"","background-repeat":"repeat","background-position":"center center","background-size":"auto","background-attachment":"scroll","background-type":"","background-media":"","overlay-type":"","overlay-color":"","overlay-opacity":"","overlay-gradient":""},"mobile":{"background-color":"var(--ast-global-color-5)","background-image":"","background-repeat":"repeat","background-position":"center center","background-size":"auto","background-attachment":"scroll","background-type":"","background-media":"","overlay-type":"","overlay-color":"","overlay-opacity":"","overlay-gradient":""}}},"product_brand":[],"product_cat":[964,2978],"product_tag":[2338,2343,2344,2994,2992,2993,2339,2340],"class_list":{"0":"post-69503","1":"product","2":"type-product","3":"status-publish","4":"has-post-thumbnail","6":"product_cat-all","7":"product_cat-waterproof-collars-graffiti","8":"product_tag-collar","9":"product_tag-dog-en","10":"product_tag-dog-en-2","11":"product_tag-dog-collar-en","12":"product_tag-dog-collar-with-a-classic-buckle","13":"product_tag-dog-collar-with-a-classic-buckle-en","14":"product_tag-engraver","15":"product_tag-for-dog","16":"desktop-align-left","17":"tablet-align-left","18":"mobile-align-left","19":"ast-product-gallery-layout-horizontal-slider","20":"ast-magnify-disabled","21":"ast-product-single-variable","22":"ast-product-tabs-layout-horizontal","24":"first","25":"instock","26":"shipping-taxable","27":"purchasable","28":"product-type-variable","29":"has-default-attributes"},"yoast_head":"<!-- This site is optimized with the Yoast SEO plugin v27.3 - https:\/\/yoast.com\/product\/yoast-seo-wordpress\/ -->\n<title>The GRAFFITI collar with a classic buckle - Dignis Design<\/title>\n<meta name=\"description\" content=\"The GRAFFITI collar with a classic buckle is a total hit! A classic collar model in an amazing version - with the power of colors and the bold character of the street graffiti\" \/>\n<meta name=\"robots\" content=\"index, follow, max-snippet:-1, max-image-preview:large, max-video-preview:-1\" \/>\n<link rel=\"canonical\" href=\"https:\/\/dignisdesign.com.pl\/en\/produkt\/graffiti-collar-with-a-classic-buckle\/\" \/>\n<meta property=\"og:locale\" content=\"en_US\" \/>\n<meta property=\"og:type\" content=\"article\" \/>\n<meta property=\"og:title\" content=\"The GRAFFITI collar with a classic buckle - Dignis Design\" \/>\n<meta property=\"og:description\" content=\"The GRAFFITI collar with a classic buckle is a total hit! A classic collar model in an amazing version - with the power of colors and the bold character of the street graffiti\" \/>\n<meta property=\"og:url\" content=\"https:\/\/dignisdesign.com.pl\/en\/produkt\/graffiti-collar-with-a-classic-buckle\/\" \/>\n<meta property=\"og:site_name\" content=\"Dignis Design\" \/>\n<meta property=\"article:modified_time\" content=\"2023-10-04T14:42:13+00:00\" \/>\n<meta property=\"og:image\" content=\"https:\/\/dignisdesign.com.pl\/wp-content\/uploads\/2023\/09\/obroza-graffiti-z-klamra-klasyczna-lagodny-chaos.jpg\" \/>\n\t<meta property=\"og:image:width\" content=\"1280\" \/>\n\t<meta property=\"og:image:height\" content=\"1280\" \/>\n\t<meta property=\"og:image:type\" content=\"image\/jpeg\" \/>\n<meta name=\"twitter:card\" content=\"summary_large_image\" \/>\n<meta name=\"twitter:label1\" content=\"Est. reading time\" \/>\n\t<meta name=\"twitter:data1\" content=\"3 minutes\" \/>\n<script type=\"application\/ld+json\" class=\"yoast-schema-graph\">{\"@context\":\"https:\\\/\\\/schema.org\",\"@graph\":[{\"@type\":\"WebPage\",\"@id\":\"https:\\\/\\\/dignisdesign.com.pl\\\/en\\\/produkt\\\/graffiti-collar-with-a-classic-buckle\\\/\",\"url\":\"https:\\\/\\\/dignisdesign.com.pl\\\/en\\\/produkt\\\/graffiti-collar-with-a-classic-buckle\\\/\",\"name\":\"The GRAFFITI collar with a classic buckle - Dignis Design\",\"isPartOf\":{\"@id\":\"https:\\\/\\\/dignisdesign.com.pl\\\/#website\"},\"primaryImageOfPage\":{\"@id\":\"https:\\\/\\\/dignisdesign.com.pl\\\/en\\\/produkt\\\/graffiti-collar-with-a-classic-buckle\\\/#primaryimage\"},\"image\":{\"@id\":\"https:\\\/\\\/dignisdesign.com.pl\\\/en\\\/produkt\\\/graffiti-collar-with-a-classic-buckle\\\/#primaryimage\"},\"thumbnailUrl\":\"https:\\\/\\\/dignisdesign.com.pl\\\/wp-content\\\/uploads\\\/2023\\\/09\\\/obroza-graffiti-z-klamra-klasyczna-lagodny-chaos.jpg\",\"datePublished\":\"2023-09-09T12:28:31+00:00\",\"dateModified\":\"2023-10-04T14:42:13+00:00\",\"description\":\"The GRAFFITI collar with a classic buckle is a total hit! A classic collar model in an amazing version - with the power of colors and the bold character of the street graffiti\",\"breadcrumb\":{\"@id\":\"https:\\\/\\\/dignisdesign.com.pl\\\/en\\\/produkt\\\/graffiti-collar-with-a-classic-buckle\\\/#breadcrumb\"},\"inLanguage\":\"en-US\",\"potentialAction\":[{\"@type\":\"ReadAction\",\"target\":[\"https:\\\/\\\/dignisdesign.com.pl\\\/en\\\/produkt\\\/graffiti-collar-with-a-classic-buckle\\\/\"]}]},{\"@type\":\"ImageObject\",\"inLanguage\":\"en-US\",\"@id\":\"https:\\\/\\\/dignisdesign.com.pl\\\/en\\\/produkt\\\/graffiti-collar-with-a-classic-buckle\\\/#primaryimage\",\"url\":\"https:\\\/\\\/dignisdesign.com.pl\\\/wp-content\\\/uploads\\\/2023\\\/09\\\/obroza-graffiti-z-klamra-klasyczna-lagodny-chaos.jpg\",\"contentUrl\":\"https:\\\/\\\/dignisdesign.com.pl\\\/wp-content\\\/uploads\\\/2023\\\/09\\\/obroza-graffiti-z-klamra-klasyczna-lagodny-chaos.jpg\",\"width\":1280,\"height\":1280},{\"@type\":\"BreadcrumbList\",\"@id\":\"https:\\\/\\\/dignisdesign.com.pl\\\/en\\\/produkt\\\/graffiti-collar-with-a-classic-buckle\\\/#breadcrumb\",\"itemListElement\":[{\"@type\":\"ListItem\",\"position\":1,\"name\":\"Strona g\u0142\u00f3wna\",\"item\":\"https:\\\/\\\/dignisdesign.com.pl\\\/\"},{\"@type\":\"ListItem\",\"position\":2,\"name\":\"Store\",\"item\":\"https:\\\/\\\/dignisdesign.com.pl\\\/en\\\/store\\\/\"},{\"@type\":\"ListItem\",\"position\":3,\"name\":\"The GRAFFITI collar with a classic buckle\"}]},{\"@type\":\"WebSite\",\"@id\":\"https:\\\/\\\/dignisdesign.com.pl\\\/#website\",\"url\":\"https:\\\/\\\/dignisdesign.com.pl\\\/\",\"name\":\"Dignis Design\",\"description\":\"Akcesoria dla czworonog&oacute;w tworzone z pasj\u0105 i dba\u0142o\u015bci\u0105 o ka\u017cdy detal\",\"publisher\":{\"@id\":\"https:\\\/\\\/dignisdesign.com.pl\\\/#organization\"},\"potentialAction\":[{\"@type\":\"SearchAction\",\"target\":{\"@type\":\"EntryPoint\",\"urlTemplate\":\"https:\\\/\\\/dignisdesign.com.pl\\\/?s={search_term_string}\"},\"query-input\":{\"@type\":\"PropertyValueSpecification\",\"valueRequired\":true,\"valueName\":\"search_term_string\"}}],\"inLanguage\":\"en-US\"},{\"@type\":\"Organization\",\"@id\":\"https:\\\/\\\/dignisdesign.com.pl\\\/#organization\",\"name\":\"Dignis Design\",\"url\":\"https:\\\/\\\/dignisdesign.com.pl\\\/\",\"logo\":{\"@type\":\"ImageObject\",\"inLanguage\":\"en-US\",\"@id\":\"https:\\\/\\\/dignisdesign.com.pl\\\/#\\\/schema\\\/logo\\\/image\\\/\",\"url\":\"https:\\\/\\\/dignisdesign.com.pl\\\/wp-content\\\/uploads\\\/2020\\\/12\\\/DIGNIS-LOGO-PROJEKT-MALE.png\",\"contentUrl\":\"https:\\\/\\\/dignisdesign.com.pl\\\/wp-content\\\/uploads\\\/2020\\\/12\\\/DIGNIS-LOGO-PROJEKT-MALE.png\",\"width\":664,\"height\":300,\"caption\":\"Dignis Design\"},\"image\":{\"@id\":\"https:\\\/\\\/dignisdesign.com.pl\\\/#\\\/schema\\\/logo\\\/image\\\/\"}}]}<\/script>\n<!-- \/ Yoast SEO plugin. -->","yoast_head_json":{"title":"The GRAFFITI collar with a classic buckle - Dignis Design","description":"The GRAFFITI collar with a classic buckle is a total hit! A classic collar model in an amazing version - with the power of colors and the bold character of the street graffiti","robots":{"index":"index","follow":"follow","max-snippet":"max-snippet:-1","max-image-preview":"max-image-preview:large","max-video-preview":"max-video-preview:-1"},"canonical":"https:\/\/dignisdesign.com.pl\/en\/produkt\/graffiti-collar-with-a-classic-buckle\/","og_locale":"en_US","og_type":"article","og_title":"The GRAFFITI collar with a classic buckle - Dignis Design","og_description":"The GRAFFITI collar with a classic buckle is a total hit! A classic collar model in an amazing version - with the power of colors and the bold character of the street graffiti","og_url":"https:\/\/dignisdesign.com.pl\/en\/produkt\/graffiti-collar-with-a-classic-buckle\/","og_site_name":"Dignis Design","article_modified_time":"2023-10-04T14:42:13+00:00","og_image":[{"width":1280,"height":1280,"url":"https:\/\/dignisdesign.com.pl\/wp-content\/uploads\/2023\/09\/obroza-graffiti-z-klamra-klasyczna-lagodny-chaos.jpg","type":"image\/jpeg"}],"twitter_card":"summary_large_image","twitter_misc":{"Est. reading time":"3 minutes"},"schema":{"@context":"https:\/\/schema.org","@graph":[{"@type":"WebPage","@id":"https:\/\/dignisdesign.com.pl\/en\/produkt\/graffiti-collar-with-a-classic-buckle\/","url":"https:\/\/dignisdesign.com.pl\/en\/produkt\/graffiti-collar-with-a-classic-buckle\/","name":"The GRAFFITI collar with a classic buckle - Dignis Design","isPartOf":{"@id":"https:\/\/dignisdesign.com.pl\/#website"},"primaryImageOfPage":{"@id":"https:\/\/dignisdesign.com.pl\/en\/produkt\/graffiti-collar-with-a-classic-buckle\/#primaryimage"},"image":{"@id":"https:\/\/dignisdesign.com.pl\/en\/produkt\/graffiti-collar-with-a-classic-buckle\/#primaryimage"},"thumbnailUrl":"https:\/\/dignisdesign.com.pl\/wp-content\/uploads\/2023\/09\/obroza-graffiti-z-klamra-klasyczna-lagodny-chaos.jpg","datePublished":"2023-09-09T12:28:31+00:00","dateModified":"2023-10-04T14:42:13+00:00","description":"The GRAFFITI collar with a classic buckle is a total hit! A classic collar model in an amazing version - with the power of colors and the bold character of the street graffiti","breadcrumb":{"@id":"https:\/\/dignisdesign.com.pl\/en\/produkt\/graffiti-collar-with-a-classic-buckle\/#breadcrumb"},"inLanguage":"en-US","potentialAction":[{"@type":"ReadAction","target":["https:\/\/dignisdesign.com.pl\/en\/produkt\/graffiti-collar-with-a-classic-buckle\/"]}]},{"@type":"ImageObject","inLanguage":"en-US","@id":"https:\/\/dignisdesign.com.pl\/en\/produkt\/graffiti-collar-with-a-classic-buckle\/#primaryimage","url":"https:\/\/dignisdesign.com.pl\/wp-content\/uploads\/2023\/09\/obroza-graffiti-z-klamra-klasyczna-lagodny-chaos.jpg","contentUrl":"https:\/\/dignisdesign.com.pl\/wp-content\/uploads\/2023\/09\/obroza-graffiti-z-klamra-klasyczna-lagodny-chaos.jpg","width":1280,"height":1280},{"@type":"BreadcrumbList","@id":"https:\/\/dignisdesign.com.pl\/en\/produkt\/graffiti-collar-with-a-classic-buckle\/#breadcrumb","itemListElement":[{"@type":"ListItem","position":1,"name":"Strona g\u0142\u00f3wna","item":"https:\/\/dignisdesign.com.pl\/"},{"@type":"ListItem","position":2,"name":"Store","item":"https:\/\/dignisdesign.com.pl\/en\/store\/"},{"@type":"ListItem","position":3,"name":"The GRAFFITI collar with a classic buckle"}]},{"@type":"WebSite","@id":"https:\/\/dignisdesign.com.pl\/#website","url":"https:\/\/dignisdesign.com.pl\/","name":"Dignis Design","description":"Akcesoria dla czworonog&oacute;w tworzone z pasj\u0105 i dba\u0142o\u015bci\u0105 o ka\u017cdy detal","publisher":{"@id":"https:\/\/dignisdesign.com.pl\/#organization"},"potentialAction":[{"@type":"SearchAction","target":{"@type":"EntryPoint","urlTemplate":"https:\/\/dignisdesign.com.pl\/?s={search_term_string}"},"query-input":{"@type":"PropertyValueSpecification","valueRequired":true,"valueName":"search_term_string"}}],"inLanguage":"en-US"},{"@type":"Organization","@id":"https:\/\/dignisdesign.com.pl\/#organization","name":"Dignis Design","url":"https:\/\/dignisdesign.com.pl\/","logo":{"@type":"ImageObject","inLanguage":"en-US","@id":"https:\/\/dignisdesign.com.pl\/#\/schema\/logo\/image\/","url":"https:\/\/dignisdesign.com.pl\/wp-content\/uploads\/2020\/12\/DIGNIS-LOGO-PROJEKT-MALE.png","contentUrl":"https:\/\/dignisdesign.com.pl\/wp-content\/uploads\/2020\/12\/DIGNIS-LOGO-PROJEKT-MALE.png","width":664,"height":300,"caption":"Dignis Design"},"image":{"@id":"https:\/\/dignisdesign.com.pl\/#\/schema\/logo\/image\/"}}]}},"jetpack_sharing_enabled":true,"_links":{"self":[{"href":"https:\/\/dignisdesign.com.pl\/en\/wp-json\/wp\/v2\/product\/69503","targetHints":{"allow":["GET"]}}],"collection":[{"href":"https:\/\/dignisdesign.com.pl\/en\/wp-json\/wp\/v2\/product"}],"about":[{"href":"https:\/\/dignisdesign.com.pl\/en\/wp-json\/wp\/v2\/types\/product"}],"replies":[{"embeddable":true,"href":"https:\/\/dignisdesign.com.pl\/en\/wp-json\/wp\/v2\/comments?post=69503"}],"version-history":[{"count":2,"href":"https:\/\/dignisdesign.com.pl\/en\/wp-json\/wp\/v2\/product\/69503\/revisions"}],"predecessor-version":[{"id":69536,"href":"https:\/\/dignisdesign.com.pl\/en\/wp-json\/wp\/v2\/product\/69503\/revisions\/69536"}],"wp:featuredmedia":[{"embeddable":true,"href":"https:\/\/dignisdesign.com.pl\/en\/wp-json\/wp\/v2\/media\/69519"}],"wp:attachment":[{"href":"https:\/\/dignisdesign.com.pl\/en\/wp-json\/wp\/v2\/media?parent=69503"}],"wp:term":[{"taxonomy":"product_brand","embeddable":true,"href":"https:\/\/dignisdesign.com.pl\/en\/wp-json\/wp\/v2\/product_brand?post=69503"},{"taxonomy":"product_cat","embeddable":true,"href":"https:\/\/dignisdesign.com.pl\/en\/wp-json\/wp\/v2\/product_cat?post=69503"},{"taxonomy":"product_tag","embeddable":true,"href":"https:\/\/dignisdesign.com.pl\/en\/wp-json\/wp\/v2\/product_tag?post=69503"}],"curies":[{"name":"wp","href":"https:\/\/api.w.org\/{rel}","templated":true}]}}