	
	
{"id":67344,"date":"2023-05-31T19:58:04","date_gmt":"2023-05-31T19:58:04","guid":{"rendered":"https:\/\/dignisdesign.com.pl\/produkt\/training-leash-16-mm\/"},"modified":"2023-08-03T08:47:28","modified_gmt":"2023-08-03T08:47:28","slug":"training-leash-16-mm","status":"publish","type":"product","link":"https:\/\/dignisdesign.com.pl\/en\/produkt\/training-leash-16-mm\/","title":{"rendered":"Training leash 16 mm"},"content":{"rendered":"<p>Training leash handmade to measure &#8211; MODIFICATION OPTION ( ARE YOU INTERESTED IN ANOTHER SIZE? (<a href=\"https:\/\/dignisdesign.com.pl\/kontakt\/\"><strong>CONTACT US<\/strong><\/a>)<\/p>\n<p>The product is made of a 16 mm wide webbing.<\/p>\n<p>The starting price is for a 5 m long training leash.<\/p>\n<p>Do you need a leash with a length of max. 5 meters? <a><strong>CHECK<\/strong> <strong>HERE<\/strong><\/a><\/p>\n<p>Possibility to personalize the training leash: by engraving any inscription (durable laser engraving), e.g. dog name, contact number, address, etc. you can give the product an individual character.<\/p>\n<p>The material of the training leash is a strong polyvinyl chloride (PVC) tape coated with thermoplastic polyurethane (TPU), which makes it lightweight, yet very durable.<\/p>\n<p>The great advantage of the tape is that it is resistant to water, sweat, chemicals, UV radiation, weather, bacteria, and does not wipe fur. The outer layer of the tape is not abraded, and its properties remain constant regardless of temperature. In addition, the material is easy to maintain (it can be cleaned with soapy water), and despite its thickness, it remains flexible.<\/p>\n<p>The paint used to color the engraver may wear off (in particular, washing with hot water and brushing and using detergents is discouraged). Washing with a damp cloth is recommended.<\/p>\n<p>Chicago-type screws are used in the creation of the link, while brass fittings are brass rivets.<\/p>\n<p>Black, rosegold and neochrome fittings are lacquered &#8211; the lacquer will wear off depending on how and how intensively the product is used. These elements are subject to corrosion.<\/p>\n<p>Brass fitting will work well in contact with salt water &#8211; it is resistant to rust.<\/p>\n<p>Handmade product &#8211; the dimensions given may vary minimally in reality.<\/p>\n<p>We do not have stock &#8211; accessories are made to individual customer order. Non-refurbished product &#8211; not returnable.<\/p>\n<p>The colors shown may vary slightly in reality &#8211; this depends on individual screen brightness settings.<\/p>\n<div style=\"overflow-x: auto;\">\n<table class=\"purpleHorizon\">\n<thead>\n<tr>\n<th>TECHNICAL DATA<\/th>\n<th>TAPE WIDTH 25MM<\/th>\n<th>TAPE WIDTH 16MM<\/th>\n<th>METAL SNAP HOOK FOR TAPE WIDTH 25MM<\/th>\n<th>METAL SNAP HOOK FOR TAPE WIDTH 16MM<\/th>\n<th>BRASS SNAP HOOK FOR TAPE WIDTH 25MM<\/th>\n<th>BRASS SNAP HOOK FOR TAPE WIDTH 16MM<\/th>\n<\/tr>\n<\/thead>\n<tbody>\n<tr>\n<td>DESTRUCTIVE FORCE<\/td>\n<td>250KG<\/td>\n<td>180KG<\/td>\n<td>200KG<\/td>\n<td>166KG<\/td>\n<td>250KG<\/td>\n<td>188KG<\/td>\n<\/tr>\n<tr>\n<td>TAPE THICKNESS<\/td>\n<td>2.7MM<\/td>\n<td>2.7MM<\/td>\n<td>&#8211;<\/td>\n<td>&#8211;<\/td>\n<td>&#8211;<\/td>\n<td>&#8211;<\/td>\n<\/tr>\n<tr>\n<td>MATERIAL<\/td>\n<td>TPU<\/td>\n<td>TPU<\/td>\n<td>ZINC ALLOY<\/td>\n<td>ZINC ALLOY<\/td>\n<td>CAST BRASS<\/td>\n<td>CAST BRASS<\/td>\n<\/tr>\n<tr>\n<td>LENGTH<\/td>\n<td>&#8211;<\/td>\n<td>&#8211;<\/td>\n<td>80MM<\/td>\n<td>66MM<\/td>\n<td>75MM<\/td>\n<td>72MM<\/td>\n<\/tr>\n<tr>\n<td>WEIGHT<\/td>\n<td>1M-75G<\/td>\n<td>1M-45G<\/td>\n<td>ca. 50G<\/td>\n<td>ca. 20G<\/td>\n<td>ca. 63G<\/td>\n<td>ca. 41G<\/td>\n<\/tr>\n<\/tbody>\n<\/table>\n<\/div>\n","protected":false},"excerpt":{"rendered":"<p>Waterproof training leash with one snap hook.<\/p>\n<p><em>The product is useful, for example, during dog training: learning to summon a dog, staying at a distance, track training. It is also perfect for wild terrain, where the owner wants to have full control over the dog, while giving him freedom. The perfect solution for dogs who like to follow a new scent.<\/em><\/p>\n<p><em>To make it easier to hold the training leash, we add the option of ending it with a handle (then a frame is attached, to which you can attach, for example, a pouch with treats or a container for bags).<\/em><\/p>\n","protected":false},"featured_media":80015,"comment_status":"open","ping_status":"closed","template":"","meta":{"site-sidebar-layout":"default","site-content-layout":"default","ast-site-content-layout":"default","site-content-style":"default","site-sidebar-style":"default","ast-global-header-display":"","ast-banner-title-visibility":"","ast-main-header-display":"","ast-hfb-above-header-display":"","ast-hfb-below-header-display":"","ast-hfb-mobile-header-display":"","site-post-title":"","ast-breadcrumbs-content":"","ast-featured-img":"","footer-sml-layout":"","ast-disable-related-posts":"","theme-transparent-header-meta":"default","adv-header-id-meta":"","stick-header-meta":"default","header-above-stick-meta":"","header-main-stick-meta":"","header-below-stick-meta":"","astra-migrate-meta-layouts":"default","ast-page-background-enabled":"default","ast-page-background-meta":{"desktop":{"background-color":"","background-image":"","background-repeat":"repeat","background-position":"center center","background-size":"auto","background-attachment":"scroll","background-type":"","background-media":"","overlay-type":"","overlay-color":"","overlay-opacity":"","overlay-gradient":""},"tablet":{"background-color":"","background-image":"","background-repeat":"repeat","background-position":"center center","background-size":"auto","background-attachment":"scroll","background-type":"","background-media":"","overlay-type":"","overlay-color":"","overlay-opacity":"","overlay-gradient":""},"mobile":{"background-color":"","background-image":"","background-repeat":"repeat","background-position":"center center","background-size":"auto","background-attachment":"scroll","background-type":"","background-media":"","overlay-type":"","overlay-color":"","overlay-opacity":"","overlay-gradient":""}},"ast-content-background-meta":{"desktop":{"background-color":"var(--ast-global-color-5)","background-image":"","background-repeat":"repeat","background-position":"center center","background-size":"auto","background-attachment":"scroll","background-type":"","background-media":"","overlay-type":"","overlay-color":"","overlay-opacity":"","overlay-gradient":""},"tablet":{"background-color":"var(--ast-global-color-5)","background-image":"","background-repeat":"repeat","background-position":"center center","background-size":"auto","background-attachment":"scroll","background-type":"","background-media":"","overlay-type":"","overlay-color":"","overlay-opacity":"","overlay-gradient":""},"mobile":{"background-color":"var(--ast-global-color-5)","background-image":"","background-repeat":"repeat","background-position":"center center","background-size":"auto","background-attachment":"scroll","background-type":"","background-media":"","overlay-type":"","overlay-color":"","overlay-opacity":"","overlay-gradient":""}}},"product_brand":[],"product_cat":[964,972],"product_tag":[3037],"class_list":{"0":"post-67344","1":"product","2":"type-product","3":"status-publish","4":"has-post-thumbnail","6":"product_cat-all","7":"product_cat-waterproof-leashes-training-leashes","8":"product_tag-waterproof-leash","9":"desktop-align-left","10":"tablet-align-left","11":"mobile-align-left","12":"ast-product-gallery-layout-horizontal-slider","13":"ast-magnify-disabled","14":"ast-product-single-variable","15":"ast-product-tabs-layout-horizontal","17":"first","18":"instock","19":"shipping-taxable","20":"purchasable","21":"product-type-variable","22":"has-default-attributes"},"yoast_head":"<!-- This site is optimized with the Yoast SEO plugin v27.3 - https:\/\/yoast.com\/product\/yoast-seo-wordpress\/ -->\n<title>Training leash 16 mm - Dignis Design<\/title>\n<meta name=\"description\" content=\"Waterproof training leash. Made to size - any length (even 10m, 15m, 20m, 25m). Useful, for example, during dog training.\" \/>\n<meta name=\"robots\" content=\"index, follow, max-snippet:-1, max-image-preview:large, max-video-preview:-1\" \/>\n<link rel=\"canonical\" href=\"https:\/\/dignisdesign.com.pl\/en\/produkt\/training-leash-16-mm\/\" \/>\n<meta property=\"og:locale\" content=\"en_US\" \/>\n<meta property=\"og:type\" content=\"article\" \/>\n<meta property=\"og:title\" content=\"Training leash 16 mm - Dignis Design\" \/>\n<meta property=\"og:description\" content=\"Waterproof training leash. Made to size - any length (even 10m, 15m, 20m, 25m). Useful, for example, during dog training.\" \/>\n<meta property=\"og:url\" content=\"https:\/\/dignisdesign.com.pl\/en\/produkt\/training-leash-16-mm\/\" \/>\n<meta property=\"og:site_name\" content=\"Dignis Design\" \/>\n<meta property=\"article:modified_time\" content=\"2023-08-03T08:47:28+00:00\" \/>\n<meta property=\"og:image\" content=\"https:\/\/dignisdesign.com.pl\/wp-content\/uploads\/2021\/02\/linka-wrzosowy-rosegold-16.jpg\" \/>\n\t<meta property=\"og:image:width\" content=\"1280\" \/>\n\t<meta property=\"og:image:height\" content=\"1280\" \/>\n\t<meta property=\"og:image:type\" content=\"image\/jpeg\" \/>\n<meta name=\"twitter:card\" content=\"summary_large_image\" \/>\n<meta name=\"twitter:label1\" content=\"Est. reading time\" \/>\n\t<meta name=\"twitter:data1\" content=\"3 minutes\" \/>\n<script type=\"application\/ld+json\" class=\"yoast-schema-graph\">{\"@context\":\"https:\\\/\\\/schema.org\",\"@graph\":[{\"@type\":\"WebPage\",\"@id\":\"https:\\\/\\\/dignisdesign.com.pl\\\/en\\\/produkt\\\/training-leash-16-mm\\\/\",\"url\":\"https:\\\/\\\/dignisdesign.com.pl\\\/en\\\/produkt\\\/training-leash-16-mm\\\/\",\"name\":\"Training leash 16 mm - Dignis Design\",\"isPartOf\":{\"@id\":\"https:\\\/\\\/dignisdesign.com.pl\\\/#website\"},\"primaryImageOfPage\":{\"@id\":\"https:\\\/\\\/dignisdesign.com.pl\\\/en\\\/produkt\\\/training-leash-16-mm\\\/#primaryimage\"},\"image\":{\"@id\":\"https:\\\/\\\/dignisdesign.com.pl\\\/en\\\/produkt\\\/training-leash-16-mm\\\/#primaryimage\"},\"thumbnailUrl\":\"https:\\\/\\\/dignisdesign.com.pl\\\/wp-content\\\/uploads\\\/2026\\\/02\\\/linka-16-mm-Dignis-Design.jpg\",\"datePublished\":\"2023-05-31T19:58:04+00:00\",\"dateModified\":\"2023-08-03T08:47:28+00:00\",\"description\":\"Waterproof training leash. Made to size - any length (even 10m, 15m, 20m, 25m). Useful, for example, during dog training.\",\"breadcrumb\":{\"@id\":\"https:\\\/\\\/dignisdesign.com.pl\\\/en\\\/produkt\\\/training-leash-16-mm\\\/#breadcrumb\"},\"inLanguage\":\"en-US\",\"potentialAction\":[{\"@type\":\"ReadAction\",\"target\":[\"https:\\\/\\\/dignisdesign.com.pl\\\/en\\\/produkt\\\/training-leash-16-mm\\\/\"]}]},{\"@type\":\"ImageObject\",\"inLanguage\":\"en-US\",\"@id\":\"https:\\\/\\\/dignisdesign.com.pl\\\/en\\\/produkt\\\/training-leash-16-mm\\\/#primaryimage\",\"url\":\"https:\\\/\\\/dignisdesign.com.pl\\\/wp-content\\\/uploads\\\/2026\\\/02\\\/linka-16-mm-Dignis-Design.jpg\",\"contentUrl\":\"https:\\\/\\\/dignisdesign.com.pl\\\/wp-content\\\/uploads\\\/2026\\\/02\\\/linka-16-mm-Dignis-Design.jpg\",\"width\":1280,\"height\":1280},{\"@type\":\"BreadcrumbList\",\"@id\":\"https:\\\/\\\/dignisdesign.com.pl\\\/en\\\/produkt\\\/training-leash-16-mm\\\/#breadcrumb\",\"itemListElement\":[{\"@type\":\"ListItem\",\"position\":1,\"name\":\"Strona g\u0142\u00f3wna\",\"item\":\"https:\\\/\\\/dignisdesign.com.pl\\\/\"},{\"@type\":\"ListItem\",\"position\":2,\"name\":\"Store\",\"item\":\"https:\\\/\\\/dignisdesign.com.pl\\\/en\\\/store\\\/\"},{\"@type\":\"ListItem\",\"position\":3,\"name\":\"Training leash 16 mm\"}]},{\"@type\":\"WebSite\",\"@id\":\"https:\\\/\\\/dignisdesign.com.pl\\\/#website\",\"url\":\"https:\\\/\\\/dignisdesign.com.pl\\\/\",\"name\":\"Dignis Design\",\"description\":\"Akcesoria dla czworonog&oacute;w tworzone z pasj\u0105 i dba\u0142o\u015bci\u0105 o ka\u017cdy detal\",\"publisher\":{\"@id\":\"https:\\\/\\\/dignisdesign.com.pl\\\/#organization\"},\"potentialAction\":[{\"@type\":\"SearchAction\",\"target\":{\"@type\":\"EntryPoint\",\"urlTemplate\":\"https:\\\/\\\/dignisdesign.com.pl\\\/?s={search_term_string}\"},\"query-input\":{\"@type\":\"PropertyValueSpecification\",\"valueRequired\":true,\"valueName\":\"search_term_string\"}}],\"inLanguage\":\"en-US\"},{\"@type\":\"Organization\",\"@id\":\"https:\\\/\\\/dignisdesign.com.pl\\\/#organization\",\"name\":\"Dignis Design\",\"url\":\"https:\\\/\\\/dignisdesign.com.pl\\\/\",\"logo\":{\"@type\":\"ImageObject\",\"inLanguage\":\"en-US\",\"@id\":\"https:\\\/\\\/dignisdesign.com.pl\\\/#\\\/schema\\\/logo\\\/image\\\/\",\"url\":\"https:\\\/\\\/dignisdesign.com.pl\\\/wp-content\\\/uploads\\\/2020\\\/12\\\/DIGNIS-LOGO-PROJEKT-MALE.png\",\"contentUrl\":\"https:\\\/\\\/dignisdesign.com.pl\\\/wp-content\\\/uploads\\\/2020\\\/12\\\/DIGNIS-LOGO-PROJEKT-MALE.png\",\"width\":664,\"height\":300,\"caption\":\"Dignis Design\"},\"image\":{\"@id\":\"https:\\\/\\\/dignisdesign.com.pl\\\/#\\\/schema\\\/logo\\\/image\\\/\"}}]}<\/script>\n<!-- \/ Yoast SEO plugin. -->","yoast_head_json":{"title":"Training leash 16 mm - Dignis Design","description":"Waterproof training leash. Made to size - any length (even 10m, 15m, 20m, 25m). Useful, for example, during dog training.","robots":{"index":"index","follow":"follow","max-snippet":"max-snippet:-1","max-image-preview":"max-image-preview:large","max-video-preview":"max-video-preview:-1"},"canonical":"https:\/\/dignisdesign.com.pl\/en\/produkt\/training-leash-16-mm\/","og_locale":"en_US","og_type":"article","og_title":"Training leash 16 mm - Dignis Design","og_description":"Waterproof training leash. Made to size - any length (even 10m, 15m, 20m, 25m). Useful, for example, during dog training.","og_url":"https:\/\/dignisdesign.com.pl\/en\/produkt\/training-leash-16-mm\/","og_site_name":"Dignis Design","article_modified_time":"2023-08-03T08:47:28+00:00","og_image":[{"width":1280,"height":1280,"url":"https:\/\/dignisdesign.com.pl\/wp-content\/uploads\/2021\/02\/linka-wrzosowy-rosegold-16.jpg","type":"image\/jpeg"}],"twitter_card":"summary_large_image","twitter_misc":{"Est. reading time":"3 minutes"},"schema":{"@context":"https:\/\/schema.org","@graph":[{"@type":"WebPage","@id":"https:\/\/dignisdesign.com.pl\/en\/produkt\/training-leash-16-mm\/","url":"https:\/\/dignisdesign.com.pl\/en\/produkt\/training-leash-16-mm\/","name":"Training leash 16 mm - Dignis Design","isPartOf":{"@id":"https:\/\/dignisdesign.com.pl\/#website"},"primaryImageOfPage":{"@id":"https:\/\/dignisdesign.com.pl\/en\/produkt\/training-leash-16-mm\/#primaryimage"},"image":{"@id":"https:\/\/dignisdesign.com.pl\/en\/produkt\/training-leash-16-mm\/#primaryimage"},"thumbnailUrl":"https:\/\/dignisdesign.com.pl\/wp-content\/uploads\/2026\/02\/linka-16-mm-Dignis-Design.jpg","datePublished":"2023-05-31T19:58:04+00:00","dateModified":"2023-08-03T08:47:28+00:00","description":"Waterproof training leash. Made to size - any length (even 10m, 15m, 20m, 25m). Useful, for example, during dog training.","breadcrumb":{"@id":"https:\/\/dignisdesign.com.pl\/en\/produkt\/training-leash-16-mm\/#breadcrumb"},"inLanguage":"en-US","potentialAction":[{"@type":"ReadAction","target":["https:\/\/dignisdesign.com.pl\/en\/produkt\/training-leash-16-mm\/"]}]},{"@type":"ImageObject","inLanguage":"en-US","@id":"https:\/\/dignisdesign.com.pl\/en\/produkt\/training-leash-16-mm\/#primaryimage","url":"https:\/\/dignisdesign.com.pl\/wp-content\/uploads\/2026\/02\/linka-16-mm-Dignis-Design.jpg","contentUrl":"https:\/\/dignisdesign.com.pl\/wp-content\/uploads\/2026\/02\/linka-16-mm-Dignis-Design.jpg","width":1280,"height":1280},{"@type":"BreadcrumbList","@id":"https:\/\/dignisdesign.com.pl\/en\/produkt\/training-leash-16-mm\/#breadcrumb","itemListElement":[{"@type":"ListItem","position":1,"name":"Strona g\u0142\u00f3wna","item":"https:\/\/dignisdesign.com.pl\/"},{"@type":"ListItem","position":2,"name":"Store","item":"https:\/\/dignisdesign.com.pl\/en\/store\/"},{"@type":"ListItem","position":3,"name":"Training leash 16 mm"}]},{"@type":"WebSite","@id":"https:\/\/dignisdesign.com.pl\/#website","url":"https:\/\/dignisdesign.com.pl\/","name":"Dignis Design","description":"Akcesoria dla czworonog&oacute;w tworzone z pasj\u0105 i dba\u0142o\u015bci\u0105 o ka\u017cdy detal","publisher":{"@id":"https:\/\/dignisdesign.com.pl\/#organization"},"potentialAction":[{"@type":"SearchAction","target":{"@type":"EntryPoint","urlTemplate":"https:\/\/dignisdesign.com.pl\/?s={search_term_string}"},"query-input":{"@type":"PropertyValueSpecification","valueRequired":true,"valueName":"search_term_string"}}],"inLanguage":"en-US"},{"@type":"Organization","@id":"https:\/\/dignisdesign.com.pl\/#organization","name":"Dignis Design","url":"https:\/\/dignisdesign.com.pl\/","logo":{"@type":"ImageObject","inLanguage":"en-US","@id":"https:\/\/dignisdesign.com.pl\/#\/schema\/logo\/image\/","url":"https:\/\/dignisdesign.com.pl\/wp-content\/uploads\/2020\/12\/DIGNIS-LOGO-PROJEKT-MALE.png","contentUrl":"https:\/\/dignisdesign.com.pl\/wp-content\/uploads\/2020\/12\/DIGNIS-LOGO-PROJEKT-MALE.png","width":664,"height":300,"caption":"Dignis Design"},"image":{"@id":"https:\/\/dignisdesign.com.pl\/#\/schema\/logo\/image\/"}}]}},"jetpack_sharing_enabled":true,"_links":{"self":[{"href":"https:\/\/dignisdesign.com.pl\/en\/wp-json\/wp\/v2\/product\/67344","targetHints":{"allow":["GET"]}}],"collection":[{"href":"https:\/\/dignisdesign.com.pl\/en\/wp-json\/wp\/v2\/product"}],"about":[{"href":"https:\/\/dignisdesign.com.pl\/en\/wp-json\/wp\/v2\/types\/product"}],"replies":[{"embeddable":true,"href":"https:\/\/dignisdesign.com.pl\/en\/wp-json\/wp\/v2\/comments?post=67344"}],"version-history":[{"count":2,"href":"https:\/\/dignisdesign.com.pl\/en\/wp-json\/wp\/v2\/product\/67344\/revisions"}],"predecessor-version":[{"id":68752,"href":"https:\/\/dignisdesign.com.pl\/en\/wp-json\/wp\/v2\/product\/67344\/revisions\/68752"}],"wp:featuredmedia":[{"embeddable":true,"href":"https:\/\/dignisdesign.com.pl\/en\/wp-json\/wp\/v2\/media\/80015"}],"wp:attachment":[{"href":"https:\/\/dignisdesign.com.pl\/en\/wp-json\/wp\/v2\/media?parent=67344"}],"wp:term":[{"taxonomy":"product_brand","embeddable":true,"href":"https:\/\/dignisdesign.com.pl\/en\/wp-json\/wp\/v2\/product_brand?post=67344"},{"taxonomy":"product_cat","embeddable":true,"href":"https:\/\/dignisdesign.com.pl\/en\/wp-json\/wp\/v2\/product_cat?post=67344"},{"taxonomy":"product_tag","embeddable":true,"href":"https:\/\/dignisdesign.com.pl\/en\/wp-json\/wp\/v2\/product_tag?post=67344"}],"curies":[{"name":"wp","href":"https:\/\/api.w.org\/{rel}","templated":true}]}}