	
	
{"id":58596,"date":"2023-03-02T11:25:53","date_gmt":"2023-03-02T11:25:53","guid":{"rendered":"https:\/\/dignisdesign.com.pl\/produkt\/semi-clamping-dog-collar-made-of-paracord-dignis-way\/"},"modified":"2023-06-30T07:29:41","modified_gmt":"2023-06-30T07:29:41","slug":"paracord-semi-clamping-collar-dignis-way","status":"publish","type":"product","link":"https:\/\/dignisdesign.com.pl\/en\/produkt\/paracord-semi-clamping-collar-dignis-way\/","title":{"rendered":"Paracord semi-clamping collar &#8211; Dignis Way"},"content":{"rendered":"<p>Paracord semi-clamping collar &#8211; Dignis Way is handmade, made to size. No adjustability. The width of the collar is +\/- 2.5 cm and the thickness &#8211; ok. 1 cm.<\/p>\n<p>Clamp belt length: 7.5 cm (for collars up to 30 cm in circumference) and 11 cm (for collars over 30 cm in circumference) &#8211; MODIFICATION OPTION<a href=\"https:\/\/dignisdesign.com.pl\/en\/?page_id=31993\">(CONTACT US)<\/a><\/p>\n<p>Personalization of the collar: it is possible to engrave any inscription (permanent laser-burned engraving) on the loop, such as the dog&#8217;s name, contact number, address, etc.<\/p>\n<p>The loop is not attached to the collar &#8211; it can be placed anywhere.<\/p>\n<p>The materials used to make the paracord semi-clamping collar &#8211; Dignis Way are paracord and strong polyvinyl chloride (PVC) webbing covered with thermoplastic polyurethane (TPU) or natural leather.<\/p>\n<p>The type of paracord used is a very soft and light rope, about 4 mm in diameter. It consists of 7 thin inner fibers, intertwined with two even thinner ones, placed in a dense braid. Due to the fact that the fibers are tightly connected with each other, paracord is very strong &#8211; its load capacity reaches 250 kg (in laboratory conditions). It is made of nylon and polyester. It can be washed by hand (for example, with warm soapy water). Paracord should not be exposed to direct sunlight (drying at room temperature or in the open air is recommended).<\/p>\n<p>PVC\/TPU tapes are resistant to water, sweat, chemicals, UV radiation, weather, bacteria and do not wipe fur. The outer layer of the tapes is not abraded, and its properties remain constant regardless of temperature. The material is easy to maintain (it can be cleaned with soapy water), and despite its thickness, it remains flexible.<\/p>\n<p>Natural vegetable-tanned leather, dyed with non-toxic water-based dyes and properly protected with natural fats and wax.<\/p>\n<p align=\"JUSTIFY\">NATURAL LEATHER CARE:<\/p>\n<ul>\n<li>if the leather gets wet, allow it to dry naturally;<\/li>\n<li>from time to time apply a bit of wax to leather to help maintain its functionality and natural appearance;<\/li>\n<li>leather is a natural material &#8211; its surface may show slight differences in color, small imperfections &#8211; that is its charm;<\/li>\n<li>do not let the leather get saturated with water &#8211; it may cause loss of elasticity, leave marks on the leather.<\/li>\n<\/ul>\n<p>The paint used to color the engraver may wear off (in particular, washing with hot water and brushing and using detergents is discouraged). Washing with a damp cloth is recommended.<\/p>\n<p>Chicago-type screws are used in the creation of the collars, while brass fittings are brass rivets.<\/p>\n<p>Black, rosegold and neochrome fittings are lacquered &#8211; the lacquer will wear off depending on how and how intensively the product is used. These elements are subject to corrosion.<\/p>\n<p>Brass fitting will work well in contact with salt water &#8211; it is resistant to rust.<\/p>\n<p>We do not have stock &#8211; accessories are made to individual customer order. Non-refurbished product &#8211; not returnable.<\/p>\n<p>The colors shown may vary slightly in reality &#8211; this depends on individual screen brightness settings.<\/p>\n","protected":false},"excerpt":{"rendered":"<p>Semi-clamping braided collar made of paracord, combined with waterproof tape or natural leather, with a D-ring, with a restraint.<\/p>\n<p><em>Phenomenal dog collar, which is distinguished by an impressive weave. The product that catches the eye and looks beautiful on the dog&#8217;s neck. The possibility of choosing and composing many colors will give you a collar perfectly suited to your dog. The product which is put through the dog&#8217;s head. <\/em><\/p>\n","protected":false},"featured_media":43998,"comment_status":"open","ping_status":"closed","template":"","meta":{"site-sidebar-layout":"default","site-content-layout":"default","ast-site-content-layout":"default","site-content-style":"default","site-sidebar-style":"default","ast-global-header-display":"","ast-banner-title-visibility":"","ast-main-header-display":"","ast-hfb-above-header-display":"","ast-hfb-below-header-display":"","ast-hfb-mobile-header-display":"","site-post-title":"","ast-breadcrumbs-content":"","ast-featured-img":"","footer-sml-layout":"","ast-disable-related-posts":"","theme-transparent-header-meta":"default","adv-header-id-meta":"","stick-header-meta":"default","header-above-stick-meta":"","header-main-stick-meta":"","header-below-stick-meta":"","astra-migrate-meta-layouts":"default","ast-page-background-enabled":"default","ast-page-background-meta":{"desktop":{"background-color":"","background-image":"","background-repeat":"repeat","background-position":"center center","background-size":"auto","background-attachment":"scroll","background-type":"","background-media":"","overlay-type":"","overlay-color":"","overlay-opacity":"","overlay-gradient":""},"tablet":{"background-color":"","background-image":"","background-repeat":"repeat","background-position":"center center","background-size":"auto","background-attachment":"scroll","background-type":"","background-media":"","overlay-type":"","overlay-color":"","overlay-opacity":"","overlay-gradient":""},"mobile":{"background-color":"","background-image":"","background-repeat":"repeat","background-position":"center center","background-size":"auto","background-attachment":"scroll","background-type":"","background-media":"","overlay-type":"","overlay-color":"","overlay-opacity":"","overlay-gradient":""}},"ast-content-background-meta":{"desktop":{"background-color":"var(--ast-global-color-5)","background-image":"","background-repeat":"repeat","background-position":"center center","background-size":"auto","background-attachment":"scroll","background-type":"","background-media":"","overlay-type":"","overlay-color":"","overlay-opacity":"","overlay-gradient":""},"tablet":{"background-color":"var(--ast-global-color-5)","background-image":"","background-repeat":"repeat","background-position":"center center","background-size":"auto","background-attachment":"scroll","background-type":"","background-media":"","overlay-type":"","overlay-color":"","overlay-opacity":"","overlay-gradient":""},"mobile":{"background-color":"var(--ast-global-color-5)","background-image":"","background-repeat":"repeat","background-position":"center center","background-size":"auto","background-attachment":"scroll","background-type":"","background-media":"","overlay-type":"","overlay-color":"","overlay-opacity":"","overlay-gradient":""}}},"product_brand":[],"product_cat":[964,967],"product_tag":[2340,3812,3811],"class_list":{"0":"post-58596","1":"product","2":"type-product","3":"status-publish","4":"has-post-thumbnail","6":"product_cat-all","7":"product_cat-paracord-collars","8":"product_tag-for-dog","9":"product_tag-paracord-en","10":"product_tag-paracord-collar","11":"desktop-align-left","12":"tablet-align-left","13":"mobile-align-left","14":"ast-product-gallery-layout-horizontal-slider","15":"ast-magnify-disabled","16":"ast-product-single-variable","17":"ast-product-tabs-layout-horizontal","19":"first","20":"instock","21":"shipping-taxable","22":"purchasable","23":"product-type-variable","24":"has-default-attributes"},"yoast_head":"<!-- This site is optimized with the Yoast SEO plugin v27.3 - https:\/\/yoast.com\/product\/yoast-seo-wordpress\/ -->\n<title>Paracord semi-clamping collar - Dignis Way - Dignis Design<\/title>\n<meta name=\"description\" content=\"Paracord semi-clamping collar - Dignis Way - product which is distinguished by an impressive weave. The product that catches the eye and looks beautiful on the dog&#039;s neck.\" \/>\n<meta name=\"robots\" content=\"index, follow, max-snippet:-1, max-image-preview:large, max-video-preview:-1\" \/>\n<link rel=\"canonical\" href=\"https:\/\/dignisdesign.com.pl\/en\/produkt\/paracord-semi-clamping-collar-dignis-way\/\" \/>\n<meta property=\"og:locale\" content=\"en_US\" \/>\n<meta property=\"og:type\" content=\"article\" \/>\n<meta property=\"og:title\" content=\"Paracord semi-clamping collar - Dignis Way - Dignis Design\" \/>\n<meta property=\"og:description\" content=\"Paracord semi-clamping collar - Dignis Way - product which is distinguished by an impressive weave. The product that catches the eye and looks beautiful on the dog&#039;s neck.\" \/>\n<meta property=\"og:url\" content=\"https:\/\/dignisdesign.com.pl\/en\/produkt\/paracord-semi-clamping-collar-dignis-way\/\" \/>\n<meta property=\"og:site_name\" content=\"Dignis Design\" \/>\n<meta property=\"article:modified_time\" content=\"2023-06-30T07:29:41+00:00\" \/>\n<meta property=\"og:image\" content=\"https:\/\/dignisdesign.com.pl\/wp-content\/uploads\/2023\/03\/obroza-polzaciskowa-dignis-way.jpg\" \/>\n\t<meta property=\"og:image:width\" content=\"1280\" \/>\n\t<meta property=\"og:image:height\" content=\"1280\" \/>\n\t<meta property=\"og:image:type\" content=\"image\/jpeg\" \/>\n<meta name=\"twitter:card\" content=\"summary_large_image\" \/>\n<meta name=\"twitter:label1\" content=\"Est. reading time\" \/>\n\t<meta name=\"twitter:data1\" content=\"3 minutes\" \/>\n<script type=\"application\/ld+json\" class=\"yoast-schema-graph\">{\"@context\":\"https:\\\/\\\/schema.org\",\"@graph\":[{\"@type\":\"WebPage\",\"@id\":\"https:\\\/\\\/dignisdesign.com.pl\\\/en\\\/produkt\\\/paracord-semi-clamping-collar-dignis-way\\\/\",\"url\":\"https:\\\/\\\/dignisdesign.com.pl\\\/en\\\/produkt\\\/paracord-semi-clamping-collar-dignis-way\\\/\",\"name\":\"Paracord semi-clamping collar - Dignis Way - Dignis Design\",\"isPartOf\":{\"@id\":\"https:\\\/\\\/dignisdesign.com.pl\\\/#website\"},\"primaryImageOfPage\":{\"@id\":\"https:\\\/\\\/dignisdesign.com.pl\\\/en\\\/produkt\\\/paracord-semi-clamping-collar-dignis-way\\\/#primaryimage\"},\"image\":{\"@id\":\"https:\\\/\\\/dignisdesign.com.pl\\\/en\\\/produkt\\\/paracord-semi-clamping-collar-dignis-way\\\/#primaryimage\"},\"thumbnailUrl\":\"https:\\\/\\\/dignisdesign.com.pl\\\/wp-content\\\/uploads\\\/2023\\\/03\\\/obroza-polzaciskowa-dignis-way.jpg\",\"datePublished\":\"2023-03-02T11:25:53+00:00\",\"dateModified\":\"2023-06-30T07:29:41+00:00\",\"description\":\"Paracord semi-clamping collar - Dignis Way - product which is distinguished by an impressive weave. The product that catches the eye and looks beautiful on the dog's neck.\",\"breadcrumb\":{\"@id\":\"https:\\\/\\\/dignisdesign.com.pl\\\/en\\\/produkt\\\/paracord-semi-clamping-collar-dignis-way\\\/#breadcrumb\"},\"inLanguage\":\"en-US\",\"potentialAction\":[{\"@type\":\"ReadAction\",\"target\":[\"https:\\\/\\\/dignisdesign.com.pl\\\/en\\\/produkt\\\/paracord-semi-clamping-collar-dignis-way\\\/\"]}]},{\"@type\":\"ImageObject\",\"inLanguage\":\"en-US\",\"@id\":\"https:\\\/\\\/dignisdesign.com.pl\\\/en\\\/produkt\\\/paracord-semi-clamping-collar-dignis-way\\\/#primaryimage\",\"url\":\"https:\\\/\\\/dignisdesign.com.pl\\\/wp-content\\\/uploads\\\/2023\\\/03\\\/obroza-polzaciskowa-dignis-way.jpg\",\"contentUrl\":\"https:\\\/\\\/dignisdesign.com.pl\\\/wp-content\\\/uploads\\\/2023\\\/03\\\/obroza-polzaciskowa-dignis-way.jpg\",\"width\":1280,\"height\":1280},{\"@type\":\"BreadcrumbList\",\"@id\":\"https:\\\/\\\/dignisdesign.com.pl\\\/en\\\/produkt\\\/paracord-semi-clamping-collar-dignis-way\\\/#breadcrumb\",\"itemListElement\":[{\"@type\":\"ListItem\",\"position\":1,\"name\":\"Strona g\u0142\u00f3wna\",\"item\":\"https:\\\/\\\/dignisdesign.com.pl\\\/\"},{\"@type\":\"ListItem\",\"position\":2,\"name\":\"Store\",\"item\":\"https:\\\/\\\/dignisdesign.com.pl\\\/en\\\/store\\\/\"},{\"@type\":\"ListItem\",\"position\":3,\"name\":\"Paracord semi-clamping collar &#8211; Dignis Way\"}]},{\"@type\":\"WebSite\",\"@id\":\"https:\\\/\\\/dignisdesign.com.pl\\\/#website\",\"url\":\"https:\\\/\\\/dignisdesign.com.pl\\\/\",\"name\":\"Dignis Design\",\"description\":\"Akcesoria dla czworonog&oacute;w tworzone z pasj\u0105 i dba\u0142o\u015bci\u0105 o ka\u017cdy detal\",\"publisher\":{\"@id\":\"https:\\\/\\\/dignisdesign.com.pl\\\/#organization\"},\"potentialAction\":[{\"@type\":\"SearchAction\",\"target\":{\"@type\":\"EntryPoint\",\"urlTemplate\":\"https:\\\/\\\/dignisdesign.com.pl\\\/?s={search_term_string}\"},\"query-input\":{\"@type\":\"PropertyValueSpecification\",\"valueRequired\":true,\"valueName\":\"search_term_string\"}}],\"inLanguage\":\"en-US\"},{\"@type\":\"Organization\",\"@id\":\"https:\\\/\\\/dignisdesign.com.pl\\\/#organization\",\"name\":\"Dignis Design\",\"url\":\"https:\\\/\\\/dignisdesign.com.pl\\\/\",\"logo\":{\"@type\":\"ImageObject\",\"inLanguage\":\"en-US\",\"@id\":\"https:\\\/\\\/dignisdesign.com.pl\\\/#\\\/schema\\\/logo\\\/image\\\/\",\"url\":\"https:\\\/\\\/dignisdesign.com.pl\\\/wp-content\\\/uploads\\\/2020\\\/12\\\/DIGNIS-LOGO-PROJEKT-MALE.png\",\"contentUrl\":\"https:\\\/\\\/dignisdesign.com.pl\\\/wp-content\\\/uploads\\\/2020\\\/12\\\/DIGNIS-LOGO-PROJEKT-MALE.png\",\"width\":664,\"height\":300,\"caption\":\"Dignis Design\"},\"image\":{\"@id\":\"https:\\\/\\\/dignisdesign.com.pl\\\/#\\\/schema\\\/logo\\\/image\\\/\"}}]}<\/script>\n<!-- \/ Yoast SEO plugin. -->","yoast_head_json":{"title":"Paracord semi-clamping collar - Dignis Way - Dignis Design","description":"Paracord semi-clamping collar - Dignis Way - product which is distinguished by an impressive weave. The product that catches the eye and looks beautiful on the dog's neck.","robots":{"index":"index","follow":"follow","max-snippet":"max-snippet:-1","max-image-preview":"max-image-preview:large","max-video-preview":"max-video-preview:-1"},"canonical":"https:\/\/dignisdesign.com.pl\/en\/produkt\/paracord-semi-clamping-collar-dignis-way\/","og_locale":"en_US","og_type":"article","og_title":"Paracord semi-clamping collar - Dignis Way - Dignis Design","og_description":"Paracord semi-clamping collar - Dignis Way - product which is distinguished by an impressive weave. The product that catches the eye and looks beautiful on the dog's neck.","og_url":"https:\/\/dignisdesign.com.pl\/en\/produkt\/paracord-semi-clamping-collar-dignis-way\/","og_site_name":"Dignis Design","article_modified_time":"2023-06-30T07:29:41+00:00","og_image":[{"width":1280,"height":1280,"url":"https:\/\/dignisdesign.com.pl\/wp-content\/uploads\/2023\/03\/obroza-polzaciskowa-dignis-way.jpg","type":"image\/jpeg"}],"twitter_card":"summary_large_image","twitter_misc":{"Est. reading time":"3 minutes"},"schema":{"@context":"https:\/\/schema.org","@graph":[{"@type":"WebPage","@id":"https:\/\/dignisdesign.com.pl\/en\/produkt\/paracord-semi-clamping-collar-dignis-way\/","url":"https:\/\/dignisdesign.com.pl\/en\/produkt\/paracord-semi-clamping-collar-dignis-way\/","name":"Paracord semi-clamping collar - Dignis Way - Dignis Design","isPartOf":{"@id":"https:\/\/dignisdesign.com.pl\/#website"},"primaryImageOfPage":{"@id":"https:\/\/dignisdesign.com.pl\/en\/produkt\/paracord-semi-clamping-collar-dignis-way\/#primaryimage"},"image":{"@id":"https:\/\/dignisdesign.com.pl\/en\/produkt\/paracord-semi-clamping-collar-dignis-way\/#primaryimage"},"thumbnailUrl":"https:\/\/dignisdesign.com.pl\/wp-content\/uploads\/2023\/03\/obroza-polzaciskowa-dignis-way.jpg","datePublished":"2023-03-02T11:25:53+00:00","dateModified":"2023-06-30T07:29:41+00:00","description":"Paracord semi-clamping collar - Dignis Way - product which is distinguished by an impressive weave. The product that catches the eye and looks beautiful on the dog's neck.","breadcrumb":{"@id":"https:\/\/dignisdesign.com.pl\/en\/produkt\/paracord-semi-clamping-collar-dignis-way\/#breadcrumb"},"inLanguage":"en-US","potentialAction":[{"@type":"ReadAction","target":["https:\/\/dignisdesign.com.pl\/en\/produkt\/paracord-semi-clamping-collar-dignis-way\/"]}]},{"@type":"ImageObject","inLanguage":"en-US","@id":"https:\/\/dignisdesign.com.pl\/en\/produkt\/paracord-semi-clamping-collar-dignis-way\/#primaryimage","url":"https:\/\/dignisdesign.com.pl\/wp-content\/uploads\/2023\/03\/obroza-polzaciskowa-dignis-way.jpg","contentUrl":"https:\/\/dignisdesign.com.pl\/wp-content\/uploads\/2023\/03\/obroza-polzaciskowa-dignis-way.jpg","width":1280,"height":1280},{"@type":"BreadcrumbList","@id":"https:\/\/dignisdesign.com.pl\/en\/produkt\/paracord-semi-clamping-collar-dignis-way\/#breadcrumb","itemListElement":[{"@type":"ListItem","position":1,"name":"Strona g\u0142\u00f3wna","item":"https:\/\/dignisdesign.com.pl\/"},{"@type":"ListItem","position":2,"name":"Store","item":"https:\/\/dignisdesign.com.pl\/en\/store\/"},{"@type":"ListItem","position":3,"name":"Paracord semi-clamping collar &#8211; Dignis Way"}]},{"@type":"WebSite","@id":"https:\/\/dignisdesign.com.pl\/#website","url":"https:\/\/dignisdesign.com.pl\/","name":"Dignis Design","description":"Akcesoria dla czworonog&oacute;w tworzone z pasj\u0105 i dba\u0142o\u015bci\u0105 o ka\u017cdy detal","publisher":{"@id":"https:\/\/dignisdesign.com.pl\/#organization"},"potentialAction":[{"@type":"SearchAction","target":{"@type":"EntryPoint","urlTemplate":"https:\/\/dignisdesign.com.pl\/?s={search_term_string}"},"query-input":{"@type":"PropertyValueSpecification","valueRequired":true,"valueName":"search_term_string"}}],"inLanguage":"en-US"},{"@type":"Organization","@id":"https:\/\/dignisdesign.com.pl\/#organization","name":"Dignis Design","url":"https:\/\/dignisdesign.com.pl\/","logo":{"@type":"ImageObject","inLanguage":"en-US","@id":"https:\/\/dignisdesign.com.pl\/#\/schema\/logo\/image\/","url":"https:\/\/dignisdesign.com.pl\/wp-content\/uploads\/2020\/12\/DIGNIS-LOGO-PROJEKT-MALE.png","contentUrl":"https:\/\/dignisdesign.com.pl\/wp-content\/uploads\/2020\/12\/DIGNIS-LOGO-PROJEKT-MALE.png","width":664,"height":300,"caption":"Dignis Design"},"image":{"@id":"https:\/\/dignisdesign.com.pl\/#\/schema\/logo\/image\/"}}]}},"jetpack_sharing_enabled":true,"_links":{"self":[{"href":"https:\/\/dignisdesign.com.pl\/en\/wp-json\/wp\/v2\/product\/58596","targetHints":{"allow":["GET"]}}],"collection":[{"href":"https:\/\/dignisdesign.com.pl\/en\/wp-json\/wp\/v2\/product"}],"about":[{"href":"https:\/\/dignisdesign.com.pl\/en\/wp-json\/wp\/v2\/types\/product"}],"replies":[{"embeddable":true,"href":"https:\/\/dignisdesign.com.pl\/en\/wp-json\/wp\/v2\/comments?post=58596"}],"version-history":[{"count":3,"href":"https:\/\/dignisdesign.com.pl\/en\/wp-json\/wp\/v2\/product\/58596\/revisions"}],"predecessor-version":[{"id":63765,"href":"https:\/\/dignisdesign.com.pl\/en\/wp-json\/wp\/v2\/product\/58596\/revisions\/63765"}],"wp:featuredmedia":[{"embeddable":true,"href":"https:\/\/dignisdesign.com.pl\/en\/wp-json\/wp\/v2\/media\/43998"}],"wp:attachment":[{"href":"https:\/\/dignisdesign.com.pl\/en\/wp-json\/wp\/v2\/media?parent=58596"}],"wp:term":[{"taxonomy":"product_brand","embeddable":true,"href":"https:\/\/dignisdesign.com.pl\/en\/wp-json\/wp\/v2\/product_brand?post=58596"},{"taxonomy":"product_cat","embeddable":true,"href":"https:\/\/dignisdesign.com.pl\/en\/wp-json\/wp\/v2\/product_cat?post=58596"},{"taxonomy":"product_tag","embeddable":true,"href":"https:\/\/dignisdesign.com.pl\/en\/wp-json\/wp\/v2\/product_tag?post=58596"}],"curies":[{"name":"wp","href":"https:\/\/api.w.org\/{rel}","templated":true}]}}