	
	
{"id":32106,"date":"2022-07-11T09:07:43","date_gmt":"2022-07-11T09:07:43","guid":{"rendered":"https:\/\/dignisdesign.com.pl\/produkt\/city-cord-and-leather-lanyard\/"},"modified":"2023-08-01T15:09:49","modified_gmt":"2023-08-01T15:09:49","slug":"city-cord-and-leather-lanyard","status":"publish","type":"product","link":"https:\/\/dignisdesign.com.pl\/en\/produkt\/city-cord-and-leather-lanyard\/","title":{"rendered":"Rope-leather city leash"},"content":{"rendered":"<p>The rope-leather city leash is handmade, made to size. Do you need a different length? <a href=\"https:\/\/dignisdesign.com.pl\/en\/?page_id=31993\"><strong>CONTACT US<\/strong><\/a><\/p>\n<p>Personalization of the leash: it is possible to engrave any inscription (permanent laser-burned engraving) on the handle, such as the dog&#8217;s name, contact number, address, etc.<\/p>\n<p>The materials used to make the rope-leather city leash are PPM ropes and natural leather.<\/p>\n<p>The leash is ended with a handle, attached to the rope with a brass ring, made of natural leather. The length of the handle &#8211; 25 cm.<\/p>\n<p>Attached to the handle is a brass frame to which you can attach, for example, a treat pouch or pouch container.<\/p>\n<p>As standard, the leash is equipped with a small snap hook &#8211; 66 mm long (optionally, it is possible to replace the snap hook with a larger one &#8211; 80 mm long).<\/p>\n<p>The PPM cords used are braided ropes, with a diameter of approx. 8 mm or approx. 10 mm, made of polypropylene multifilaments. The ropes are very strong, yet lightweight. The material does not absorb moisture, so the rope floats and dries quickly.<\/p>\n<p>The paracord lines, used for wrapping, have a diameter of approx. 1.9 mm.<\/p>\n<p>Natural vegetable-tanned leather, dyed with non-toxic water-based dyes and properly protected with natural fats and wax.<\/p>\n<p align=\"JUSTIFY\">NATURAL LEATHER CARE:<\/p>\n<ul>\n<li>if the leather gets wet, allow it to dry naturally;<\/li>\n<li>from time to time apply a bit of wax to leather to help maintain its functionality and natural appearance;<\/li>\n<li>leather is a natural material &#8211; its surface may show slight differences in color, small imperfections &#8211; that is its charm;<\/li>\n<li>do not let the leather get saturated with water &#8211; it may cause loss of elasticity, leave marks on the leather.<\/li>\n<\/ul>\n<p>Brass hardware will perform well in contact with salt water &#8211; it is rust-resistant and durable.<\/p>\n<p>If you choose a pendant, we will post it on the paracord line, in the color selected in the order.<\/p>\n<p>The leash is not destined for pulling dogs.<\/p>\n<p>We do not have stock &#8211; accessories are made to individual customer order. Non-refurbished product &#8211; not returnable.<\/p>\n<p>The colors shown may vary slightly in reality &#8211; this depends on individual screen brightness settings.<\/p>\n<p>&nbsp;<\/p>\n<p>TECHNICAL DATA<\/p>\n<p>SMALL BRASS SNAP HOOK\/LARGE BRASS SNAP HOOK:<\/p>\n<p>destructive force &#8211; 188 kg \/ 250 kg<\/p>\n<p>length &#8211; 72 mm \/ 75 mm<\/p>\n<p>weight &#8211; approx. 41 g \/ approx. 63 g<\/p>\n<p>material &#8211; cast brass \/ cast brass<\/p>\n","protected":false},"excerpt":{"rendered":"<p align=\"JUSTIFY\">Rope-leather city leash with one brass snap hook, with brass frame, with handle, with pendant.<\/p>\n<p align=\"JUSTIFY\"><em>Aesthetic, fashionable leash, which with its original design will catch the eye of everyone. Comfortable to use. Tasteful and classic solution for all dog owners who value elegance and quality. <\/em><\/p>\n","protected":false},"featured_media":31703,"comment_status":"open","ping_status":"closed","template":"","meta":{"site-sidebar-layout":"default","site-content-layout":"default","ast-site-content-layout":"default","site-content-style":"default","site-sidebar-style":"default","ast-global-header-display":"","ast-banner-title-visibility":"","ast-main-header-display":"","ast-hfb-above-header-display":"","ast-hfb-below-header-display":"","ast-hfb-mobile-header-display":"","site-post-title":"","ast-breadcrumbs-content":"","ast-featured-img":"","footer-sml-layout":"","ast-disable-related-posts":"","theme-transparent-header-meta":"default","adv-header-id-meta":"","stick-header-meta":"default","header-above-stick-meta":"","header-main-stick-meta":"","header-below-stick-meta":"","astra-migrate-meta-layouts":"default","ast-page-background-enabled":"default","ast-page-background-meta":{"desktop":{"background-color":"","background-image":"","background-repeat":"repeat","background-position":"center center","background-size":"auto","background-attachment":"scroll","background-type":"","background-media":"","overlay-type":"","overlay-color":"","overlay-opacity":"","overlay-gradient":""},"tablet":{"background-color":"","background-image":"","background-repeat":"repeat","background-position":"center center","background-size":"auto","background-attachment":"scroll","background-type":"","background-media":"","overlay-type":"","overlay-color":"","overlay-opacity":"","overlay-gradient":""},"mobile":{"background-color":"","background-image":"","background-repeat":"repeat","background-position":"center center","background-size":"auto","background-attachment":"scroll","background-type":"","background-media":"","overlay-type":"","overlay-color":"","overlay-opacity":"","overlay-gradient":""}},"ast-content-background-meta":{"desktop":{"background-color":"var(--ast-global-color-5)","background-image":"","background-repeat":"repeat","background-position":"center center","background-size":"auto","background-attachment":"scroll","background-type":"","background-media":"","overlay-type":"","overlay-color":"","overlay-opacity":"","overlay-gradient":""},"tablet":{"background-color":"var(--ast-global-color-5)","background-image":"","background-repeat":"repeat","background-position":"center center","background-size":"auto","background-attachment":"scroll","background-type":"","background-media":"","overlay-type":"","overlay-color":"","overlay-opacity":"","overlay-gradient":""},"mobile":{"background-color":"var(--ast-global-color-5)","background-image":"","background-repeat":"repeat","background-position":"center center","background-size":"auto","background-attachment":"scroll","background-type":"","background-media":"","overlay-type":"","overlay-color":"","overlay-opacity":"","overlay-gradient":""}}},"product_brand":[],"product_cat":[964,970,983],"product_tag":[],"class_list":{"0":"post-32106","1":"product","2":"type-product","3":"status-publish","4":"has-post-thumbnail","6":"product_cat-all","7":"product_cat-leather-accessories","8":"product_cat-rope-leashes","9":"desktop-align-left","10":"tablet-align-left","11":"mobile-align-left","12":"ast-product-gallery-layout-horizontal-slider","13":"ast-magnify-disabled","14":"ast-product-single-variable","15":"ast-product-tabs-layout-horizontal","17":"first","18":"instock","19":"shipping-taxable","20":"purchasable","21":"product-type-variable","22":"has-default-attributes"},"yoast_head":"<!-- This site is optimized with the Yoast SEO plugin v27.3 - https:\/\/yoast.com\/product\/yoast-seo-wordpress\/ -->\n<title>Rope-leather city leash - Dignis Design<\/title>\n<meta name=\"description\" content=\"Rope-leather city leash is a fashionable solution for all dog owners who appreciate elegance and quality. Comfortable and original.\" \/>\n<meta name=\"robots\" content=\"index, follow, max-snippet:-1, max-image-preview:large, max-video-preview:-1\" \/>\n<link rel=\"canonical\" href=\"https:\/\/dignisdesign.com.pl\/en\/produkt\/city-cord-and-leather-lanyard\/\" \/>\n<meta property=\"og:locale\" content=\"en_US\" \/>\n<meta property=\"og:type\" content=\"article\" \/>\n<meta property=\"og:title\" content=\"Rope-leather city leash - Dignis Design\" \/>\n<meta property=\"og:description\" content=\"Rope-leather city leash is a fashionable solution for all dog owners who appreciate elegance and quality. Comfortable and original.\" \/>\n<meta property=\"og:url\" content=\"https:\/\/dignisdesign.com.pl\/en\/produkt\/city-cord-and-leather-lanyard\/\" \/>\n<meta property=\"og:site_name\" content=\"Dignis Design\" \/>\n<meta property=\"article:modified_time\" content=\"2023-08-01T15:09:49+00:00\" \/>\n<meta property=\"og:image\" content=\"https:\/\/dignisdesign.com.pl\/wp-content\/uploads\/2022\/07\/smycz-miejska-sznurowa-skora-szary-ciemny-srebrzysty-fuksja.jpg\" \/>\n\t<meta property=\"og:image:width\" content=\"1280\" \/>\n\t<meta property=\"og:image:height\" content=\"1280\" \/>\n\t<meta property=\"og:image:type\" content=\"image\/jpeg\" \/>\n<meta name=\"twitter:card\" content=\"summary_large_image\" \/>\n<meta name=\"twitter:label1\" content=\"Est. reading time\" \/>\n\t<meta name=\"twitter:data1\" content=\"3 minutes\" \/>\n<script type=\"application\/ld+json\" class=\"yoast-schema-graph\">{\"@context\":\"https:\\\/\\\/schema.org\",\"@graph\":[{\"@type\":\"WebPage\",\"@id\":\"https:\\\/\\\/dignisdesign.com.pl\\\/en\\\/produkt\\\/city-cord-and-leather-lanyard\\\/\",\"url\":\"https:\\\/\\\/dignisdesign.com.pl\\\/en\\\/produkt\\\/city-cord-and-leather-lanyard\\\/\",\"name\":\"Rope-leather city leash - Dignis Design\",\"isPartOf\":{\"@id\":\"https:\\\/\\\/dignisdesign.com.pl\\\/#website\"},\"primaryImageOfPage\":{\"@id\":\"https:\\\/\\\/dignisdesign.com.pl\\\/en\\\/produkt\\\/city-cord-and-leather-lanyard\\\/#primaryimage\"},\"image\":{\"@id\":\"https:\\\/\\\/dignisdesign.com.pl\\\/en\\\/produkt\\\/city-cord-and-leather-lanyard\\\/#primaryimage\"},\"thumbnailUrl\":\"https:\\\/\\\/dignisdesign.com.pl\\\/wp-content\\\/uploads\\\/2022\\\/07\\\/smycz-miejska-sznurowa-skora-szary-ciemny-srebrzysty-fuksja.jpg\",\"datePublished\":\"2022-07-11T09:07:43+00:00\",\"dateModified\":\"2023-08-01T15:09:49+00:00\",\"description\":\"Rope-leather city leash is a fashionable solution for all dog owners who appreciate elegance and quality. Comfortable and original.\",\"breadcrumb\":{\"@id\":\"https:\\\/\\\/dignisdesign.com.pl\\\/en\\\/produkt\\\/city-cord-and-leather-lanyard\\\/#breadcrumb\"},\"inLanguage\":\"en-US\",\"potentialAction\":[{\"@type\":\"ReadAction\",\"target\":[\"https:\\\/\\\/dignisdesign.com.pl\\\/en\\\/produkt\\\/city-cord-and-leather-lanyard\\\/\"]}]},{\"@type\":\"ImageObject\",\"inLanguage\":\"en-US\",\"@id\":\"https:\\\/\\\/dignisdesign.com.pl\\\/en\\\/produkt\\\/city-cord-and-leather-lanyard\\\/#primaryimage\",\"url\":\"https:\\\/\\\/dignisdesign.com.pl\\\/wp-content\\\/uploads\\\/2022\\\/07\\\/smycz-miejska-sznurowa-skora-szary-ciemny-srebrzysty-fuksja.jpg\",\"contentUrl\":\"https:\\\/\\\/dignisdesign.com.pl\\\/wp-content\\\/uploads\\\/2022\\\/07\\\/smycz-miejska-sznurowa-skora-szary-ciemny-srebrzysty-fuksja.jpg\",\"width\":1280,\"height\":1280},{\"@type\":\"BreadcrumbList\",\"@id\":\"https:\\\/\\\/dignisdesign.com.pl\\\/en\\\/produkt\\\/city-cord-and-leather-lanyard\\\/#breadcrumb\",\"itemListElement\":[{\"@type\":\"ListItem\",\"position\":1,\"name\":\"Strona g\u0142\u00f3wna\",\"item\":\"https:\\\/\\\/dignisdesign.com.pl\\\/\"},{\"@type\":\"ListItem\",\"position\":2,\"name\":\"Store\",\"item\":\"https:\\\/\\\/dignisdesign.com.pl\\\/en\\\/store\\\/\"},{\"@type\":\"ListItem\",\"position\":3,\"name\":\"Rope-leather city leash\"}]},{\"@type\":\"WebSite\",\"@id\":\"https:\\\/\\\/dignisdesign.com.pl\\\/#website\",\"url\":\"https:\\\/\\\/dignisdesign.com.pl\\\/\",\"name\":\"Dignis Design\",\"description\":\"Akcesoria dla czworonog&oacute;w tworzone z pasj\u0105 i dba\u0142o\u015bci\u0105 o ka\u017cdy detal\",\"publisher\":{\"@id\":\"https:\\\/\\\/dignisdesign.com.pl\\\/#organization\"},\"potentialAction\":[{\"@type\":\"SearchAction\",\"target\":{\"@type\":\"EntryPoint\",\"urlTemplate\":\"https:\\\/\\\/dignisdesign.com.pl\\\/?s={search_term_string}\"},\"query-input\":{\"@type\":\"PropertyValueSpecification\",\"valueRequired\":true,\"valueName\":\"search_term_string\"}}],\"inLanguage\":\"en-US\"},{\"@type\":\"Organization\",\"@id\":\"https:\\\/\\\/dignisdesign.com.pl\\\/#organization\",\"name\":\"Dignis Design\",\"url\":\"https:\\\/\\\/dignisdesign.com.pl\\\/\",\"logo\":{\"@type\":\"ImageObject\",\"inLanguage\":\"en-US\",\"@id\":\"https:\\\/\\\/dignisdesign.com.pl\\\/#\\\/schema\\\/logo\\\/image\\\/\",\"url\":\"https:\\\/\\\/dignisdesign.com.pl\\\/wp-content\\\/uploads\\\/2020\\\/12\\\/DIGNIS-LOGO-PROJEKT-MALE.png\",\"contentUrl\":\"https:\\\/\\\/dignisdesign.com.pl\\\/wp-content\\\/uploads\\\/2020\\\/12\\\/DIGNIS-LOGO-PROJEKT-MALE.png\",\"width\":664,\"height\":300,\"caption\":\"Dignis Design\"},\"image\":{\"@id\":\"https:\\\/\\\/dignisdesign.com.pl\\\/#\\\/schema\\\/logo\\\/image\\\/\"}}]}<\/script>\n<!-- \/ Yoast SEO plugin. -->","yoast_head_json":{"title":"Rope-leather city leash - Dignis Design","description":"Rope-leather city leash is a fashionable solution for all dog owners who appreciate elegance and quality. Comfortable and original.","robots":{"index":"index","follow":"follow","max-snippet":"max-snippet:-1","max-image-preview":"max-image-preview:large","max-video-preview":"max-video-preview:-1"},"canonical":"https:\/\/dignisdesign.com.pl\/en\/produkt\/city-cord-and-leather-lanyard\/","og_locale":"en_US","og_type":"article","og_title":"Rope-leather city leash - Dignis Design","og_description":"Rope-leather city leash is a fashionable solution for all dog owners who appreciate elegance and quality. Comfortable and original.","og_url":"https:\/\/dignisdesign.com.pl\/en\/produkt\/city-cord-and-leather-lanyard\/","og_site_name":"Dignis Design","article_modified_time":"2023-08-01T15:09:49+00:00","og_image":[{"width":1280,"height":1280,"url":"https:\/\/dignisdesign.com.pl\/wp-content\/uploads\/2022\/07\/smycz-miejska-sznurowa-skora-szary-ciemny-srebrzysty-fuksja.jpg","type":"image\/jpeg"}],"twitter_card":"summary_large_image","twitter_misc":{"Est. reading time":"3 minutes"},"schema":{"@context":"https:\/\/schema.org","@graph":[{"@type":"WebPage","@id":"https:\/\/dignisdesign.com.pl\/en\/produkt\/city-cord-and-leather-lanyard\/","url":"https:\/\/dignisdesign.com.pl\/en\/produkt\/city-cord-and-leather-lanyard\/","name":"Rope-leather city leash - Dignis Design","isPartOf":{"@id":"https:\/\/dignisdesign.com.pl\/#website"},"primaryImageOfPage":{"@id":"https:\/\/dignisdesign.com.pl\/en\/produkt\/city-cord-and-leather-lanyard\/#primaryimage"},"image":{"@id":"https:\/\/dignisdesign.com.pl\/en\/produkt\/city-cord-and-leather-lanyard\/#primaryimage"},"thumbnailUrl":"https:\/\/dignisdesign.com.pl\/wp-content\/uploads\/2022\/07\/smycz-miejska-sznurowa-skora-szary-ciemny-srebrzysty-fuksja.jpg","datePublished":"2022-07-11T09:07:43+00:00","dateModified":"2023-08-01T15:09:49+00:00","description":"Rope-leather city leash is a fashionable solution for all dog owners who appreciate elegance and quality. Comfortable and original.","breadcrumb":{"@id":"https:\/\/dignisdesign.com.pl\/en\/produkt\/city-cord-and-leather-lanyard\/#breadcrumb"},"inLanguage":"en-US","potentialAction":[{"@type":"ReadAction","target":["https:\/\/dignisdesign.com.pl\/en\/produkt\/city-cord-and-leather-lanyard\/"]}]},{"@type":"ImageObject","inLanguage":"en-US","@id":"https:\/\/dignisdesign.com.pl\/en\/produkt\/city-cord-and-leather-lanyard\/#primaryimage","url":"https:\/\/dignisdesign.com.pl\/wp-content\/uploads\/2022\/07\/smycz-miejska-sznurowa-skora-szary-ciemny-srebrzysty-fuksja.jpg","contentUrl":"https:\/\/dignisdesign.com.pl\/wp-content\/uploads\/2022\/07\/smycz-miejska-sznurowa-skora-szary-ciemny-srebrzysty-fuksja.jpg","width":1280,"height":1280},{"@type":"BreadcrumbList","@id":"https:\/\/dignisdesign.com.pl\/en\/produkt\/city-cord-and-leather-lanyard\/#breadcrumb","itemListElement":[{"@type":"ListItem","position":1,"name":"Strona g\u0142\u00f3wna","item":"https:\/\/dignisdesign.com.pl\/"},{"@type":"ListItem","position":2,"name":"Store","item":"https:\/\/dignisdesign.com.pl\/en\/store\/"},{"@type":"ListItem","position":3,"name":"Rope-leather city leash"}]},{"@type":"WebSite","@id":"https:\/\/dignisdesign.com.pl\/#website","url":"https:\/\/dignisdesign.com.pl\/","name":"Dignis Design","description":"Akcesoria dla czworonog&oacute;w tworzone z pasj\u0105 i dba\u0142o\u015bci\u0105 o ka\u017cdy detal","publisher":{"@id":"https:\/\/dignisdesign.com.pl\/#organization"},"potentialAction":[{"@type":"SearchAction","target":{"@type":"EntryPoint","urlTemplate":"https:\/\/dignisdesign.com.pl\/?s={search_term_string}"},"query-input":{"@type":"PropertyValueSpecification","valueRequired":true,"valueName":"search_term_string"}}],"inLanguage":"en-US"},{"@type":"Organization","@id":"https:\/\/dignisdesign.com.pl\/#organization","name":"Dignis Design","url":"https:\/\/dignisdesign.com.pl\/","logo":{"@type":"ImageObject","inLanguage":"en-US","@id":"https:\/\/dignisdesign.com.pl\/#\/schema\/logo\/image\/","url":"https:\/\/dignisdesign.com.pl\/wp-content\/uploads\/2020\/12\/DIGNIS-LOGO-PROJEKT-MALE.png","contentUrl":"https:\/\/dignisdesign.com.pl\/wp-content\/uploads\/2020\/12\/DIGNIS-LOGO-PROJEKT-MALE.png","width":664,"height":300,"caption":"Dignis Design"},"image":{"@id":"https:\/\/dignisdesign.com.pl\/#\/schema\/logo\/image\/"}}]}},"jetpack_sharing_enabled":true,"_links":{"self":[{"href":"https:\/\/dignisdesign.com.pl\/en\/wp-json\/wp\/v2\/product\/32106","targetHints":{"allow":["GET"]}}],"collection":[{"href":"https:\/\/dignisdesign.com.pl\/en\/wp-json\/wp\/v2\/product"}],"about":[{"href":"https:\/\/dignisdesign.com.pl\/en\/wp-json\/wp\/v2\/types\/product"}],"replies":[{"embeddable":true,"href":"https:\/\/dignisdesign.com.pl\/en\/wp-json\/wp\/v2\/comments?post=32106"}],"version-history":[{"count":2,"href":"https:\/\/dignisdesign.com.pl\/en\/wp-json\/wp\/v2\/product\/32106\/revisions"}],"predecessor-version":[{"id":68729,"href":"https:\/\/dignisdesign.com.pl\/en\/wp-json\/wp\/v2\/product\/32106\/revisions\/68729"}],"wp:featuredmedia":[{"embeddable":true,"href":"https:\/\/dignisdesign.com.pl\/en\/wp-json\/wp\/v2\/media\/31703"}],"wp:attachment":[{"href":"https:\/\/dignisdesign.com.pl\/en\/wp-json\/wp\/v2\/media?parent=32106"}],"wp:term":[{"taxonomy":"product_brand","embeddable":true,"href":"https:\/\/dignisdesign.com.pl\/en\/wp-json\/wp\/v2\/product_brand?post=32106"},{"taxonomy":"product_cat","embeddable":true,"href":"https:\/\/dignisdesign.com.pl\/en\/wp-json\/wp\/v2\/product_cat?post=32106"},{"taxonomy":"product_tag","embeddable":true,"href":"https:\/\/dignisdesign.com.pl\/en\/wp-json\/wp\/v2\/product_tag?post=32106"}],"curies":[{"name":"wp","href":"https:\/\/api.w.org\/{rel}","templated":true}]}}