	
	
{"id":32081,"date":"2022-04-14T18:35:58","date_gmt":"2022-04-14T18:35:58","guid":{"rendered":"https:\/\/dignisdesign.com.pl\/produkt\/splash-city-lanyard\/"},"modified":"2023-08-02T15:44:55","modified_gmt":"2023-08-02T15:44:55","slug":"splash-city-lanyard","status":"publish","type":"product","link":"https:\/\/dignisdesign.com.pl\/en\/produkt\/splash-city-lanyard\/","title":{"rendered":"SPLASH city leash"},"content":{"rendered":"<p>SPLASH city leash is handmade, made to size &#8211; MODIFICATION OPTION (<a href=\"https:\/\/dignisdesign.com.pl\/en\/?page_id=31993\"><strong>ARE YOU INTERESTED IN A DIFFERENT SIZE? CONTACT US <\/strong><\/a>) You can choose between a product with a handle for comfortable holding or without a handle.<\/p>\n<p>In case of the leash with a handle, a metal frame is attached to the product, to which you can attach e.g. a treat pouch or a container with bags.<\/p>\n<p>Possibility to personalize the leash: by engraving any inscription (permanent laser-burned engraving), such as your dog&#8217;s name, contact number, address, etc., you can make the lanyard individual.<\/p>\n<p>The material of the SPLASH city leash is a strong polyvinyl chloride (PVC) webbing coated with thermoplastic polyurethane (TPU), which makes it lightweight, yet very durable.<\/p>\n<p>The great advantage of the tape is that it is resistant to water, sweat, chemicals, UV radiation, weather, bacteria, and does not wipe fur. The outer layer of the tape is not abraded, and its properties remain constant regardless of temperature. In addition, the material is easy to maintain (it can be cleaned with soapy water), and despite its thickness, it remains flexible.<\/p>\n<p>The spotting effect (and possible coloring of the engraver) was made with a special paint. The paint may wear off (in particular, washing the lanyard with hot water and brushing and using detergents are discouraged). Washing with a damp cloth is recommended.<\/p>\n<p>Leash is spotted on both sides.<\/p>\n<p>Chicago-type screws are used in the creation of the lanyards, while brass fittings are brass rivets.<\/p>\n<p>Black, rosegold and neochrome fittings are lacquered &#8211; the lacquer will wear off depending on how and how intensively the product is used. These elements are subject to corrosion.<\/p>\n<p>Brass fitting will work well in contact with salt water &#8211; it is resistant to rust.<\/p>\n<p>Handmade product &#8211; the dimensions given may vary minimally in reality.<\/p>\n<p>We do not have stock &#8211; accessories are made to individual customer order. Non-prefabricated product &#8211; not subject to return.<\/p>\n<p>The colors shown may vary slightly in reality &#8211; this depends on individual screen brightness settings.<\/p>\n<div style=\"overflow-x: auto;\">\n<table class=\"purpleHorizon\">\n<thead>\n<tr>\n<th>TECHNICAL DATA<\/th>\n<th>TAPE WIDTH 25MM<\/th>\n<th>TAPE WIDTH 16MM<\/th>\n<th>METAL SNAP HOOK FOR TAPE WIDTH 25MM<\/th>\n<th>METAL SNAP HOOK FOR TAPE WIDTH 16MM<\/th>\n<th>BRASS SNAP HOOK FOR TAPE WIDTH 25MM<\/th>\n<th>BRASS SNAP HOOK FOR TAPE WIDTH 16MM<\/th>\n<\/tr>\n<\/thead>\n<tbody>\n<tr>\n<td>DESTRUCTIVE FORCE<\/td>\n<td>250KG<\/td>\n<td>180KG<\/td>\n<td>200KG<\/td>\n<td>166KG<\/td>\n<td>250KG<\/td>\n<td>188KG<\/td>\n<\/tr>\n<tr>\n<td>TAPE THICKNESS<\/td>\n<td>2.7MM<\/td>\n<td>2.7MM<\/td>\n<td>&#8211;<\/td>\n<td>&#8211;<\/td>\n<td>&#8211;<\/td>\n<td>&#8211;<\/td>\n<\/tr>\n<tr>\n<td>MATERIAL<\/td>\n<td>TPU<\/td>\n<td>TPU<\/td>\n<td>ZINC ALLOY<\/td>\n<td>ZINC ALLOY<\/td>\n<td>CAST BRASS<\/td>\n<td>CAST BRASS<\/td>\n<\/tr>\n<tr>\n<td>LENGTH<\/td>\n<td>&#8211;<\/td>\n<td>&#8211;<\/td>\n<td>80MM<\/td>\n<td>66MM<\/td>\n<td>75MM<\/td>\n<td>72MM<\/td>\n<\/tr>\n<tr>\n<td>WEIGHT<\/td>\n<td>1M-75G<\/td>\n<td>1M-45G<\/td>\n<td>ok. 50G<\/td>\n<td>ok. 20G<\/td>\n<td>ok. 63G<\/td>\n<td>ok. 41G<\/td>\n<\/tr>\n<\/tbody>\n<\/table>\n<\/div>\n","protected":false},"excerpt":{"rendered":"<p>A waterproof leash with one snap hook.<\/p>\n<p><em>A classic city leash in a remarkable original design. The spotted effect adds to its fashionable look. A must have in every dog&#8217;s closet. <\/em><\/p>\n","protected":false},"featured_media":73534,"comment_status":"open","ping_status":"closed","template":"","meta":{"site-sidebar-layout":"default","site-content-layout":"default","ast-site-content-layout":"default","site-content-style":"default","site-sidebar-style":"default","ast-global-header-display":"","ast-banner-title-visibility":"","ast-main-header-display":"","ast-hfb-above-header-display":"","ast-hfb-below-header-display":"","ast-hfb-mobile-header-display":"","site-post-title":"","ast-breadcrumbs-content":"","ast-featured-img":"","footer-sml-layout":"","ast-disable-related-posts":"","theme-transparent-header-meta":"default","adv-header-id-meta":"","stick-header-meta":"default","header-above-stick-meta":"","header-main-stick-meta":"","header-below-stick-meta":"","astra-migrate-meta-layouts":"default","ast-page-background-enabled":"default","ast-page-background-meta":{"desktop":{"background-color":"","background-image":"","background-repeat":"repeat","background-position":"center center","background-size":"auto","background-attachment":"scroll","background-type":"","background-media":"","overlay-type":"","overlay-color":"","overlay-opacity":"","overlay-gradient":""},"tablet":{"background-color":"","background-image":"","background-repeat":"repeat","background-position":"center center","background-size":"auto","background-attachment":"scroll","background-type":"","background-media":"","overlay-type":"","overlay-color":"","overlay-opacity":"","overlay-gradient":""},"mobile":{"background-color":"","background-image":"","background-repeat":"repeat","background-position":"center center","background-size":"auto","background-attachment":"scroll","background-type":"","background-media":"","overlay-type":"","overlay-color":"","overlay-opacity":"","overlay-gradient":""}},"ast-content-background-meta":{"desktop":{"background-color":"var(--ast-global-color-5)","background-image":"","background-repeat":"repeat","background-position":"center center","background-size":"auto","background-attachment":"scroll","background-type":"","background-media":"","overlay-type":"","overlay-color":"","overlay-opacity":"","overlay-gradient":""},"tablet":{"background-color":"var(--ast-global-color-5)","background-image":"","background-repeat":"repeat","background-position":"center center","background-size":"auto","background-attachment":"scroll","background-type":"","background-media":"","overlay-type":"","overlay-color":"","overlay-opacity":"","overlay-gradient":""},"mobile":{"background-color":"var(--ast-global-color-5)","background-image":"","background-repeat":"repeat","background-position":"center center","background-size":"auto","background-attachment":"scroll","background-type":"","background-media":"","overlay-type":"","overlay-color":"","overlay-opacity":"","overlay-gradient":""}}},"product_brand":[],"product_cat":[979,980],"product_tag":[3305,3034,3308],"class_list":{"0":"post-32081","1":"product","2":"type-product","3":"status-publish","4":"has-post-thumbnail","6":"product_cat-for-dog","7":"product_cat-waterproof-leashes-splash","8":"product_tag-dog-leash-en","9":"product_tag-leash","10":"product_tag-webbing-leash","11":"desktop-align-left","12":"tablet-align-left","13":"mobile-align-left","14":"ast-product-gallery-layout-horizontal-slider","15":"ast-magnify-disabled","16":"ast-product-single-variable","17":"ast-product-tabs-layout-horizontal","19":"first","20":"instock","21":"shipping-taxable","22":"purchasable","23":"product-type-variable","24":"has-default-attributes"},"yoast_head":"<!-- This site is optimized with the Yoast SEO plugin v27.3 - https:\/\/yoast.com\/product\/yoast-seo-wordpress\/ -->\n<title>SPLASH city leash - Dignis Design<\/title>\n<meta name=\"description\" content=\"The classic SPLASH city leash in the original edition. The spotted effect adds to its fashionable look. A must have in every dog&#039;s closet.\" \/>\n<meta name=\"robots\" content=\"index, follow, max-snippet:-1, max-image-preview:large, max-video-preview:-1\" \/>\n<link rel=\"canonical\" href=\"https:\/\/dignisdesign.com.pl\/en\/produkt\/splash-city-lanyard\/\" \/>\n<meta property=\"og:locale\" content=\"en_US\" \/>\n<meta property=\"og:type\" content=\"article\" \/>\n<meta property=\"og:title\" content=\"SPLASH city leash - Dignis Design\" \/>\n<meta property=\"og:description\" content=\"The classic SPLASH city leash in the original edition. The spotted effect adds to its fashionable look. A must have in every dog&#039;s closet.\" \/>\n<meta property=\"og:url\" content=\"https:\/\/dignisdesign.com.pl\/en\/produkt\/splash-city-lanyard\/\" \/>\n<meta property=\"og:site_name\" content=\"Dignis Design\" \/>\n<meta property=\"article:modified_time\" content=\"2023-08-02T15:44:55+00:00\" \/>\n<meta property=\"og:image\" content=\"https:\/\/dignisdesign.com.pl\/wp-content\/uploads\/2024\/02\/smycz-miejska-splash.jpg\" \/>\n\t<meta property=\"og:image:width\" content=\"1280\" \/>\n\t<meta property=\"og:image:height\" content=\"1280\" \/>\n\t<meta property=\"og:image:type\" content=\"image\/jpeg\" \/>\n<meta name=\"twitter:card\" content=\"summary_large_image\" \/>\n<meta name=\"twitter:label1\" content=\"Est. reading time\" \/>\n\t<meta name=\"twitter:data1\" content=\"3 minutes\" \/>\n<script type=\"application\/ld+json\" class=\"yoast-schema-graph\">{\"@context\":\"https:\\\/\\\/schema.org\",\"@graph\":[{\"@type\":\"WebPage\",\"@id\":\"https:\\\/\\\/dignisdesign.com.pl\\\/en\\\/produkt\\\/splash-city-lanyard\\\/\",\"url\":\"https:\\\/\\\/dignisdesign.com.pl\\\/en\\\/produkt\\\/splash-city-lanyard\\\/\",\"name\":\"SPLASH city leash - Dignis Design\",\"isPartOf\":{\"@id\":\"https:\\\/\\\/dignisdesign.com.pl\\\/#website\"},\"primaryImageOfPage\":{\"@id\":\"https:\\\/\\\/dignisdesign.com.pl\\\/en\\\/produkt\\\/splash-city-lanyard\\\/#primaryimage\"},\"image\":{\"@id\":\"https:\\\/\\\/dignisdesign.com.pl\\\/en\\\/produkt\\\/splash-city-lanyard\\\/#primaryimage\"},\"thumbnailUrl\":\"https:\\\/\\\/dignisdesign.com.pl\\\/wp-content\\\/uploads\\\/2024\\\/02\\\/smycz-miejska-splash.jpg\",\"datePublished\":\"2022-04-14T18:35:58+00:00\",\"dateModified\":\"2023-08-02T15:44:55+00:00\",\"description\":\"The classic SPLASH city leash in the original edition. The spotted effect adds to its fashionable look. A must have in every dog's closet.\",\"breadcrumb\":{\"@id\":\"https:\\\/\\\/dignisdesign.com.pl\\\/en\\\/produkt\\\/splash-city-lanyard\\\/#breadcrumb\"},\"inLanguage\":\"en-US\",\"potentialAction\":[{\"@type\":\"ReadAction\",\"target\":[\"https:\\\/\\\/dignisdesign.com.pl\\\/en\\\/produkt\\\/splash-city-lanyard\\\/\"]}]},{\"@type\":\"ImageObject\",\"inLanguage\":\"en-US\",\"@id\":\"https:\\\/\\\/dignisdesign.com.pl\\\/en\\\/produkt\\\/splash-city-lanyard\\\/#primaryimage\",\"url\":\"https:\\\/\\\/dignisdesign.com.pl\\\/wp-content\\\/uploads\\\/2024\\\/02\\\/smycz-miejska-splash.jpg\",\"contentUrl\":\"https:\\\/\\\/dignisdesign.com.pl\\\/wp-content\\\/uploads\\\/2024\\\/02\\\/smycz-miejska-splash.jpg\",\"width\":1280,\"height\":1280},{\"@type\":\"BreadcrumbList\",\"@id\":\"https:\\\/\\\/dignisdesign.com.pl\\\/en\\\/produkt\\\/splash-city-lanyard\\\/#breadcrumb\",\"itemListElement\":[{\"@type\":\"ListItem\",\"position\":1,\"name\":\"Strona g\u0142\u00f3wna\",\"item\":\"https:\\\/\\\/dignisdesign.com.pl\\\/\"},{\"@type\":\"ListItem\",\"position\":2,\"name\":\"Store\",\"item\":\"https:\\\/\\\/dignisdesign.com.pl\\\/en\\\/store\\\/\"},{\"@type\":\"ListItem\",\"position\":3,\"name\":\"SPLASH city leash\"}]},{\"@type\":\"WebSite\",\"@id\":\"https:\\\/\\\/dignisdesign.com.pl\\\/#website\",\"url\":\"https:\\\/\\\/dignisdesign.com.pl\\\/\",\"name\":\"Dignis Design\",\"description\":\"Akcesoria dla czworonog&oacute;w tworzone z pasj\u0105 i dba\u0142o\u015bci\u0105 o ka\u017cdy detal\",\"publisher\":{\"@id\":\"https:\\\/\\\/dignisdesign.com.pl\\\/#organization\"},\"potentialAction\":[{\"@type\":\"SearchAction\",\"target\":{\"@type\":\"EntryPoint\",\"urlTemplate\":\"https:\\\/\\\/dignisdesign.com.pl\\\/?s={search_term_string}\"},\"query-input\":{\"@type\":\"PropertyValueSpecification\",\"valueRequired\":true,\"valueName\":\"search_term_string\"}}],\"inLanguage\":\"en-US\"},{\"@type\":\"Organization\",\"@id\":\"https:\\\/\\\/dignisdesign.com.pl\\\/#organization\",\"name\":\"Dignis Design\",\"url\":\"https:\\\/\\\/dignisdesign.com.pl\\\/\",\"logo\":{\"@type\":\"ImageObject\",\"inLanguage\":\"en-US\",\"@id\":\"https:\\\/\\\/dignisdesign.com.pl\\\/#\\\/schema\\\/logo\\\/image\\\/\",\"url\":\"https:\\\/\\\/dignisdesign.com.pl\\\/wp-content\\\/uploads\\\/2020\\\/12\\\/DIGNIS-LOGO-PROJEKT-MALE.png\",\"contentUrl\":\"https:\\\/\\\/dignisdesign.com.pl\\\/wp-content\\\/uploads\\\/2020\\\/12\\\/DIGNIS-LOGO-PROJEKT-MALE.png\",\"width\":664,\"height\":300,\"caption\":\"Dignis Design\"},\"image\":{\"@id\":\"https:\\\/\\\/dignisdesign.com.pl\\\/#\\\/schema\\\/logo\\\/image\\\/\"}}]}<\/script>\n<!-- \/ Yoast SEO plugin. -->","yoast_head_json":{"title":"SPLASH city leash - Dignis Design","description":"The classic SPLASH city leash in the original edition. The spotted effect adds to its fashionable look. A must have in every dog's closet.","robots":{"index":"index","follow":"follow","max-snippet":"max-snippet:-1","max-image-preview":"max-image-preview:large","max-video-preview":"max-video-preview:-1"},"canonical":"https:\/\/dignisdesign.com.pl\/en\/produkt\/splash-city-lanyard\/","og_locale":"en_US","og_type":"article","og_title":"SPLASH city leash - Dignis Design","og_description":"The classic SPLASH city leash in the original edition. The spotted effect adds to its fashionable look. A must have in every dog's closet.","og_url":"https:\/\/dignisdesign.com.pl\/en\/produkt\/splash-city-lanyard\/","og_site_name":"Dignis Design","article_modified_time":"2023-08-02T15:44:55+00:00","og_image":[{"width":1280,"height":1280,"url":"https:\/\/dignisdesign.com.pl\/wp-content\/uploads\/2024\/02\/smycz-miejska-splash.jpg","type":"image\/jpeg"}],"twitter_card":"summary_large_image","twitter_misc":{"Est. reading time":"3 minutes"},"schema":{"@context":"https:\/\/schema.org","@graph":[{"@type":"WebPage","@id":"https:\/\/dignisdesign.com.pl\/en\/produkt\/splash-city-lanyard\/","url":"https:\/\/dignisdesign.com.pl\/en\/produkt\/splash-city-lanyard\/","name":"SPLASH city leash - Dignis Design","isPartOf":{"@id":"https:\/\/dignisdesign.com.pl\/#website"},"primaryImageOfPage":{"@id":"https:\/\/dignisdesign.com.pl\/en\/produkt\/splash-city-lanyard\/#primaryimage"},"image":{"@id":"https:\/\/dignisdesign.com.pl\/en\/produkt\/splash-city-lanyard\/#primaryimage"},"thumbnailUrl":"https:\/\/dignisdesign.com.pl\/wp-content\/uploads\/2024\/02\/smycz-miejska-splash.jpg","datePublished":"2022-04-14T18:35:58+00:00","dateModified":"2023-08-02T15:44:55+00:00","description":"The classic SPLASH city leash in the original edition. The spotted effect adds to its fashionable look. A must have in every dog's closet.","breadcrumb":{"@id":"https:\/\/dignisdesign.com.pl\/en\/produkt\/splash-city-lanyard\/#breadcrumb"},"inLanguage":"en-US","potentialAction":[{"@type":"ReadAction","target":["https:\/\/dignisdesign.com.pl\/en\/produkt\/splash-city-lanyard\/"]}]},{"@type":"ImageObject","inLanguage":"en-US","@id":"https:\/\/dignisdesign.com.pl\/en\/produkt\/splash-city-lanyard\/#primaryimage","url":"https:\/\/dignisdesign.com.pl\/wp-content\/uploads\/2024\/02\/smycz-miejska-splash.jpg","contentUrl":"https:\/\/dignisdesign.com.pl\/wp-content\/uploads\/2024\/02\/smycz-miejska-splash.jpg","width":1280,"height":1280},{"@type":"BreadcrumbList","@id":"https:\/\/dignisdesign.com.pl\/en\/produkt\/splash-city-lanyard\/#breadcrumb","itemListElement":[{"@type":"ListItem","position":1,"name":"Strona g\u0142\u00f3wna","item":"https:\/\/dignisdesign.com.pl\/"},{"@type":"ListItem","position":2,"name":"Store","item":"https:\/\/dignisdesign.com.pl\/en\/store\/"},{"@type":"ListItem","position":3,"name":"SPLASH city leash"}]},{"@type":"WebSite","@id":"https:\/\/dignisdesign.com.pl\/#website","url":"https:\/\/dignisdesign.com.pl\/","name":"Dignis Design","description":"Akcesoria dla czworonog&oacute;w tworzone z pasj\u0105 i dba\u0142o\u015bci\u0105 o ka\u017cdy detal","publisher":{"@id":"https:\/\/dignisdesign.com.pl\/#organization"},"potentialAction":[{"@type":"SearchAction","target":{"@type":"EntryPoint","urlTemplate":"https:\/\/dignisdesign.com.pl\/?s={search_term_string}"},"query-input":{"@type":"PropertyValueSpecification","valueRequired":true,"valueName":"search_term_string"}}],"inLanguage":"en-US"},{"@type":"Organization","@id":"https:\/\/dignisdesign.com.pl\/#organization","name":"Dignis Design","url":"https:\/\/dignisdesign.com.pl\/","logo":{"@type":"ImageObject","inLanguage":"en-US","@id":"https:\/\/dignisdesign.com.pl\/#\/schema\/logo\/image\/","url":"https:\/\/dignisdesign.com.pl\/wp-content\/uploads\/2020\/12\/DIGNIS-LOGO-PROJEKT-MALE.png","contentUrl":"https:\/\/dignisdesign.com.pl\/wp-content\/uploads\/2020\/12\/DIGNIS-LOGO-PROJEKT-MALE.png","width":664,"height":300,"caption":"Dignis Design"},"image":{"@id":"https:\/\/dignisdesign.com.pl\/#\/schema\/logo\/image\/"}}]}},"jetpack_sharing_enabled":true,"_links":{"self":[{"href":"https:\/\/dignisdesign.com.pl\/en\/wp-json\/wp\/v2\/product\/32081","targetHints":{"allow":["GET"]}}],"collection":[{"href":"https:\/\/dignisdesign.com.pl\/en\/wp-json\/wp\/v2\/product"}],"about":[{"href":"https:\/\/dignisdesign.com.pl\/en\/wp-json\/wp\/v2\/types\/product"}],"replies":[{"embeddable":true,"href":"https:\/\/dignisdesign.com.pl\/en\/wp-json\/wp\/v2\/comments?post=32081"}],"version-history":[{"count":1,"href":"https:\/\/dignisdesign.com.pl\/en\/wp-json\/wp\/v2\/product\/32081\/revisions"}],"predecessor-version":[{"id":63663,"href":"https:\/\/dignisdesign.com.pl\/en\/wp-json\/wp\/v2\/product\/32081\/revisions\/63663"}],"wp:featuredmedia":[{"embeddable":true,"href":"https:\/\/dignisdesign.com.pl\/en\/wp-json\/wp\/v2\/media\/73534"}],"wp:attachment":[{"href":"https:\/\/dignisdesign.com.pl\/en\/wp-json\/wp\/v2\/media?parent=32081"}],"wp:term":[{"taxonomy":"product_brand","embeddable":true,"href":"https:\/\/dignisdesign.com.pl\/en\/wp-json\/wp\/v2\/product_brand?post=32081"},{"taxonomy":"product_cat","embeddable":true,"href":"https:\/\/dignisdesign.com.pl\/en\/wp-json\/wp\/v2\/product_cat?post=32081"},{"taxonomy":"product_tag","embeddable":true,"href":"https:\/\/dignisdesign.com.pl\/en\/wp-json\/wp\/v2\/product_tag?post=32081"}],"curies":[{"name":"wp","href":"https:\/\/api.w.org\/{rel}","templated":true}]}}