	
	
{"id":32070,"date":"2022-02-26T20:18:18","date_gmt":"2022-02-26T20:18:18","guid":{"rendered":"https:\/\/dignisdesign.com.pl\/produkt\/half-clamp-adjustable-martingale-collar-with-chain\/"},"modified":"2023-06-28T08:39:52","modified_gmt":"2023-06-28T08:39:52","slug":"half-clamp-adjustable-martingale-collar-with-chain","status":"publish","type":"product","link":"https:\/\/dignisdesign.com.pl\/en\/produkt\/half-clamp-adjustable-martingale-collar-with-chain\/","title":{"rendered":"Semi-clamping adjustable martingale dog collar with chain"},"content":{"rendered":"<p>Semi-clamping adjustable martingale dog collar with chain is handmade, made to size &#8211; adjustable up to 7 cm from the specified circumference.<\/p>\n<p>The size of the collar will be the given circumference after tightening the chain.<\/p>\n<p>Chain length: 10 cm (for 16 mm wide webbing collar) and 15 cm (for 25 mm wide webbing collar) &#8211; MODIFICATION OPTION (<a href=\"https:\/\/dignisdesign.com.pl\/en\/?page_id=31993\"><strong>CONTACT US<\/strong><\/a>)<\/p>\n<p>Possibility to personalize the collar: by engraving any inscription (permanent laser-burned engraving), such as your dog&#8217;s name, contact number, address, etc., you can give your product a personalized touch.<\/p>\n<p>The material of the semi-clamping adjustable martingale dog collar with chain is strong polyvinyl chloride (PVC) webbing coated with thermoplastic polyurethane (TPU), which makes it lightweight, yet very durable.<\/p>\n<p>The great advantage of the tape is its resistance to water, sweat, chemicals, UV radiation, weather conditions, bacteria. The tapes do not wipe the hair. The outer layer of the tape is not abraded, and its properties remain constant regardless of temperature. In addition, the material is easy to maintain (it can be cleaned with soapy water), and despite its thickness, it remains flexible.<\/p>\n<p>The paint used to color the engraver may wear off (in particular, washing with hot water and brushing and using detergents is discouraged). Washing with a damp cloth is recommended.<\/p>\n<p>Chain made of welded links, a saddlery ring (used to attach to a lanyard) and two D-rings.<\/p>\n<p>Link diameters: 2 mm (chains for 16 mm webbing collars) and 3 mm (chains for 25 mm webbing collars).<\/p>\n<p>Chicago-type screws are used in the creation of the collars, while brass fittings are brass rivets.<\/p>\n<p>Brass fitting will work well in contact with salt water &#8211; it is resistant to rust.<\/p>\n<p>We do not have stock &#8211; accessories are made to individual customer order. Non-prefabricated product &#8211; not subject to return.<\/p>\n<p>The colors shown may vary slightly in reality &#8211; this depends on individual screen brightness settings.<\/p>\n<div style=\"overflow-x: auto;\">\n<table class=\"purpleHorizon rwd-table\">\n<thead>\n<tr>\n<th>TECHNICAL DATA<\/th>\n<th>TAPE WIDTH 25MM<\/th>\n<th>TAPE WIDTH 16MM<\/th>\n<\/tr>\n<\/thead>\n<tbody>\n<tr>\n<td>DESTRUCTIVE FORCE<\/td>\n<td>250KG<\/td>\n<td>180KG<\/td>\n<\/tr>\n<tr>\n<td>TAPE THICKNESS<\/td>\n<td>2.7MM<\/td>\n<td>2.7MM<\/td>\n<\/tr>\n<tr>\n<td>MATERIAL<\/td>\n<td>TPU<\/td>\n<td>TPU<\/td>\n<\/tr>\n<tr>\n<td>LENGTH<\/td>\n<td>&#8211;<\/td>\n<td>&#8211;<\/td>\n<\/tr>\n<tr>\n<td>WEIGHT<\/td>\n<td>1M-75G<\/td>\n<td>1M-45G<\/td>\n<\/tr>\n<\/tbody>\n<\/table>\n<\/div>\n","protected":false},"excerpt":{"rendered":"<p>The waterproof dog collar with chain, with metal adjuster, with belt loop.<\/p>\n<p><em>Dog collar which is put through the dog&#8217;s head. Safe and comfortable to use &#8211; thanks to the adjustability, you will perfectly adjust the size of the collar to your pet. The chain will ensure that the dog will not slip out of it, and at the same time &#8211; when pulling &#8211; this collar will not compress it. <\/em><\/p>\n","protected":false},"featured_media":31421,"comment_status":"open","ping_status":"closed","template":"","meta":{"site-sidebar-layout":"default","site-content-layout":"default","ast-site-content-layout":"default","site-content-style":"default","site-sidebar-style":"default","ast-global-header-display":"","ast-banner-title-visibility":"","ast-main-header-display":"","ast-hfb-above-header-display":"","ast-hfb-below-header-display":"","ast-hfb-mobile-header-display":"","site-post-title":"","ast-breadcrumbs-content":"","ast-featured-img":"","footer-sml-layout":"","ast-disable-related-posts":"","theme-transparent-header-meta":"default","adv-header-id-meta":"","stick-header-meta":"default","header-above-stick-meta":"","header-main-stick-meta":"","header-below-stick-meta":"","astra-migrate-meta-layouts":"default","ast-page-background-enabled":"default","ast-page-background-meta":{"desktop":{"background-color":"","background-image":"","background-repeat":"repeat","background-position":"center center","background-size":"auto","background-attachment":"scroll","background-type":"","background-media":"","overlay-type":"","overlay-color":"","overlay-opacity":"","overlay-gradient":""},"tablet":{"background-color":"","background-image":"","background-repeat":"repeat","background-position":"center center","background-size":"auto","background-attachment":"scroll","background-type":"","background-media":"","overlay-type":"","overlay-color":"","overlay-opacity":"","overlay-gradient":""},"mobile":{"background-color":"","background-image":"","background-repeat":"repeat","background-position":"center center","background-size":"auto","background-attachment":"scroll","background-type":"","background-media":"","overlay-type":"","overlay-color":"","overlay-opacity":"","overlay-gradient":""}},"ast-content-background-meta":{"desktop":{"background-color":"var(--ast-global-color-5)","background-image":"","background-repeat":"repeat","background-position":"center center","background-size":"auto","background-attachment":"scroll","background-type":"","background-media":"","overlay-type":"","overlay-color":"","overlay-opacity":"","overlay-gradient":""},"tablet":{"background-color":"var(--ast-global-color-5)","background-image":"","background-repeat":"repeat","background-position":"center center","background-size":"auto","background-attachment":"scroll","background-type":"","background-media":"","overlay-type":"","overlay-color":"","overlay-opacity":"","overlay-gradient":""},"mobile":{"background-color":"var(--ast-global-color-5)","background-image":"","background-repeat":"repeat","background-position":"center center","background-size":"auto","background-attachment":"scroll","background-type":"","background-media":"","overlay-type":"","overlay-color":"","overlay-opacity":"","overlay-gradient":""}}},"product_brand":[],"product_cat":[964,965],"product_tag":[3314,3032],"class_list":{"0":"post-32070","1":"product","2":"type-product","3":"status-publish","4":"has-post-thumbnail","6":"product_cat-all","7":"product_cat-waterproof-collars","8":"product_tag-dog-collar-en-2","9":"product_tag-waterproof-collar","10":"desktop-align-left","11":"tablet-align-left","12":"mobile-align-left","13":"ast-product-gallery-layout-horizontal-slider","14":"ast-magnify-disabled","15":"ast-product-single-variable","16":"ast-product-tabs-layout-horizontal","18":"first","19":"instock","20":"shipping-taxable","21":"purchasable","22":"product-type-variable","23":"has-default-attributes"},"yoast_head":"<!-- This site is optimized with the Yoast SEO plugin v27.3 - https:\/\/yoast.com\/product\/yoast-seo-wordpress\/ -->\n<title>Semi-clamping adjustable martingale dog collar with chain - Dignis Design<\/title>\n<meta name=\"description\" content=\"The chain ensures that the dog will not slip out of the collar, and at the same time - when pulled - the collar will not compress the dog, choking him.\" \/>\n<meta name=\"robots\" content=\"index, follow, max-snippet:-1, max-image-preview:large, max-video-preview:-1\" \/>\n<link rel=\"canonical\" href=\"https:\/\/dignisdesign.com.pl\/en\/produkt\/half-clamp-adjustable-martingale-collar-with-chain\/\" \/>\n<meta property=\"og:locale\" content=\"en_US\" \/>\n<meta property=\"og:type\" content=\"article\" \/>\n<meta property=\"og:title\" content=\"Semi-clamping adjustable martingale dog collar with chain - Dignis Design\" \/>\n<meta property=\"og:description\" content=\"The chain ensures that the dog will not slip out of the collar, and at the same time - when pulled - the collar will not compress the dog, choking him.\" \/>\n<meta property=\"og:url\" content=\"https:\/\/dignisdesign.com.pl\/en\/produkt\/half-clamp-adjustable-martingale-collar-with-chain\/\" \/>\n<meta property=\"og:site_name\" content=\"Dignis Design\" \/>\n<meta property=\"article:modified_time\" content=\"2023-06-28T08:39:52+00:00\" \/>\n<meta property=\"og:image\" content=\"https:\/\/dignisdesign.com.pl\/wp-content\/uploads\/2022\/02\/obroza-polzaciskowa-lancuszek-brazowy-srebrny-25.jpg\" \/>\n\t<meta property=\"og:image:width\" content=\"1280\" \/>\n\t<meta property=\"og:image:height\" content=\"1280\" \/>\n\t<meta property=\"og:image:type\" content=\"image\/jpeg\" \/>\n<meta name=\"twitter:card\" content=\"summary_large_image\" \/>\n<meta name=\"twitter:label1\" content=\"Est. reading time\" \/>\n\t<meta name=\"twitter:data1\" content=\"3 minutes\" \/>\n<script type=\"application\/ld+json\" class=\"yoast-schema-graph\">{\"@context\":\"https:\\\/\\\/schema.org\",\"@graph\":[{\"@type\":\"WebPage\",\"@id\":\"https:\\\/\\\/dignisdesign.com.pl\\\/en\\\/produkt\\\/half-clamp-adjustable-martingale-collar-with-chain\\\/\",\"url\":\"https:\\\/\\\/dignisdesign.com.pl\\\/en\\\/produkt\\\/half-clamp-adjustable-martingale-collar-with-chain\\\/\",\"name\":\"Semi-clamping adjustable martingale dog collar with chain - Dignis Design\",\"isPartOf\":{\"@id\":\"https:\\\/\\\/dignisdesign.com.pl\\\/#website\"},\"primaryImageOfPage\":{\"@id\":\"https:\\\/\\\/dignisdesign.com.pl\\\/en\\\/produkt\\\/half-clamp-adjustable-martingale-collar-with-chain\\\/#primaryimage\"},\"image\":{\"@id\":\"https:\\\/\\\/dignisdesign.com.pl\\\/en\\\/produkt\\\/half-clamp-adjustable-martingale-collar-with-chain\\\/#primaryimage\"},\"thumbnailUrl\":\"https:\\\/\\\/dignisdesign.com.pl\\\/wp-content\\\/uploads\\\/2022\\\/02\\\/obroza-polzaciskowa-lancuszek-brazowy-srebrny-25.jpg\",\"datePublished\":\"2022-02-26T20:18:18+00:00\",\"dateModified\":\"2023-06-28T08:39:52+00:00\",\"description\":\"The chain ensures that the dog will not slip out of the collar, and at the same time - when pulled - the collar will not compress the dog, choking him.\",\"breadcrumb\":{\"@id\":\"https:\\\/\\\/dignisdesign.com.pl\\\/en\\\/produkt\\\/half-clamp-adjustable-martingale-collar-with-chain\\\/#breadcrumb\"},\"inLanguage\":\"en-US\",\"potentialAction\":[{\"@type\":\"ReadAction\",\"target\":[\"https:\\\/\\\/dignisdesign.com.pl\\\/en\\\/produkt\\\/half-clamp-adjustable-martingale-collar-with-chain\\\/\"]}]},{\"@type\":\"ImageObject\",\"inLanguage\":\"en-US\",\"@id\":\"https:\\\/\\\/dignisdesign.com.pl\\\/en\\\/produkt\\\/half-clamp-adjustable-martingale-collar-with-chain\\\/#primaryimage\",\"url\":\"https:\\\/\\\/dignisdesign.com.pl\\\/wp-content\\\/uploads\\\/2022\\\/02\\\/obroza-polzaciskowa-lancuszek-brazowy-srebrny-25.jpg\",\"contentUrl\":\"https:\\\/\\\/dignisdesign.com.pl\\\/wp-content\\\/uploads\\\/2022\\\/02\\\/obroza-polzaciskowa-lancuszek-brazowy-srebrny-25.jpg\",\"width\":1280,\"height\":1280},{\"@type\":\"BreadcrumbList\",\"@id\":\"https:\\\/\\\/dignisdesign.com.pl\\\/en\\\/produkt\\\/half-clamp-adjustable-martingale-collar-with-chain\\\/#breadcrumb\",\"itemListElement\":[{\"@type\":\"ListItem\",\"position\":1,\"name\":\"Strona g\u0142\u00f3wna\",\"item\":\"https:\\\/\\\/dignisdesign.com.pl\\\/\"},{\"@type\":\"ListItem\",\"position\":2,\"name\":\"Store\",\"item\":\"https:\\\/\\\/dignisdesign.com.pl\\\/en\\\/store\\\/\"},{\"@type\":\"ListItem\",\"position\":3,\"name\":\"Semi-clamping adjustable martingale dog collar with chain\"}]},{\"@type\":\"WebSite\",\"@id\":\"https:\\\/\\\/dignisdesign.com.pl\\\/#website\",\"url\":\"https:\\\/\\\/dignisdesign.com.pl\\\/\",\"name\":\"Dignis Design\",\"description\":\"Akcesoria dla czworonog&oacute;w tworzone z pasj\u0105 i dba\u0142o\u015bci\u0105 o ka\u017cdy detal\",\"publisher\":{\"@id\":\"https:\\\/\\\/dignisdesign.com.pl\\\/#organization\"},\"potentialAction\":[{\"@type\":\"SearchAction\",\"target\":{\"@type\":\"EntryPoint\",\"urlTemplate\":\"https:\\\/\\\/dignisdesign.com.pl\\\/?s={search_term_string}\"},\"query-input\":{\"@type\":\"PropertyValueSpecification\",\"valueRequired\":true,\"valueName\":\"search_term_string\"}}],\"inLanguage\":\"en-US\"},{\"@type\":\"Organization\",\"@id\":\"https:\\\/\\\/dignisdesign.com.pl\\\/#organization\",\"name\":\"Dignis Design\",\"url\":\"https:\\\/\\\/dignisdesign.com.pl\\\/\",\"logo\":{\"@type\":\"ImageObject\",\"inLanguage\":\"en-US\",\"@id\":\"https:\\\/\\\/dignisdesign.com.pl\\\/#\\\/schema\\\/logo\\\/image\\\/\",\"url\":\"https:\\\/\\\/dignisdesign.com.pl\\\/wp-content\\\/uploads\\\/2020\\\/12\\\/DIGNIS-LOGO-PROJEKT-MALE.png\",\"contentUrl\":\"https:\\\/\\\/dignisdesign.com.pl\\\/wp-content\\\/uploads\\\/2020\\\/12\\\/DIGNIS-LOGO-PROJEKT-MALE.png\",\"width\":664,\"height\":300,\"caption\":\"Dignis Design\"},\"image\":{\"@id\":\"https:\\\/\\\/dignisdesign.com.pl\\\/#\\\/schema\\\/logo\\\/image\\\/\"}}]}<\/script>\n<!-- \/ Yoast SEO plugin. -->","yoast_head_json":{"title":"Semi-clamping adjustable martingale dog collar with chain - Dignis Design","description":"The chain ensures that the dog will not slip out of the collar, and at the same time - when pulled - the collar will not compress the dog, choking him.","robots":{"index":"index","follow":"follow","max-snippet":"max-snippet:-1","max-image-preview":"max-image-preview:large","max-video-preview":"max-video-preview:-1"},"canonical":"https:\/\/dignisdesign.com.pl\/en\/produkt\/half-clamp-adjustable-martingale-collar-with-chain\/","og_locale":"en_US","og_type":"article","og_title":"Semi-clamping adjustable martingale dog collar with chain - Dignis Design","og_description":"The chain ensures that the dog will not slip out of the collar, and at the same time - when pulled - the collar will not compress the dog, choking him.","og_url":"https:\/\/dignisdesign.com.pl\/en\/produkt\/half-clamp-adjustable-martingale-collar-with-chain\/","og_site_name":"Dignis Design","article_modified_time":"2023-06-28T08:39:52+00:00","og_image":[{"width":1280,"height":1280,"url":"https:\/\/dignisdesign.com.pl\/wp-content\/uploads\/2022\/02\/obroza-polzaciskowa-lancuszek-brazowy-srebrny-25.jpg","type":"image\/jpeg"}],"twitter_card":"summary_large_image","twitter_misc":{"Est. reading time":"3 minutes"},"schema":{"@context":"https:\/\/schema.org","@graph":[{"@type":"WebPage","@id":"https:\/\/dignisdesign.com.pl\/en\/produkt\/half-clamp-adjustable-martingale-collar-with-chain\/","url":"https:\/\/dignisdesign.com.pl\/en\/produkt\/half-clamp-adjustable-martingale-collar-with-chain\/","name":"Semi-clamping adjustable martingale dog collar with chain - Dignis Design","isPartOf":{"@id":"https:\/\/dignisdesign.com.pl\/#website"},"primaryImageOfPage":{"@id":"https:\/\/dignisdesign.com.pl\/en\/produkt\/half-clamp-adjustable-martingale-collar-with-chain\/#primaryimage"},"image":{"@id":"https:\/\/dignisdesign.com.pl\/en\/produkt\/half-clamp-adjustable-martingale-collar-with-chain\/#primaryimage"},"thumbnailUrl":"https:\/\/dignisdesign.com.pl\/wp-content\/uploads\/2022\/02\/obroza-polzaciskowa-lancuszek-brazowy-srebrny-25.jpg","datePublished":"2022-02-26T20:18:18+00:00","dateModified":"2023-06-28T08:39:52+00:00","description":"The chain ensures that the dog will not slip out of the collar, and at the same time - when pulled - the collar will not compress the dog, choking him.","breadcrumb":{"@id":"https:\/\/dignisdesign.com.pl\/en\/produkt\/half-clamp-adjustable-martingale-collar-with-chain\/#breadcrumb"},"inLanguage":"en-US","potentialAction":[{"@type":"ReadAction","target":["https:\/\/dignisdesign.com.pl\/en\/produkt\/half-clamp-adjustable-martingale-collar-with-chain\/"]}]},{"@type":"ImageObject","inLanguage":"en-US","@id":"https:\/\/dignisdesign.com.pl\/en\/produkt\/half-clamp-adjustable-martingale-collar-with-chain\/#primaryimage","url":"https:\/\/dignisdesign.com.pl\/wp-content\/uploads\/2022\/02\/obroza-polzaciskowa-lancuszek-brazowy-srebrny-25.jpg","contentUrl":"https:\/\/dignisdesign.com.pl\/wp-content\/uploads\/2022\/02\/obroza-polzaciskowa-lancuszek-brazowy-srebrny-25.jpg","width":1280,"height":1280},{"@type":"BreadcrumbList","@id":"https:\/\/dignisdesign.com.pl\/en\/produkt\/half-clamp-adjustable-martingale-collar-with-chain\/#breadcrumb","itemListElement":[{"@type":"ListItem","position":1,"name":"Strona g\u0142\u00f3wna","item":"https:\/\/dignisdesign.com.pl\/"},{"@type":"ListItem","position":2,"name":"Store","item":"https:\/\/dignisdesign.com.pl\/en\/store\/"},{"@type":"ListItem","position":3,"name":"Semi-clamping adjustable martingale dog collar with chain"}]},{"@type":"WebSite","@id":"https:\/\/dignisdesign.com.pl\/#website","url":"https:\/\/dignisdesign.com.pl\/","name":"Dignis Design","description":"Akcesoria dla czworonog&oacute;w tworzone z pasj\u0105 i dba\u0142o\u015bci\u0105 o ka\u017cdy detal","publisher":{"@id":"https:\/\/dignisdesign.com.pl\/#organization"},"potentialAction":[{"@type":"SearchAction","target":{"@type":"EntryPoint","urlTemplate":"https:\/\/dignisdesign.com.pl\/?s={search_term_string}"},"query-input":{"@type":"PropertyValueSpecification","valueRequired":true,"valueName":"search_term_string"}}],"inLanguage":"en-US"},{"@type":"Organization","@id":"https:\/\/dignisdesign.com.pl\/#organization","name":"Dignis Design","url":"https:\/\/dignisdesign.com.pl\/","logo":{"@type":"ImageObject","inLanguage":"en-US","@id":"https:\/\/dignisdesign.com.pl\/#\/schema\/logo\/image\/","url":"https:\/\/dignisdesign.com.pl\/wp-content\/uploads\/2020\/12\/DIGNIS-LOGO-PROJEKT-MALE.png","contentUrl":"https:\/\/dignisdesign.com.pl\/wp-content\/uploads\/2020\/12\/DIGNIS-LOGO-PROJEKT-MALE.png","width":664,"height":300,"caption":"Dignis Design"},"image":{"@id":"https:\/\/dignisdesign.com.pl\/#\/schema\/logo\/image\/"}}]}},"jetpack_sharing_enabled":true,"_links":{"self":[{"href":"https:\/\/dignisdesign.com.pl\/en\/wp-json\/wp\/v2\/product\/32070","targetHints":{"allow":["GET"]}}],"collection":[{"href":"https:\/\/dignisdesign.com.pl\/en\/wp-json\/wp\/v2\/product"}],"about":[{"href":"https:\/\/dignisdesign.com.pl\/en\/wp-json\/wp\/v2\/types\/product"}],"replies":[{"embeddable":true,"href":"https:\/\/dignisdesign.com.pl\/en\/wp-json\/wp\/v2\/comments?post=32070"}],"version-history":[{"count":1,"href":"https:\/\/dignisdesign.com.pl\/en\/wp-json\/wp\/v2\/product\/32070\/revisions"}],"predecessor-version":[{"id":63575,"href":"https:\/\/dignisdesign.com.pl\/en\/wp-json\/wp\/v2\/product\/32070\/revisions\/63575"}],"wp:featuredmedia":[{"embeddable":true,"href":"https:\/\/dignisdesign.com.pl\/en\/wp-json\/wp\/v2\/media\/31421"}],"wp:attachment":[{"href":"https:\/\/dignisdesign.com.pl\/en\/wp-json\/wp\/v2\/media?parent=32070"}],"wp:term":[{"taxonomy":"product_brand","embeddable":true,"href":"https:\/\/dignisdesign.com.pl\/en\/wp-json\/wp\/v2\/product_brand?post=32070"},{"taxonomy":"product_cat","embeddable":true,"href":"https:\/\/dignisdesign.com.pl\/en\/wp-json\/wp\/v2\/product_cat?post=32070"},{"taxonomy":"product_tag","embeddable":true,"href":"https:\/\/dignisdesign.com.pl\/en\/wp-json\/wp\/v2\/product_tag?post=32070"}],"curies":[{"name":"wp","href":"https:\/\/api.w.org\/{rel}","templated":true}]}}