	
	
{"id":32048,"date":"2021-02-21T11:23:23","date_gmt":"2021-02-21T11:23:23","guid":{"rendered":"https:\/\/dignisdesign.com.pl\/produkt\/harness-with-snap-buckle-for-dog\/"},"modified":"2023-06-29T19:43:58","modified_gmt":"2023-06-29T19:43:58","slug":"dog-harness-with-snap-buckle","status":"publish","type":"product","link":"https:\/\/dignisdesign.com.pl\/en\/produkt\/dog-harness-with-snap-buckle\/","title":{"rendered":"Dog harness with snap buckle"},"content":{"rendered":"<style><span data-mce-type=\"bookmark\" style=\"display: inline-block; width: 0px; overflow: hidden; line-height: 0;\" class=\"mce_SELRES_start\">\ufeff<\/span><span data-mce-type=\"bookmark\" style=\"display: inline-block; width: 0px; overflow: hidden; line-height: 0;\" class=\"mce_SELRES_start\">\ufeff<\/span><br \/>table.customTable {<br \/>  width: 100%;<br \/>  background-color: #FFFFFF;<br \/>  border-collapse: separate;<br \/>  border-width: 0px;<br \/>  border-color: #FFFFFF;<br \/>  border-style: solid;<br \/>  color: #000000;<\/p>\n<p>}<\/p>\n<p>table.customTable td, table.customTable th {<br \/>  border-width: 0px;<br \/>  border-color: #FFFFFF;<br \/>  border-style: solid;<br \/>  padding: 5px;<br \/>  text-align: center;<br \/>}<br \/>th, td {<br \/>  text-align: center;<br \/>}<br \/><\/style>\n<p><!-- HTML Code: Place this code in the document's body (between the <body> tags) where the table should appear --><\/p>\n<div style=\"overflow-x: auto;\">\n<table class=\"customTable\">\n<thead>\n<tr>\n<th>SIZE<\/th>\n<th>S<\/th>\n<th>M<\/th>\n<th>L<\/th>\n<\/tr>\n<\/thead>\n<tbody>\n<tr>\n<td>SHOULDER GIRTH<\/td>\n<td>29-46 CM<\/td>\n<td>41-66 CM<\/td>\n<td>53-88 CM<\/td>\n<\/tr>\n<tr>\n<td>CHEST CIRCUMFERENCE<\/td>\n<td>32-55 CM<\/td>\n<td>44-77 CM<\/td>\n<td>58-101 CM<\/td>\n<\/tr>\n<tr>\n<td>TAPE WIDTH<\/td>\n<td>1.6 CM \/ 2.5 CM<\/td>\n<td>1.6 CM \/ 2.5 CM<\/td>\n<td>2.5 CM<\/td>\n<\/tr>\n<tr>\n<td>DORSAL STRAP LENGTH &#8211; 16 MM TAPE<\/td>\n<td>11 CM<\/td>\n<td>12 CM<\/td>\n<td>&#8211;<\/td>\n<\/tr>\n<tr>\n<td>DORSAL STRAP LENGTH &#8211; 25 MM TAPE<\/td>\n<td>13 CM<\/td>\n<td>15 CM<\/td>\n<td>20 CM<\/td>\n<\/tr>\n<tr>\n<td>STERNUM STRAP LENGTH &#8211; 16 MM TAPE<\/td>\n<td>11 CM<\/td>\n<td>17-20 CM<\/td>\n<td>&#8211;<\/td>\n<\/tr>\n<tr>\n<td>STERNUM STRAP LENGTH &#8211; 25 MM TAPE<\/td>\n<td>13 CM<\/td>\n<td>19-22 CM<\/td>\n<td>23-30 CM<\/td>\n<\/tr>\n<\/tbody>\n<\/table>\n<\/div>\n<p>Handmade dog harness with snap buckle, made to measure &#8211; MODIFICATION OPTION (if you have not found the right size or you are not sure which size fits your pet &#8211; <a href=\"https:\/\/dignisdesign.com.pl\/en\/?page_id=31993\"><strong>CONTACT US<\/strong><\/a>).<\/p>\n<p>Possibility to personalize the harness: by engraving any inscription (permanent laser-burned engraving), such as your dog&#8217;s name, contact number, address, etc., you can give your harness a personalized touch.<\/p>\n<p>The material used for the dog harness with snap buckle is a strong polyvinyl chloride (PVC) webbing coated with thermoplastic polyurethane (TPU), making it lightweight yet very durable.<\/p>\n<p>The great advantage of the tape is that it is resistant to water, sweat, chemicals, UV radiation, weather, bacteria, and does not wipe fur. The outer layer of the tape is not abraded, and its properties remain constant regardless of temperature. In addition, the material is easy to maintain (it can be cleaned with soapy water), and despite its thickness, it remains flexible.<\/p>\n<p>The paint used to color the engraver may wear off (in particular, washing with hot water and brushing and using detergents is discouraged). Washing with a damp cloth is recommended.<\/p>\n<p>Chicago-type screws are used in the creation of the harnesses, while brass fittings are brass rivets.<\/p>\n<p>Black, rosegold and neochrome fittings are lacquered &#8211; the lacquer will wear off depending on how and how intensively the product is used. These elements are subject to corrosion.<\/p>\n<p>Brass fitting will work well in contact with salt water &#8211; it is resistant to rust.<\/p>\n<p>Dog harnesses made by hand &#8211; dimensions given may vary minimally in reality.<\/p>\n<p>We do not have stock &#8211; accessories are made to individual customer order. Non-prefabricated product &#8211; not subject to return.<\/p>\n<p>The colors shown may vary slightly in reality &#8211; this depends on individual screen brightness settings.<\/p>\n<div style=\"overflow-x: auto;\">\n<table class=\"purpleHorizon\">\n<thead>\n<tr>\n<th>TECHNICAL DATA<\/th>\n<th>TAPE WIDTH 25MM<\/th>\n<th>TAPE WIDTH 16MM<\/th>\n<th>SNAP BUCKLE FOR 25MM TAPE<\/th>\n<th>SNAP BUCKLE FOR 16MM TAPE<\/th>\n<\/tr>\n<\/thead>\n<tbody>\n<tr>\n<td>DESTRUCTIVE FORCE<\/td>\n<td>250KG<\/td>\n<td>180KG<\/td>\n<td>95KG<\/td>\n<td>55KG<\/td>\n<\/tr>\n<tr>\n<td>TAPE THICKNESS<\/td>\n<td>2.7MM<\/td>\n<td>2.7MM<\/td>\n<td>&#8211;<\/td>\n<td>&#8211;<\/td>\n<\/tr>\n<tr>\n<td>MATERIAL<\/td>\n<td>TPU<\/td>\n<td>TPU<\/td>\n<td>FROST-RESISTANT ACETAL (down to -20\u00baC)<\/td>\n<td>FROST-RESISTANT ACETAL (down to -20\u00baC)<\/td>\n<\/tr>\n<tr>\n<td>LENGTH<\/td>\n<td>&#8211;<\/td>\n<td>&#8211;<\/td>\n<td>64MM<\/td>\n<td>52MM<\/td>\n<\/tr>\n<tr>\n<td>WEIGHT<\/td>\n<td>1M-75G<\/td>\n<td>1M-45G<\/td>\n<td>ok. 12G<\/td>\n<td>ok. 5G<\/td>\n<\/tr>\n<\/tbody>\n<\/table>\n<\/div>\n","protected":false},"excerpt":{"rendered":"<p>Waterproof harness with snap buckle, with adjusters, with D-ring.<\/p>\n<p><em>The harness is an excellent solution for pets that do not like to wear a collar. They are also perfect for various activities with dog: hiking, running, cycling &#8211; this product will be a good choice.<\/em><\/p>\n<p><em>Furthermore, the harness is equipped with adjusters which allows to adjust it perfectly to the right size ensures comfort and satisfaction of your pet.<\/em><\/p>\n<p><em>Harness which is put through the dog&#8217;s head, fastened with snap buckle.<\/em><\/p>\n","protected":false},"featured_media":31531,"comment_status":"open","ping_status":"closed","template":"","meta":{"site-sidebar-layout":"default","site-content-layout":"default","ast-site-content-layout":"default","site-content-style":"default","site-sidebar-style":"default","ast-global-header-display":"","ast-banner-title-visibility":"","ast-main-header-display":"","ast-hfb-above-header-display":"","ast-hfb-below-header-display":"","ast-hfb-mobile-header-display":"","site-post-title":"","ast-breadcrumbs-content":"","ast-featured-img":"","footer-sml-layout":"","ast-disable-related-posts":"","theme-transparent-header-meta":"default","adv-header-id-meta":"","stick-header-meta":"default","header-above-stick-meta":"","header-main-stick-meta":"","header-below-stick-meta":"","astra-migrate-meta-layouts":"default","ast-page-background-enabled":"default","ast-page-background-meta":{"desktop":{"background-color":"","background-image":"","background-repeat":"repeat","background-position":"center center","background-size":"auto","background-attachment":"scroll","background-type":"","background-media":"","overlay-type":"","overlay-color":"","overlay-opacity":"","overlay-gradient":""},"tablet":{"background-color":"","background-image":"","background-repeat":"repeat","background-position":"center center","background-size":"auto","background-attachment":"scroll","background-type":"","background-media":"","overlay-type":"","overlay-color":"","overlay-opacity":"","overlay-gradient":""},"mobile":{"background-color":"","background-image":"","background-repeat":"repeat","background-position":"center center","background-size":"auto","background-attachment":"scroll","background-type":"","background-media":"","overlay-type":"","overlay-color":"","overlay-opacity":"","overlay-gradient":""}},"ast-content-background-meta":{"desktop":{"background-color":"var(--ast-global-color-5)","background-image":"","background-repeat":"repeat","background-position":"center center","background-size":"auto","background-attachment":"scroll","background-type":"","background-media":"","overlay-type":"","overlay-color":"","overlay-opacity":"","overlay-gradient":""},"tablet":{"background-color":"var(--ast-global-color-5)","background-image":"","background-repeat":"repeat","background-position":"center center","background-size":"auto","background-attachment":"scroll","background-type":"","background-media":"","overlay-type":"","overlay-color":"","overlay-opacity":"","overlay-gradient":""},"mobile":{"background-color":"var(--ast-global-color-5)","background-image":"","background-repeat":"repeat","background-position":"center center","background-size":"auto","background-attachment":"scroll","background-type":"","background-media":"","overlay-type":"","overlay-color":"","overlay-opacity":"","overlay-gradient":""}}},"product_brand":[],"product_cat":[964,974],"product_tag":[3033,3295,2340],"class_list":{"0":"post-32048","1":"product","2":"type-product","3":"status-publish","4":"has-post-thumbnail","6":"product_cat-all","7":"product_cat-waterproof-harness","8":"product_tag-dog-accessories-en","9":"product_tag-dog-harness","10":"product_tag-for-dog","11":"desktop-align-left","12":"tablet-align-left","13":"mobile-align-left","14":"ast-product-gallery-layout-horizontal-slider","15":"ast-magnify-disabled","16":"ast-product-single-variable","17":"ast-product-tabs-layout-horizontal","19":"first","20":"instock","21":"shipping-taxable","22":"purchasable","23":"product-type-variable","24":"has-default-attributes"},"yoast_head":"<!-- This site is optimized with the Yoast SEO plugin v27.3 - https:\/\/yoast.com\/product\/yoast-seo-wordpress\/ -->\n<title>Dog harness with snap buckle - Dignis Design<\/title>\n<meta name=\"description\" content=\"Dog harness with snap buckle, is equipped with adjusters which allows to adjust it perfectly to the right size ensures comfort and satisfaction of your pet.\" \/>\n<meta name=\"robots\" content=\"index, follow, max-snippet:-1, max-image-preview:large, max-video-preview:-1\" \/>\n<link rel=\"canonical\" href=\"https:\/\/dignisdesign.com.pl\/en\/produkt\/dog-harness-with-snap-buckle\/\" \/>\n<meta property=\"og:locale\" content=\"en_US\" \/>\n<meta property=\"og:type\" content=\"article\" \/>\n<meta property=\"og:title\" content=\"Dog harness with snap buckle - Dignis Design\" \/>\n<meta property=\"og:description\" content=\"Dog harness with snap buckle, is equipped with adjusters which allows to adjust it perfectly to the right size ensures comfort and satisfaction of your pet.\" \/>\n<meta property=\"og:url\" content=\"https:\/\/dignisdesign.com.pl\/en\/produkt\/dog-harness-with-snap-buckle\/\" \/>\n<meta property=\"og:site_name\" content=\"Dignis Design\" \/>\n<meta property=\"article:modified_time\" content=\"2023-06-29T19:43:58+00:00\" \/>\n<meta property=\"og:image\" content=\"https:\/\/dignisdesign.com.pl\/wp-content\/uploads\/2022\/01\/szelki-grafitowy-rosegold.jpg?ver\" \/>\n\t<meta property=\"og:image:width\" content=\"1280\" \/>\n\t<meta property=\"og:image:height\" content=\"1280\" \/>\n\t<meta property=\"og:image:type\" content=\"image\/jpeg\" \/>\n<meta name=\"twitter:card\" content=\"summary_large_image\" \/>\n<meta name=\"twitter:label1\" content=\"Est. reading time\" \/>\n\t<meta name=\"twitter:data1\" content=\"3 minutes\" \/>\n<script type=\"application\/ld+json\" class=\"yoast-schema-graph\">{\"@context\":\"https:\\\/\\\/schema.org\",\"@graph\":[{\"@type\":\"WebPage\",\"@id\":\"https:\\\/\\\/dignisdesign.com.pl\\\/en\\\/produkt\\\/dog-harness-with-snap-buckle\\\/\",\"url\":\"https:\\\/\\\/dignisdesign.com.pl\\\/en\\\/produkt\\\/dog-harness-with-snap-buckle\\\/\",\"name\":\"Dog harness with snap buckle - Dignis Design\",\"isPartOf\":{\"@id\":\"https:\\\/\\\/dignisdesign.com.pl\\\/#website\"},\"primaryImageOfPage\":{\"@id\":\"https:\\\/\\\/dignisdesign.com.pl\\\/en\\\/produkt\\\/dog-harness-with-snap-buckle\\\/#primaryimage\"},\"image\":{\"@id\":\"https:\\\/\\\/dignisdesign.com.pl\\\/en\\\/produkt\\\/dog-harness-with-snap-buckle\\\/#primaryimage\"},\"thumbnailUrl\":\"https:\\\/\\\/dignisdesign.com.pl\\\/wp-content\\\/uploads\\\/2022\\\/04\\\/szelki-oliwkowy-jasny-z-rosegold-metalowa-klamra-25.jpg\",\"datePublished\":\"2021-02-21T11:23:23+00:00\",\"dateModified\":\"2023-06-29T19:43:58+00:00\",\"description\":\"Dog harness with snap buckle, is equipped with adjusters which allows to adjust it perfectly to the right size ensures comfort and satisfaction of your pet.\",\"breadcrumb\":{\"@id\":\"https:\\\/\\\/dignisdesign.com.pl\\\/en\\\/produkt\\\/dog-harness-with-snap-buckle\\\/#breadcrumb\"},\"inLanguage\":\"en-US\",\"potentialAction\":[{\"@type\":\"ReadAction\",\"target\":[\"https:\\\/\\\/dignisdesign.com.pl\\\/en\\\/produkt\\\/dog-harness-with-snap-buckle\\\/\"]}]},{\"@type\":\"ImageObject\",\"inLanguage\":\"en-US\",\"@id\":\"https:\\\/\\\/dignisdesign.com.pl\\\/en\\\/produkt\\\/dog-harness-with-snap-buckle\\\/#primaryimage\",\"url\":\"https:\\\/\\\/dignisdesign.com.pl\\\/wp-content\\\/uploads\\\/2022\\\/04\\\/szelki-oliwkowy-jasny-z-rosegold-metalowa-klamra-25.jpg\",\"contentUrl\":\"https:\\\/\\\/dignisdesign.com.pl\\\/wp-content\\\/uploads\\\/2022\\\/04\\\/szelki-oliwkowy-jasny-z-rosegold-metalowa-klamra-25.jpg\",\"width\":1280,\"height\":1280},{\"@type\":\"BreadcrumbList\",\"@id\":\"https:\\\/\\\/dignisdesign.com.pl\\\/en\\\/produkt\\\/dog-harness-with-snap-buckle\\\/#breadcrumb\",\"itemListElement\":[{\"@type\":\"ListItem\",\"position\":1,\"name\":\"Strona g\u0142\u00f3wna\",\"item\":\"https:\\\/\\\/dignisdesign.com.pl\\\/\"},{\"@type\":\"ListItem\",\"position\":2,\"name\":\"Store\",\"item\":\"https:\\\/\\\/dignisdesign.com.pl\\\/en\\\/store\\\/\"},{\"@type\":\"ListItem\",\"position\":3,\"name\":\"Dog harness with snap buckle\"}]},{\"@type\":\"WebSite\",\"@id\":\"https:\\\/\\\/dignisdesign.com.pl\\\/#website\",\"url\":\"https:\\\/\\\/dignisdesign.com.pl\\\/\",\"name\":\"Dignis Design\",\"description\":\"Akcesoria dla czworonog&oacute;w tworzone z pasj\u0105 i dba\u0142o\u015bci\u0105 o ka\u017cdy detal\",\"publisher\":{\"@id\":\"https:\\\/\\\/dignisdesign.com.pl\\\/#organization\"},\"potentialAction\":[{\"@type\":\"SearchAction\",\"target\":{\"@type\":\"EntryPoint\",\"urlTemplate\":\"https:\\\/\\\/dignisdesign.com.pl\\\/?s={search_term_string}\"},\"query-input\":{\"@type\":\"PropertyValueSpecification\",\"valueRequired\":true,\"valueName\":\"search_term_string\"}}],\"inLanguage\":\"en-US\"},{\"@type\":\"Organization\",\"@id\":\"https:\\\/\\\/dignisdesign.com.pl\\\/#organization\",\"name\":\"Dignis Design\",\"url\":\"https:\\\/\\\/dignisdesign.com.pl\\\/\",\"logo\":{\"@type\":\"ImageObject\",\"inLanguage\":\"en-US\",\"@id\":\"https:\\\/\\\/dignisdesign.com.pl\\\/#\\\/schema\\\/logo\\\/image\\\/\",\"url\":\"https:\\\/\\\/dignisdesign.com.pl\\\/wp-content\\\/uploads\\\/2020\\\/12\\\/DIGNIS-LOGO-PROJEKT-MALE.png\",\"contentUrl\":\"https:\\\/\\\/dignisdesign.com.pl\\\/wp-content\\\/uploads\\\/2020\\\/12\\\/DIGNIS-LOGO-PROJEKT-MALE.png\",\"width\":664,\"height\":300,\"caption\":\"Dignis Design\"},\"image\":{\"@id\":\"https:\\\/\\\/dignisdesign.com.pl\\\/#\\\/schema\\\/logo\\\/image\\\/\"}}]}<\/script>\n<!-- \/ Yoast SEO plugin. -->","yoast_head_json":{"title":"Dog harness with snap buckle - Dignis Design","description":"Dog harness with snap buckle, is equipped with adjusters which allows to adjust it perfectly to the right size ensures comfort and satisfaction of your pet.","robots":{"index":"index","follow":"follow","max-snippet":"max-snippet:-1","max-image-preview":"max-image-preview:large","max-video-preview":"max-video-preview:-1"},"canonical":"https:\/\/dignisdesign.com.pl\/en\/produkt\/dog-harness-with-snap-buckle\/","og_locale":"en_US","og_type":"article","og_title":"Dog harness with snap buckle - Dignis Design","og_description":"Dog harness with snap buckle, is equipped with adjusters which allows to adjust it perfectly to the right size ensures comfort and satisfaction of your pet.","og_url":"https:\/\/dignisdesign.com.pl\/en\/produkt\/dog-harness-with-snap-buckle\/","og_site_name":"Dignis Design","article_modified_time":"2023-06-29T19:43:58+00:00","og_image":[{"width":1280,"height":1280,"url":"https:\/\/dignisdesign.com.pl\/wp-content\/uploads\/2022\/01\/szelki-grafitowy-rosegold.jpg?ver","type":"image\/jpeg"}],"twitter_card":"summary_large_image","twitter_misc":{"Est. reading time":"3 minutes"},"schema":{"@context":"https:\/\/schema.org","@graph":[{"@type":"WebPage","@id":"https:\/\/dignisdesign.com.pl\/en\/produkt\/dog-harness-with-snap-buckle\/","url":"https:\/\/dignisdesign.com.pl\/en\/produkt\/dog-harness-with-snap-buckle\/","name":"Dog harness with snap buckle - Dignis Design","isPartOf":{"@id":"https:\/\/dignisdesign.com.pl\/#website"},"primaryImageOfPage":{"@id":"https:\/\/dignisdesign.com.pl\/en\/produkt\/dog-harness-with-snap-buckle\/#primaryimage"},"image":{"@id":"https:\/\/dignisdesign.com.pl\/en\/produkt\/dog-harness-with-snap-buckle\/#primaryimage"},"thumbnailUrl":"https:\/\/dignisdesign.com.pl\/wp-content\/uploads\/2022\/04\/szelki-oliwkowy-jasny-z-rosegold-metalowa-klamra-25.jpg","datePublished":"2021-02-21T11:23:23+00:00","dateModified":"2023-06-29T19:43:58+00:00","description":"Dog harness with snap buckle, is equipped with adjusters which allows to adjust it perfectly to the right size ensures comfort and satisfaction of your pet.","breadcrumb":{"@id":"https:\/\/dignisdesign.com.pl\/en\/produkt\/dog-harness-with-snap-buckle\/#breadcrumb"},"inLanguage":"en-US","potentialAction":[{"@type":"ReadAction","target":["https:\/\/dignisdesign.com.pl\/en\/produkt\/dog-harness-with-snap-buckle\/"]}]},{"@type":"ImageObject","inLanguage":"en-US","@id":"https:\/\/dignisdesign.com.pl\/en\/produkt\/dog-harness-with-snap-buckle\/#primaryimage","url":"https:\/\/dignisdesign.com.pl\/wp-content\/uploads\/2022\/04\/szelki-oliwkowy-jasny-z-rosegold-metalowa-klamra-25.jpg","contentUrl":"https:\/\/dignisdesign.com.pl\/wp-content\/uploads\/2022\/04\/szelki-oliwkowy-jasny-z-rosegold-metalowa-klamra-25.jpg","width":1280,"height":1280},{"@type":"BreadcrumbList","@id":"https:\/\/dignisdesign.com.pl\/en\/produkt\/dog-harness-with-snap-buckle\/#breadcrumb","itemListElement":[{"@type":"ListItem","position":1,"name":"Strona g\u0142\u00f3wna","item":"https:\/\/dignisdesign.com.pl\/"},{"@type":"ListItem","position":2,"name":"Store","item":"https:\/\/dignisdesign.com.pl\/en\/store\/"},{"@type":"ListItem","position":3,"name":"Dog harness with snap buckle"}]},{"@type":"WebSite","@id":"https:\/\/dignisdesign.com.pl\/#website","url":"https:\/\/dignisdesign.com.pl\/","name":"Dignis Design","description":"Akcesoria dla czworonog&oacute;w tworzone z pasj\u0105 i dba\u0142o\u015bci\u0105 o ka\u017cdy detal","publisher":{"@id":"https:\/\/dignisdesign.com.pl\/#organization"},"potentialAction":[{"@type":"SearchAction","target":{"@type":"EntryPoint","urlTemplate":"https:\/\/dignisdesign.com.pl\/?s={search_term_string}"},"query-input":{"@type":"PropertyValueSpecification","valueRequired":true,"valueName":"search_term_string"}}],"inLanguage":"en-US"},{"@type":"Organization","@id":"https:\/\/dignisdesign.com.pl\/#organization","name":"Dignis Design","url":"https:\/\/dignisdesign.com.pl\/","logo":{"@type":"ImageObject","inLanguage":"en-US","@id":"https:\/\/dignisdesign.com.pl\/#\/schema\/logo\/image\/","url":"https:\/\/dignisdesign.com.pl\/wp-content\/uploads\/2020\/12\/DIGNIS-LOGO-PROJEKT-MALE.png","contentUrl":"https:\/\/dignisdesign.com.pl\/wp-content\/uploads\/2020\/12\/DIGNIS-LOGO-PROJEKT-MALE.png","width":664,"height":300,"caption":"Dignis Design"},"image":{"@id":"https:\/\/dignisdesign.com.pl\/#\/schema\/logo\/image\/"}}]}},"jetpack_sharing_enabled":true,"_links":{"self":[{"href":"https:\/\/dignisdesign.com.pl\/en\/wp-json\/wp\/v2\/product\/32048","targetHints":{"allow":["GET"]}}],"collection":[{"href":"https:\/\/dignisdesign.com.pl\/en\/wp-json\/wp\/v2\/product"}],"about":[{"href":"https:\/\/dignisdesign.com.pl\/en\/wp-json\/wp\/v2\/types\/product"}],"replies":[{"embeddable":true,"href":"https:\/\/dignisdesign.com.pl\/en\/wp-json\/wp\/v2\/comments?post=32048"}],"version-history":[{"count":3,"href":"https:\/\/dignisdesign.com.pl\/en\/wp-json\/wp\/v2\/product\/32048\/revisions"}],"predecessor-version":[{"id":63880,"href":"https:\/\/dignisdesign.com.pl\/en\/wp-json\/wp\/v2\/product\/32048\/revisions\/63880"}],"wp:featuredmedia":[{"embeddable":true,"href":"https:\/\/dignisdesign.com.pl\/en\/wp-json\/wp\/v2\/media\/31531"}],"wp:attachment":[{"href":"https:\/\/dignisdesign.com.pl\/en\/wp-json\/wp\/v2\/media?parent=32048"}],"wp:term":[{"taxonomy":"product_brand","embeddable":true,"href":"https:\/\/dignisdesign.com.pl\/en\/wp-json\/wp\/v2\/product_brand?post=32048"},{"taxonomy":"product_cat","embeddable":true,"href":"https:\/\/dignisdesign.com.pl\/en\/wp-json\/wp\/v2\/product_cat?post=32048"},{"taxonomy":"product_tag","embeddable":true,"href":"https:\/\/dignisdesign.com.pl\/en\/wp-json\/wp\/v2\/product_tag?post=32048"}],"curies":[{"name":"wp","href":"https:\/\/api.w.org\/{rel}","templated":true}]}}