	
	
{"id":43215,"date":"2021-09-09T11:12:15","date_gmt":"2021-09-09T11:12:15","guid":{"rendered":"https:\/\/dignisdesign.com.pl\/produkt\/hundenapfstaender-aus-eichenholz-mit-rahmen\/"},"modified":"2023-01-29T21:10:35","modified_gmt":"2023-01-29T21:10:35","slug":"hundenapfstaender-aus-eichenholz-mit-rahmen","status":"publish","type":"product","link":"https:\/\/dignisdesign.com.pl\/de\/produkt\/hundenapfstaender-aus-eichenholz-mit-rahmen\/","title":{"rendered":"Hundenapfst\u00e4nder aus Eichenholz mit Rahmen"},"content":{"rendered":"<p>Der Hundenapf-St\u00e4nder aus Eiche ist aus <strong>polnischem Eichenholz<\/strong> handgefertigt und mit hochwertigem \u00d6l impr\u00e4gniert.<\/p>\n<p>Durch die Gravur eines beliebigen Textes (permanente Lasergravur), z.B. des Namens Ihres Hundes, k\u00f6nnen Sie dem Produkt einen individuellen Charakter verleihen.<\/p>\n<p>Das Set enth\u00e4lt zwei Edelstahlsch\u00fcsseln &#8211; diese sollten vor dem ersten Gebrauch gewaschen werden (sp\u00fclmaschinenfest).<\/p>\n<p align=\"JUSTIFY\">Die N\u00e4pfe bewegen sich nicht, so dass Ihr Hund leichter fressen kann, und sie helfen, Ordnung zu halten.<\/p>\n<p align=\"JUSTIFY\">Der Hundenapf-St\u00e4nder aus Eichenholz ist mit rutschfesten Unterlagen ausgestattet.<\/p>\n<p align=\"JUSTIFY\">Die Verwendung des St\u00e4nders ist f\u00fcr Ihr Haustier bequem und gut f\u00fcr seine Haltung &#8211; das Futter und das Wasser in den N\u00e4pfen befinden sich auf einer Erh\u00f6hung, so dass sich Ihr Haustier nicht so stark b\u00fccken muss.<\/p>\n<p align=\"JUSTIFY\">Eichenholz ist hart und dauerhaft. Er vertr\u00e4gt Feuchtigkeit und hohe Temperaturen, sollte aber nicht zu oft diesen Elementen ausgesetzt werden. Wenn er nass wird, wischen Sie den St\u00e4nder mit einem trockenen Tuch ab. Die regelm\u00e4\u00dfige Pflege Ihrer Eiche tr\u00e4gt dazu bei, dass sie sch\u00f6n bleibt und ihre Langlebigkeit gew\u00e4hrleistet ist.<\/p>\n<p align=\"JUSTIFY\">Dank der Sch\u00f6nheit des Eichenholzes, seiner unterschiedlichen Maserung, ist jeder St\u00e4nder ein Unikat, ein Einzelst\u00fcck.<\/p>\n<p align=\"JUSTIFY\">Erh\u00e4ltlich in drei Gr\u00f6\u00dfen:<\/p>\n<p align=\"JUSTIFY\"><strong>GR\u00d6SSE S:<\/strong><\/p>\n<p align=\"JUSTIFY\">H\u00f6he &#8211; 10 cm<\/p>\n<p align=\"JUSTIFY\">Breite &#8211; 20 cm<\/p>\n<p align=\"JUSTIFY\">L\u00e4nge &#8211; 40 cm<\/p>\n<p align=\"JUSTIFY\">Fassungsverm\u00f6gen der Schalen &#8211; 2 x 0,45 Liter<\/p>\n<p align=\"JUSTIFY\"><strong>GR\u00d6SSE M:<\/strong><\/p>\n<p align=\"JUSTIFY\">H\u00f6he &#8211; 17 cm<\/p>\n<p align=\"JUSTIFY\">Breite &#8211; 26 cm<\/p>\n<p align=\"JUSTIFY\">L\u00e4nge &#8211; 52 cm<\/p>\n<p align=\"JUSTIFY\">Fassungsverm\u00f6gen der Schalen &#8211; 2 x 1,8 Liter<\/p>\n<p align=\"JUSTIFY\"><strong>GR\u00d6SSE L:<\/strong><\/p>\n<p align=\"JUSTIFY\">H\u00f6he &#8211; 24 cm<\/p>\n<p align=\"JUSTIFY\">Breite &#8211; 30 cm<\/p>\n<p align=\"JUSTIFY\">L\u00e4nge &#8211; 60 cm<\/p>\n<p align=\"JUSTIFY\">Fassungsverm\u00f6gen der Schalen &#8211; 2 x 2,8 Liter<\/p>\n<p align=\"JUSTIFY\">Die dargestellten Farben k\u00f6nnen in der Realit\u00e4t leicht abweichen &#8211; dies h\u00e4ngt von der individuellen Einstellung der Bildschirmhelligkeit ab.<\/p>\n<p align=\"JUSTIFY\">Handgefertigter Schalenst\u00e4nder &#8211; die angegebenen Ma\u00dfe k\u00f6nnen in der Realit\u00e4t um +\/- 0,5 cm abweichen.<\/p>\n","protected":false},"excerpt":{"rendered":"<p>St\u00e4nder mit zwei Schalen aus Edelstahl, mit Metallrahmen.<\/p>\n<p><em>Ein origineller St\u00e4nder im Loft-Stil, der \u00c4sthetik und Funktionalit\u00e4t harmonisch verbindet. Herausragende Eleganz, die sich wunderbar in die Einrichtung des Hauses einf\u00fcgt Zimmerausstattung. Die Qualit\u00e4t und Haltbarkeit des Eichenholzes gew\u00e4hrleisten, dass der St\u00e4nder Ihrem Hund viele Jahre lang dienen wird.<\/em><\/p>\n","protected":false},"featured_media":42059,"comment_status":"open","ping_status":"closed","template":"","meta":{"site-sidebar-layout":"default","site-content-layout":"default","ast-site-content-layout":"default","site-content-style":"default","site-sidebar-style":"default","ast-global-header-display":"","ast-banner-title-visibility":"","ast-main-header-display":"","ast-hfb-above-header-display":"","ast-hfb-below-header-display":"","ast-hfb-mobile-header-display":"","site-post-title":"","ast-breadcrumbs-content":"","ast-featured-img":"","footer-sml-layout":"","ast-disable-related-posts":"","theme-transparent-header-meta":"default","adv-header-id-meta":"","stick-header-meta":"default","header-above-stick-meta":"","header-main-stick-meta":"","header-below-stick-meta":"","astra-migrate-meta-layouts":"default","ast-page-background-enabled":"default","ast-page-background-meta":{"desktop":{"background-color":"","background-image":"","background-repeat":"repeat","background-position":"center center","background-size":"auto","background-attachment":"scroll","background-type":"","background-media":"","overlay-type":"","overlay-color":"","overlay-opacity":"","overlay-gradient":""},"tablet":{"background-color":"","background-image":"","background-repeat":"repeat","background-position":"center center","background-size":"auto","background-attachment":"scroll","background-type":"","background-media":"","overlay-type":"","overlay-color":"","overlay-opacity":"","overlay-gradient":""},"mobile":{"background-color":"","background-image":"","background-repeat":"repeat","background-position":"center center","background-size":"auto","background-attachment":"scroll","background-type":"","background-media":"","overlay-type":"","overlay-color":"","overlay-opacity":"","overlay-gradient":""}},"ast-content-background-meta":{"desktop":{"background-color":"var(--ast-global-color-5)","background-image":"","background-repeat":"repeat","background-position":"center center","background-size":"auto","background-attachment":"scroll","background-type":"","background-media":"","overlay-type":"","overlay-color":"","overlay-opacity":"","overlay-gradient":""},"tablet":{"background-color":"var(--ast-global-color-5)","background-image":"","background-repeat":"repeat","background-position":"center center","background-size":"auto","background-attachment":"scroll","background-type":"","background-media":"","overlay-type":"","overlay-color":"","overlay-opacity":"","overlay-gradient":""},"mobile":{"background-color":"var(--ast-global-color-5)","background-image":"","background-repeat":"repeat","background-position":"center center","background-size":"auto","background-attachment":"scroll","background-type":"","background-media":"","overlay-type":"","overlay-color":"","overlay-opacity":"","overlay-gradient":""}}},"product_brand":[],"product_cat":[996,1985],"product_tag":[],"class_list":{"0":"post-43215","1":"product","2":"type-product","3":"status-publish","4":"has-post-thumbnail","6":"product_cat-alle","7":"product_cat-hundenapfstander","8":"desktop-align-left","9":"tablet-align-left","10":"mobile-align-left","11":"ast-product-gallery-layout-horizontal-slider","12":"ast-product-gallery-with-no-image","13":"ast-magnify-disabled","14":"ast-product-single-variable","15":"ast-product-tabs-layout-horizontal","17":"first","18":"instock","19":"shipping-taxable","20":"purchasable","21":"product-type-variable"},"yoast_head":"<!-- This site is optimized with the Yoast SEO plugin v27.3 - https:\/\/yoast.com\/product\/yoast-seo-wordpress\/ -->\n<title>Hundenapfst\u00e4nder aus Eichenholz mit Rahmen - Dignis Design<\/title>\n<meta name=\"description\" content=\"Ein St\u00e4nder f\u00fcr Schalen im Loft-Stil passt in die Einrichtung des Raumes. Die Qualit\u00e4t und Haltbarkeit des Eichenholzes gew\u00e4hrleisten, dass der St\u00e4nder Ihrem Hund viele Jahre lang dienen wird.\" \/>\n<meta name=\"robots\" content=\"index, follow, max-snippet:-1, max-image-preview:large, max-video-preview:-1\" \/>\n<link rel=\"canonical\" href=\"https:\/\/dignisdesign.com.pl\/de\/produkt\/hundenapfstaender-aus-eichenholz-mit-rahmen\/\" \/>\n<meta property=\"og:locale\" content=\"de_DE\" \/>\n<meta property=\"og:type\" content=\"article\" \/>\n<meta property=\"og:title\" content=\"Hundenapfst\u00e4nder aus Eichenholz mit Rahmen - Dignis Design\" \/>\n<meta property=\"og:description\" content=\"Ein St\u00e4nder f\u00fcr Schalen im Loft-Stil passt in die Einrichtung des Raumes. Die Qualit\u00e4t und Haltbarkeit des Eichenholzes gew\u00e4hrleisten, dass der St\u00e4nder Ihrem Hund viele Jahre lang dienen wird.\" \/>\n<meta property=\"og:url\" content=\"https:\/\/dignisdesign.com.pl\/de\/produkt\/hundenapfstaender-aus-eichenholz-mit-rahmen\/\" \/>\n<meta property=\"og:site_name\" content=\"Dignis Design\" \/>\n<meta property=\"article:modified_time\" content=\"2023-01-29T21:10:35+00:00\" \/>\n<meta property=\"og:image\" content=\"https:\/\/dignisdesign.com.pl\/wp-content\/uploads\/2021\/09\/stojaki-drewniane-ze-stelazem.jpg\" \/>\n\t<meta property=\"og:image:width\" content=\"1280\" \/>\n\t<meta property=\"og:image:height\" content=\"1280\" \/>\n\t<meta property=\"og:image:type\" content=\"image\/jpeg\" \/>\n<meta name=\"twitter:card\" content=\"summary_large_image\" \/>\n<meta name=\"twitter:label1\" content=\"Gesch\u00e4tzte Lesezeit\" \/>\n\t<meta name=\"twitter:data1\" content=\"2\u00a0Minuten\" \/>\n<script type=\"application\/ld+json\" class=\"yoast-schema-graph\">{\"@context\":\"https:\\\/\\\/schema.org\",\"@graph\":[{\"@type\":\"WebPage\",\"@id\":\"https:\\\/\\\/dignisdesign.com.pl\\\/de\\\/produkt\\\/hundenapfstaender-aus-eichenholz-mit-rahmen\\\/\",\"url\":\"https:\\\/\\\/dignisdesign.com.pl\\\/de\\\/produkt\\\/hundenapfstaender-aus-eichenholz-mit-rahmen\\\/\",\"name\":\"Hundenapfst\u00e4nder aus Eichenholz mit Rahmen - Dignis Design\",\"isPartOf\":{\"@id\":\"https:\\\/\\\/dignisdesign.com.pl\\\/#website\"},\"primaryImageOfPage\":{\"@id\":\"https:\\\/\\\/dignisdesign.com.pl\\\/de\\\/produkt\\\/hundenapfstaender-aus-eichenholz-mit-rahmen\\\/#primaryimage\"},\"image\":{\"@id\":\"https:\\\/\\\/dignisdesign.com.pl\\\/de\\\/produkt\\\/hundenapfstaender-aus-eichenholz-mit-rahmen\\\/#primaryimage\"},\"thumbnailUrl\":\"https:\\\/\\\/dignisdesign.com.pl\\\/wp-content\\\/uploads\\\/2021\\\/09\\\/stojaki-drewniane-ze-stelazem.jpg\",\"datePublished\":\"2021-09-09T11:12:15+00:00\",\"dateModified\":\"2023-01-29T21:10:35+00:00\",\"description\":\"Ein St\u00e4nder f\u00fcr Schalen im Loft-Stil passt in die Einrichtung des Raumes. Die Qualit\u00e4t und Haltbarkeit des Eichenholzes gew\u00e4hrleisten, dass der St\u00e4nder Ihrem Hund viele Jahre lang dienen wird.\",\"breadcrumb\":{\"@id\":\"https:\\\/\\\/dignisdesign.com.pl\\\/de\\\/produkt\\\/hundenapfstaender-aus-eichenholz-mit-rahmen\\\/#breadcrumb\"},\"inLanguage\":\"de\",\"potentialAction\":[{\"@type\":\"ReadAction\",\"target\":[\"https:\\\/\\\/dignisdesign.com.pl\\\/de\\\/produkt\\\/hundenapfstaender-aus-eichenholz-mit-rahmen\\\/\"]}]},{\"@type\":\"ImageObject\",\"inLanguage\":\"de\",\"@id\":\"https:\\\/\\\/dignisdesign.com.pl\\\/de\\\/produkt\\\/hundenapfstaender-aus-eichenholz-mit-rahmen\\\/#primaryimage\",\"url\":\"https:\\\/\\\/dignisdesign.com.pl\\\/wp-content\\\/uploads\\\/2021\\\/09\\\/stojaki-drewniane-ze-stelazem.jpg\",\"contentUrl\":\"https:\\\/\\\/dignisdesign.com.pl\\\/wp-content\\\/uploads\\\/2021\\\/09\\\/stojaki-drewniane-ze-stelazem.jpg\",\"width\":1280,\"height\":1280},{\"@type\":\"BreadcrumbList\",\"@id\":\"https:\\\/\\\/dignisdesign.com.pl\\\/de\\\/produkt\\\/hundenapfstaender-aus-eichenholz-mit-rahmen\\\/#breadcrumb\",\"itemListElement\":[{\"@type\":\"ListItem\",\"position\":1,\"name\":\"Strona g\u0142\u00f3wna\",\"item\":\"https:\\\/\\\/dignisdesign.com.pl\\\/\"},{\"@type\":\"ListItem\",\"position\":2,\"name\":\"Laden\",\"item\":\"https:\\\/\\\/dignisdesign.com.pl\\\/de\\\/laden\\\/\"},{\"@type\":\"ListItem\",\"position\":3,\"name\":\"Hundenapfst\u00e4nder aus Eichenholz mit Rahmen\"}]},{\"@type\":\"WebSite\",\"@id\":\"https:\\\/\\\/dignisdesign.com.pl\\\/#website\",\"url\":\"https:\\\/\\\/dignisdesign.com.pl\\\/\",\"name\":\"Dignis Design\",\"description\":\"Akcesoria dla czworonog&oacute;w tworzone z pasj\u0105 i dba\u0142o\u015bci\u0105 o ka\u017cdy detal\",\"publisher\":{\"@id\":\"https:\\\/\\\/dignisdesign.com.pl\\\/#organization\"},\"potentialAction\":[{\"@type\":\"SearchAction\",\"target\":{\"@type\":\"EntryPoint\",\"urlTemplate\":\"https:\\\/\\\/dignisdesign.com.pl\\\/?s={search_term_string}\"},\"query-input\":{\"@type\":\"PropertyValueSpecification\",\"valueRequired\":true,\"valueName\":\"search_term_string\"}}],\"inLanguage\":\"de\"},{\"@type\":\"Organization\",\"@id\":\"https:\\\/\\\/dignisdesign.com.pl\\\/#organization\",\"name\":\"Dignis Design\",\"url\":\"https:\\\/\\\/dignisdesign.com.pl\\\/\",\"logo\":{\"@type\":\"ImageObject\",\"inLanguage\":\"de\",\"@id\":\"https:\\\/\\\/dignisdesign.com.pl\\\/#\\\/schema\\\/logo\\\/image\\\/\",\"url\":\"https:\\\/\\\/dignisdesign.com.pl\\\/wp-content\\\/uploads\\\/2020\\\/12\\\/DIGNIS-LOGO-PROJEKT-MALE.png\",\"contentUrl\":\"https:\\\/\\\/dignisdesign.com.pl\\\/wp-content\\\/uploads\\\/2020\\\/12\\\/DIGNIS-LOGO-PROJEKT-MALE.png\",\"width\":664,\"height\":300,\"caption\":\"Dignis Design\"},\"image\":{\"@id\":\"https:\\\/\\\/dignisdesign.com.pl\\\/#\\\/schema\\\/logo\\\/image\\\/\"}}]}<\/script>\n<!-- \/ Yoast SEO plugin. -->","yoast_head_json":{"title":"Hundenapfst\u00e4nder aus Eichenholz mit Rahmen - Dignis Design","description":"Ein St\u00e4nder f\u00fcr Schalen im Loft-Stil passt in die Einrichtung des Raumes. Die Qualit\u00e4t und Haltbarkeit des Eichenholzes gew\u00e4hrleisten, dass der St\u00e4nder Ihrem Hund viele Jahre lang dienen wird.","robots":{"index":"index","follow":"follow","max-snippet":"max-snippet:-1","max-image-preview":"max-image-preview:large","max-video-preview":"max-video-preview:-1"},"canonical":"https:\/\/dignisdesign.com.pl\/de\/produkt\/hundenapfstaender-aus-eichenholz-mit-rahmen\/","og_locale":"de_DE","og_type":"article","og_title":"Hundenapfst\u00e4nder aus Eichenholz mit Rahmen - Dignis Design","og_description":"Ein St\u00e4nder f\u00fcr Schalen im Loft-Stil passt in die Einrichtung des Raumes. Die Qualit\u00e4t und Haltbarkeit des Eichenholzes gew\u00e4hrleisten, dass der St\u00e4nder Ihrem Hund viele Jahre lang dienen wird.","og_url":"https:\/\/dignisdesign.com.pl\/de\/produkt\/hundenapfstaender-aus-eichenholz-mit-rahmen\/","og_site_name":"Dignis Design","article_modified_time":"2023-01-29T21:10:35+00:00","og_image":[{"width":1280,"height":1280,"url":"https:\/\/dignisdesign.com.pl\/wp-content\/uploads\/2021\/09\/stojaki-drewniane-ze-stelazem.jpg","type":"image\/jpeg"}],"twitter_card":"summary_large_image","twitter_misc":{"Gesch\u00e4tzte Lesezeit":"2\u00a0Minuten"},"schema":{"@context":"https:\/\/schema.org","@graph":[{"@type":"WebPage","@id":"https:\/\/dignisdesign.com.pl\/de\/produkt\/hundenapfstaender-aus-eichenholz-mit-rahmen\/","url":"https:\/\/dignisdesign.com.pl\/de\/produkt\/hundenapfstaender-aus-eichenholz-mit-rahmen\/","name":"Hundenapfst\u00e4nder aus Eichenholz mit Rahmen - Dignis Design","isPartOf":{"@id":"https:\/\/dignisdesign.com.pl\/#website"},"primaryImageOfPage":{"@id":"https:\/\/dignisdesign.com.pl\/de\/produkt\/hundenapfstaender-aus-eichenholz-mit-rahmen\/#primaryimage"},"image":{"@id":"https:\/\/dignisdesign.com.pl\/de\/produkt\/hundenapfstaender-aus-eichenholz-mit-rahmen\/#primaryimage"},"thumbnailUrl":"https:\/\/dignisdesign.com.pl\/wp-content\/uploads\/2021\/09\/stojaki-drewniane-ze-stelazem.jpg","datePublished":"2021-09-09T11:12:15+00:00","dateModified":"2023-01-29T21:10:35+00:00","description":"Ein St\u00e4nder f\u00fcr Schalen im Loft-Stil passt in die Einrichtung des Raumes. Die Qualit\u00e4t und Haltbarkeit des Eichenholzes gew\u00e4hrleisten, dass der St\u00e4nder Ihrem Hund viele Jahre lang dienen wird.","breadcrumb":{"@id":"https:\/\/dignisdesign.com.pl\/de\/produkt\/hundenapfstaender-aus-eichenholz-mit-rahmen\/#breadcrumb"},"inLanguage":"de","potentialAction":[{"@type":"ReadAction","target":["https:\/\/dignisdesign.com.pl\/de\/produkt\/hundenapfstaender-aus-eichenholz-mit-rahmen\/"]}]},{"@type":"ImageObject","inLanguage":"de","@id":"https:\/\/dignisdesign.com.pl\/de\/produkt\/hundenapfstaender-aus-eichenholz-mit-rahmen\/#primaryimage","url":"https:\/\/dignisdesign.com.pl\/wp-content\/uploads\/2021\/09\/stojaki-drewniane-ze-stelazem.jpg","contentUrl":"https:\/\/dignisdesign.com.pl\/wp-content\/uploads\/2021\/09\/stojaki-drewniane-ze-stelazem.jpg","width":1280,"height":1280},{"@type":"BreadcrumbList","@id":"https:\/\/dignisdesign.com.pl\/de\/produkt\/hundenapfstaender-aus-eichenholz-mit-rahmen\/#breadcrumb","itemListElement":[{"@type":"ListItem","position":1,"name":"Strona g\u0142\u00f3wna","item":"https:\/\/dignisdesign.com.pl\/"},{"@type":"ListItem","position":2,"name":"Laden","item":"https:\/\/dignisdesign.com.pl\/de\/laden\/"},{"@type":"ListItem","position":3,"name":"Hundenapfst\u00e4nder aus Eichenholz mit Rahmen"}]},{"@type":"WebSite","@id":"https:\/\/dignisdesign.com.pl\/#website","url":"https:\/\/dignisdesign.com.pl\/","name":"Dignis Design","description":"Akcesoria dla czworonog&oacute;w tworzone z pasj\u0105 i dba\u0142o\u015bci\u0105 o ka\u017cdy detal","publisher":{"@id":"https:\/\/dignisdesign.com.pl\/#organization"},"potentialAction":[{"@type":"SearchAction","target":{"@type":"EntryPoint","urlTemplate":"https:\/\/dignisdesign.com.pl\/?s={search_term_string}"},"query-input":{"@type":"PropertyValueSpecification","valueRequired":true,"valueName":"search_term_string"}}],"inLanguage":"de"},{"@type":"Organization","@id":"https:\/\/dignisdesign.com.pl\/#organization","name":"Dignis Design","url":"https:\/\/dignisdesign.com.pl\/","logo":{"@type":"ImageObject","inLanguage":"de","@id":"https:\/\/dignisdesign.com.pl\/#\/schema\/logo\/image\/","url":"https:\/\/dignisdesign.com.pl\/wp-content\/uploads\/2020\/12\/DIGNIS-LOGO-PROJEKT-MALE.png","contentUrl":"https:\/\/dignisdesign.com.pl\/wp-content\/uploads\/2020\/12\/DIGNIS-LOGO-PROJEKT-MALE.png","width":664,"height":300,"caption":"Dignis Design"},"image":{"@id":"https:\/\/dignisdesign.com.pl\/#\/schema\/logo\/image\/"}}]}},"jetpack_sharing_enabled":true,"_links":{"self":[{"href":"https:\/\/dignisdesign.com.pl\/de\/wp-json\/wp\/v2\/product\/43215","targetHints":{"allow":["GET"]}}],"collection":[{"href":"https:\/\/dignisdesign.com.pl\/de\/wp-json\/wp\/v2\/product"}],"about":[{"href":"https:\/\/dignisdesign.com.pl\/de\/wp-json\/wp\/v2\/types\/product"}],"replies":[{"embeddable":true,"href":"https:\/\/dignisdesign.com.pl\/de\/wp-json\/wp\/v2\/comments?post=43215"}],"version-history":[{"count":0,"href":"https:\/\/dignisdesign.com.pl\/de\/wp-json\/wp\/v2\/product\/43215\/revisions"}],"wp:featuredmedia":[{"embeddable":true,"href":"https:\/\/dignisdesign.com.pl\/de\/wp-json\/wp\/v2\/media\/42059"}],"wp:attachment":[{"href":"https:\/\/dignisdesign.com.pl\/de\/wp-json\/wp\/v2\/media?parent=43215"}],"wp:term":[{"taxonomy":"product_brand","embeddable":true,"href":"https:\/\/dignisdesign.com.pl\/de\/wp-json\/wp\/v2\/product_brand?post=43215"},{"taxonomy":"product_cat","embeddable":true,"href":"https:\/\/dignisdesign.com.pl\/de\/wp-json\/wp\/v2\/product_cat?post=43215"},{"taxonomy":"product_tag","embeddable":true,"href":"https:\/\/dignisdesign.com.pl\/de\/wp-json\/wp\/v2\/product_tag?post=43215"}],"curies":[{"name":"wp","href":"https:\/\/api.w.org\/{rel}","templated":true}]}}