	
	
{"id":43204,"date":"2021-08-19T20:06:45","date_gmt":"2021-08-19T20:06:45","guid":{"rendered":"https:\/\/dignisdesign.com.pl\/produkt\/lederleine\/"},"modified":"2021-08-19T20:06:45","modified_gmt":"2021-08-19T20:06:45","slug":"lederleine","status":"publish","type":"product","link":"https:\/\/dignisdesign.com.pl\/de\/produkt\/lederleine\/","title":{"rendered":"Lederleine"},"content":{"rendered":"<p>Lederleine f\u00fcr Hunde, handgefertigt, ma\u00dfgeschneidert \u00c4NDERUNGSOPTION (<strong><a href=\"https:\/\/dignisdesign.com.pl\/de\/kontakt\/\">KONTAKTIEREN SIE UNS<\/a><\/strong>)<\/p>\n<p align=\"JUSTIFY\">Lederst\u00e4rke &#8211; ca. 3,5 mm <\/p>\n<p align=\"JUSTIFY\">Die Leine besteht aus pflanzlich gegerbtem Leder, das mit ungiftigen Farbstoffen auf Wasserbasis gef\u00e4rbt und mit nat\u00fcrlichen Fetten und Wachs behandelt wird.<\/p>\n<p align=\"JUSTIFY\">Die verwendeten Messingbeschl\u00e4ge sind rostfrei und sehr langlebig.<\/p>\n<p align=\"JUSTIFY\">Es is Produkt, das mit der Zeit immer sch\u00f6ner und einzigartiger wird &#8211; durch den Gebrauch, die Ansammlung von R\u00fcckst\u00e4nden aus dem Fell des Hundes, das Leder und die Messingbeschl\u00e4ge erhalten eine einzigartige Patina und einen einzigartigen Stil.<\/p>\n<p align=\"JUSTIFY\">M\u00f6glichkeit zur Personalisierung: durch die Gravur eines beliebigen Textes (permanente Lasergravur), z.B. Name Ihres Hundes, Kontaktnummer etc. k\u00f6nnen Sie dem Produkt einen individuellen Charakter verleihen.<\/p>\n<p align=\"JUSTIFY\">PFLEGE VON NATURLEDER:<\/p>\n<ul>\n<li>wenn das Leder nass wird, lassen Sie es nat\u00fcrlich trocknen;<\/li>\n<li>gelegentlich ein wenig Wachs auf das Leder auftragen, um seine Funktionalit\u00e4t und sein nat\u00fcrliches Aussehen zu erhalten;<\/li>\n<li>Leder ist ein nat\u00fcrliches Material &#8211; seine Oberfl\u00e4che kann leichte Farbunterschiede und kleine Unvollkommenheiten aufweisen &#8211; das macht seinen Reiz aus;<\/li>\n<li>lassen Sie kein Wasser in das Leder eindringen &#8211; es kann zu einem Verlust der Elastizit\u00e4t f\u00fchren und Flecken auf dem Leder hinterlassen.<\/li>\n<\/ul>\n<p>Lederleine ist ein handgefertigtes Produkt &#8211; die angegebenen Ma\u00dfe k\u00f6nnen in der Realit\u00e4t leicht abweichen.<\/p>\n<p>Wir haben keine Lagerbest\u00e4nde &#8211; das Zubeh\u00f6r wird auf individuelle Kundenbestellung gefertigt. Nicht vorgefertigtes Produkt &#8211; kein R\u00fcckgaberecht.<\/p>\n<p>Die dargestellten Farben k\u00f6nnen in der Realit\u00e4t leicht abweichen &#8211; dies h\u00e4ngt von der individuellen Einstellung der Bildschirmhelligkeit ab.<\/p>\n","protected":false},"excerpt":{"rendered":"<p align=\"JUSTIFY\">Lederleine mit einem Karabinerhaken aus Messing, mit Messingrahmen, mit Griff.<\/p>\n<p align=\"JUSTIFY\"><em>Eine stilvolle, \u00e4sthetische Leine, die Ihrem Haustier eine schicke Note verleiht. Bequem und komfortabel in der Anwendung. Eine geschmackvolle und klassische L\u00f6sung f\u00fcr alle Hundebesitzer, die Wert auf Eleganz und Qualit\u00e4t legen. <\/em><\/p>\n","protected":false},"featured_media":42042,"comment_status":"open","ping_status":"closed","template":"","meta":{"site-sidebar-layout":"default","site-content-layout":"default","ast-site-content-layout":"default","site-content-style":"default","site-sidebar-style":"default","ast-global-header-display":"","ast-banner-title-visibility":"","ast-main-header-display":"","ast-hfb-above-header-display":"","ast-hfb-below-header-display":"","ast-hfb-mobile-header-display":"","site-post-title":"","ast-breadcrumbs-content":"","ast-featured-img":"","footer-sml-layout":"","ast-disable-related-posts":"","theme-transparent-header-meta":"default","adv-header-id-meta":"","stick-header-meta":"default","header-above-stick-meta":"","header-main-stick-meta":"","header-below-stick-meta":"","astra-migrate-meta-layouts":"default","ast-page-background-enabled":"default","ast-page-background-meta":{"desktop":{"background-color":"","background-image":"","background-repeat":"repeat","background-position":"center center","background-size":"auto","background-attachment":"scroll","background-type":"","background-media":"","overlay-type":"","overlay-color":"","overlay-opacity":"","overlay-gradient":""},"tablet":{"background-color":"","background-image":"","background-repeat":"repeat","background-position":"center center","background-size":"auto","background-attachment":"scroll","background-type":"","background-media":"","overlay-type":"","overlay-color":"","overlay-opacity":"","overlay-gradient":""},"mobile":{"background-color":"","background-image":"","background-repeat":"repeat","background-position":"center center","background-size":"auto","background-attachment":"scroll","background-type":"","background-media":"","overlay-type":"","overlay-color":"","overlay-opacity":"","overlay-gradient":""}},"ast-content-background-meta":{"desktop":{"background-color":"var(--ast-global-color-5)","background-image":"","background-repeat":"repeat","background-position":"center center","background-size":"auto","background-attachment":"scroll","background-type":"","background-media":"","overlay-type":"","overlay-color":"","overlay-opacity":"","overlay-gradient":""},"tablet":{"background-color":"var(--ast-global-color-5)","background-image":"","background-repeat":"repeat","background-position":"center center","background-size":"auto","background-attachment":"scroll","background-type":"","background-media":"","overlay-type":"","overlay-color":"","overlay-opacity":"","overlay-gradient":""},"mobile":{"background-color":"var(--ast-global-color-5)","background-image":"","background-repeat":"repeat","background-position":"center center","background-size":"auto","background-attachment":"scroll","background-type":"","background-media":"","overlay-type":"","overlay-color":"","overlay-opacity":"","overlay-gradient":""}}},"product_brand":[],"product_cat":[996,1949],"product_tag":[],"class_list":{"0":"post-43204","1":"product","2":"type-product","3":"status-publish","4":"has-post-thumbnail","6":"product_cat-alle","7":"product_cat-lederaccessoires","8":"desktop-align-left","9":"tablet-align-left","10":"mobile-align-left","11":"ast-product-gallery-layout-horizontal-slider","12":"ast-magnify-disabled","13":"ast-product-single-variable","14":"ast-product-tabs-layout-horizontal","16":"first","17":"instock","18":"shipping-taxable","19":"purchasable","20":"product-type-variable","21":"has-default-attributes"},"yoast_head":"<!-- This site is optimized with the Yoast SEO plugin v27.3 - https:\/\/yoast.com\/product\/yoast-seo-wordpress\/ -->\n<title>Lederleine - Dignis Design<\/title>\n<meta name=\"description\" content=\"Eine stilvolle, \u00e4sthetische Leine, die Ihrem Hund Chic verleiht. Eine geschmackvolle und klassische L\u00f6sung f\u00fcr alle Hundebesitzer, die Wert auf Eleganz und Qualit\u00e4t legen.\" \/>\n<meta name=\"robots\" content=\"index, follow, max-snippet:-1, max-image-preview:large, max-video-preview:-1\" \/>\n<link rel=\"canonical\" href=\"https:\/\/dignisdesign.com.pl\/de\/produkt\/lederleine\/\" \/>\n<meta property=\"og:locale\" content=\"de_DE\" \/>\n<meta property=\"og:type\" content=\"article\" \/>\n<meta property=\"og:title\" content=\"Lederleine - Dignis Design\" \/>\n<meta property=\"og:description\" content=\"Eine stilvolle, \u00e4sthetische Leine, die Ihrem Hund Chic verleiht. Eine geschmackvolle und klassische L\u00f6sung f\u00fcr alle Hundebesitzer, die Wert auf Eleganz und Qualit\u00e4t legen.\" \/>\n<meta property=\"og:url\" content=\"https:\/\/dignisdesign.com.pl\/de\/produkt\/lederleine\/\" \/>\n<meta property=\"og:site_name\" content=\"Dignis Design\" \/>\n<meta property=\"og:image\" content=\"https:\/\/dignisdesign.com.pl\/wp-content\/uploads\/2021\/08\/skorzana-smycz-miejska-zielona-25.jpg\" \/>\n\t<meta property=\"og:image:width\" content=\"1280\" \/>\n\t<meta property=\"og:image:height\" content=\"1279\" \/>\n\t<meta property=\"og:image:type\" content=\"image\/jpeg\" \/>\n<meta name=\"twitter:card\" content=\"summary_large_image\" \/>\n<meta name=\"twitter:label1\" content=\"Gesch\u00e4tzte Lesezeit\" \/>\n\t<meta name=\"twitter:data1\" content=\"1\u00a0Minute\" \/>\n<script type=\"application\/ld+json\" class=\"yoast-schema-graph\">{\"@context\":\"https:\\\/\\\/schema.org\",\"@graph\":[{\"@type\":\"WebPage\",\"@id\":\"https:\\\/\\\/dignisdesign.com.pl\\\/de\\\/produkt\\\/lederleine\\\/\",\"url\":\"https:\\\/\\\/dignisdesign.com.pl\\\/de\\\/produkt\\\/lederleine\\\/\",\"name\":\"Lederleine - Dignis Design\",\"isPartOf\":{\"@id\":\"https:\\\/\\\/dignisdesign.com.pl\\\/#website\"},\"primaryImageOfPage\":{\"@id\":\"https:\\\/\\\/dignisdesign.com.pl\\\/de\\\/produkt\\\/lederleine\\\/#primaryimage\"},\"image\":{\"@id\":\"https:\\\/\\\/dignisdesign.com.pl\\\/de\\\/produkt\\\/lederleine\\\/#primaryimage\"},\"thumbnailUrl\":\"https:\\\/\\\/dignisdesign.com.pl\\\/wp-content\\\/uploads\\\/2021\\\/08\\\/skorzana-smycz-miejska-zielona-25.jpg\",\"datePublished\":\"2021-08-19T20:06:45+00:00\",\"description\":\"Eine stilvolle, \u00e4sthetische Leine, die Ihrem Hund Chic verleiht. Eine geschmackvolle und klassische L\u00f6sung f\u00fcr alle Hundebesitzer, die Wert auf Eleganz und Qualit\u00e4t legen.\",\"breadcrumb\":{\"@id\":\"https:\\\/\\\/dignisdesign.com.pl\\\/de\\\/produkt\\\/lederleine\\\/#breadcrumb\"},\"inLanguage\":\"de\",\"potentialAction\":[{\"@type\":\"ReadAction\",\"target\":[\"https:\\\/\\\/dignisdesign.com.pl\\\/de\\\/produkt\\\/lederleine\\\/\"]}]},{\"@type\":\"ImageObject\",\"inLanguage\":\"de\",\"@id\":\"https:\\\/\\\/dignisdesign.com.pl\\\/de\\\/produkt\\\/lederleine\\\/#primaryimage\",\"url\":\"https:\\\/\\\/dignisdesign.com.pl\\\/wp-content\\\/uploads\\\/2021\\\/08\\\/skorzana-smycz-miejska-zielona-25.jpg\",\"contentUrl\":\"https:\\\/\\\/dignisdesign.com.pl\\\/wp-content\\\/uploads\\\/2021\\\/08\\\/skorzana-smycz-miejska-zielona-25.jpg\",\"width\":1280,\"height\":1279},{\"@type\":\"BreadcrumbList\",\"@id\":\"https:\\\/\\\/dignisdesign.com.pl\\\/de\\\/produkt\\\/lederleine\\\/#breadcrumb\",\"itemListElement\":[{\"@type\":\"ListItem\",\"position\":1,\"name\":\"Strona g\u0142\u00f3wna\",\"item\":\"https:\\\/\\\/dignisdesign.com.pl\\\/\"},{\"@type\":\"ListItem\",\"position\":2,\"name\":\"Laden\",\"item\":\"https:\\\/\\\/dignisdesign.com.pl\\\/de\\\/laden\\\/\"},{\"@type\":\"ListItem\",\"position\":3,\"name\":\"Lederleine\"}]},{\"@type\":\"WebSite\",\"@id\":\"https:\\\/\\\/dignisdesign.com.pl\\\/#website\",\"url\":\"https:\\\/\\\/dignisdesign.com.pl\\\/\",\"name\":\"Dignis Design\",\"description\":\"Akcesoria dla czworonog&oacute;w tworzone z pasj\u0105 i dba\u0142o\u015bci\u0105 o ka\u017cdy detal\",\"publisher\":{\"@id\":\"https:\\\/\\\/dignisdesign.com.pl\\\/#organization\"},\"potentialAction\":[{\"@type\":\"SearchAction\",\"target\":{\"@type\":\"EntryPoint\",\"urlTemplate\":\"https:\\\/\\\/dignisdesign.com.pl\\\/?s={search_term_string}\"},\"query-input\":{\"@type\":\"PropertyValueSpecification\",\"valueRequired\":true,\"valueName\":\"search_term_string\"}}],\"inLanguage\":\"de\"},{\"@type\":\"Organization\",\"@id\":\"https:\\\/\\\/dignisdesign.com.pl\\\/#organization\",\"name\":\"Dignis Design\",\"url\":\"https:\\\/\\\/dignisdesign.com.pl\\\/\",\"logo\":{\"@type\":\"ImageObject\",\"inLanguage\":\"de\",\"@id\":\"https:\\\/\\\/dignisdesign.com.pl\\\/#\\\/schema\\\/logo\\\/image\\\/\",\"url\":\"https:\\\/\\\/dignisdesign.com.pl\\\/wp-content\\\/uploads\\\/2020\\\/12\\\/DIGNIS-LOGO-PROJEKT-MALE.png\",\"contentUrl\":\"https:\\\/\\\/dignisdesign.com.pl\\\/wp-content\\\/uploads\\\/2020\\\/12\\\/DIGNIS-LOGO-PROJEKT-MALE.png\",\"width\":664,\"height\":300,\"caption\":\"Dignis Design\"},\"image\":{\"@id\":\"https:\\\/\\\/dignisdesign.com.pl\\\/#\\\/schema\\\/logo\\\/image\\\/\"}}]}<\/script>\n<!-- \/ Yoast SEO plugin. -->","yoast_head_json":{"title":"Lederleine - Dignis Design","description":"Eine stilvolle, \u00e4sthetische Leine, die Ihrem Hund Chic verleiht. Eine geschmackvolle und klassische L\u00f6sung f\u00fcr alle Hundebesitzer, die Wert auf Eleganz und Qualit\u00e4t legen.","robots":{"index":"index","follow":"follow","max-snippet":"max-snippet:-1","max-image-preview":"max-image-preview:large","max-video-preview":"max-video-preview:-1"},"canonical":"https:\/\/dignisdesign.com.pl\/de\/produkt\/lederleine\/","og_locale":"de_DE","og_type":"article","og_title":"Lederleine - Dignis Design","og_description":"Eine stilvolle, \u00e4sthetische Leine, die Ihrem Hund Chic verleiht. Eine geschmackvolle und klassische L\u00f6sung f\u00fcr alle Hundebesitzer, die Wert auf Eleganz und Qualit\u00e4t legen.","og_url":"https:\/\/dignisdesign.com.pl\/de\/produkt\/lederleine\/","og_site_name":"Dignis Design","og_image":[{"width":1280,"height":1279,"url":"https:\/\/dignisdesign.com.pl\/wp-content\/uploads\/2021\/08\/skorzana-smycz-miejska-zielona-25.jpg","type":"image\/jpeg"}],"twitter_card":"summary_large_image","twitter_misc":{"Gesch\u00e4tzte Lesezeit":"1\u00a0Minute"},"schema":{"@context":"https:\/\/schema.org","@graph":[{"@type":"WebPage","@id":"https:\/\/dignisdesign.com.pl\/de\/produkt\/lederleine\/","url":"https:\/\/dignisdesign.com.pl\/de\/produkt\/lederleine\/","name":"Lederleine - Dignis Design","isPartOf":{"@id":"https:\/\/dignisdesign.com.pl\/#website"},"primaryImageOfPage":{"@id":"https:\/\/dignisdesign.com.pl\/de\/produkt\/lederleine\/#primaryimage"},"image":{"@id":"https:\/\/dignisdesign.com.pl\/de\/produkt\/lederleine\/#primaryimage"},"thumbnailUrl":"https:\/\/dignisdesign.com.pl\/wp-content\/uploads\/2021\/08\/skorzana-smycz-miejska-zielona-25.jpg","datePublished":"2021-08-19T20:06:45+00:00","description":"Eine stilvolle, \u00e4sthetische Leine, die Ihrem Hund Chic verleiht. Eine geschmackvolle und klassische L\u00f6sung f\u00fcr alle Hundebesitzer, die Wert auf Eleganz und Qualit\u00e4t legen.","breadcrumb":{"@id":"https:\/\/dignisdesign.com.pl\/de\/produkt\/lederleine\/#breadcrumb"},"inLanguage":"de","potentialAction":[{"@type":"ReadAction","target":["https:\/\/dignisdesign.com.pl\/de\/produkt\/lederleine\/"]}]},{"@type":"ImageObject","inLanguage":"de","@id":"https:\/\/dignisdesign.com.pl\/de\/produkt\/lederleine\/#primaryimage","url":"https:\/\/dignisdesign.com.pl\/wp-content\/uploads\/2021\/08\/skorzana-smycz-miejska-zielona-25.jpg","contentUrl":"https:\/\/dignisdesign.com.pl\/wp-content\/uploads\/2021\/08\/skorzana-smycz-miejska-zielona-25.jpg","width":1280,"height":1279},{"@type":"BreadcrumbList","@id":"https:\/\/dignisdesign.com.pl\/de\/produkt\/lederleine\/#breadcrumb","itemListElement":[{"@type":"ListItem","position":1,"name":"Strona g\u0142\u00f3wna","item":"https:\/\/dignisdesign.com.pl\/"},{"@type":"ListItem","position":2,"name":"Laden","item":"https:\/\/dignisdesign.com.pl\/de\/laden\/"},{"@type":"ListItem","position":3,"name":"Lederleine"}]},{"@type":"WebSite","@id":"https:\/\/dignisdesign.com.pl\/#website","url":"https:\/\/dignisdesign.com.pl\/","name":"Dignis Design","description":"Akcesoria dla czworonog&oacute;w tworzone z pasj\u0105 i dba\u0142o\u015bci\u0105 o ka\u017cdy detal","publisher":{"@id":"https:\/\/dignisdesign.com.pl\/#organization"},"potentialAction":[{"@type":"SearchAction","target":{"@type":"EntryPoint","urlTemplate":"https:\/\/dignisdesign.com.pl\/?s={search_term_string}"},"query-input":{"@type":"PropertyValueSpecification","valueRequired":true,"valueName":"search_term_string"}}],"inLanguage":"de"},{"@type":"Organization","@id":"https:\/\/dignisdesign.com.pl\/#organization","name":"Dignis Design","url":"https:\/\/dignisdesign.com.pl\/","logo":{"@type":"ImageObject","inLanguage":"de","@id":"https:\/\/dignisdesign.com.pl\/#\/schema\/logo\/image\/","url":"https:\/\/dignisdesign.com.pl\/wp-content\/uploads\/2020\/12\/DIGNIS-LOGO-PROJEKT-MALE.png","contentUrl":"https:\/\/dignisdesign.com.pl\/wp-content\/uploads\/2020\/12\/DIGNIS-LOGO-PROJEKT-MALE.png","width":664,"height":300,"caption":"Dignis Design"},"image":{"@id":"https:\/\/dignisdesign.com.pl\/#\/schema\/logo\/image\/"}}]}},"jetpack_sharing_enabled":true,"_links":{"self":[{"href":"https:\/\/dignisdesign.com.pl\/de\/wp-json\/wp\/v2\/product\/43204","targetHints":{"allow":["GET"]}}],"collection":[{"href":"https:\/\/dignisdesign.com.pl\/de\/wp-json\/wp\/v2\/product"}],"about":[{"href":"https:\/\/dignisdesign.com.pl\/de\/wp-json\/wp\/v2\/types\/product"}],"replies":[{"embeddable":true,"href":"https:\/\/dignisdesign.com.pl\/de\/wp-json\/wp\/v2\/comments?post=43204"}],"version-history":[{"count":0,"href":"https:\/\/dignisdesign.com.pl\/de\/wp-json\/wp\/v2\/product\/43204\/revisions"}],"wp:featuredmedia":[{"embeddable":true,"href":"https:\/\/dignisdesign.com.pl\/de\/wp-json\/wp\/v2\/media\/42042"}],"wp:attachment":[{"href":"https:\/\/dignisdesign.com.pl\/de\/wp-json\/wp\/v2\/media?parent=43204"}],"wp:term":[{"taxonomy":"product_brand","embeddable":true,"href":"https:\/\/dignisdesign.com.pl\/de\/wp-json\/wp\/v2\/product_brand?post=43204"},{"taxonomy":"product_cat","embeddable":true,"href":"https:\/\/dignisdesign.com.pl\/de\/wp-json\/wp\/v2\/product_cat?post=43204"},{"taxonomy":"product_tag","embeddable":true,"href":"https:\/\/dignisdesign.com.pl\/de\/wp-json\/wp\/v2\/product_tag?post=43204"}],"curies":[{"name":"wp","href":"https:\/\/api.w.org\/{rel}","templated":true}]}}