	
	
{"id":43151,"date":"2021-02-17T22:33:49","date_gmt":"2021-02-17T22:33:49","guid":{"rendered":"https:\/\/dignisdesign.com.pl\/produkt\/autosicherheitsgurt-fuer-hunde\/"},"modified":"2021-02-17T22:33:49","modified_gmt":"2021-02-17T22:33:49","slug":"autosicherheitsgurt-fuer-hunde","status":"publish","type":"product","link":"https:\/\/dignisdesign.com.pl\/de\/produkt\/autosicherheitsgurt-fuer-hunde\/","title":{"rendered":"Autosicherheitsgurt f\u00fcr Hunde"},"content":{"rendered":"<p>Autosicherheitsgurt f\u00fcr Hund von Hand gefertigt. Einstellbare L\u00e4nge 50cm-80cm<\/p>\n<p>Durch das Gravieren beliebiger Aufschriften (dauerhafte Lasergravur), z.B. Hundename, Kontaktnummer, Adresse etc., k\u00f6nnen Sie dem Produkt einen individuellen Charakter verleihen.<\/p>\n<p>Das Band besteht aus starkem Polyvinylchlorid (PVC), das mit thermoplastischem Polyurethan (TPU) beschichtet ist, wodurch es leicht und dennoch sehr stabil ist.<\/p>\n<p>Ein gro\u00dfer Vorteil des Bands ist seine Best\u00e4ndigkeit gegen Wasser, Schwei\u00df, Chemikalien, UV-Strahlung, Wetterbedingungen und Bakterien. Die \u00e4u\u00dfere Schicht des Bandes nutzt sich nicht ab und seine Eigenschaften bleiben unabh\u00e4ngig von der Temperatur konstant. Dar\u00fcber hinaus ist das Material pflegeleicht (es kann mit Seifenwasser gereinigt werden) und bleibt trotz seiner Dicke flexibel.<\/p>\n<p>Die Farbe, die zum Einf\u00e4rben des Graveurs verwendet wird, kann sich abnutzen (insbesondere wird vom Waschen mit hei\u00dfem Wasser und B\u00fcrsten und der Verwendung von Reinigungsmitteln abgeraten). Es wird empfohlen, mit einem feuchten Tuch zu waschen.<\/p>\n<p>Bei der Herstellung von Riemen werden Chicago-Schrauben verwendet. Bei Messingbeschl\u00e4gen handelt es sich um Messingnieten.<\/p>\n<p>Die Beschl\u00e4ge in Schwarz, Rosegold und Neochrom sind lackiert \u2013 der Lack unterliegt je nach Art und Intensit\u00e4t der Verwendung des Produkts einem Abrieb. Diese Elemente sind der Korrosion ausgesetzt.<\/p>\n<p>Die Messingbeschl\u00e4ge halten auch Salzwasser stand und sind rostbest\u00e4ndig. Wenn Sie sich f\u00fcr einen Messingbeschlag entscheiden, bleibt das befestigte G\u00fcrtelelement (Schnalle) Metall.<\/p>\n<p>Autosicherheitsgurt f\u00fcr Hund von Hand gefertigt &#8211; die angegebenen Ma\u00dfe k\u00f6nnen in der Realit\u00e4t leicht abweichen.<\/p>\n<p>Wir haben keine Lagerbest\u00e4nde &#8211; das Zubeh\u00f6r wird auf individuelle Kundenbestellung gefertigt.<\/p>\n<p>Die dargestellten Farben k\u00f6nnen in der Realit\u00e4t leicht abweichen &#8211; dies h\u00e4ngt von den individuellen Bildschirmeinstellungen ab.<\/p>\n<div style=\"overflow-x: auto;\">\n<table class=\"purpleHorizon\">\n<thead>\n<tr>\n<th>TECHNISCHE DATEN<\/th>\n<th>BANDBREITE 25MM<\/th>\n<th>KARABINER F\u00dcR BAND 25MM<\/th>\n<\/tr>\n<\/thead>\n<tbody>\n<tr>\n<td>ZERST\u00d6RERISCHE KRAFT<\/td>\n<td>250KG<\/td>\n<td>200KG<\/td>\n<\/tr>\n<tr>\n<td>BANDDICKE<\/td>\n<td>2,7MM<\/td>\n<td>&#8211;<\/td>\n<\/tr>\n<tr>\n<td>MATERIAL<\/td>\n<td>TPU<\/td>\n<td>ZINKLEGIERUNG<\/td>\n<\/tr>\n<tr>\n<td>L\u00c4NGE<\/td>\n<td>&#8211;<\/td>\n<td>80MM<\/td>\n<\/tr>\n<tr>\n<td>WAAGE<\/td>\n<td>1M-75G<\/td>\n<td>ok. 50G <\/td>\n<\/tr>\n<\/tbody>\n<\/table>\n<\/div>\n","protected":false},"excerpt":{"rendered":"<p>Wasserdichter Autogurt mit Karabinerhaken.<\/p>\n<p><em>Ein unverzichtbarer Gegenstand f\u00fcr Reisen mit Ihrem Haustier. Der Gurt wurde entwickelt, um die Sicherheit w\u00e4hrend der Fahrt zu erh\u00f6hen &#8211; er verhindert, dass sich das Haustier im Auto bewegt, und verringert das Risiko unn\u00f6tiger Verletzungen des Hundes und anderer Insassen beim Bremsen oder bei einem Zusammensto\u00df.<\/em><\/p>\n<p><em>Dar\u00fcber hinaus besteht dieses Produkt aus wasserdichtem Material &#8211; nasse und schmutzige Autosicherheitsgurte geh\u00f6ren der Vergangenheit an.<\/em><\/p>\n<p>Sicherheit auf praktische und stilvolle Weise.<\/p>\n","protected":false},"featured_media":41921,"comment_status":"open","ping_status":"closed","template":"","meta":{"site-sidebar-layout":"default","site-content-layout":"default","ast-site-content-layout":"default","site-content-style":"default","site-sidebar-style":"default","ast-global-header-display":"","ast-banner-title-visibility":"","ast-main-header-display":"","ast-hfb-above-header-display":"","ast-hfb-below-header-display":"","ast-hfb-mobile-header-display":"","site-post-title":"","ast-breadcrumbs-content":"","ast-featured-img":"","footer-sml-layout":"","ast-disable-related-posts":"","theme-transparent-header-meta":"default","adv-header-id-meta":"","stick-header-meta":"default","header-above-stick-meta":"","header-main-stick-meta":"","header-below-stick-meta":"","astra-migrate-meta-layouts":"default","ast-page-background-enabled":"default","ast-page-background-meta":{"desktop":{"background-color":"","background-image":"","background-repeat":"repeat","background-position":"center center","background-size":"auto","background-attachment":"scroll","background-type":"","background-media":"","overlay-type":"","overlay-color":"","overlay-opacity":"","overlay-gradient":""},"tablet":{"background-color":"","background-image":"","background-repeat":"repeat","background-position":"center center","background-size":"auto","background-attachment":"scroll","background-type":"","background-media":"","overlay-type":"","overlay-color":"","overlay-opacity":"","overlay-gradient":""},"mobile":{"background-color":"","background-image":"","background-repeat":"repeat","background-position":"center center","background-size":"auto","background-attachment":"scroll","background-type":"","background-media":"","overlay-type":"","overlay-color":"","overlay-opacity":"","overlay-gradient":""}},"ast-content-background-meta":{"desktop":{"background-color":"var(--ast-global-color-5)","background-image":"","background-repeat":"repeat","background-position":"center center","background-size":"auto","background-attachment":"scroll","background-type":"","background-media":"","overlay-type":"","overlay-color":"","overlay-opacity":"","overlay-gradient":""},"tablet":{"background-color":"var(--ast-global-color-5)","background-image":"","background-repeat":"repeat","background-position":"center center","background-size":"auto","background-attachment":"scroll","background-type":"","background-media":"","overlay-type":"","overlay-color":"","overlay-opacity":"","overlay-gradient":""},"mobile":{"background-color":"var(--ast-global-color-5)","background-image":"","background-repeat":"repeat","background-position":"center center","background-size":"auto","background-attachment":"scroll","background-type":"","background-media":"","overlay-type":"","overlay-color":"","overlay-opacity":"","overlay-gradient":""}}},"product_brand":[],"product_cat":[996,1001],"product_tag":[2524],"class_list":{"0":"post-43151","1":"product","2":"type-product","3":"status-publish","4":"has-post-thumbnail","6":"product_cat-alle","7":"product_cat-wasserdichtes-accessoires","8":"product_tag-fur-den-hund","9":"desktop-align-left","10":"tablet-align-left","11":"mobile-align-left","12":"ast-product-gallery-layout-horizontal-slider","13":"ast-magnify-disabled","14":"ast-product-single-variable","15":"ast-product-tabs-layout-horizontal","17":"first","18":"instock","19":"shipping-taxable","20":"purchasable","21":"product-type-variable"},"yoast_head":"<!-- This site is optimized with the Yoast SEO plugin v27.3 - https:\/\/yoast.com\/product\/yoast-seo-wordpress\/ -->\n<title>Autosicherheitsgurt f\u00fcr Hunde - Dignis Design<\/title>\n<meta name=\"description\" content=\"Der Autosicherheitsgurt f\u00fcr Hunde verhindert, dass sich der Hund im Auto bewegt, was das Verletzungsrisiko f\u00fcr den Hund und andere Passagiere w\u00e4hrend der Fahrt verringert.\" \/>\n<meta name=\"robots\" content=\"index, follow, max-snippet:-1, max-image-preview:large, max-video-preview:-1\" \/>\n<link rel=\"canonical\" href=\"https:\/\/dignisdesign.com.pl\/de\/produkt\/autosicherheitsgurt-fuer-hunde\/\" \/>\n<meta property=\"og:locale\" content=\"de_DE\" \/>\n<meta property=\"og:type\" content=\"article\" \/>\n<meta property=\"og:title\" content=\"Autosicherheitsgurt f\u00fcr Hunde - Dignis Design\" \/>\n<meta property=\"og:description\" content=\"Der Autosicherheitsgurt f\u00fcr Hunde verhindert, dass sich der Hund im Auto bewegt, was das Verletzungsrisiko f\u00fcr den Hund und andere Passagiere w\u00e4hrend der Fahrt verringert.\" \/>\n<meta property=\"og:url\" content=\"https:\/\/dignisdesign.com.pl\/de\/produkt\/autosicherheitsgurt-fuer-hunde\/\" \/>\n<meta property=\"og:site_name\" content=\"Dignis Design\" \/>\n<meta property=\"og:image\" content=\"https:\/\/dignisdesign.com.pl\/wp-content\/uploads\/2021\/04\/pas-samochodowy-czarny-czarny.jpg\" \/>\n\t<meta property=\"og:image:width\" content=\"1280\" \/>\n\t<meta property=\"og:image:height\" content=\"1280\" \/>\n\t<meta property=\"og:image:type\" content=\"image\/jpeg\" \/>\n<meta name=\"twitter:card\" content=\"summary_large_image\" \/>\n<meta name=\"twitter:label1\" content=\"Gesch\u00e4tzte Lesezeit\" \/>\n\t<meta name=\"twitter:data1\" content=\"2\u00a0Minuten\" \/>\n<script type=\"application\/ld+json\" class=\"yoast-schema-graph\">{\"@context\":\"https:\\\/\\\/schema.org\",\"@graph\":[{\"@type\":\"WebPage\",\"@id\":\"https:\\\/\\\/dignisdesign.com.pl\\\/de\\\/produkt\\\/autosicherheitsgurt-fuer-hunde\\\/\",\"url\":\"https:\\\/\\\/dignisdesign.com.pl\\\/de\\\/produkt\\\/autosicherheitsgurt-fuer-hunde\\\/\",\"name\":\"Autosicherheitsgurt f\u00fcr Hunde - Dignis Design\",\"isPartOf\":{\"@id\":\"https:\\\/\\\/dignisdesign.com.pl\\\/#website\"},\"primaryImageOfPage\":{\"@id\":\"https:\\\/\\\/dignisdesign.com.pl\\\/de\\\/produkt\\\/autosicherheitsgurt-fuer-hunde\\\/#primaryimage\"},\"image\":{\"@id\":\"https:\\\/\\\/dignisdesign.com.pl\\\/de\\\/produkt\\\/autosicherheitsgurt-fuer-hunde\\\/#primaryimage\"},\"thumbnailUrl\":\"https:\\\/\\\/dignisdesign.com.pl\\\/wp-content\\\/uploads\\\/2021\\\/04\\\/pas-samochodowy-czarny-czarny.jpg\",\"datePublished\":\"2021-02-17T22:33:49+00:00\",\"description\":\"Der Autosicherheitsgurt f\u00fcr Hunde verhindert, dass sich der Hund im Auto bewegt, was das Verletzungsrisiko f\u00fcr den Hund und andere Passagiere w\u00e4hrend der Fahrt verringert.\",\"breadcrumb\":{\"@id\":\"https:\\\/\\\/dignisdesign.com.pl\\\/de\\\/produkt\\\/autosicherheitsgurt-fuer-hunde\\\/#breadcrumb\"},\"inLanguage\":\"de\",\"potentialAction\":[{\"@type\":\"ReadAction\",\"target\":[\"https:\\\/\\\/dignisdesign.com.pl\\\/de\\\/produkt\\\/autosicherheitsgurt-fuer-hunde\\\/\"]}]},{\"@type\":\"ImageObject\",\"inLanguage\":\"de\",\"@id\":\"https:\\\/\\\/dignisdesign.com.pl\\\/de\\\/produkt\\\/autosicherheitsgurt-fuer-hunde\\\/#primaryimage\",\"url\":\"https:\\\/\\\/dignisdesign.com.pl\\\/wp-content\\\/uploads\\\/2021\\\/04\\\/pas-samochodowy-czarny-czarny.jpg\",\"contentUrl\":\"https:\\\/\\\/dignisdesign.com.pl\\\/wp-content\\\/uploads\\\/2021\\\/04\\\/pas-samochodowy-czarny-czarny.jpg\",\"width\":1280,\"height\":1280},{\"@type\":\"BreadcrumbList\",\"@id\":\"https:\\\/\\\/dignisdesign.com.pl\\\/de\\\/produkt\\\/autosicherheitsgurt-fuer-hunde\\\/#breadcrumb\",\"itemListElement\":[{\"@type\":\"ListItem\",\"position\":1,\"name\":\"Strona g\u0142\u00f3wna\",\"item\":\"https:\\\/\\\/dignisdesign.com.pl\\\/\"},{\"@type\":\"ListItem\",\"position\":2,\"name\":\"Laden\",\"item\":\"https:\\\/\\\/dignisdesign.com.pl\\\/de\\\/laden\\\/\"},{\"@type\":\"ListItem\",\"position\":3,\"name\":\"Autosicherheitsgurt f\u00fcr Hunde\"}]},{\"@type\":\"WebSite\",\"@id\":\"https:\\\/\\\/dignisdesign.com.pl\\\/#website\",\"url\":\"https:\\\/\\\/dignisdesign.com.pl\\\/\",\"name\":\"Dignis Design\",\"description\":\"Akcesoria dla czworonog&oacute;w tworzone z pasj\u0105 i dba\u0142o\u015bci\u0105 o ka\u017cdy detal\",\"publisher\":{\"@id\":\"https:\\\/\\\/dignisdesign.com.pl\\\/#organization\"},\"potentialAction\":[{\"@type\":\"SearchAction\",\"target\":{\"@type\":\"EntryPoint\",\"urlTemplate\":\"https:\\\/\\\/dignisdesign.com.pl\\\/?s={search_term_string}\"},\"query-input\":{\"@type\":\"PropertyValueSpecification\",\"valueRequired\":true,\"valueName\":\"search_term_string\"}}],\"inLanguage\":\"de\"},{\"@type\":\"Organization\",\"@id\":\"https:\\\/\\\/dignisdesign.com.pl\\\/#organization\",\"name\":\"Dignis Design\",\"url\":\"https:\\\/\\\/dignisdesign.com.pl\\\/\",\"logo\":{\"@type\":\"ImageObject\",\"inLanguage\":\"de\",\"@id\":\"https:\\\/\\\/dignisdesign.com.pl\\\/#\\\/schema\\\/logo\\\/image\\\/\",\"url\":\"https:\\\/\\\/dignisdesign.com.pl\\\/wp-content\\\/uploads\\\/2020\\\/12\\\/DIGNIS-LOGO-PROJEKT-MALE.png\",\"contentUrl\":\"https:\\\/\\\/dignisdesign.com.pl\\\/wp-content\\\/uploads\\\/2020\\\/12\\\/DIGNIS-LOGO-PROJEKT-MALE.png\",\"width\":664,\"height\":300,\"caption\":\"Dignis Design\"},\"image\":{\"@id\":\"https:\\\/\\\/dignisdesign.com.pl\\\/#\\\/schema\\\/logo\\\/image\\\/\"}}]}<\/script>\n<!-- \/ Yoast SEO plugin. -->","yoast_head_json":{"title":"Autosicherheitsgurt f\u00fcr Hunde - Dignis Design","description":"Der Autosicherheitsgurt f\u00fcr Hunde verhindert, dass sich der Hund im Auto bewegt, was das Verletzungsrisiko f\u00fcr den Hund und andere Passagiere w\u00e4hrend der Fahrt verringert.","robots":{"index":"index","follow":"follow","max-snippet":"max-snippet:-1","max-image-preview":"max-image-preview:large","max-video-preview":"max-video-preview:-1"},"canonical":"https:\/\/dignisdesign.com.pl\/de\/produkt\/autosicherheitsgurt-fuer-hunde\/","og_locale":"de_DE","og_type":"article","og_title":"Autosicherheitsgurt f\u00fcr Hunde - Dignis Design","og_description":"Der Autosicherheitsgurt f\u00fcr Hunde verhindert, dass sich der Hund im Auto bewegt, was das Verletzungsrisiko f\u00fcr den Hund und andere Passagiere w\u00e4hrend der Fahrt verringert.","og_url":"https:\/\/dignisdesign.com.pl\/de\/produkt\/autosicherheitsgurt-fuer-hunde\/","og_site_name":"Dignis Design","og_image":[{"width":1280,"height":1280,"url":"https:\/\/dignisdesign.com.pl\/wp-content\/uploads\/2021\/04\/pas-samochodowy-czarny-czarny.jpg","type":"image\/jpeg"}],"twitter_card":"summary_large_image","twitter_misc":{"Gesch\u00e4tzte Lesezeit":"2\u00a0Minuten"},"schema":{"@context":"https:\/\/schema.org","@graph":[{"@type":"WebPage","@id":"https:\/\/dignisdesign.com.pl\/de\/produkt\/autosicherheitsgurt-fuer-hunde\/","url":"https:\/\/dignisdesign.com.pl\/de\/produkt\/autosicherheitsgurt-fuer-hunde\/","name":"Autosicherheitsgurt f\u00fcr Hunde - Dignis Design","isPartOf":{"@id":"https:\/\/dignisdesign.com.pl\/#website"},"primaryImageOfPage":{"@id":"https:\/\/dignisdesign.com.pl\/de\/produkt\/autosicherheitsgurt-fuer-hunde\/#primaryimage"},"image":{"@id":"https:\/\/dignisdesign.com.pl\/de\/produkt\/autosicherheitsgurt-fuer-hunde\/#primaryimage"},"thumbnailUrl":"https:\/\/dignisdesign.com.pl\/wp-content\/uploads\/2021\/04\/pas-samochodowy-czarny-czarny.jpg","datePublished":"2021-02-17T22:33:49+00:00","description":"Der Autosicherheitsgurt f\u00fcr Hunde verhindert, dass sich der Hund im Auto bewegt, was das Verletzungsrisiko f\u00fcr den Hund und andere Passagiere w\u00e4hrend der Fahrt verringert.","breadcrumb":{"@id":"https:\/\/dignisdesign.com.pl\/de\/produkt\/autosicherheitsgurt-fuer-hunde\/#breadcrumb"},"inLanguage":"de","potentialAction":[{"@type":"ReadAction","target":["https:\/\/dignisdesign.com.pl\/de\/produkt\/autosicherheitsgurt-fuer-hunde\/"]}]},{"@type":"ImageObject","inLanguage":"de","@id":"https:\/\/dignisdesign.com.pl\/de\/produkt\/autosicherheitsgurt-fuer-hunde\/#primaryimage","url":"https:\/\/dignisdesign.com.pl\/wp-content\/uploads\/2021\/04\/pas-samochodowy-czarny-czarny.jpg","contentUrl":"https:\/\/dignisdesign.com.pl\/wp-content\/uploads\/2021\/04\/pas-samochodowy-czarny-czarny.jpg","width":1280,"height":1280},{"@type":"BreadcrumbList","@id":"https:\/\/dignisdesign.com.pl\/de\/produkt\/autosicherheitsgurt-fuer-hunde\/#breadcrumb","itemListElement":[{"@type":"ListItem","position":1,"name":"Strona g\u0142\u00f3wna","item":"https:\/\/dignisdesign.com.pl\/"},{"@type":"ListItem","position":2,"name":"Laden","item":"https:\/\/dignisdesign.com.pl\/de\/laden\/"},{"@type":"ListItem","position":3,"name":"Autosicherheitsgurt f\u00fcr Hunde"}]},{"@type":"WebSite","@id":"https:\/\/dignisdesign.com.pl\/#website","url":"https:\/\/dignisdesign.com.pl\/","name":"Dignis Design","description":"Akcesoria dla czworonog&oacute;w tworzone z pasj\u0105 i dba\u0142o\u015bci\u0105 o ka\u017cdy detal","publisher":{"@id":"https:\/\/dignisdesign.com.pl\/#organization"},"potentialAction":[{"@type":"SearchAction","target":{"@type":"EntryPoint","urlTemplate":"https:\/\/dignisdesign.com.pl\/?s={search_term_string}"},"query-input":{"@type":"PropertyValueSpecification","valueRequired":true,"valueName":"search_term_string"}}],"inLanguage":"de"},{"@type":"Organization","@id":"https:\/\/dignisdesign.com.pl\/#organization","name":"Dignis Design","url":"https:\/\/dignisdesign.com.pl\/","logo":{"@type":"ImageObject","inLanguage":"de","@id":"https:\/\/dignisdesign.com.pl\/#\/schema\/logo\/image\/","url":"https:\/\/dignisdesign.com.pl\/wp-content\/uploads\/2020\/12\/DIGNIS-LOGO-PROJEKT-MALE.png","contentUrl":"https:\/\/dignisdesign.com.pl\/wp-content\/uploads\/2020\/12\/DIGNIS-LOGO-PROJEKT-MALE.png","width":664,"height":300,"caption":"Dignis Design"},"image":{"@id":"https:\/\/dignisdesign.com.pl\/#\/schema\/logo\/image\/"}}]}},"jetpack_sharing_enabled":true,"_links":{"self":[{"href":"https:\/\/dignisdesign.com.pl\/de\/wp-json\/wp\/v2\/product\/43151","targetHints":{"allow":["GET"]}}],"collection":[{"href":"https:\/\/dignisdesign.com.pl\/de\/wp-json\/wp\/v2\/product"}],"about":[{"href":"https:\/\/dignisdesign.com.pl\/de\/wp-json\/wp\/v2\/types\/product"}],"replies":[{"embeddable":true,"href":"https:\/\/dignisdesign.com.pl\/de\/wp-json\/wp\/v2\/comments?post=43151"}],"version-history":[{"count":0,"href":"https:\/\/dignisdesign.com.pl\/de\/wp-json\/wp\/v2\/product\/43151\/revisions"}],"wp:featuredmedia":[{"embeddable":true,"href":"https:\/\/dignisdesign.com.pl\/de\/wp-json\/wp\/v2\/media\/41921"}],"wp:attachment":[{"href":"https:\/\/dignisdesign.com.pl\/de\/wp-json\/wp\/v2\/media?parent=43151"}],"wp:term":[{"taxonomy":"product_brand","embeddable":true,"href":"https:\/\/dignisdesign.com.pl\/de\/wp-json\/wp\/v2\/product_brand?post=43151"},{"taxonomy":"product_cat","embeddable":true,"href":"https:\/\/dignisdesign.com.pl\/de\/wp-json\/wp\/v2\/product_cat?post=43151"},{"taxonomy":"product_tag","embeddable":true,"href":"https:\/\/dignisdesign.com.pl\/de\/wp-json\/wp\/v2\/product_tag?post=43151"}],"curies":[{"name":"wp","href":"https:\/\/api.w.org\/{rel}","templated":true}]}}