	
	
{"id":43130,"date":"2021-02-17T17:25:13","date_gmt":"2021-02-17T17:25:13","guid":{"rendered":"https:\/\/dignisdesign.com.pl\/produkt\/clip-halsband\/"},"modified":"2021-02-17T17:25:13","modified_gmt":"2021-02-17T17:25:13","slug":"clip-halsband","status":"publish","type":"product","link":"https:\/\/dignisdesign.com.pl\/de\/produkt\/clip-halsband\/","title":{"rendered":"Clip-Halsband"},"content":{"rendered":"<p>Das Hundehalsband ist handgefertigt nach Ma\u00df &#8211; die angegebene Gr\u00f6\u00dfe entspricht der Gesamtl\u00e4nge des Bandes &#8211; <strong>\u00c4NDERUNGSOPTION <a href=\"https:\/\/dignisdesign.com.pl\/de\/kontakt\/\">(BITTE KONTAKTIEREN SIE UNS)<\/a>.<\/strong><\/p>\n<p>Anpassbar: Durch das Gravieren beliebiger Aufschriften (dauerhafte Lasergravur), z.B. Hundename, Kontaktnummer, Adresse etc., k\u00f6nnen Sie dem Halsband einen individuellen Charakter verleihen.<\/p>\n<p>Das Band besteht aus starkem Polyvinylchlorid (PVC), das mit thermoplastischem Polyurethan (TPU) beschichtet ist, wodurch es leicht und dennoch sehr stabil ist.<\/p>\n<p>Ein gro\u00dfer Vorteil des Bands ist seine Best\u00e4ndigkeit gegen Wasser, Schwei\u00df, Chemikalien, UV-Strahlung, Wetterbedingungen und Bakterien. Die \u00e4u\u00dfere Schicht des Bandes nutzt sich nicht ab und seine Eigenschaften bleiben unabh\u00e4ngig von der Temperatur konstant. Dar\u00fcber hinaus ist das Material pflegeleicht (es kann mit Seifenwasser gereinigt werden) und bleibt trotz seiner Dicke flexibel.<\/p>\n<p>Die Farbe, die zum Einf\u00e4rben des Graveurs verwendet wird, kann sich abnutzen (insbesondere wird vom Waschen mit hei\u00dfem Wasser und B\u00fcrsten und der Verwendung von Reinigungsmitteln abgeraten). Es wird empfohlen, mit einem feuchten Tuch zu waschen.<\/p>\n<p>Chicago-Schrauben werden verwendet, um Kragen herzustellen, w\u00e4hrend Messingnieten bei Messingbeschl\u00e4gen verwendet werden.<\/p>\n<p>Die Beschl\u00e4ge in Schwarz, Rosegold und Neochrom sind lackiert \u2013 der Lack unterliegt je nach Art und Intensit\u00e4t der Verwendung des Produkts einem Abrieb. Diese Elemente sind der Korrosion ausgesetzt.<\/p>\n<p>Die Messingbeschl\u00e4ge halten auch Salzwasser stand und sind rostbest\u00e4ndig.<\/p>\n<p>Wir haben keine Lagerbest\u00e4nde &#8211; das Zubeh\u00f6r wird auf individuelle Kundenbestellung gefertigt. Nicht vorgefertigtes Produkt &#8211; nicht erstattungsf\u00e4hig.<\/p>\n<p>Die dargestellten Farben k\u00f6nnen in der Realit\u00e4t leicht abweichen &#8211; dies h\u00e4ngt von den individuellen Bildschirmeinstellungen ab.<\/p>\n<p>&nbsp;<\/p>\n<div style=\"overflow-x: auto;\">\n<table class=\"purpleHorizon\">\n<thead>\n<tr>\n<th>TECHNISCHE DATEN<\/th>\n<th>BANDBREITE 25MM<\/th>\n<th>BANDBREITE 16MM<\/th>\n<\/tr>\n<\/thead>\n<tbody>\n<tr>\n<td>ZERST\u00d6RERISCHE KRAFT<\/td>\n<td>250KG<\/td>\n<td>180KG<\/td>\n<\/tr>\n<tr>\n<td>BANDDICKE<\/td>\n<td>2,7MM<\/td>\n<td>2,7MM<\/td>\n<\/tr>\n<tr>\n<td>MATERIAL<\/td>\n<td>TPU<\/td>\n<td>TPU<\/td>\n<\/tr>\n<tr>\n<td>L\u00c4NGE<\/td>\n<td>&#8211;<\/td>\n<td>&#8211;<\/td>\n<\/tr>\n<tr>\n<td>WAAGE<\/td>\n<td>1M-75G<\/td>\n<td>1M-45G<\/td>\n<\/tr>\n<\/tbody>\n<\/table>\n<\/div>\n","protected":false},"excerpt":{"rendered":"<p>Wasserdichtes Hundehalsband mit D-Ring.<\/p>\n<p><em>Ein Halsband auf den Kopf des Hundes. Verhindert, dass der Hund entkommt.<\/em><\/p>\n","protected":false},"featured_media":38135,"comment_status":"open","ping_status":"closed","template":"","meta":{"site-sidebar-layout":"default","site-content-layout":"default","ast-site-content-layout":"default","site-content-style":"default","site-sidebar-style":"default","ast-global-header-display":"","ast-banner-title-visibility":"","ast-main-header-display":"","ast-hfb-above-header-display":"","ast-hfb-below-header-display":"","ast-hfb-mobile-header-display":"","site-post-title":"","ast-breadcrumbs-content":"","ast-featured-img":"","footer-sml-layout":"","ast-disable-related-posts":"","theme-transparent-header-meta":"default","adv-header-id-meta":"","stick-header-meta":"default","header-above-stick-meta":"","header-main-stick-meta":"","header-below-stick-meta":"","astra-migrate-meta-layouts":"default","ast-page-background-enabled":"default","ast-page-background-meta":{"desktop":{"background-color":"","background-image":"","background-repeat":"repeat","background-position":"center center","background-size":"auto","background-attachment":"scroll","background-type":"","background-media":"","overlay-type":"","overlay-color":"","overlay-opacity":"","overlay-gradient":""},"tablet":{"background-color":"","background-image":"","background-repeat":"repeat","background-position":"center center","background-size":"auto","background-attachment":"scroll","background-type":"","background-media":"","overlay-type":"","overlay-color":"","overlay-opacity":"","overlay-gradient":""},"mobile":{"background-color":"","background-image":"","background-repeat":"repeat","background-position":"center center","background-size":"auto","background-attachment":"scroll","background-type":"","background-media":"","overlay-type":"","overlay-color":"","overlay-opacity":"","overlay-gradient":""}},"ast-content-background-meta":{"desktop":{"background-color":"var(--ast-global-color-5)","background-image":"","background-repeat":"repeat","background-position":"center center","background-size":"auto","background-attachment":"scroll","background-type":"","background-media":"","overlay-type":"","overlay-color":"","overlay-opacity":"","overlay-gradient":""},"tablet":{"background-color":"var(--ast-global-color-5)","background-image":"","background-repeat":"repeat","background-position":"center center","background-size":"auto","background-attachment":"scroll","background-type":"","background-media":"","overlay-type":"","overlay-color":"","overlay-opacity":"","overlay-gradient":""},"mobile":{"background-color":"var(--ast-global-color-5)","background-image":"","background-repeat":"repeat","background-position":"center center","background-size":"auto","background-attachment":"scroll","background-type":"","background-media":"","overlay-type":"","overlay-color":"","overlay-opacity":"","overlay-gradient":""}}},"product_brand":[],"product_cat":[996,1865],"product_tag":[2530],"class_list":{"0":"post-43130","1":"product","2":"type-product","3":"status-publish","4":"has-post-thumbnail","6":"product_cat-alle","7":"product_cat-wasserdichte-hundehalsbander","8":"product_tag-hundehalsbander","9":"desktop-align-left","10":"tablet-align-left","11":"mobile-align-left","12":"ast-product-gallery-layout-horizontal-slider","13":"ast-magnify-disabled","14":"ast-product-single-variable","15":"ast-product-tabs-layout-horizontal","17":"first","18":"instock","19":"shipping-taxable","20":"purchasable","21":"product-type-variable","22":"has-default-attributes"},"yoast_head":"<!-- This site is optimized with the Yoast SEO plugin v27.3 - https:\/\/yoast.com\/product\/yoast-seo-wordpress\/ -->\n<title>Clip-Halsband - Dignis Design<\/title>\n<meta name=\"description\" content=\"Wasserdichter Clip-Halsband - \u00fcber den Kopf des Hundes legen. Verhindert, dass der Hund entkommt und erleichtert die Kontrolle \u00fcber den Hund.\" \/>\n<meta name=\"robots\" content=\"index, follow, max-snippet:-1, max-image-preview:large, max-video-preview:-1\" \/>\n<link rel=\"canonical\" href=\"https:\/\/dignisdesign.com.pl\/de\/produkt\/clip-halsband\/\" \/>\n<meta property=\"og:locale\" content=\"de_DE\" \/>\n<meta property=\"og:type\" content=\"article\" \/>\n<meta property=\"og:title\" content=\"Clip-Halsband - Dignis Design\" \/>\n<meta property=\"og:description\" content=\"Wasserdichter Clip-Halsband - \u00fcber den Kopf des Hundes legen. Verhindert, dass der Hund entkommt und erleichtert die Kontrolle \u00fcber den Hund.\" \/>\n<meta property=\"og:url\" content=\"https:\/\/dignisdesign.com.pl\/de\/produkt\/clip-halsband\/\" \/>\n<meta property=\"og:site_name\" content=\"Dignis Design\" \/>\n<meta property=\"og:image\" content=\"https:\/\/dignisdesign.com.pl\/wp-content\/uploads\/2021\/02\/obroza-zaciskowa-oliwka-rosegold-25-2.jpg\" \/>\n\t<meta property=\"og:image:width\" content=\"1280\" \/>\n\t<meta property=\"og:image:height\" content=\"1280\" \/>\n\t<meta property=\"og:image:type\" content=\"image\/jpeg\" \/>\n<meta name=\"twitter:card\" content=\"summary_large_image\" \/>\n<meta name=\"twitter:label1\" content=\"Gesch\u00e4tzte Lesezeit\" \/>\n\t<meta name=\"twitter:data1\" content=\"1\u00a0Minute\" \/>\n<script type=\"application\/ld+json\" class=\"yoast-schema-graph\">{\"@context\":\"https:\\\/\\\/schema.org\",\"@graph\":[{\"@type\":\"WebPage\",\"@id\":\"https:\\\/\\\/dignisdesign.com.pl\\\/de\\\/produkt\\\/clip-halsband\\\/\",\"url\":\"https:\\\/\\\/dignisdesign.com.pl\\\/de\\\/produkt\\\/clip-halsband\\\/\",\"name\":\"Clip-Halsband - Dignis Design\",\"isPartOf\":{\"@id\":\"https:\\\/\\\/dignisdesign.com.pl\\\/#website\"},\"primaryImageOfPage\":{\"@id\":\"https:\\\/\\\/dignisdesign.com.pl\\\/de\\\/produkt\\\/clip-halsband\\\/#primaryimage\"},\"image\":{\"@id\":\"https:\\\/\\\/dignisdesign.com.pl\\\/de\\\/produkt\\\/clip-halsband\\\/#primaryimage\"},\"thumbnailUrl\":\"https:\\\/\\\/dignisdesign.com.pl\\\/wp-content\\\/uploads\\\/2021\\\/02\\\/obroza-zaciskowa-oliwka-rosegold-25-2.jpg\",\"datePublished\":\"2021-02-17T17:25:13+00:00\",\"description\":\"Wasserdichter Clip-Halsband - \u00fcber den Kopf des Hundes legen. Verhindert, dass der Hund entkommt und erleichtert die Kontrolle \u00fcber den Hund.\",\"breadcrumb\":{\"@id\":\"https:\\\/\\\/dignisdesign.com.pl\\\/de\\\/produkt\\\/clip-halsband\\\/#breadcrumb\"},\"inLanguage\":\"de\",\"potentialAction\":[{\"@type\":\"ReadAction\",\"target\":[\"https:\\\/\\\/dignisdesign.com.pl\\\/de\\\/produkt\\\/clip-halsband\\\/\"]}]},{\"@type\":\"ImageObject\",\"inLanguage\":\"de\",\"@id\":\"https:\\\/\\\/dignisdesign.com.pl\\\/de\\\/produkt\\\/clip-halsband\\\/#primaryimage\",\"url\":\"https:\\\/\\\/dignisdesign.com.pl\\\/wp-content\\\/uploads\\\/2021\\\/02\\\/obroza-zaciskowa-oliwka-rosegold-25-2.jpg\",\"contentUrl\":\"https:\\\/\\\/dignisdesign.com.pl\\\/wp-content\\\/uploads\\\/2021\\\/02\\\/obroza-zaciskowa-oliwka-rosegold-25-2.jpg\",\"width\":1280,\"height\":1280},{\"@type\":\"BreadcrumbList\",\"@id\":\"https:\\\/\\\/dignisdesign.com.pl\\\/de\\\/produkt\\\/clip-halsband\\\/#breadcrumb\",\"itemListElement\":[{\"@type\":\"ListItem\",\"position\":1,\"name\":\"Strona g\u0142\u00f3wna\",\"item\":\"https:\\\/\\\/dignisdesign.com.pl\\\/\"},{\"@type\":\"ListItem\",\"position\":2,\"name\":\"Laden\",\"item\":\"https:\\\/\\\/dignisdesign.com.pl\\\/de\\\/laden\\\/\"},{\"@type\":\"ListItem\",\"position\":3,\"name\":\"Clip-Halsband\"}]},{\"@type\":\"WebSite\",\"@id\":\"https:\\\/\\\/dignisdesign.com.pl\\\/#website\",\"url\":\"https:\\\/\\\/dignisdesign.com.pl\\\/\",\"name\":\"Dignis Design\",\"description\":\"Akcesoria dla czworonog&oacute;w tworzone z pasj\u0105 i dba\u0142o\u015bci\u0105 o ka\u017cdy detal\",\"publisher\":{\"@id\":\"https:\\\/\\\/dignisdesign.com.pl\\\/#organization\"},\"potentialAction\":[{\"@type\":\"SearchAction\",\"target\":{\"@type\":\"EntryPoint\",\"urlTemplate\":\"https:\\\/\\\/dignisdesign.com.pl\\\/?s={search_term_string}\"},\"query-input\":{\"@type\":\"PropertyValueSpecification\",\"valueRequired\":true,\"valueName\":\"search_term_string\"}}],\"inLanguage\":\"de\"},{\"@type\":\"Organization\",\"@id\":\"https:\\\/\\\/dignisdesign.com.pl\\\/#organization\",\"name\":\"Dignis Design\",\"url\":\"https:\\\/\\\/dignisdesign.com.pl\\\/\",\"logo\":{\"@type\":\"ImageObject\",\"inLanguage\":\"de\",\"@id\":\"https:\\\/\\\/dignisdesign.com.pl\\\/#\\\/schema\\\/logo\\\/image\\\/\",\"url\":\"https:\\\/\\\/dignisdesign.com.pl\\\/wp-content\\\/uploads\\\/2020\\\/12\\\/DIGNIS-LOGO-PROJEKT-MALE.png\",\"contentUrl\":\"https:\\\/\\\/dignisdesign.com.pl\\\/wp-content\\\/uploads\\\/2020\\\/12\\\/DIGNIS-LOGO-PROJEKT-MALE.png\",\"width\":664,\"height\":300,\"caption\":\"Dignis Design\"},\"image\":{\"@id\":\"https:\\\/\\\/dignisdesign.com.pl\\\/#\\\/schema\\\/logo\\\/image\\\/\"}}]}<\/script>\n<!-- \/ Yoast SEO plugin. -->","yoast_head_json":{"title":"Clip-Halsband - Dignis Design","description":"Wasserdichter Clip-Halsband - \u00fcber den Kopf des Hundes legen. Verhindert, dass der Hund entkommt und erleichtert die Kontrolle \u00fcber den Hund.","robots":{"index":"index","follow":"follow","max-snippet":"max-snippet:-1","max-image-preview":"max-image-preview:large","max-video-preview":"max-video-preview:-1"},"canonical":"https:\/\/dignisdesign.com.pl\/de\/produkt\/clip-halsband\/","og_locale":"de_DE","og_type":"article","og_title":"Clip-Halsband - Dignis Design","og_description":"Wasserdichter Clip-Halsband - \u00fcber den Kopf des Hundes legen. Verhindert, dass der Hund entkommt und erleichtert die Kontrolle \u00fcber den Hund.","og_url":"https:\/\/dignisdesign.com.pl\/de\/produkt\/clip-halsband\/","og_site_name":"Dignis Design","og_image":[{"width":1280,"height":1280,"url":"https:\/\/dignisdesign.com.pl\/wp-content\/uploads\/2021\/02\/obroza-zaciskowa-oliwka-rosegold-25-2.jpg","type":"image\/jpeg"}],"twitter_card":"summary_large_image","twitter_misc":{"Gesch\u00e4tzte Lesezeit":"1\u00a0Minute"},"schema":{"@context":"https:\/\/schema.org","@graph":[{"@type":"WebPage","@id":"https:\/\/dignisdesign.com.pl\/de\/produkt\/clip-halsband\/","url":"https:\/\/dignisdesign.com.pl\/de\/produkt\/clip-halsband\/","name":"Clip-Halsband - Dignis Design","isPartOf":{"@id":"https:\/\/dignisdesign.com.pl\/#website"},"primaryImageOfPage":{"@id":"https:\/\/dignisdesign.com.pl\/de\/produkt\/clip-halsband\/#primaryimage"},"image":{"@id":"https:\/\/dignisdesign.com.pl\/de\/produkt\/clip-halsband\/#primaryimage"},"thumbnailUrl":"https:\/\/dignisdesign.com.pl\/wp-content\/uploads\/2021\/02\/obroza-zaciskowa-oliwka-rosegold-25-2.jpg","datePublished":"2021-02-17T17:25:13+00:00","description":"Wasserdichter Clip-Halsband - \u00fcber den Kopf des Hundes legen. Verhindert, dass der Hund entkommt und erleichtert die Kontrolle \u00fcber den Hund.","breadcrumb":{"@id":"https:\/\/dignisdesign.com.pl\/de\/produkt\/clip-halsband\/#breadcrumb"},"inLanguage":"de","potentialAction":[{"@type":"ReadAction","target":["https:\/\/dignisdesign.com.pl\/de\/produkt\/clip-halsband\/"]}]},{"@type":"ImageObject","inLanguage":"de","@id":"https:\/\/dignisdesign.com.pl\/de\/produkt\/clip-halsband\/#primaryimage","url":"https:\/\/dignisdesign.com.pl\/wp-content\/uploads\/2021\/02\/obroza-zaciskowa-oliwka-rosegold-25-2.jpg","contentUrl":"https:\/\/dignisdesign.com.pl\/wp-content\/uploads\/2021\/02\/obroza-zaciskowa-oliwka-rosegold-25-2.jpg","width":1280,"height":1280},{"@type":"BreadcrumbList","@id":"https:\/\/dignisdesign.com.pl\/de\/produkt\/clip-halsband\/#breadcrumb","itemListElement":[{"@type":"ListItem","position":1,"name":"Strona g\u0142\u00f3wna","item":"https:\/\/dignisdesign.com.pl\/"},{"@type":"ListItem","position":2,"name":"Laden","item":"https:\/\/dignisdesign.com.pl\/de\/laden\/"},{"@type":"ListItem","position":3,"name":"Clip-Halsband"}]},{"@type":"WebSite","@id":"https:\/\/dignisdesign.com.pl\/#website","url":"https:\/\/dignisdesign.com.pl\/","name":"Dignis Design","description":"Akcesoria dla czworonog&oacute;w tworzone z pasj\u0105 i dba\u0142o\u015bci\u0105 o ka\u017cdy detal","publisher":{"@id":"https:\/\/dignisdesign.com.pl\/#organization"},"potentialAction":[{"@type":"SearchAction","target":{"@type":"EntryPoint","urlTemplate":"https:\/\/dignisdesign.com.pl\/?s={search_term_string}"},"query-input":{"@type":"PropertyValueSpecification","valueRequired":true,"valueName":"search_term_string"}}],"inLanguage":"de"},{"@type":"Organization","@id":"https:\/\/dignisdesign.com.pl\/#organization","name":"Dignis Design","url":"https:\/\/dignisdesign.com.pl\/","logo":{"@type":"ImageObject","inLanguage":"de","@id":"https:\/\/dignisdesign.com.pl\/#\/schema\/logo\/image\/","url":"https:\/\/dignisdesign.com.pl\/wp-content\/uploads\/2020\/12\/DIGNIS-LOGO-PROJEKT-MALE.png","contentUrl":"https:\/\/dignisdesign.com.pl\/wp-content\/uploads\/2020\/12\/DIGNIS-LOGO-PROJEKT-MALE.png","width":664,"height":300,"caption":"Dignis Design"},"image":{"@id":"https:\/\/dignisdesign.com.pl\/#\/schema\/logo\/image\/"}}]}},"jetpack_sharing_enabled":true,"_links":{"self":[{"href":"https:\/\/dignisdesign.com.pl\/de\/wp-json\/wp\/v2\/product\/43130","targetHints":{"allow":["GET"]}}],"collection":[{"href":"https:\/\/dignisdesign.com.pl\/de\/wp-json\/wp\/v2\/product"}],"about":[{"href":"https:\/\/dignisdesign.com.pl\/de\/wp-json\/wp\/v2\/types\/product"}],"replies":[{"embeddable":true,"href":"https:\/\/dignisdesign.com.pl\/de\/wp-json\/wp\/v2\/comments?post=43130"}],"version-history":[{"count":0,"href":"https:\/\/dignisdesign.com.pl\/de\/wp-json\/wp\/v2\/product\/43130\/revisions"}],"wp:featuredmedia":[{"embeddable":true,"href":"https:\/\/dignisdesign.com.pl\/de\/wp-json\/wp\/v2\/media\/38135"}],"wp:attachment":[{"href":"https:\/\/dignisdesign.com.pl\/de\/wp-json\/wp\/v2\/media?parent=43130"}],"wp:term":[{"taxonomy":"product_brand","embeddable":true,"href":"https:\/\/dignisdesign.com.pl\/de\/wp-json\/wp\/v2\/product_brand?post=43130"},{"taxonomy":"product_cat","embeddable":true,"href":"https:\/\/dignisdesign.com.pl\/de\/wp-json\/wp\/v2\/product_cat?post=43130"},{"taxonomy":"product_tag","embeddable":true,"href":"https:\/\/dignisdesign.com.pl\/de\/wp-json\/wp\/v2\/product_tag?post=43130"}],"curies":[{"name":"wp","href":"https:\/\/api.w.org\/{rel}","templated":true}]}}