	
	
{"id":42995,"date":"2021-02-09T23:22:38","date_gmt":"2021-02-09T23:22:38","guid":{"rendered":"https:\/\/dignisdesign.com.pl\/produkt\/set\/"},"modified":"2023-01-24T12:19:25","modified_gmt":"2023-01-24T12:19:25","slug":"set","status":"publish","type":"product","link":"https:\/\/dignisdesign.com.pl\/de\/produkt\/set\/","title":{"rendered":"Set"},"content":{"rendered":"<p>Set: Hundehalsband und Leine<\/p>\n<p>Wasserdichtes Hundehalsband mit klassischer Schnalle, D-Ring, mit Hundeschleife.<\/p>\n<p>Das Halsband wird nach Ma\u00df handgefertigt &#8211; der Halsumfang des Hundes wird in der Mitte (Drittel) der f\u00fcnf L\u00f6cher gestanzt. Die L\u00f6cher werden alle 2,5 cm in den Achsen (bei 2,5 cm breiten Gurtb\u00e4ndern) und alle 1,5 cm in den Achsen (bei 1,6 cm breiten Gurtb\u00e4ndern) angebracht &#8211; \u00c4NDERUNGSOPTION <a href=\"https:\/\/dignisdesign.com.pl\/de\/kontakt\/\"><strong>(KONTAKTIEREN SIE UNS)<\/strong><\/a><\/p>\n<p>Wasserdichte Leine mit einem Karabinerhaken.<\/p>\n<p>Die Leine wurde Handgefertigt.<\/p>\n<p>Sie haben die Wahl zwischen einem Produkt mit einem Griff zum bequemen Halten oder ohne Griff. Bei der Leine mit Griff ist am Produkt ein Metallrahmen angebracht, an dem Sie z. B. einen Leckerli-Beutel oder einen Taschenbeh\u00e4lter befestigen k\u00f6nnen.<\/p>\n<p>Kann durch Lasergravur des Namens Ihres Hundes, der Kontaktnummer, der Adresse usw. personalisiert werden, um ihm eine pers\u00f6nliche Note zu verleihen <strong>(BEN\u00d6TIGEN SIE EINE GRAVIERTE INSCHRIFT ENTLANG DER GESAMTEN L\u00c4NGE DES SCHL\u00dcSSELBANDES? <a href=\"https:\/\/dignisdesign.com.pl\/de\/kontakt\/\">SCHREIBEN SIE UNS VOR DER BESTELLUNG)<\/a><\/strong><\/p>\n<p>Das Band besteht aus starkem Polyvinylchlorid (PVC), das mit thermoplastischem Polyurethan (TPU) beschichtet ist, wodurch es leicht und dennoch sehr stabil ist.<\/p>\n<p>Ein gro\u00dfer Vorteil des Bands ist seine Best\u00e4ndigkeit gegen Wasser, Schwei\u00df, Chemikalien, UV-Strahlung, Wetterbedingungen und Bakterien.  Die \u00e4u\u00dfere Schicht des Bandes nutzt sich nicht ab und seine Eigenschaften bleiben unabh\u00e4ngig von der Temperatur konstant. Dar\u00fcber hinaus ist das Material pflegeleicht (es kann mit Seifenwasser gereinigt werden) und bleibt trotz seiner Dicke flexibel.<\/p>\n<p>Die Farbe, die zum Einf\u00e4rben des Graveurs verwendet wird, kann sich abnutzen (insbesondere wird vom Waschen mit hei\u00dfem Wasser und B\u00fcrsten und der Verwendung von Reinigungsmitteln abgeraten). Es wird empfohlen, mit einem feuchten Tuch zu waschen.<\/p>\n<p>Chicago-Schrauben werden verwendet, um das Set herzustellen, w\u00e4hrend es sich bei Messingbeschl\u00e4gen um Messingnieten handelt.<\/p>\n<p>Die Beschl\u00e4ge in Schwarz, Rosegold und Neochrom sind lackiert \u2013 der Lack unterliegt je nach Art und Intensit\u00e4t der Verwendung des Produkts einem Abrieb. Diese Elemente sind der Korrosion ausgesetzt.<\/p>\n<p>Die Messingbeschl\u00e4ge halten auch Salzwasser stand und sind rostbest\u00e4ndig.<\/p>\n<p>Set: Hundehalsband und Leine, Ma\u00dfanfertigung &#8211; die angegebenen Ma\u00dfe k\u00f6nnen in der Realit\u00e4t leicht abweichen.<\/p>\n<p>Wir haben keine Lagerbest\u00e4nde &#8211; das Zubeh\u00f6r wird auf individuelle Kundenbestellung gefertigt. Nicht vorgefertigtes Produkt &#8211; nicht erstattungsf\u00e4hig.<\/p>\n<p>Die dargestellten Farben k\u00f6nnen in der Realit\u00e4t leicht abweichen &#8211; dies h\u00e4ngt von den individuellen Bildschirmeinstellungen ab.<\/p>\n<div style=\"overflow-x: auto;\">\n<table class=\"purpleHorizon\">\n<thead>\n<tr>\n<th>TECHNISCHE DATEN<\/th>\n<th>BANDBREITE 25MM<\/th>\n<th>BANDBREITE 16MM<\/th>\n<th>METALLSCHNALLE F\u00dcR BAND 25MM<\/th>\n<th>METALLSCHNALLE F\u00dcR BAND 16MM<\/th>\n<th>METALLKARABINER F\u00dcR BAND 25MM<\/th>\n<th>METALLKARABINER F\u00dcR BAND 16MM<\/th>\n<th>MESSINGSCHNALLE F\u00dcR BAND 25MM<\/th>\n<th>MESSINGSCHNALLE F\u00dcR BAND 16MM<\/th>\n<th>MESSINGKARABINER F\u00dcR BAND 25MM<\/th>\n<th>MESSINGKARABINER F\u00dcR BAND 16MM<\/th>\n<\/tr>\n<\/thead>\n<tbody>\n<tr>\n<td>ZERST\u00d6RERISCHE KRAFT<\/td>\n<td>250KG<\/td>\n<td>180KG<\/td>\n<td>160KG<\/td>\n<td>50KG<\/td>\n<td>200KG<\/td>\n<td>166KG<\/td>\n<td>400KG<\/td>\n<td>200KG<\/td>\n<td>250KG<\/td>\n<td>180KG<\/td>\n<\/tr>\n<tr>\n<td>BANDDICKE<\/td>\n<td>2,7MM<\/td>\n<td>2,7MM<\/td>\n<td>&#8211;<\/td>\n<td>&#8211;<\/td>\n<td>&#8211;<\/td>\n<td>&#8211;<\/td>\n<td>&#8211;<\/td>\n<td>&#8211;<\/td>\n<td>&#8211;<\/td>\n<td>&#8211;<\/td>\n<\/tr>\n<tr>\n<td>MATERIAL<\/td>\n<td>TPU<\/td>\n<td>TPU<\/td>\n<td>ZINKLEGIERUNG<\/td>\n<td>ZINKLEGIERUNG<\/td>\n<td>ZINKLEGIERUNG<\/td>\n<td>ZINKLEGIERUNG<\/td>\n<td>GUSSMESSING<\/td>\n<td>GUSSMESSING<\/td>\n<td>GUSSMESSING<\/td>\n<td>GUSSMESSING<\/td>\n<\/tr>\n<tr>\n<td>L\u00c4NGE<\/td>\n<td>&#8211;<\/td>\n<td>&#8211;<\/td>\n<td>52MM<\/td>\n<td>35MM<\/td>\n<td>80MM<\/td>\n<td>66MM<\/td>\n<td>57MM<\/td>\n<td>43MM<\/td>\n<td>75MM<\/td>\n<td>72MM<\/td>\n<\/tr>\n<tr>\n<td>WAAGE<\/td>\n<td>1M-75G<\/td>\n<td>1M-45G<\/td>\n<td>ok. 30G <\/td>\n<td>ok. 9G <\/td>\n<td>ok. 50G <\/td>\n<td>ok. 20G <\/td>\n<td>ok. 38G <\/td>\n<td>ok. 25G <\/td>\n<td>ok. 63G <\/td>\n<td>ok. 41G <\/td>\n<\/tr>\n<\/tbody>\n<\/table>\n<\/div>\n<div><\/div>\n","protected":false},"excerpt":{"rendered":"<p>Ein Set bestehend aus einem klassischen Hundehalsband und einer Stadtleine mit einer L\u00e4nge von 2 Metern.<\/p>\n<p><em>Minimalismus. Einzelheiten. Einfachheit.  <\/em><\/p>\n<p><em>Ein Set, das diese drei Elemente mit modernen, farbenfrohen Standards kombiniert.<\/em><\/p>\n<p><em>Ideal f\u00fcr alle, die einen klassischen, funktionalen urbanen Stil sch\u00e4tzen.<\/em><\/p>\n<p><em>Accessoires, die nicht nur das Bild des Haustieres, sondern auch das seines liebevollen Besitzers wunderbar erg\u00e4nzen.<\/em><\/p>\n<p><em>Ein absolutes MUST HAVE!<\/em><\/p>\n","protected":false},"featured_media":42203,"comment_status":"open","ping_status":"closed","template":"","meta":{"site-sidebar-layout":"default","site-content-layout":"default","ast-site-content-layout":"default","site-content-style":"default","site-sidebar-style":"default","ast-global-header-display":"","ast-banner-title-visibility":"","ast-main-header-display":"","ast-hfb-above-header-display":"","ast-hfb-below-header-display":"","ast-hfb-mobile-header-display":"","site-post-title":"","ast-breadcrumbs-content":"","ast-featured-img":"","footer-sml-layout":"","ast-disable-related-posts":"","theme-transparent-header-meta":"default","adv-header-id-meta":"","stick-header-meta":"default","header-above-stick-meta":"","header-main-stick-meta":"","header-below-stick-meta":"","astra-migrate-meta-layouts":"default","ast-page-background-enabled":"default","ast-page-background-meta":{"desktop":{"background-color":"","background-image":"","background-repeat":"repeat","background-position":"center center","background-size":"auto","background-attachment":"scroll","background-type":"","background-media":"","overlay-type":"","overlay-color":"","overlay-opacity":"","overlay-gradient":""},"tablet":{"background-color":"","background-image":"","background-repeat":"repeat","background-position":"center center","background-size":"auto","background-attachment":"scroll","background-type":"","background-media":"","overlay-type":"","overlay-color":"","overlay-opacity":"","overlay-gradient":""},"mobile":{"background-color":"","background-image":"","background-repeat":"repeat","background-position":"center center","background-size":"auto","background-attachment":"scroll","background-type":"","background-media":"","overlay-type":"","overlay-color":"","overlay-opacity":"","overlay-gradient":""}},"ast-content-background-meta":{"desktop":{"background-color":"var(--ast-global-color-5)","background-image":"","background-repeat":"repeat","background-position":"center center","background-size":"auto","background-attachment":"scroll","background-type":"","background-media":"","overlay-type":"","overlay-color":"","overlay-opacity":"","overlay-gradient":""},"tablet":{"background-color":"var(--ast-global-color-5)","background-image":"","background-repeat":"repeat","background-position":"center center","background-size":"auto","background-attachment":"scroll","background-type":"","background-media":"","overlay-type":"","overlay-color":"","overlay-opacity":"","overlay-gradient":""},"mobile":{"background-color":"var(--ast-global-color-5)","background-image":"","background-repeat":"repeat","background-position":"center center","background-size":"auto","background-attachment":"scroll","background-type":"","background-media":"","overlay-type":"","overlay-color":"","overlay-opacity":"","overlay-gradient":""}}},"product_brand":[],"product_cat":[996,1000],"product_tag":[2530],"class_list":{"0":"post-42995","1":"product","2":"type-product","3":"status-publish","4":"has-post-thumbnail","6":"product_cat-alle","7":"product_cat-dignis-vibes-sets-de","8":"product_tag-hundehalsbander","9":"desktop-align-left","10":"tablet-align-left","11":"mobile-align-left","12":"ast-product-gallery-layout-horizontal-slider","13":"ast-magnify-disabled","14":"ast-product-single-variable","15":"ast-product-tabs-layout-horizontal","17":"first","18":"instock","19":"shipping-taxable","20":"purchasable","21":"product-type-variable","22":"has-default-attributes"},"yoast_head":"<!-- This site is optimized with the Yoast SEO plugin v27.3 - https:\/\/yoast.com\/product\/yoast-seo-wordpress\/ -->\n<title>Set - Dignis Design<\/title>\n<meta name=\"description\" content=\"Wasserdichtes Hundeset: Halsband und 2-Meter-Stadtleine. Ma\u00dfanfertigung. Ideal f\u00fcr den t\u00e4glichen Gebrauch. Ein absolutes MUST HAVE\" \/>\n<meta name=\"robots\" content=\"index, follow, max-snippet:-1, max-image-preview:large, max-video-preview:-1\" \/>\n<link rel=\"canonical\" href=\"https:\/\/dignisdesign.com.pl\/de\/produkt\/set\/\" \/>\n<meta property=\"og:locale\" content=\"de_DE\" \/>\n<meta property=\"og:type\" content=\"article\" \/>\n<meta property=\"og:title\" content=\"Set - Dignis Design\" \/>\n<meta property=\"og:description\" content=\"Wasserdichtes Hundeset: Halsband und 2-Meter-Stadtleine. Ma\u00dfanfertigung. Ideal f\u00fcr den t\u00e4glichen Gebrauch. Ein absolutes MUST HAVE\" \/>\n<meta property=\"og:url\" content=\"https:\/\/dignisdesign.com.pl\/de\/produkt\/set\/\" \/>\n<meta property=\"og:site_name\" content=\"Dignis Design\" \/>\n<meta property=\"article:modified_time\" content=\"2023-01-24T12:19:25+00:00\" \/>\n<meta property=\"og:image\" content=\"https:\/\/dignisdesign.com.pl\/wp-content\/uploads\/2022\/01\/zestaw-oliwkowy-jasny-rosegold-25.jpg\" \/>\n\t<meta property=\"og:image:width\" content=\"1280\" \/>\n\t<meta property=\"og:image:height\" content=\"1280\" \/>\n\t<meta property=\"og:image:type\" content=\"image\/jpeg\" \/>\n<meta name=\"twitter:card\" content=\"summary_large_image\" \/>\n<meta name=\"twitter:label1\" content=\"Gesch\u00e4tzte Lesezeit\" \/>\n\t<meta name=\"twitter:data1\" content=\"3\u00a0Minuten\" \/>\n<script type=\"application\/ld+json\" class=\"yoast-schema-graph\">{\"@context\":\"https:\\\/\\\/schema.org\",\"@graph\":[{\"@type\":\"WebPage\",\"@id\":\"https:\\\/\\\/dignisdesign.com.pl\\\/de\\\/produkt\\\/set\\\/\",\"url\":\"https:\\\/\\\/dignisdesign.com.pl\\\/de\\\/produkt\\\/set\\\/\",\"name\":\"Set - Dignis Design\",\"isPartOf\":{\"@id\":\"https:\\\/\\\/dignisdesign.com.pl\\\/#website\"},\"primaryImageOfPage\":{\"@id\":\"https:\\\/\\\/dignisdesign.com.pl\\\/de\\\/produkt\\\/set\\\/#primaryimage\"},\"image\":{\"@id\":\"https:\\\/\\\/dignisdesign.com.pl\\\/de\\\/produkt\\\/set\\\/#primaryimage\"},\"thumbnailUrl\":\"https:\\\/\\\/dignisdesign.com.pl\\\/wp-content\\\/uploads\\\/2022\\\/01\\\/zestaw-oliwkowy-jasny-rosegold-25.jpg\",\"datePublished\":\"2021-02-09T23:22:38+00:00\",\"dateModified\":\"2023-01-24T12:19:25+00:00\",\"description\":\"Wasserdichtes Hundeset: Halsband und 2-Meter-Stadtleine. Ma\u00dfanfertigung. Ideal f\u00fcr den t\u00e4glichen Gebrauch. Ein absolutes MUST HAVE\",\"breadcrumb\":{\"@id\":\"https:\\\/\\\/dignisdesign.com.pl\\\/de\\\/produkt\\\/set\\\/#breadcrumb\"},\"inLanguage\":\"de\",\"potentialAction\":[{\"@type\":\"ReadAction\",\"target\":[\"https:\\\/\\\/dignisdesign.com.pl\\\/de\\\/produkt\\\/set\\\/\"]}]},{\"@type\":\"ImageObject\",\"inLanguage\":\"de\",\"@id\":\"https:\\\/\\\/dignisdesign.com.pl\\\/de\\\/produkt\\\/set\\\/#primaryimage\",\"url\":\"https:\\\/\\\/dignisdesign.com.pl\\\/wp-content\\\/uploads\\\/2022\\\/01\\\/zestaw-oliwkowy-jasny-rosegold-25.jpg\",\"contentUrl\":\"https:\\\/\\\/dignisdesign.com.pl\\\/wp-content\\\/uploads\\\/2022\\\/01\\\/zestaw-oliwkowy-jasny-rosegold-25.jpg\",\"width\":1280,\"height\":1280},{\"@type\":\"BreadcrumbList\",\"@id\":\"https:\\\/\\\/dignisdesign.com.pl\\\/de\\\/produkt\\\/set\\\/#breadcrumb\",\"itemListElement\":[{\"@type\":\"ListItem\",\"position\":1,\"name\":\"Strona g\u0142\u00f3wna\",\"item\":\"https:\\\/\\\/dignisdesign.com.pl\\\/\"},{\"@type\":\"ListItem\",\"position\":2,\"name\":\"Laden\",\"item\":\"https:\\\/\\\/dignisdesign.com.pl\\\/de\\\/laden\\\/\"},{\"@type\":\"ListItem\",\"position\":3,\"name\":\"Set\"}]},{\"@type\":\"WebSite\",\"@id\":\"https:\\\/\\\/dignisdesign.com.pl\\\/#website\",\"url\":\"https:\\\/\\\/dignisdesign.com.pl\\\/\",\"name\":\"Dignis Design\",\"description\":\"Akcesoria dla czworonog&oacute;w tworzone z pasj\u0105 i dba\u0142o\u015bci\u0105 o ka\u017cdy detal\",\"publisher\":{\"@id\":\"https:\\\/\\\/dignisdesign.com.pl\\\/#organization\"},\"potentialAction\":[{\"@type\":\"SearchAction\",\"target\":{\"@type\":\"EntryPoint\",\"urlTemplate\":\"https:\\\/\\\/dignisdesign.com.pl\\\/?s={search_term_string}\"},\"query-input\":{\"@type\":\"PropertyValueSpecification\",\"valueRequired\":true,\"valueName\":\"search_term_string\"}}],\"inLanguage\":\"de\"},{\"@type\":\"Organization\",\"@id\":\"https:\\\/\\\/dignisdesign.com.pl\\\/#organization\",\"name\":\"Dignis Design\",\"url\":\"https:\\\/\\\/dignisdesign.com.pl\\\/\",\"logo\":{\"@type\":\"ImageObject\",\"inLanguage\":\"de\",\"@id\":\"https:\\\/\\\/dignisdesign.com.pl\\\/#\\\/schema\\\/logo\\\/image\\\/\",\"url\":\"https:\\\/\\\/dignisdesign.com.pl\\\/wp-content\\\/uploads\\\/2020\\\/12\\\/DIGNIS-LOGO-PROJEKT-MALE.png\",\"contentUrl\":\"https:\\\/\\\/dignisdesign.com.pl\\\/wp-content\\\/uploads\\\/2020\\\/12\\\/DIGNIS-LOGO-PROJEKT-MALE.png\",\"width\":664,\"height\":300,\"caption\":\"Dignis Design\"},\"image\":{\"@id\":\"https:\\\/\\\/dignisdesign.com.pl\\\/#\\\/schema\\\/logo\\\/image\\\/\"}}]}<\/script>\n<!-- \/ Yoast SEO plugin. -->","yoast_head_json":{"title":"Set - Dignis Design","description":"Wasserdichtes Hundeset: Halsband und 2-Meter-Stadtleine. Ma\u00dfanfertigung. Ideal f\u00fcr den t\u00e4glichen Gebrauch. Ein absolutes MUST HAVE","robots":{"index":"index","follow":"follow","max-snippet":"max-snippet:-1","max-image-preview":"max-image-preview:large","max-video-preview":"max-video-preview:-1"},"canonical":"https:\/\/dignisdesign.com.pl\/de\/produkt\/set\/","og_locale":"de_DE","og_type":"article","og_title":"Set - Dignis Design","og_description":"Wasserdichtes Hundeset: Halsband und 2-Meter-Stadtleine. Ma\u00dfanfertigung. Ideal f\u00fcr den t\u00e4glichen Gebrauch. Ein absolutes MUST HAVE","og_url":"https:\/\/dignisdesign.com.pl\/de\/produkt\/set\/","og_site_name":"Dignis Design","article_modified_time":"2023-01-24T12:19:25+00:00","og_image":[{"width":1280,"height":1280,"url":"https:\/\/dignisdesign.com.pl\/wp-content\/uploads\/2022\/01\/zestaw-oliwkowy-jasny-rosegold-25.jpg","type":"image\/jpeg"}],"twitter_card":"summary_large_image","twitter_misc":{"Gesch\u00e4tzte Lesezeit":"3\u00a0Minuten"},"schema":{"@context":"https:\/\/schema.org","@graph":[{"@type":"WebPage","@id":"https:\/\/dignisdesign.com.pl\/de\/produkt\/set\/","url":"https:\/\/dignisdesign.com.pl\/de\/produkt\/set\/","name":"Set - Dignis Design","isPartOf":{"@id":"https:\/\/dignisdesign.com.pl\/#website"},"primaryImageOfPage":{"@id":"https:\/\/dignisdesign.com.pl\/de\/produkt\/set\/#primaryimage"},"image":{"@id":"https:\/\/dignisdesign.com.pl\/de\/produkt\/set\/#primaryimage"},"thumbnailUrl":"https:\/\/dignisdesign.com.pl\/wp-content\/uploads\/2022\/01\/zestaw-oliwkowy-jasny-rosegold-25.jpg","datePublished":"2021-02-09T23:22:38+00:00","dateModified":"2023-01-24T12:19:25+00:00","description":"Wasserdichtes Hundeset: Halsband und 2-Meter-Stadtleine. Ma\u00dfanfertigung. Ideal f\u00fcr den t\u00e4glichen Gebrauch. Ein absolutes MUST HAVE","breadcrumb":{"@id":"https:\/\/dignisdesign.com.pl\/de\/produkt\/set\/#breadcrumb"},"inLanguage":"de","potentialAction":[{"@type":"ReadAction","target":["https:\/\/dignisdesign.com.pl\/de\/produkt\/set\/"]}]},{"@type":"ImageObject","inLanguage":"de","@id":"https:\/\/dignisdesign.com.pl\/de\/produkt\/set\/#primaryimage","url":"https:\/\/dignisdesign.com.pl\/wp-content\/uploads\/2022\/01\/zestaw-oliwkowy-jasny-rosegold-25.jpg","contentUrl":"https:\/\/dignisdesign.com.pl\/wp-content\/uploads\/2022\/01\/zestaw-oliwkowy-jasny-rosegold-25.jpg","width":1280,"height":1280},{"@type":"BreadcrumbList","@id":"https:\/\/dignisdesign.com.pl\/de\/produkt\/set\/#breadcrumb","itemListElement":[{"@type":"ListItem","position":1,"name":"Strona g\u0142\u00f3wna","item":"https:\/\/dignisdesign.com.pl\/"},{"@type":"ListItem","position":2,"name":"Laden","item":"https:\/\/dignisdesign.com.pl\/de\/laden\/"},{"@type":"ListItem","position":3,"name":"Set"}]},{"@type":"WebSite","@id":"https:\/\/dignisdesign.com.pl\/#website","url":"https:\/\/dignisdesign.com.pl\/","name":"Dignis Design","description":"Akcesoria dla czworonog&oacute;w tworzone z pasj\u0105 i dba\u0142o\u015bci\u0105 o ka\u017cdy detal","publisher":{"@id":"https:\/\/dignisdesign.com.pl\/#organization"},"potentialAction":[{"@type":"SearchAction","target":{"@type":"EntryPoint","urlTemplate":"https:\/\/dignisdesign.com.pl\/?s={search_term_string}"},"query-input":{"@type":"PropertyValueSpecification","valueRequired":true,"valueName":"search_term_string"}}],"inLanguage":"de"},{"@type":"Organization","@id":"https:\/\/dignisdesign.com.pl\/#organization","name":"Dignis Design","url":"https:\/\/dignisdesign.com.pl\/","logo":{"@type":"ImageObject","inLanguage":"de","@id":"https:\/\/dignisdesign.com.pl\/#\/schema\/logo\/image\/","url":"https:\/\/dignisdesign.com.pl\/wp-content\/uploads\/2020\/12\/DIGNIS-LOGO-PROJEKT-MALE.png","contentUrl":"https:\/\/dignisdesign.com.pl\/wp-content\/uploads\/2020\/12\/DIGNIS-LOGO-PROJEKT-MALE.png","width":664,"height":300,"caption":"Dignis Design"},"image":{"@id":"https:\/\/dignisdesign.com.pl\/#\/schema\/logo\/image\/"}}]}},"jetpack_sharing_enabled":true,"_links":{"self":[{"href":"https:\/\/dignisdesign.com.pl\/de\/wp-json\/wp\/v2\/product\/42995","targetHints":{"allow":["GET"]}}],"collection":[{"href":"https:\/\/dignisdesign.com.pl\/de\/wp-json\/wp\/v2\/product"}],"about":[{"href":"https:\/\/dignisdesign.com.pl\/de\/wp-json\/wp\/v2\/types\/product"}],"replies":[{"embeddable":true,"href":"https:\/\/dignisdesign.com.pl\/de\/wp-json\/wp\/v2\/comments?post=42995"}],"version-history":[{"count":0,"href":"https:\/\/dignisdesign.com.pl\/de\/wp-json\/wp\/v2\/product\/42995\/revisions"}],"wp:featuredmedia":[{"embeddable":true,"href":"https:\/\/dignisdesign.com.pl\/de\/wp-json\/wp\/v2\/media\/42203"}],"wp:attachment":[{"href":"https:\/\/dignisdesign.com.pl\/de\/wp-json\/wp\/v2\/media?parent=42995"}],"wp:term":[{"taxonomy":"product_brand","embeddable":true,"href":"https:\/\/dignisdesign.com.pl\/de\/wp-json\/wp\/v2\/product_brand?post=42995"},{"taxonomy":"product_cat","embeddable":true,"href":"https:\/\/dignisdesign.com.pl\/de\/wp-json\/wp\/v2\/product_cat?post=42995"},{"taxonomy":"product_tag","embeddable":true,"href":"https:\/\/dignisdesign.com.pl\/de\/wp-json\/wp\/v2\/product_tag?post=42995"}],"curies":[{"name":"wp","href":"https:\/\/api.w.org\/{rel}","templated":true}]}}