	
	
{"id":42985,"date":"2021-12-12T11:19:03","date_gmt":"2021-12-12T11:19:03","guid":{"rendered":"https:\/\/dignisdesign.com.pl\/produkt\/labrador-modern-plakat\/"},"modified":"2023-01-30T19:58:00","modified_gmt":"2023-01-30T19:58:00","slug":"labrador-modern-plakat","status":"publish","type":"product","link":"https:\/\/dignisdesign.com.pl\/de\/produkt\/labrador-modern-plakat\/","title":{"rendered":"Plakat Labrador Modern"},"content":{"rendered":"<p>Labrador Modern Plakat gedruckt auf gestrichenem, mattem Papier mit einem Gewicht von 200g\/m2.<\/p>\n<p>Der Preis bezieht sich auf das Plakat ohne Rahmen.<\/p>\n<p>Das Produkt wird gut gesch\u00fctzt in einer Tube verschickt.<\/p>\n<p>Die dargestellten Farben k\u00f6nnen in der Realit\u00e4t leicht abweichen &#8211; dies h\u00e4ngt von den individuellen Bildschirmeinstellungen ab.<\/p>\n","protected":false},"excerpt":{"rendered":"<p align=\"JUSTIFY\">Plakat mit Grafik eines Labrador &#8211; modernes Design.<\/p>\n<p align=\"JUSTIFY\"><em>Elegantes, minimalistisches Plakat &#8211; perfekt f\u00fcr Hundeliebhaber. Schwarze und wei\u00dfe Grafiken verleihen dem Innenraum ein elegantes und interessantes Dekor.  <\/em><\/p>\n","protected":false},"featured_media":42156,"comment_status":"open","ping_status":"closed","template":"","meta":{"site-sidebar-layout":"default","site-content-layout":"default","ast-site-content-layout":"default","site-content-style":"default","site-sidebar-style":"default","ast-global-header-display":"","ast-banner-title-visibility":"","ast-main-header-display":"","ast-hfb-above-header-display":"","ast-hfb-below-header-display":"","ast-hfb-mobile-header-display":"","site-post-title":"","ast-breadcrumbs-content":"","ast-featured-img":"","footer-sml-layout":"","ast-disable-related-posts":"","theme-transparent-header-meta":"default","adv-header-id-meta":"","stick-header-meta":"default","header-above-stick-meta":"","header-main-stick-meta":"","header-below-stick-meta":"","astra-migrate-meta-layouts":"default","ast-page-background-enabled":"default","ast-page-background-meta":{"desktop":{"background-color":"","background-image":"","background-repeat":"repeat","background-position":"center center","background-size":"auto","background-attachment":"scroll","background-type":"","background-media":"","overlay-type":"","overlay-color":"","overlay-opacity":"","overlay-gradient":""},"tablet":{"background-color":"","background-image":"","background-repeat":"repeat","background-position":"center center","background-size":"auto","background-attachment":"scroll","background-type":"","background-media":"","overlay-type":"","overlay-color":"","overlay-opacity":"","overlay-gradient":""},"mobile":{"background-color":"","background-image":"","background-repeat":"repeat","background-position":"center center","background-size":"auto","background-attachment":"scroll","background-type":"","background-media":"","overlay-type":"","overlay-color":"","overlay-opacity":"","overlay-gradient":""}},"ast-content-background-meta":{"desktop":{"background-color":"var(--ast-global-color-5)","background-image":"","background-repeat":"repeat","background-position":"center center","background-size":"auto","background-attachment":"scroll","background-type":"","background-media":"","overlay-type":"","overlay-color":"","overlay-opacity":"","overlay-gradient":""},"tablet":{"background-color":"var(--ast-global-color-5)","background-image":"","background-repeat":"repeat","background-position":"center center","background-size":"auto","background-attachment":"scroll","background-type":"","background-media":"","overlay-type":"","overlay-color":"","overlay-opacity":"","overlay-gradient":""},"mobile":{"background-color":"var(--ast-global-color-5)","background-image":"","background-repeat":"repeat","background-position":"center center","background-size":"auto","background-attachment":"scroll","background-type":"","background-media":"","overlay-type":"","overlay-color":"","overlay-opacity":"","overlay-gradient":""}}},"product_brand":[],"product_cat":[996,997],"product_tag":[],"class_list":{"0":"post-42985","1":"product","2":"type-product","3":"status-publish","4":"has-post-thumbnail","6":"product_cat-alle","7":"product_cat-poster","8":"desktop-align-left","9":"tablet-align-left","10":"mobile-align-left","11":"ast-product-gallery-layout-horizontal-slider","12":"ast-product-gallery-with-no-image","13":"ast-magnify-disabled","14":"ast-product-single-variable","15":"ast-product-tabs-layout-horizontal","17":"first","18":"instock","19":"shipping-taxable","20":"purchasable","21":"product-type-variable","22":"has-default-attributes"},"yoast_head":"<!-- This site is optimized with the Yoast SEO plugin v27.3 - https:\/\/yoast.com\/product\/yoast-seo-wordpress\/ -->\n<title>Plakat Labrador Modern - Dignis Design<\/title>\n<meta name=\"description\" content=\"Elegantes, minimalistisches Plakat - Labrador Modern - perfekt f\u00fcr Hundeliebhaber. Schwarze und wei\u00dfe Grafiken verleihen dem Innenraum ein elegantes und interessantes Dekor.\" \/>\n<meta name=\"robots\" content=\"index, follow, max-snippet:-1, max-image-preview:large, max-video-preview:-1\" \/>\n<link rel=\"canonical\" href=\"https:\/\/dignisdesign.com.pl\/de\/produkt\/labrador-modern-plakat\/\" \/>\n<meta property=\"og:locale\" content=\"de_DE\" \/>\n<meta property=\"og:type\" content=\"article\" \/>\n<meta property=\"og:title\" content=\"Plakat Labrador Modern - Dignis Design\" \/>\n<meta property=\"og:description\" content=\"Elegantes, minimalistisches Plakat - Labrador Modern - perfekt f\u00fcr Hundeliebhaber. Schwarze und wei\u00dfe Grafiken verleihen dem Innenraum ein elegantes und interessantes Dekor.\" \/>\n<meta property=\"og:url\" content=\"https:\/\/dignisdesign.com.pl\/de\/produkt\/labrador-modern-plakat\/\" \/>\n<meta property=\"og:site_name\" content=\"Dignis Design\" \/>\n<meta property=\"article:modified_time\" content=\"2023-01-30T19:58:00+00:00\" \/>\n<meta property=\"og:image\" content=\"https:\/\/dignisdesign.com.pl\/wp-content\/uploads\/2021\/12\/plakat-labrador-nowoczesny.jpg\" \/>\n\t<meta property=\"og:image:width\" content=\"1280\" \/>\n\t<meta property=\"og:image:height\" content=\"1280\" \/>\n\t<meta property=\"og:image:type\" content=\"image\/jpeg\" \/>\n<meta name=\"twitter:card\" content=\"summary_large_image\" \/>\n<script type=\"application\/ld+json\" class=\"yoast-schema-graph\">{\"@context\":\"https:\\\/\\\/schema.org\",\"@graph\":[{\"@type\":\"WebPage\",\"@id\":\"https:\\\/\\\/dignisdesign.com.pl\\\/de\\\/produkt\\\/labrador-modern-plakat\\\/\",\"url\":\"https:\\\/\\\/dignisdesign.com.pl\\\/de\\\/produkt\\\/labrador-modern-plakat\\\/\",\"name\":\"Plakat Labrador Modern - Dignis Design\",\"isPartOf\":{\"@id\":\"https:\\\/\\\/dignisdesign.com.pl\\\/#website\"},\"primaryImageOfPage\":{\"@id\":\"https:\\\/\\\/dignisdesign.com.pl\\\/de\\\/produkt\\\/labrador-modern-plakat\\\/#primaryimage\"},\"image\":{\"@id\":\"https:\\\/\\\/dignisdesign.com.pl\\\/de\\\/produkt\\\/labrador-modern-plakat\\\/#primaryimage\"},\"thumbnailUrl\":\"https:\\\/\\\/dignisdesign.com.pl\\\/wp-content\\\/uploads\\\/2021\\\/12\\\/plakat-labrador-nowoczesny.jpg\",\"datePublished\":\"2021-12-12T11:19:03+00:00\",\"dateModified\":\"2023-01-30T19:58:00+00:00\",\"description\":\"Elegantes, minimalistisches Plakat - Labrador Modern - perfekt f\u00fcr Hundeliebhaber. Schwarze und wei\u00dfe Grafiken verleihen dem Innenraum ein elegantes und interessantes Dekor.\",\"breadcrumb\":{\"@id\":\"https:\\\/\\\/dignisdesign.com.pl\\\/de\\\/produkt\\\/labrador-modern-plakat\\\/#breadcrumb\"},\"inLanguage\":\"de\",\"potentialAction\":[{\"@type\":\"ReadAction\",\"target\":[\"https:\\\/\\\/dignisdesign.com.pl\\\/de\\\/produkt\\\/labrador-modern-plakat\\\/\"]}]},{\"@type\":\"ImageObject\",\"inLanguage\":\"de\",\"@id\":\"https:\\\/\\\/dignisdesign.com.pl\\\/de\\\/produkt\\\/labrador-modern-plakat\\\/#primaryimage\",\"url\":\"https:\\\/\\\/dignisdesign.com.pl\\\/wp-content\\\/uploads\\\/2021\\\/12\\\/plakat-labrador-nowoczesny.jpg\",\"contentUrl\":\"https:\\\/\\\/dignisdesign.com.pl\\\/wp-content\\\/uploads\\\/2021\\\/12\\\/plakat-labrador-nowoczesny.jpg\",\"width\":1280,\"height\":1280},{\"@type\":\"BreadcrumbList\",\"@id\":\"https:\\\/\\\/dignisdesign.com.pl\\\/de\\\/produkt\\\/labrador-modern-plakat\\\/#breadcrumb\",\"itemListElement\":[{\"@type\":\"ListItem\",\"position\":1,\"name\":\"Strona g\u0142\u00f3wna\",\"item\":\"https:\\\/\\\/dignisdesign.com.pl\\\/\"},{\"@type\":\"ListItem\",\"position\":2,\"name\":\"Laden\",\"item\":\"https:\\\/\\\/dignisdesign.com.pl\\\/de\\\/laden\\\/\"},{\"@type\":\"ListItem\",\"position\":3,\"name\":\"Plakat Labrador Modern\"}]},{\"@type\":\"WebSite\",\"@id\":\"https:\\\/\\\/dignisdesign.com.pl\\\/#website\",\"url\":\"https:\\\/\\\/dignisdesign.com.pl\\\/\",\"name\":\"Dignis Design\",\"description\":\"Akcesoria dla czworonog&oacute;w tworzone z pasj\u0105 i dba\u0142o\u015bci\u0105 o ka\u017cdy detal\",\"publisher\":{\"@id\":\"https:\\\/\\\/dignisdesign.com.pl\\\/#organization\"},\"potentialAction\":[{\"@type\":\"SearchAction\",\"target\":{\"@type\":\"EntryPoint\",\"urlTemplate\":\"https:\\\/\\\/dignisdesign.com.pl\\\/?s={search_term_string}\"},\"query-input\":{\"@type\":\"PropertyValueSpecification\",\"valueRequired\":true,\"valueName\":\"search_term_string\"}}],\"inLanguage\":\"de\"},{\"@type\":\"Organization\",\"@id\":\"https:\\\/\\\/dignisdesign.com.pl\\\/#organization\",\"name\":\"Dignis Design\",\"url\":\"https:\\\/\\\/dignisdesign.com.pl\\\/\",\"logo\":{\"@type\":\"ImageObject\",\"inLanguage\":\"de\",\"@id\":\"https:\\\/\\\/dignisdesign.com.pl\\\/#\\\/schema\\\/logo\\\/image\\\/\",\"url\":\"https:\\\/\\\/dignisdesign.com.pl\\\/wp-content\\\/uploads\\\/2020\\\/12\\\/DIGNIS-LOGO-PROJEKT-MALE.png\",\"contentUrl\":\"https:\\\/\\\/dignisdesign.com.pl\\\/wp-content\\\/uploads\\\/2020\\\/12\\\/DIGNIS-LOGO-PROJEKT-MALE.png\",\"width\":664,\"height\":300,\"caption\":\"Dignis Design\"},\"image\":{\"@id\":\"https:\\\/\\\/dignisdesign.com.pl\\\/#\\\/schema\\\/logo\\\/image\\\/\"}}]}<\/script>\n<!-- \/ Yoast SEO plugin. -->","yoast_head_json":{"title":"Plakat Labrador Modern - Dignis Design","description":"Elegantes, minimalistisches Plakat - Labrador Modern - perfekt f\u00fcr Hundeliebhaber. Schwarze und wei\u00dfe Grafiken verleihen dem Innenraum ein elegantes und interessantes Dekor.","robots":{"index":"index","follow":"follow","max-snippet":"max-snippet:-1","max-image-preview":"max-image-preview:large","max-video-preview":"max-video-preview:-1"},"canonical":"https:\/\/dignisdesign.com.pl\/de\/produkt\/labrador-modern-plakat\/","og_locale":"de_DE","og_type":"article","og_title":"Plakat Labrador Modern - Dignis Design","og_description":"Elegantes, minimalistisches Plakat - Labrador Modern - perfekt f\u00fcr Hundeliebhaber. Schwarze und wei\u00dfe Grafiken verleihen dem Innenraum ein elegantes und interessantes Dekor.","og_url":"https:\/\/dignisdesign.com.pl\/de\/produkt\/labrador-modern-plakat\/","og_site_name":"Dignis Design","article_modified_time":"2023-01-30T19:58:00+00:00","og_image":[{"width":1280,"height":1280,"url":"https:\/\/dignisdesign.com.pl\/wp-content\/uploads\/2021\/12\/plakat-labrador-nowoczesny.jpg","type":"image\/jpeg"}],"twitter_card":"summary_large_image","schema":{"@context":"https:\/\/schema.org","@graph":[{"@type":"WebPage","@id":"https:\/\/dignisdesign.com.pl\/de\/produkt\/labrador-modern-plakat\/","url":"https:\/\/dignisdesign.com.pl\/de\/produkt\/labrador-modern-plakat\/","name":"Plakat Labrador Modern - Dignis Design","isPartOf":{"@id":"https:\/\/dignisdesign.com.pl\/#website"},"primaryImageOfPage":{"@id":"https:\/\/dignisdesign.com.pl\/de\/produkt\/labrador-modern-plakat\/#primaryimage"},"image":{"@id":"https:\/\/dignisdesign.com.pl\/de\/produkt\/labrador-modern-plakat\/#primaryimage"},"thumbnailUrl":"https:\/\/dignisdesign.com.pl\/wp-content\/uploads\/2021\/12\/plakat-labrador-nowoczesny.jpg","datePublished":"2021-12-12T11:19:03+00:00","dateModified":"2023-01-30T19:58:00+00:00","description":"Elegantes, minimalistisches Plakat - Labrador Modern - perfekt f\u00fcr Hundeliebhaber. Schwarze und wei\u00dfe Grafiken verleihen dem Innenraum ein elegantes und interessantes Dekor.","breadcrumb":{"@id":"https:\/\/dignisdesign.com.pl\/de\/produkt\/labrador-modern-plakat\/#breadcrumb"},"inLanguage":"de","potentialAction":[{"@type":"ReadAction","target":["https:\/\/dignisdesign.com.pl\/de\/produkt\/labrador-modern-plakat\/"]}]},{"@type":"ImageObject","inLanguage":"de","@id":"https:\/\/dignisdesign.com.pl\/de\/produkt\/labrador-modern-plakat\/#primaryimage","url":"https:\/\/dignisdesign.com.pl\/wp-content\/uploads\/2021\/12\/plakat-labrador-nowoczesny.jpg","contentUrl":"https:\/\/dignisdesign.com.pl\/wp-content\/uploads\/2021\/12\/plakat-labrador-nowoczesny.jpg","width":1280,"height":1280},{"@type":"BreadcrumbList","@id":"https:\/\/dignisdesign.com.pl\/de\/produkt\/labrador-modern-plakat\/#breadcrumb","itemListElement":[{"@type":"ListItem","position":1,"name":"Strona g\u0142\u00f3wna","item":"https:\/\/dignisdesign.com.pl\/"},{"@type":"ListItem","position":2,"name":"Laden","item":"https:\/\/dignisdesign.com.pl\/de\/laden\/"},{"@type":"ListItem","position":3,"name":"Plakat Labrador Modern"}]},{"@type":"WebSite","@id":"https:\/\/dignisdesign.com.pl\/#website","url":"https:\/\/dignisdesign.com.pl\/","name":"Dignis Design","description":"Akcesoria dla czworonog&oacute;w tworzone z pasj\u0105 i dba\u0142o\u015bci\u0105 o ka\u017cdy detal","publisher":{"@id":"https:\/\/dignisdesign.com.pl\/#organization"},"potentialAction":[{"@type":"SearchAction","target":{"@type":"EntryPoint","urlTemplate":"https:\/\/dignisdesign.com.pl\/?s={search_term_string}"},"query-input":{"@type":"PropertyValueSpecification","valueRequired":true,"valueName":"search_term_string"}}],"inLanguage":"de"},{"@type":"Organization","@id":"https:\/\/dignisdesign.com.pl\/#organization","name":"Dignis Design","url":"https:\/\/dignisdesign.com.pl\/","logo":{"@type":"ImageObject","inLanguage":"de","@id":"https:\/\/dignisdesign.com.pl\/#\/schema\/logo\/image\/","url":"https:\/\/dignisdesign.com.pl\/wp-content\/uploads\/2020\/12\/DIGNIS-LOGO-PROJEKT-MALE.png","contentUrl":"https:\/\/dignisdesign.com.pl\/wp-content\/uploads\/2020\/12\/DIGNIS-LOGO-PROJEKT-MALE.png","width":664,"height":300,"caption":"Dignis Design"},"image":{"@id":"https:\/\/dignisdesign.com.pl\/#\/schema\/logo\/image\/"}}]}},"jetpack_sharing_enabled":true,"_links":{"self":[{"href":"https:\/\/dignisdesign.com.pl\/de\/wp-json\/wp\/v2\/product\/42985","targetHints":{"allow":["GET"]}}],"collection":[{"href":"https:\/\/dignisdesign.com.pl\/de\/wp-json\/wp\/v2\/product"}],"about":[{"href":"https:\/\/dignisdesign.com.pl\/de\/wp-json\/wp\/v2\/types\/product"}],"replies":[{"embeddable":true,"href":"https:\/\/dignisdesign.com.pl\/de\/wp-json\/wp\/v2\/comments?post=42985"}],"version-history":[{"count":0,"href":"https:\/\/dignisdesign.com.pl\/de\/wp-json\/wp\/v2\/product\/42985\/revisions"}],"wp:featuredmedia":[{"embeddable":true,"href":"https:\/\/dignisdesign.com.pl\/de\/wp-json\/wp\/v2\/media\/42156"}],"wp:attachment":[{"href":"https:\/\/dignisdesign.com.pl\/de\/wp-json\/wp\/v2\/media?parent=42985"}],"wp:term":[{"taxonomy":"product_brand","embeddable":true,"href":"https:\/\/dignisdesign.com.pl\/de\/wp-json\/wp\/v2\/product_brand?post=42985"},{"taxonomy":"product_cat","embeddable":true,"href":"https:\/\/dignisdesign.com.pl\/de\/wp-json\/wp\/v2\/product_cat?post=42985"},{"taxonomy":"product_tag","embeddable":true,"href":"https:\/\/dignisdesign.com.pl\/de\/wp-json\/wp\/v2\/product_tag?post=42985"}],"curies":[{"name":"wp","href":"https:\/\/api.w.org\/{rel}","templated":true}]}}