	
	
{"id":42945,"date":"2022-04-08T17:11:06","date_gmt":"2022-04-08T17:11:06","guid":{"rendered":"https:\/\/dignisdesign.com.pl\/datenschutz\/"},"modified":"2023-01-09T16:54:14","modified_gmt":"2023-01-09T16:54:14","slug":"datenschutz","status":"publish","type":"page","link":"https:\/\/dignisdesign.com.pl\/de\/datenschutz\/","title":{"rendered":"DATENSCHUTZ"},"content":{"rendered":"\t\t<div data-elementor-type=\"wp-page\" data-elementor-id=\"42945\" class=\"elementor elementor-42945 elementor-23297\" data-elementor-post-type=\"page\">\n\t\t\t\t\t\t<section class=\"elementor-section elementor-top-section elementor-element elementor-element-261d465 elementor-section-full_width elementor-section-height-default elementor-section-height-default\" data-id=\"261d465\" data-element_type=\"section\" data-e-type=\"section\">\n\t\t\t\t\t\t<div class=\"elementor-container elementor-column-gap-default\">\n\t\t\t\t\t<div class=\"elementor-column elementor-col-100 elementor-top-column elementor-element elementor-element-b5dc5d7\" data-id=\"b5dc5d7\" data-element_type=\"column\" data-e-type=\"column\">\n\t\t\t<div class=\"elementor-widget-wrap elementor-element-populated\">\n\t\t\t\t\t\t<div class=\"elementor-element elementor-element-7a8b94c elementor-hidden-mobile elementor-widget-divider--view-line elementor-widget elementor-widget-divider\" data-id=\"7a8b94c\" data-element_type=\"widget\" data-e-type=\"widget\" data-widget_type=\"divider.default\">\n\t\t\t\t<div class=\"elementor-widget-container\">\n\t\t\t\t\t\t\t<div class=\"elementor-divider\">\n\t\t\t<span class=\"elementor-divider-separator\">\n\t\t\t\t\t\t<\/span>\n\t\t<\/div>\n\t\t\t\t\t\t<\/div>\n\t\t\t\t<\/div>\n\t\t\t\t<div class=\"elementor-element elementor-element-0d3d8f3 elementor-widget__width-initial elementor-widget elementor-widget-text-editor\" data-id=\"0d3d8f3\" data-element_type=\"widget\" data-e-type=\"widget\" data-widget_type=\"text-editor.default\">\n\t\t\t\t<div class=\"elementor-widget-container\">\n\t\t\t\t\t\t\t\t\t<p>Diese Datenschutz und Cookie-Richtlinie beschreibt die Regeln f\u00fcr den Umgang mit personenbezogenen Daten und die Verwendung von Cookies und anderen Technologien innerhalb des Online-Shop dignisdesign.com.pl unter www.dignisdesign.com.pl<\/p>\n<p>Bitte lesen Sie diese Richtlinie sorgf\u00e4ltig durch. Indem Sie auf diese Website zugreifen oder sie nutzen und uns personenbezogene Daten \u00fcbermitteln, akzeptieren Sie die Bedingungen dieser Datenschutzrichtlinie. <\/p>\n<p>Der Verwalter des Ladens ist Magdalena Ptasi\u0144ska-Olech, der seine T\u00e4tigkeit unter dem Namen ,,DIGNIS DESIGN Magdalena Ptasi\u0144ska-Olech&#8220;; mit Sitz in Rzeszow aus\u00fcbt, eingetragen im Zentralregister von Informationen \u00fcber die Gesch\u00e4ftst\u00e4tigkeit, unter Verwendung der Steuerzahler- Identifikationsnummer 813-36-00-720 (NIP 813-36-00-720)<\/p>\n<p>Der Kontakt mit dem Shop-Administrator ist unter der E-Mail-Adresse kontakt@dignisdesign.com.pl m\u00f6glich.<\/p>\n<p><strong>DEFINITIONEN<\/strong><\/p>\n<p>F\u00fcr die Zwecke dieser Datenschutzrichtlinie haben die folgenden Begriffe folgende Bedeutung:<\/p>\n<p><strong>Verwalter<\/strong> &#8211; Magdalena Ptasi\u0144ska-Olech, der seine T\u00e4tigkeit unter dem Namen ,,DIGNIS DESIGN Magdalena Ptasi\u0144ska-Olech&#8220;; mit Sitz in Rzesz\u00f3w aus\u00fcbt, eingetragen im Zentralen Register f\u00fcr Wirtschaftst\u00e4tigkeit und Information Register der Gesch\u00e4ftst\u00e4tigkeiten, unter Verwendung der Steuerzahler-Identifikationsnummer 813-36-00-720 (NIP 813-36-00-720). <\/p>\n<p><strong>Store<\/strong> \u2013 ein Online-Shop, der unter www.dignisdesign.com.pl verf\u00fcgbar ist<\/p>\n<p><strong>Benutzer<\/strong> \u2013 jede Entit\u00e4t, die den Store verwendet.<\/p>\n<p><strong>PERS\u00d6NLICHE DATEN<\/strong><\/p>\n<p>1. Der Nutzer kann seine personenbezogenen Daten \u00fcber die im Shop verf\u00fcgbaren Formulare, wie z.B. das Formular zur Erstellung eines Accounts, Bestellformular, an den Administrator \u00fcbermitteln.<\/p>\n<p>2. Der Administrator ist der Verwalter der pers\u00f6nlichen Daten des Nutzers.<\/p>\n<p>3. Die personenbezogenen Daten, die der Nutzer dem Administrator im Rahmen des Formulars zur Erstellung eines Kontos zur Verf\u00fcgung stellt, werden verarbeitet, um das Konto des Nutzers im Shop zu erstellen und zu pflegen.<\/p>\n<p>4. Die vom Nutzer im Rahmen des Bestellformulars an den Administrator \u00fcbermittelten personenbezogenen Daten werden zur Durchf\u00fchrung der Bestellung verarbeitet.<\/p>\n<p>5. Der Administrator garantiert die Vertraulichkeit aller ihm zur Verf\u00fcgung gestellten personenbezogenen Daten.<\/p>\n<p>6. Personenbezogene Daten werden mit der gebotenen Sorgfalt erhoben und angemessen vor dem Zugriff Unbefugter gesch\u00fctzt.<\/p>\n<p>7. Wenn wir gesetzlich dazu verpflichtet sind, m\u00fcssen wir Ihre personenbezogenen Daten an berechtigte Stellen wie Gerichte, Finanz\u00e4mter oder Strafverfolgungsbeh\u00f6rden weitergeben.<\/p>\n<p>8. Sie haben die folgenden Rechte:<\/p>\n<p>\u2013 das Recht auf Einsicht in Ihre pers\u00f6nlichen Daten,<\/p>\n<p>\u2013 das Recht zu verlangen, dass seine personenbezogenen Daten erg\u00e4nzt, aktualisiert, berichtigt, vor\u00fcbergehend oder endg\u00fcltig gesperrt oder, falls sie unvollst\u00e4ndig sind, gel\u00f6scht werden veraltet, unwahr oder unter Versto\u00df gegen das Gesetz erhoben wurden oder f\u00fcr den Zweck, f\u00fcr den sie erhoben wurden, nicht mehr erforderlich sind.<\/p>\n<p>Die oben genannten Rechte k\u00f6nnen vom Nutzer in \u00dcbereinstimmung mit den in den Artikeln 16-21 RODO beschriebenen Grunds\u00e4tzen ausge\u00fcbt werden durch Kontaktaufnahme mit kontakt@dignisdesign.com.pl <\/p>\n<p>Die Angabe personenbezogener Daten ist immer freiwillig, aber notwendig, um eine Bestellung aufzugeben und mit uns in Kontakt zu treten.<\/p>\n<p><strong>BESTELLUNGEN<\/strong><\/p>\n<p>Bei einer Bestellung ist der Nutzer verpflichtet, seine pers\u00f6nlichen Daten anzugeben, die f\u00fcr die Ausf\u00fchrung der Bestellung erforderlich sind, d.h. Vor- und Nachname, E-Mail-Adresse, Telefonnummer und Lieferanschrift der Bestellung. Der Nutzer kann auch zus\u00e4tzliche Daten angeben. Die Rechtsgrundlage f\u00fcr die Verarbeitung der in der Bestellung enthaltenen personenbezogenen Daten des Nutzers ist die Vertragserf\u00fcllung. Die im Bestellformular angegebenen Daten werden in der Datenbank erfasst und dort bis zum Erl\u00f6schen von Anspr\u00fcchen aus dem geschlossenen Vertrag gespeichert. Jede Der Auftrag wird als separater Posten in der Datenbank erfasst. Neben personenbezogenen Daten werden auch Bestelldetails wie Bestelldatum, Gegenstand und Wert der Bestellung, gew\u00e4hlte Liefer- und Zahlungsart erfasst.      <\/p>\n<p><strong>RECHNUNGEN<\/strong><\/p>\n<p>Wenn wir eine Rechnung ausstellen, werden Ihre personenbezogenen Daten zu diesem Zweck in dem Umfang verarbeitet, der f\u00fcr die Ausstellung der Rechnung erforderlich ist. Die Rechtsgrundlage f\u00fcr die Verarbeitung ist in diesem Fall die Erf\u00fcllung der gesetzlichen Verpflichtung zur Ausstellung einer Rechnung. Dar\u00fcber hinaus werden alle ausgestellten Rechnungen in die Buchhaltungsunterlagen aufgenommen und daher werden die Nutzerdaten nat\u00fcrlich f\u00fcr den gesetzlich vorgeschriebenen Zeitraum in diesen Unterlagen verarbeitet.  <\/p>\n<p><strong>EMAIL KONTAKT<\/strong><\/p>\n<p>Bei der Kontaktaufnahme per E-Mail gibt der Nutzer selbstverst\u00e4ndlich seine E-Mail-Adresse als Absender der Nachricht an. Dar\u00fcber hinaus kann der Nutzer auch andere personenbezogene Daten in den Inhalt der Nachricht aufnehmen. Die Rechtsgrundlage f\u00fcr die Verarbeitung personenbezogener Daten ist in diesem Fall die Zustimmung des Nutzers, die sich aus der Kontaktaufnahme mit dem Administrator ergibt. Die im Rahmen des E-Mail-Kontakts an den Administrator \u00fcbermittelten personenbezogenen Daten des Nutzers werden ausschlie\u00dflich zum Zweck der Bearbeitung der Anfrage verarbeitet. Der Inhalt von Der Schriftverkehr kann archiviert werden.    <\/p>\n<p><strong>COOKIE-EINSTELLUNGEN<\/strong><\/p>\n<p>1. Der Administrator verwendet Cookies, d.h. kleine Textinformationen, die auf dem Endger\u00e4t des Benutzers (z. B. Computer, Tablet, Smartphone) gespeichert werden. Cookies k\u00f6nnen vom ICT-System des Administrators gelesen werden. <\/p>\n<p>2. Der Administrator speichert Cookies auf dem Endger\u00e4t des Nutzers, und dann Dann Zugriff auf die darin enthaltenen Informationen zu statistischen Zwecken, zu Marketingzwecken (Remarketing) und zur Gew\u00e4hrleistung des ordnungsgem\u00e4\u00dfen Funktionierens des Shops.<\/p>\n<p>Der Administrator informiert den Benutzer dar\u00fcber, dass es m\u00f6glich ist, den Webbrowser so zu konfigurieren, dass er die Speicherung von Cookies auf dem Endger\u00e4t des Benutzers verhindert. In einer solchen Situation kann die Nutzung des Shops durch den Benutzer schwierig sein.<\/p>\n<p>Der Administrator weist darauf hin, dass Cookies vom Benutzer gel\u00f6scht werden k\u00f6nnen, nachdem sie vom Administrator \u00fcber die entsprechenden Funktionen des Webbrowsers, die zu diesem Zweck verwendeten Programme oder die entsprechenden Tools innerhalb des vom Benutzer verwendeten Betriebssystems gespeichert wurden.<\/p>\n<p><strong>SERVER LOGINS<\/strong><\/p>\n<p>1. Die Nutzung des Shops beinhaltet zun\u00e4chst das Senden von Anfragen an den Server, auf dem der Shop gespeichert ist.<\/p>\n<p>2. Jede an den Server gesendete Anfrage wird in den Serverprotokollen aufgezeichnet. Zu den Protokollen geh\u00f6ren u.a. die IP-Adresse des Nutzers, Datum und Uhrzeit des Servers, Informationen \u00fcber den vom Nutzer verwendeten Webbrowser und das Betriebssystem.  <\/p>\n<p>3. Protokolle werden auf dem Server gespeichert und gespeichert.<\/p>\n<p>4. Die in den Serverprotokollen gespeicherten Daten werden nicht mit bestimmten Personen, die den Shop nutzen, in Verbindung gebracht und werden vom Administrator nicht zur Identifizierung des Nutzers verwendet.<\/p>\n<p>Die Serverprotokolle sind nur Hilfsmittel f\u00fcr die Verwaltung des Shops, Ihr Inhalt wird nur den zur Verwaltung des Servers befugten Personen zug\u00e4nglich gemacht.<\/p>\n\t\t\t\t\t\t\t\t<\/div>\n\t\t\t\t<\/div>\n\t\t\t\t\t<\/div>\n\t\t<\/div>\n\t\t\t\t\t<\/div>\n\t\t<\/section>\n\t\t\t\t<\/div>\n\t\t","protected":false},"excerpt":{"rendered":"<p>Diese Datenschutz und Cookie-Richtlinie beschreibt die Regeln f\u00fcr den Umgang mit personenbezogenen Daten und die Verwendung von Cookies und anderen Technologien innerhalb des Online-Shop dignisdesign.com.pl unter www.dignisdesign.com.pl Bitte lesen Sie diese Richtlinie sorgf\u00e4ltig durch. Indem Sie auf diese Website zugreifen oder sie nutzen und uns personenbezogene Daten \u00fcbermitteln, akzeptieren Sie die Bedingungen dieser Datenschutzrichtlinie. Der [&hellip;]<\/p>\n","protected":false},"author":6,"featured_media":0,"parent":0,"menu_order":0,"comment_status":"closed","ping_status":"closed","template":"","meta":{"site-sidebar-layout":"no-sidebar","site-content-layout":"page-builder","ast-site-content-layout":"default","site-content-style":"default","site-sidebar-style":"default","ast-global-header-display":"","ast-banner-title-visibility":"","ast-main-header-display":"","ast-hfb-above-header-display":"","ast-hfb-below-header-display":"","ast-hfb-mobile-header-display":"","site-post-title":"disabled","ast-breadcrumbs-content":"","ast-featured-img":"disabled","footer-sml-layout":"","ast-disable-related-posts":"","theme-transparent-header-meta":"","adv-header-id-meta":"","stick-header-meta":"","header-above-stick-meta":"","header-main-stick-meta":"","header-below-stick-meta":"","astra-migrate-meta-layouts":"default","ast-page-background-enabled":"default","ast-page-background-meta":{"desktop":{"background-color":"","background-image":"","background-repeat":"repeat","background-position":"center center","background-size":"auto","background-attachment":"scroll","background-type":"","background-media":"","overlay-type":"","overlay-color":"","overlay-opacity":"","overlay-gradient":""},"tablet":{"background-color":"","background-image":"","background-repeat":"repeat","background-position":"center center","background-size":"auto","background-attachment":"scroll","background-type":"","background-media":"","overlay-type":"","overlay-color":"","overlay-opacity":"","overlay-gradient":""},"mobile":{"background-color":"","background-image":"","background-repeat":"repeat","background-position":"center center","background-size":"auto","background-attachment":"scroll","background-type":"","background-media":"","overlay-type":"","overlay-color":"","overlay-opacity":"","overlay-gradient":""}},"ast-content-background-meta":{"desktop":{"background-color":"var(--ast-global-color-5)","background-image":"","background-repeat":"repeat","background-position":"center center","background-size":"auto","background-attachment":"scroll","background-type":"","background-media":"","overlay-type":"","overlay-color":"","overlay-opacity":"","overlay-gradient":""},"tablet":{"background-color":"var(--ast-global-color-5)","background-image":"","background-repeat":"repeat","background-position":"center center","background-size":"auto","background-attachment":"scroll","background-type":"","background-media":"","overlay-type":"","overlay-color":"","overlay-opacity":"","overlay-gradient":""},"mobile":{"background-color":"var(--ast-global-color-5)","background-image":"","background-repeat":"repeat","background-position":"center center","background-size":"auto","background-attachment":"scroll","background-type":"","background-media":"","overlay-type":"","overlay-color":"","overlay-opacity":"","overlay-gradient":""}},"footnotes":""},"folder":[],"class_list":["post-42945","page","type-page","status-publish","hentry"],"yoast_head":"<!-- This site is optimized with the Yoast SEO plugin v27.3 - https:\/\/yoast.com\/product\/yoast-seo-wordpress\/ -->\n<title>DATENSCHUTZ - Dignis Design<\/title>\n<meta name=\"robots\" content=\"index, follow, max-snippet:-1, max-image-preview:large, max-video-preview:-1\" \/>\n<link rel=\"canonical\" href=\"https:\/\/dignisdesign.com.pl\/de\/datenschutz\/\" \/>\n<meta property=\"og:locale\" content=\"de_DE\" \/>\n<meta property=\"og:type\" content=\"article\" \/>\n<meta property=\"og:title\" content=\"DATENSCHUTZ - Dignis Design\" \/>\n<meta property=\"og:description\" content=\"Diese Datenschutz und Cookie-Richtlinie beschreibt die Regeln f\u00fcr den Umgang mit personenbezogenen Daten und die Verwendung von Cookies und anderen Technologien innerhalb des Online-Shop dignisdesign.com.pl unter www.dignisdesign.com.pl Bitte lesen Sie diese Richtlinie sorgf\u00e4ltig durch. Indem Sie auf diese Website zugreifen oder sie nutzen und uns personenbezogene Daten \u00fcbermitteln, akzeptieren Sie die Bedingungen dieser Datenschutzrichtlinie. Der [&hellip;]\" \/>\n<meta property=\"og:url\" content=\"https:\/\/dignisdesign.com.pl\/de\/datenschutz\/\" \/>\n<meta property=\"og:site_name\" content=\"Dignis Design\" \/>\n<meta property=\"article:modified_time\" content=\"2023-01-09T16:54:14+00:00\" \/>\n<meta name=\"twitter:card\" content=\"summary_large_image\" \/>\n<meta name=\"twitter:label1\" content=\"Gesch\u00e4tzte Lesezeit\" \/>\n\t<meta name=\"twitter:data1\" content=\"5\u00a0Minuten\" \/>\n<script type=\"application\/ld+json\" class=\"yoast-schema-graph\">{\"@context\":\"https:\\\/\\\/schema.org\",\"@graph\":[{\"@type\":\"WebPage\",\"@id\":\"https:\\\/\\\/dignisdesign.com.pl\\\/de\\\/datenschutz\\\/\",\"url\":\"https:\\\/\\\/dignisdesign.com.pl\\\/de\\\/datenschutz\\\/\",\"name\":\"DATENSCHUTZ - Dignis Design\",\"isPartOf\":{\"@id\":\"https:\\\/\\\/dignisdesign.com.pl\\\/#website\"},\"datePublished\":\"2022-04-08T17:11:06+00:00\",\"dateModified\":\"2023-01-09T16:54:14+00:00\",\"breadcrumb\":{\"@id\":\"https:\\\/\\\/dignisdesign.com.pl\\\/de\\\/datenschutz\\\/#breadcrumb\"},\"inLanguage\":\"de\",\"potentialAction\":[{\"@type\":\"ReadAction\",\"target\":[\"https:\\\/\\\/dignisdesign.com.pl\\\/de\\\/datenschutz\\\/\"]}]},{\"@type\":\"BreadcrumbList\",\"@id\":\"https:\\\/\\\/dignisdesign.com.pl\\\/de\\\/datenschutz\\\/#breadcrumb\",\"itemListElement\":[{\"@type\":\"ListItem\",\"position\":1,\"name\":\"Strona g\u0142\u00f3wna\",\"item\":\"https:\\\/\\\/dignisdesign.com.pl\\\/\"},{\"@type\":\"ListItem\",\"position\":2,\"name\":\"DATENSCHUTZ\"}]},{\"@type\":\"WebSite\",\"@id\":\"https:\\\/\\\/dignisdesign.com.pl\\\/#website\",\"url\":\"https:\\\/\\\/dignisdesign.com.pl\\\/\",\"name\":\"Dignis Design\",\"description\":\"Akcesoria dla czworonog&oacute;w tworzone z pasj\u0105 i dba\u0142o\u015bci\u0105 o ka\u017cdy detal\",\"publisher\":{\"@id\":\"https:\\\/\\\/dignisdesign.com.pl\\\/#organization\"},\"potentialAction\":[{\"@type\":\"SearchAction\",\"target\":{\"@type\":\"EntryPoint\",\"urlTemplate\":\"https:\\\/\\\/dignisdesign.com.pl\\\/?s={search_term_string}\"},\"query-input\":{\"@type\":\"PropertyValueSpecification\",\"valueRequired\":true,\"valueName\":\"search_term_string\"}}],\"inLanguage\":\"de\"},{\"@type\":\"Organization\",\"@id\":\"https:\\\/\\\/dignisdesign.com.pl\\\/#organization\",\"name\":\"Dignis Design\",\"url\":\"https:\\\/\\\/dignisdesign.com.pl\\\/\",\"logo\":{\"@type\":\"ImageObject\",\"inLanguage\":\"de\",\"@id\":\"https:\\\/\\\/dignisdesign.com.pl\\\/#\\\/schema\\\/logo\\\/image\\\/\",\"url\":\"https:\\\/\\\/dignisdesign.com.pl\\\/wp-content\\\/uploads\\\/2020\\\/12\\\/DIGNIS-LOGO-PROJEKT-MALE.png\",\"contentUrl\":\"https:\\\/\\\/dignisdesign.com.pl\\\/wp-content\\\/uploads\\\/2020\\\/12\\\/DIGNIS-LOGO-PROJEKT-MALE.png\",\"width\":664,\"height\":300,\"caption\":\"Dignis Design\"},\"image\":{\"@id\":\"https:\\\/\\\/dignisdesign.com.pl\\\/#\\\/schema\\\/logo\\\/image\\\/\"}}]}<\/script>\n<!-- \/ Yoast SEO plugin. -->","yoast_head_json":{"title":"DATENSCHUTZ - Dignis Design","robots":{"index":"index","follow":"follow","max-snippet":"max-snippet:-1","max-image-preview":"max-image-preview:large","max-video-preview":"max-video-preview:-1"},"canonical":"https:\/\/dignisdesign.com.pl\/de\/datenschutz\/","og_locale":"de_DE","og_type":"article","og_title":"DATENSCHUTZ - Dignis Design","og_description":"Diese Datenschutz und Cookie-Richtlinie beschreibt die Regeln f\u00fcr den Umgang mit personenbezogenen Daten und die Verwendung von Cookies und anderen Technologien innerhalb des Online-Shop dignisdesign.com.pl unter www.dignisdesign.com.pl Bitte lesen Sie diese Richtlinie sorgf\u00e4ltig durch. Indem Sie auf diese Website zugreifen oder sie nutzen und uns personenbezogene Daten \u00fcbermitteln, akzeptieren Sie die Bedingungen dieser Datenschutzrichtlinie. Der [&hellip;]","og_url":"https:\/\/dignisdesign.com.pl\/de\/datenschutz\/","og_site_name":"Dignis Design","article_modified_time":"2023-01-09T16:54:14+00:00","twitter_card":"summary_large_image","twitter_misc":{"Gesch\u00e4tzte Lesezeit":"5\u00a0Minuten"},"schema":{"@context":"https:\/\/schema.org","@graph":[{"@type":"WebPage","@id":"https:\/\/dignisdesign.com.pl\/de\/datenschutz\/","url":"https:\/\/dignisdesign.com.pl\/de\/datenschutz\/","name":"DATENSCHUTZ - Dignis Design","isPartOf":{"@id":"https:\/\/dignisdesign.com.pl\/#website"},"datePublished":"2022-04-08T17:11:06+00:00","dateModified":"2023-01-09T16:54:14+00:00","breadcrumb":{"@id":"https:\/\/dignisdesign.com.pl\/de\/datenschutz\/#breadcrumb"},"inLanguage":"de","potentialAction":[{"@type":"ReadAction","target":["https:\/\/dignisdesign.com.pl\/de\/datenschutz\/"]}]},{"@type":"BreadcrumbList","@id":"https:\/\/dignisdesign.com.pl\/de\/datenschutz\/#breadcrumb","itemListElement":[{"@type":"ListItem","position":1,"name":"Strona g\u0142\u00f3wna","item":"https:\/\/dignisdesign.com.pl\/"},{"@type":"ListItem","position":2,"name":"DATENSCHUTZ"}]},{"@type":"WebSite","@id":"https:\/\/dignisdesign.com.pl\/#website","url":"https:\/\/dignisdesign.com.pl\/","name":"Dignis Design","description":"Akcesoria dla czworonog&oacute;w tworzone z pasj\u0105 i dba\u0142o\u015bci\u0105 o ka\u017cdy detal","publisher":{"@id":"https:\/\/dignisdesign.com.pl\/#organization"},"potentialAction":[{"@type":"SearchAction","target":{"@type":"EntryPoint","urlTemplate":"https:\/\/dignisdesign.com.pl\/?s={search_term_string}"},"query-input":{"@type":"PropertyValueSpecification","valueRequired":true,"valueName":"search_term_string"}}],"inLanguage":"de"},{"@type":"Organization","@id":"https:\/\/dignisdesign.com.pl\/#organization","name":"Dignis Design","url":"https:\/\/dignisdesign.com.pl\/","logo":{"@type":"ImageObject","inLanguage":"de","@id":"https:\/\/dignisdesign.com.pl\/#\/schema\/logo\/image\/","url":"https:\/\/dignisdesign.com.pl\/wp-content\/uploads\/2020\/12\/DIGNIS-LOGO-PROJEKT-MALE.png","contentUrl":"https:\/\/dignisdesign.com.pl\/wp-content\/uploads\/2020\/12\/DIGNIS-LOGO-PROJEKT-MALE.png","width":664,"height":300,"caption":"Dignis Design"},"image":{"@id":"https:\/\/dignisdesign.com.pl\/#\/schema\/logo\/image\/"}}]}},"jetpack_sharing_enabled":true,"_links":{"self":[{"href":"https:\/\/dignisdesign.com.pl\/de\/wp-json\/wp\/v2\/pages\/42945","targetHints":{"allow":["GET"]}}],"collection":[{"href":"https:\/\/dignisdesign.com.pl\/de\/wp-json\/wp\/v2\/pages"}],"about":[{"href":"https:\/\/dignisdesign.com.pl\/de\/wp-json\/wp\/v2\/types\/page"}],"author":[{"embeddable":true,"href":"https:\/\/dignisdesign.com.pl\/de\/wp-json\/wp\/v2\/users\/6"}],"replies":[{"embeddable":true,"href":"https:\/\/dignisdesign.com.pl\/de\/wp-json\/wp\/v2\/comments?post=42945"}],"version-history":[{"count":0,"href":"https:\/\/dignisdesign.com.pl\/de\/wp-json\/wp\/v2\/pages\/42945\/revisions"}],"wp:attachment":[{"href":"https:\/\/dignisdesign.com.pl\/de\/wp-json\/wp\/v2\/media?parent=42945"}],"wp:term":[{"taxonomy":"folder","embeddable":true,"href":"https:\/\/dignisdesign.com.pl\/de\/wp-json\/wp\/v2\/folder?post=42945"}],"curies":[{"name":"wp","href":"https:\/\/api.w.org\/{rel}","templated":true}]}}